{"id":377,"date":"2022-05-06T09:39:32","date_gmt":"2022-05-06T07:39:32","guid":{"rendered":"http:\/\/cocosolis.com\/en\/?post_type=product&#038;p=377"},"modified":"2026-04-06T15:22:43","modified_gmt":"2026-04-06T13:22:43","slug":"glow-shimmer-oil","status":"publish","type":"product","link":"https:\/\/cocosolis.com\/hr\/product\/glow-shimmer-oil\/","title":{"rendered":"GLOW Shimmer Oil"},"content":{"rendered":"","protected":false},"excerpt":{"rendered":"","protected":false},"featured_media":1000004560,"template":"","meta":{"_acf_changed":false},"product_brand":[],"product_cat":[63],"product_tag":[],"product_template":[66],"class_list":{"0":"post-377","1":"product","2":"type-product","3":"status-publish","4":"has-post-thumbnail","6":"product_cat-shimmer","7":"product_template-v-2024-clean","9":"first","10":"instock","11":"shipping-taxable","12":"purchasable","13":"product-type-simple"},"acf":{"_v2024__listing_and_sharing_info__listing_category":"GLOW","_v2024__listing_and_sharing_info__product_type":"Shimmer Oil","_v2024__listing__and_sharing_info__listing_below_title_in_product_page":"Prirodno posvjetljuju\u0107e i hidratiziraju\u0107e ulje sa svjetlucavim \u010desticama.","_v2024__listing_and_sharing_info__listing_description":"Prirodno posvjetljuju\u0107e i hidratiziraju\u0107e ulje sa svjetlucavim \u010desticama.","_v2024__listing_and_sharing_info__image":1000000379,"_v2024__product_hero__hero_type":"carousel","_v2024__product_hero__product_slider_gallery":[{"_v2024__product_hero__product_slider_gallery__image":1000006589,"_v2024__product_hero__product_slider_gallery__video_link":""},{"_v2024__product_hero__product_slider_gallery__image":1000006590,"_v2024__product_hero__product_slider_gallery__video_link":""},{"_v2024__product_hero__product_slider_gallery__image":1000006592,"_v2024__product_hero__product_slider_gallery__video_link":""},{"_v2024__product_hero__product_slider_gallery__image":1000006595,"_v2024__product_hero__product_slider_gallery__video_link":""},{"_v2024__product_hero__product_slider_gallery__image":1000006597,"_v2024__product_hero__product_slider_gallery__video_link":""},{"_v2024__product_hero__product_slider_gallery__image":1000006598,"_v2024__product_hero__product_slider_gallery__video_link":""},{"_v2024__product_hero__product_slider_gallery__image":1000006599,"_v2024__product_hero__product_slider_gallery__video_link":""},{"_v2024__product_hero__product_slider_gallery__image":1000006600,"_v2024__product_hero__product_slider_gallery__video_link":"https:\/\/player.vimeo.com\/progressive_redirect\/playback\/1042663294\/rendition\/720p\/file.mp4?loc=external&amp;log_user=0&amp;signature=4a77c550e32d5a6556d523b51f504f302c104dcb23b05e46be97bc1ceb5db6e0&amp;user_id=110095091"}],"_v2024__before_and_after_image":1000006529,"_v2024__before_and_after_image_mobile":1000006530,"_v2024__product_hero__quantity":"110 ML","_v2024__product_hero__product_disclamer":"","_v2024__why_use__should_show":"visible","_v2024__why_use__description_text":"Prirodno posvjetljuju\u0107e ulje. Daje neodoljiv sjaj i blistavost ko\u017ei. Koristite na pla\u017ei, svakodnevno ili za posebne prilike.","_v2024__why_use__text_content":"<ul>\r\n \t<li>Poja\u010dava preplanulost i tonus ko\u017ee<\/li>\r\n \t<li>Dubinski vla\u017ei i hrani<\/li>\r\n \t<li>\u010cini ko\u017eu svilenkasto glatkom i mekom<\/li>\r\n \t<li>Sadr\u017ei organske i prirodne sastojke u kombinaciji s prirodnim vitaminom E. Vegan<\/li>\r\n \t<li>Brzo se upija, ne ostavlja mastan trag<\/li>\r\n \t<li>Pogodno za lice i tijelo, za nje\u017enu i osjetljivu ko\u017eu<\/li>\r\n \t<li>Sa primamljivim mirisom kola\u010di\u0107a<\/li>\r\n<\/ul>","_v2024__why_use__product_notes_and_remarks":"<strong>VA\u017dNO <\/strong>: Mo\u017ee obojati svijetlu odje\u0107u","_v2024__why_use__background_color":"#FBF1EB","_v2024__why_use__heading_color":"#816c65","_v2024__why_use__text_color":"#816c65","_v2024__why_use__image_desktop":1000006688,"_v2024__why_use__image_mobile":1000006689,"_v2024__stats_show":false,"_v2024__stats_repeater":null,"_v2024__stats_repeater_disclaimer":null,"_v2024__benefits__icons_repeater":[{"_v2024__benefit__icons_repeater_icon":1000006749,"_v2024__benefit__icons_repeater_text":"NEODOLJIV SJAJ"},{"_v2024__benefit__icons_repeater_icon":1000006740,"_v2024__benefit__icons_repeater_text":"NJEGUJE I VLA\u017dI"},{"_v2024__benefit__icons_repeater_icon":1000006738,"_v2024__benefit__icons_repeater_text":"ZA LICE I TIJELO"},{"_v2024__benefit__icons_repeater_icon":1000006735,"_v2024__benefit__icons_repeater_text":"AROMA KOLA\u010cI\u0106A"}],"_v2024__image_ingreddients__intro_text":"Kombinacija organskih ulja, prirodnog vitamina E i prirodne mice (fine mineralne \u010destice) koji daje sjaj ko\u017ei.","_v2024__image_ingreddients__additional_description":"","_v2024__image_ingreddients__disclamer_inner":"","_v2024__image_ingredients__repeater":[{"_v2024__image_ingredients__ingredient_image":1000006720,"_v2024__image_ingredients__ingredient_title":"PRIRODNA MICA","_v2024__image_ingredients__ingredient_description":"Fine mica \u010destice ekstrahirane iz prirodnih minerala s dokazanim Fair Trade podrijetlom. Elegantno obasjavaju ko\u017eu."},{"_v2024__image_ingredients__ingredient_image":1000006714,"_v2024__image_ingredients__ingredient_title":"ULJE SJEMENKI KRASTAVCA","_v2024__image_ingredients__ingredient_description":"Intenzivno vla\u017ei: osvje\u017eava, brzo se upija i revitalizira. Umiruje ko\u017eu ope\u010denu suncem."},{"_v2024__image_ingredients__ingredient_image":1000006712,"_v2024__image_ingredients__ingredient_title":"KOKOSOVO ULJE","_v2024__image_ingredients__ingredient_description":"Lako se upija, dubinski hidrira i ostavlja ko\u017eu mekom i gipkom. \u0160titi od sunca i stara\u010dkih pjega te ten \u010dini zlatno preplanulim."},{"_v2024__image_ingredients__ingredient_image":1000006711,"_v2024__image_ingredients__ingredient_title":"KAKAO MASLAC","_v2024__image_ingredients__ingredient_description":"Odli\u010dna \"hrana\" za ko\u017eu. Regenerira je i sprje\u010dava nastanak strija i sitnih bora."},{"_v2024__image_ingredients__ingredient_image":1000006717,"_v2024__image_ingredients__ingredient_title":"ULJE JOJOBE","_v2024__image_ingredients__ingredient_description":"Uravnote\u017euje proizvodnju sebuma, umiruje ko\u017eu i odr\u017eava je glatkom i \u010distom."},{"_v2024__image_ingredients__ingredient_image":1000006706,"_v2024__image_ingredients__ingredient_title":"ULJE SLATKOG BADEMA","_v2024__image_ingredients__ingredient_description":"Umiruje i pobolj\u0161ava teksturu i tonus ko\u017ee. Smanjuje crvenilo i upalu."},{"_v2024__image_ingredients__ingredient_image":1000006730,"_v2024__image_ingredients__ingredient_title":"PRIRODNI VITAMIN E","_v2024__image_ingredients__ingredient_description":"Sna\u017ean antioksidans koji se bori protiv znakova starenja i podupire prirodni proces ozdravljenja ko\u017ee."}],"_v2024__image_ingredients__all_ingredients":"CAPRYLIC\/CAPRIC TRIGLYCERIDE, COCOS NUCIFERA OIL*, PRUNUS AMYGDALUS DULCIS OIL*, STEARALKONIUM HECTORITE, PROPYLENE CARBONATE, OCTYLDODECYL OLIVATE, SIMMONDSIA CHINENSIS SEED OIL*, HYDROGENATED RAPESEED OIL, THEOBROMA CACAO SEED BUTTER*, CUCUMIS SATIVUS SEED OIL*, TOCOPHEROL, HELIANTHUS ANNUUS SEED OIL, PARFUM, MICA, CI 77891, CI 77491 <strong>(CAPRYLIC CAPRIC TRIGLYCERIDE, COCONUT OIL*, SWEET ALMOND OIL*, STEARALKONIUM HECTORITE, PROPYLENE CARBONATE, OCTYLDODECYL OLIVATE FROM OLIVE OIL, JOJOBA OIL*, HYDROGENATED RAPESEED OIL, CACAO SEED BUTTER*, CUCUMBER SEED OIL*, NATURAL VITAMIN \u0415, SUNFLOWER SEED OIL, PARFUM, MICA (SPARKLING MINERAL PIGMENTS), CI 77891, CI 77491)<\/strong>\r\n\r\n<em>*Certificirani organski sastojci<\/em>\r\n\r\n<em>Molim zabilje\u017eite da se popis sastojaka mo\u017ee malo razlikovati zbog pobolj\u0161anja proizvoda tijekom vremena. Najnovije informacije potra\u017eite na pakiranju proizvoda.<\/em>","_v2024__usage_content__left_content":"<h4>SJAJ NA PLA\u017dI<\/h4>\r\nNa pla\u017ei nanesite na noge, ruke, trbuh, dekolte i jagodice. Preporu\u010dujemo kori\u0161tenje GLOW-a kao posljednjeg tre\u0107eg koraka nakon COCOSOLIS losiona za za\u0161titu od sunca i ulja za tamnjenje.\r\n<h4>OZARENO LICE<\/h4>\r\nNanesite na lice i dekolte kao naglasak nakon \u0161minkanja ili pomije\u0161ajte s nekoliko kapi pudera.\r\n<h4>VE\u010cERNJI SJAJ<\/h4>\r\nNanesite na noge, ruke, dekolte i jagodice i osje\u0107ate se kao zvijezda ve\u010deri.\r\n<h4><\/h4>","_v2024__usage_content__right_bottom_content":"","_v2024__usage_content__note":"<strong>MOLIM, OBRATITE PA\u017dNJU<\/strong>: Mo\u017ee obojati svijetlu odje\u0107u. Ulje ne sadr\u017ei UV filter za za\u0161titu od sunca. Kada se izla\u017ee izravnoj sun\u010devoj svjetlosti, preporu\u010dljivo je koristiti ga u kombinaciji s proizvodom za za\u0161titu od sunca. Proizvod ne sadr\u017ei sastojke za samotamnjenje. Pretjerana izlo\u017eenost suncu predstavlja ozbiljnu prijetnju zdravlju. \u010cuvajte na suhom i hladnom mjestu. Ne dr\u017eite u fri\u017eideru.","_v2024__usage_content__storage":"Samo za vanjsku uporabu. Prekinite kori\u0161tenje ako se pojavi iritacija. Ne koristite na o\u0161te\u0107enoj ili ozlije\u0111enoj ko\u017ei. Izbjegavajte kontakt s o\u010dima. Dr\u017eati podalje od djece!"},"_links":{"self":[{"href":"https:\/\/cocosolis.com\/hr\/wp-json\/wp\/v2\/product\/377","targetHints":{"allow":["GET"]}}],"collection":[{"href":"https:\/\/cocosolis.com\/hr\/wp-json\/wp\/v2\/product"}],"about":[{"href":"https:\/\/cocosolis.com\/hr\/wp-json\/wp\/v2\/types\/product"}],"wp:featuredmedia":[{"embeddable":true,"href":"https:\/\/cocosolis.com\/hr\/wp-json\/"}],"wp:attachment":[{"href":"https:\/\/cocosolis.com\/hr\/wp-json\/wp\/v2\/media?parent=377"}],"wp:term":[{"taxonomy":"product_brand","embeddable":true,"href":"https:\/\/cocosolis.com\/hr\/wp-json\/wp\/v2\/product_brand?post=377"},{"taxonomy":"product_cat","embeddable":true,"href":"https:\/\/cocosolis.com\/hr\/wp-json\/wp\/v2\/product_cat?post=377"},{"taxonomy":"product_tag","embeddable":true,"href":"https:\/\/cocosolis.com\/hr\/wp-json\/wp\/v2\/product_tag?post=377"},{"taxonomy":"product_template","embeddable":true,"href":"https:\/\/cocosolis.com\/hr\/wp-json\/wp\/v2\/product_template?post=377"}],"curies":[{"name":"wp","href":"https:\/\/api.w.org\/{rel}","templated":true}]}}