{"id":376,"date":"2022-05-06T09:36:50","date_gmt":"2022-05-06T09:36:50","guid":{"rendered":"http:\/\/cocosolis.com\/en\/?post_type=product&#038;p=376"},"modified":"2026-04-06T15:22:41","modified_gmt":"2026-04-06T13:22:41","slug":"uomo-suntan-body-oil","status":"publish","type":"product","link":"https:\/\/cocosolis.com\/hr\/product\/uomo-suntan-body-oil\/","title":{"rendered":"UOMO Suntan &amp; Body Oil"},"content":{"rendered":"","protected":false},"excerpt":{"rendered":"","protected":false},"featured_media":1000004584,"template":"","meta":{"_acf_changed":false},"product_brand":[],"product_cat":[15],"product_tag":[],"product_template":[66],"class_list":{"0":"post-376","1":"product","2":"type-product","3":"status-publish","4":"has-post-thumbnail","6":"product_cat-suntan-body","7":"product_template-v-2024-clean","9":"first","10":"instock","11":"shipping-taxable","12":"purchasable","13":"product-type-simple"},"acf":{"_v2024__listing_and_sharing_info__listing_category":"UOMO","_v2024__listing_and_sharing_info__product_type":"Suntan &amp; Body Oil","_v2024__listing__and_sharing_info__listing_below_title_in_product_page":"Prirodno ulje za brzo duboko tamnjenje pod suncem i u solariju. Pogodn\u043e i za svakodnevnu upotrebu za njegovanu ko\u017eu. S aromom BLACK COCONUT. Za mu\u0161karce.","_v2024__listing_and_sharing_info__listing_description":"Za brzo duboko tamnjenje i nahranjenu ko\u017eu. S aromom BLACK COCONUT. Za mu\u0161karce.","_v2024__listing_and_sharing_info__image":1000000396,"_v2024__product_hero__hero_type":"carousel","_v2024__product_hero__product_slider_gallery":[{"_v2024__product_hero__product_slider_gallery__image":1000006670,"_v2024__product_hero__product_slider_gallery__video_link":""},{"_v2024__product_hero__product_slider_gallery__image":1000006671,"_v2024__product_hero__product_slider_gallery__video_link":""},{"_v2024__product_hero__product_slider_gallery__image":1000006672,"_v2024__product_hero__product_slider_gallery__video_link":""},{"_v2024__product_hero__product_slider_gallery__image":1000006673,"_v2024__product_hero__product_slider_gallery__video_link":""},{"_v2024__product_hero__product_slider_gallery__image":1000006674,"_v2024__product_hero__product_slider_gallery__video_link":""},{"_v2024__product_hero__product_slider_gallery__image":1000006675,"_v2024__product_hero__product_slider_gallery__video_link":"https:\/\/player.vimeo.com\/progressive_redirect\/playback\/1042663149\/rendition\/720p\/file.mp4?loc=external&amp;log_user=0&amp;signature=cffacd6a538da0924df49b6bf897080ce516dea056ba3325e165bbf5339b4c1f&amp;user_id=110095091"}],"_v2024__before_and_after_image":1000006541,"_v2024__before_and_after_image_mobile":1000006542,"_v2024__product_hero__quantity":"","_v2024__product_hero__product_disclamer":"","_v2024__why_use__should_show":"visible","_v2024__why_use__description_text":"Prirodno ulje za brzu, bogatu, ujedna\u010denu i dugotrajnu preplanulost na pla\u017ei i u solariju. Ubrzajte tamnjenje ili koristite svakodnevno za njegu i hidrataciju ko\u017ee.","_v2024__why_use__text_content":"<ul>\r\n \t<li>Brzi i vidljivi rezultati za manje vremena na suncu<\/li>\r\n \t<li>Radna formula s prirodnim i organskim sastojcima, vegan<\/li>\r\n \t<li>Pogodno za svakodnevnu upotrebu<\/li>\r\n \t<li>Pogodno za lice i tijelo, za nje\u017enu i osjetljivu ko\u017eu<\/li>\r\n \t<li>S aromom BLACK COCONUT \u2013 odva\u017ena aroma kokosa s laganim drvenastim notama, jantarom i vanilijom<\/li>\r\n<\/ul>","_v2024__why_use__product_notes_and_remarks":"* Ulje ne sadr\u017ei UV filter za za\u0161titu od sunca.","_v2024__why_use__background_color":"#FBF1EB","_v2024__why_use__heading_color":"#816c65","_v2024__why_use__text_color":"#816c65","_v2024__why_use__image_desktop":1000006702,"_v2024__why_use__image_mobile":1000006703,"_v2024__stats_show":false,"_v2024__stats_repeater":null,"_v2024__stats_repeater_disclaimer":null,"_v2024__benefits__icons_repeater":[{"_v2024__benefit__icons_repeater_icon":1000006739,"_v2024__benefit__icons_repeater_text":"BRZA, BOGATA I DUGOTRAJNA PREPLANULOST"},{"_v2024__benefit__icons_repeater_icon":1000006748,"_v2024__benefit__icons_repeater_text":"VIDLJIVI REZULTATI ZA MANJE VREMENA NA SUNCU"},{"_v2024__benefit__icons_repeater_icon":1000006746,"_v2024__benefit__icons_repeater_text":"ORGANSKI &amp; PRIRODNI SASTOJCI"},{"_v2024__benefit__icons_repeater_icon":1000006734,"_v2024__benefit__icons_repeater_text":"AROMA BLACK COCONUT \u2003"}],"_v2024__image_ingreddients__intro_text":"Kombinacija organskih ulja i prirodnog vitamina E pru\u017ea ko\u017ei obilje hranjivih tvari i osigurava maksimalne rezultate na pla\u017ei iu solariju.","_v2024__image_ingreddients__additional_description":"","_v2024__image_ingreddients__disclamer_inner":"","_v2024__image_ingredients__repeater":[{"_v2024__image_ingredients__ingredient_image":1000006712,"_v2024__image_ingredients__ingredient_title":"KOKOSOVO ULJE","_v2024__image_ingredients__ingredient_description":"Lako se upija, dubinski hidrira i ostavlja ko\u017eu mekom i gipkom. \u0160titi od sunca i stara\u010dkih pjega te ten \u010dini zlatno preplanulim."},{"_v2024__image_ingredients__ingredient_image":1000006711,"_v2024__image_ingredients__ingredient_title":"KAKAO MASLAC","_v2024__image_ingredients__ingredient_description":"Odli\u010dna \"hrana\" za ko\u017eu. Regenerira je i sprje\u010dava nastanak strija. Poti\u010de stvaranje ujedna\u010dene, duboke i zasi\u0107ene preplanulosti."},{"_v2024__image_ingredients__ingredient_image":1000006717,"_v2024__image_ingredients__ingredient_title":"ULJE JOJOBE","_v2024__image_ingredients__ingredient_description":"Uravnote\u017euje proizvodnju sebuma, umiruje ko\u017eu i odr\u017eava je glatkom i \u010distom."},{"_v2024__image_ingredients__ingredient_image":1000006706,"_v2024__image_ingredients__ingredient_title":"ULJE SLATKOG BADEMA","_v2024__image_ingredients__ingredient_description":"Umiruje i pobolj\u0161ava teksturu i tonus ko\u017ee. Smanjuje crvenilo i upalu."},{"_v2024__image_ingredients__ingredient_image":1000006730,"_v2024__image_ingredients__ingredient_title":"PRIRODNI VITAMIN E","_v2024__image_ingredients__ingredient_description":"Sna\u017ean antioksidans koji se bori protiv znakova starenja i podupire prirodni proces ozdravljenja ko\u017ee."}],"_v2024__image_ingredients__all_ingredients":"COCOS NUCIFERA OIL*,COCONUT ALKANES, PRUNUS AMYGDALUS DULCIS OIL*, SIMMONDSIA CHINENSIS SEED OIL*, THEOBROMA CACAO SEED BUTTER*, TOCOPHEROL, HELIANTHUS ANNUUS SEED OIL, PARFUM, LINALOOL, COUMARINE, EUGENOL, ALPHA ISOMETHYL IONONE, CINNAMAL, HEXYL CINNAMAL <strong>&lt;(COCONUT OIL*, EMOLLIENT FROM COCONUT OIL, SWEET ALMOND OIL*, JOJOBA OIL*, CACAO BUTTER*, NATURAL VITAMIN E, SUNFLOWER SEED OIL, PARFUM, LINALOOL, COUMARINE, EUGENOL, ALPHA ISOMETHYL IONONE, CINNAMAL, HEXYL CINNAMAL)<\/strong>\r\n\r\n<em>*Certificirani organski sastojci<\/em>\r\n\r\n<em>Molim zabilje\u017eite da se popis sastojaka mo\u017ee malo razlikovati zbog pobolj\u0161anja proizvoda tijekom vremena. Najnovije informacije potra\u017eite na pakiranju proizvoda.<\/em>","_v2024__usage_content__left_content":"<h4>ZA TAMNJENJE NA SUNCU I U SOLARIJU<\/h4>\r\nPrilikom izlaganja suncu preporu\u010dujemo kori\u0161tenje u kombinaciji s proizvodom za za\u0161titu od sunca:\r\n<ol>\r\n \t<li>Nanesite kremu za za\u0161titu od sunca i pri\u010dekajte 15 minuta da se upije.<\/li>\r\n \t<li>Nanesite ulje za tamnjenje.<\/li>\r\n \t<li>Ponovite svaka 2 sata i nakon izlaska iz vode.<\/li>\r\n<\/ol>\r\n<h4>ZA SVAKI DAN<\/h4>\r\nKoristite odmah nakon tu\u0161iranja na vla\u017enu ili suhu ko\u017eu, kada su pore otvorene i upiju maksimalnu koli\u010dinu sastojaka.\r\n<h4>ZA MASA\u017dU<\/h4>\r\nSavr\u0161eno za kori\u0161tenje kao ulje za masa\u017eu.","_v2024__usage_content__right_bottom_content":"","_v2024__usage_content__note":"<strong>MOLIM, OBRATITE PA\u017dNJU<\/strong>: Ulje ne sadr\u017ei UV filter za za\u0161titu od sunca. Kada se izla\u017ee izravnoj sun\u010devoj svjetlosti, preporu\u010dljivo je koristiti ga u kombinaciji s proizvodom za za\u0161titu od sunca. Proizvod ne sadr\u017ei sastojke za samotamnjenje. Pretjerana izlo\u017eenost suncu predstavlja ozbiljnu prijetnju zdravlju.","_v2024__usage_content__storage":"\u010cuvajte na suhom i hladnom mjestu. Ne dr\u017eite u fri\u017eideru. Kada se \u010duva na hladnom, proizvod se stvrdne i sadr\u017eaj bo\u010dice ne izlazi kroz pumpicu. Da bi pre\u0161ao u teku\u0107i oblik ostavite na sobnoj temperaturi iznad 25\u00b0C. Nemojte otvarati bo\u010dicu kada se proizvod stvrdne, jer to mo\u017ee o\u0161tetiti pumpu.\r\n\r\n&nbsp;\r\n\r\nSamo za vanjsku uporabu. Prekinite kori\u0161tenje ako se pojavi iritacija. Ne koristite na o\u0161te\u0107enoj ili ozlije\u0111enoj ko\u017ei. Izbjegavajte kontakt s o\u010dima. Dr\u017eati podalje od djece!"},"_links":{"self":[{"href":"https:\/\/cocosolis.com\/hr\/wp-json\/wp\/v2\/product\/376","targetHints":{"allow":["GET"]}}],"collection":[{"href":"https:\/\/cocosolis.com\/hr\/wp-json\/wp\/v2\/product"}],"about":[{"href":"https:\/\/cocosolis.com\/hr\/wp-json\/wp\/v2\/types\/product"}],"wp:featuredmedia":[{"embeddable":true,"href":"https:\/\/cocosolis.com\/hr\/wp-json\/"}],"wp:attachment":[{"href":"https:\/\/cocosolis.com\/hr\/wp-json\/wp\/v2\/media?parent=376"}],"wp:term":[{"taxonomy":"product_brand","embeddable":true,"href":"https:\/\/cocosolis.com\/hr\/wp-json\/wp\/v2\/product_brand?post=376"},{"taxonomy":"product_cat","embeddable":true,"href":"https:\/\/cocosolis.com\/hr\/wp-json\/wp\/v2\/product_cat?post=376"},{"taxonomy":"product_tag","embeddable":true,"href":"https:\/\/cocosolis.com\/hr\/wp-json\/wp\/v2\/product_tag?post=376"},{"taxonomy":"product_template","embeddable":true,"href":"https:\/\/cocosolis.com\/hr\/wp-json\/wp\/v2\/product_template?post=376"}],"curies":[{"name":"wp","href":"https:\/\/api.w.org\/{rel}","templated":true}]}}