{"id":1000040139,"date":"2026-04-24T15:53:34","date_gmt":"2026-04-24T13:53:34","guid":{"rendered":"https:\/\/cocosolis.com\/hr\/product\/one-all-in-one-leave-in-conditioner\/"},"modified":"2026-05-12T14:59:20","modified_gmt":"2026-05-12T12:59:20","slug":"one-all-in-one-leave-in-conditioner","status":"publish","type":"product","link":"https:\/\/cocosolis.com\/hr\/product\/one-all-in-one-leave-in-conditioner\/","title":{"rendered":"ONE. ALL IN ONE LEAVE-IN CONDITIONER"},"content":{"rendered":"","protected":false},"excerpt":{"rendered":"","protected":false},"featured_media":10000010295,"template":"","meta":{"_acf_changed":false},"product_brand":[],"product_cat":[17],"product_tag":[],"product_template":[66],"class_list":{"0":"post-1000040139","1":"product","2":"type-product","3":"status-publish","4":"has-post-thumbnail","6":"product_cat-hair","7":"product_template-v-2024-clean","9":"first","10":"instock","11":"shipping-taxable","12":"purchasable","13":"product-type-simple"},"acf":{"_v2024__listing_and_sharing_info__listing_category":"ONE","_v2024__listing_and_sharing_info__product_type":"All-in-one Leave-in Conditioner","_v2024__listing__and_sharing_info__listing_below_title_in_product_page":"Regenerator bez ispiranja s 12 prednosti u laganoj formuli. Hidratizira i obnavlja. Zagla\u0111uje i daje sjaj. Olak\u0161ava ra\u0161\u010de\u0161ljavanje i stiliziranje, smanjuje frizz i skra\u0107uje vrijeme su\u0161enja. Pru\u017ea UV i toplinsku za\u0161titu. \u0160titi boju od blije\u0111enja.","_v2024__listing_and_sharing_info__listing_description":"Regenerator bez ispiranja s 12 prednosti za kosu. Hidratizira, obnavlja i \u0161titi \u2013 bez ote\u017eavanja kose.","_v2024__listing_and_sharing_info__image":10000010296,"_v2024__product_hero__hero_type":"carousel","_v2024__product_hero__product_slider_gallery":[{"_v2024__product_hero__product_slider_gallery__image":10000010367,"_v2024__product_hero__product_slider_gallery__video_link":""},{"_v2024__product_hero__product_slider_gallery__image":10000010369,"_v2024__product_hero__product_slider_gallery__video_link":""},{"_v2024__product_hero__product_slider_gallery__image":10000010368,"_v2024__product_hero__product_slider_gallery__video_link":""},{"_v2024__product_hero__product_slider_gallery__image":10000010366,"_v2024__product_hero__product_slider_gallery__video_link":""},{"_v2024__product_hero__product_slider_gallery__image":10000010365,"_v2024__product_hero__product_slider_gallery__video_link":""},{"_v2024__product_hero__product_slider_gallery__image":10000010363,"_v2024__product_hero__product_slider_gallery__video_link":""},{"_v2024__product_hero__product_slider_gallery__image":10000010364,"_v2024__product_hero__product_slider_gallery__video_link":""},{"_v2024__product_hero__product_slider_gallery__image":10000010371,"_v2024__product_hero__product_slider_gallery__video_link":""},{"_v2024__product_hero__product_slider_gallery__image":10000010370,"_v2024__product_hero__product_slider_gallery__video_link":""}],"_v2024__before_and_after_image":10000010294,"_v2024__before_and_after_image_mobile":10000010293,"_v2024__product_hero__quantity":"150ml","_v2024__product_hero__product_disclamer":"","_v2024__why_use__should_show":"visible","_v2024__why_use__description_text":"<p><strong>Lagana kao krema, sna\u017ena kao terapija. Formula nove generacije. Upija se odmah, bez ote\u017eavanja kose. Must-have za svaki tip kose:<\/strong><\/p>","_v2024__why_use__text_content":"<ol><li><strong>Hidratacija:<\/strong> do 30% bolje zadr\u017eavanje vlage*<\/li><li><strong>Svilenkasti sjaj:<\/strong> do 51% vi\u0161e sjaja nakon 5 nano\u0161enja*<\/li><li><strong>Lako ra\u0161\u010de\u0161ljavanje:<\/strong> do 83% lak\u0161e ra\u0161\u010de\u0161ljavanje i oblikovanje*<\/li><li><strong>Kontrola frizza:<\/strong> ukro\u0107uje lepr\u0161avu kosu i stati\u010dki elektricitet*<\/li><li><strong>Quick-dry efekt:<\/strong> do 42% br\u017ee su\u0161enje kose*<\/li><li><strong>Zape\u010da\u0107ivanje:<\/strong> \u201ezatvara\u201c ispucale vrhove za\u0161titnim filmom*<\/li><li><strong>Obnova:<\/strong> popravlja mikroo\u0161te\u0107enja i strukturu vlasi, njeguje*<\/li><li><strong>Meko\u0107a i zagla\u0111ivanje:<\/strong> zagla\u0111uje povr\u0161inu vlasi, omek\u0161ava*<\/li><li><strong>Snaga:<\/strong> 21% ve\u0107a otpornost na lomljenje*<\/li><li><strong>Toplinska za\u0161tita:<\/strong> \u0161titi kosu pri stiliziranju do 220\u00b0C*<\/li><li><strong>UV i antioksidativni \u0161tit:<\/strong> aktivna za\u0161tita do 3 dana*<\/li><li><strong>Za\u0161tita boje:<\/strong> do 50% bolje zadr\u017eavanje boje, sprje\u010dava blije\u0111enje*<\/li><\/ol>","_v2024__why_use__product_notes_and_remarks":"*Prema laboratorijskim i instrumentalnim testiranjima aktivnih sastojaka.","_v2024__why_use__background_color":"#FBF1EB","_v2024__why_use__heading_color":"#816c65","_v2024__why_use__text_color":"#816c65","_v2024__why_use__image_desktop":10000010297,"_v2024__why_use__image_mobile":10000010298,"_v2024__stats_show":true,"_v2024__stats_repeater":[{"_v2024__stats_repeater_id":"hydration","_v2024__stats_repeater_number":30,"_v2024__stats_repeater_description_title":"HIDRATACIJA*","_v2024__stats_repeater_description":"","_v2024__stats_repeater_asterisks":"*"},{"_v2024__stats_repeater_id":"shine","_v2024__stats_repeater_number":51,"_v2024__stats_repeater_description_title":"SJAJ*","_v2024__stats_repeater_description":"","_v2024__stats_repeater_asterisks":"*"},{"_v2024__stats_repeater_id":"easier_detangling","_v2024__stats_repeater_number":83,"_v2024__stats_repeater_description_title":"LAK\u0160E RA\u0160\u010cE\u0160LJAVANJE*","_v2024__stats_repeater_description":"","_v2024__stats_repeater_asterisks":"*"},{"_v2024__stats_repeater_id":"faster_drying","_v2024__stats_repeater_number":42,"_v2024__stats_repeater_description_title":"BR\u017dE SU\u0160ENJE*","_v2024__stats_repeater_description":"","_v2024__stats_repeater_asterisks":"*"}],"_v2024__stats_repeater_disclaimer":[{"_v2024__stats_repeater_disclaimer_text":"Prema laboratorijskim i instrumentalnim testiranjima aktivnih sastojaka."}],"_v2024__benefits__icons_repeater":[{"_v2024__benefit__icons_repeater_icon":10000010291,"_v2024__benefit__icons_repeater_text":"JA\u010cANJE I HIDRATACIJA"},{"_v2024__benefit__icons_repeater_icon":10000010289,"_v2024__benefit__icons_repeater_text":"KONTROLA KOSE"},{"_v2024__benefit__icons_repeater_icon":10000010290,"_v2024__benefit__icons_repeater_text":"SJAJ I MEKO\u0106A"},{"_v2024__benefit__icons_repeater_icon":10000010288,"_v2024__benefit__icons_repeater_text":"POTPUNA ZA\u0160TITA"}],"_v2024__image_ingreddients__intro_text":"<strong>Inteligentna prirodna formula. \u010cetiri aktivna sastojka nove generacije u kombinaciji s organskim kokosovim uljem ja\u010daju kosu iznutra, stvaraju za\u0161titni sloj izvana i ostavljaju kosu vidljivo gla\u0111om i sjajnijom.<\/strong>","_v2024__image_ingreddients__additional_description":"","_v2024__image_ingreddients__disclamer_inner":"","_v2024__image_ingredients__repeater":[{"_v2024__image_ingredients__ingredient_image":1000008646,"_v2024__image_ingredients__ingredient_title":"BIO-STRUCTURE PRO","_v2024__image_ingredients__ingredient_description":"<p>Aktivni sastojak iz zelenih oraha, dobiven patentiranom tehnologijom za 100% bioraspolo\u017eivost korisnih tvari. Bogat strukturnim fenolima djeluje kao sna\u017ean antioksidativni \u0161tit protiv slobodnih radikala i \u0161tetnih UV zraka. Klini\u010dki dokazano \u0161titi boju kose od blije\u0111enja. Ostavlja kosu lakom za ra\u0161\u010de\u0161ljavanje, mekom i sjajnom.<\/p>"},{"_v2024__image_ingredients__ingredient_image":10000010286,"_v2024__image_ingredients__ingredient_title":"HYDRO-SAVE BIO","_v2024__image_ingredients__ingredient_description":"<p>Aktivni sastojak iz organskih kestena, dobiven patentiranom enzimskom obradom za potpunu apsorpciju. Bogat proteinima, masnim kiselinama i \u0161e\u0107erima \u2013 stvara nevidljivi film koji zatvara kutikulu i obavija vlas. Pru\u017ea sna\u017enu toplinsku za\u0161titu, \u0161titi kosu od isu\u0161ivanja i o\u0161te\u0107enja od pegle i su\u0161ila. Obnavlja ispucale vrhove. Intenzivno njeguje i klini\u010dki dokazano pobolj\u0161ava hidrataciju. \u010cini kosu svilenkasto glatkom.<\/p>"},{"_v2024__image_ingredients__ingredient_image":10000010287,"_v2024__image_ingredients__ingredient_title":"QUINOA GLOSS","_v2024__image_ingredients__ingredient_description":"<p>Aktivni sastojak iz sjemenki kvinoje \u2013 prirodni protein s potpunim aminokiselinskim profilom. Zahvaljuju\u0107i inovativnoj NPNF\u2122 tehnologiji hidroliziranog proteina, prodire u vlakno kose i obnavlja \u010dak i jako o\u0161te\u0107enu kosu. Stvara za\u0161titni film koji zagla\u0111uje kosu, daje joj prirodan sjaj i meko\u0107u. Olak\u0161ava ra\u0161\u010de\u0161ljavanje i definiciju kovr\u010da.<\/p>"},{"_v2024__image_ingredients__ingredient_image":10000010285,"_v2024__image_ingredients__ingredient_title":"AMARANTH-SHIELD 3D","_v2024__image_ingredients__ingredient_description":"<p>Aktivni sastojak iz sjemenki amaranta s 3D Matrix tehnologijom za postupno osloba\u0111anje aktivnih tvari duboko u vlas. Klini\u010dki dokazano ja\u010da unutarnju strukturu kose i pobolj\u0161ava njezinu elasti\u010dnost i snagu. Zagla\u0111uje povr\u0161inu vlasi i smanjuje trenje za svilenkastu meko\u0107u, sjaj i lako ra\u0161\u010de\u0161ljavanje. Skra\u0107uje vrijeme su\u0161enja, minimalizira o\u0161te\u0107enja od topline i odr\u017eava optimalnu hidrataciju.<\/p>"},{"_v2024__image_ingredients__ingredient_image":1000006712,"_v2024__image_ingredients__ingredient_title":"KOKOS","_v2024__image_ingredients__ingredient_description":"<p>Hladno pre\u0161ano organsko ulje, bogato laurinskom kiselinom, dubinski prodire u vlas i smanjuje gubitak proteina. Poma\u017ee zadr\u017eati vlagu, \u0161titi od isu\u0161ivanja i ostavlja kosu mek\u0161om, gla\u0111om i sjajnijom.<\/p>"}],"_v2024__image_ingredients__all_ingredients":"<p>AQUA*, MYRISTYL ALCOHOL*, COCONUT ALKANES*, BEHENTRIMONIUM CHLORIDE, COCOS NUCIFERA OIL*, PARFUM, HYDROLYZED CHESTNUT EXTRACT*, HYDROLYZED QUINOA*, HYDROLYZED WALNUT EXTRACT*, AMARANTHUS CAUDATUS SEED EXTRACT*, LYSINE*, LEVULINIC ACID*, GLYCERIN*, CETRIMONIUM CHLORIDE, SCLEROTIUM GUM*, PCA GLYCERYL OLEATE*, GLYCERYL CAPRYLATE*, ZEA MAYS STARCH*, CETYL ALCOHOL*, LAURYL ALCOHOL*, CITRIC ACID*, SODIUM LEVULINATE*, PENTYLENE GLYCOL*, SODIUM BENZOATE, POTASSIUM SORBATE, BENZYL ALCOHOL, CI 14720, BENZYL SALICYLATE<\/p><p>Molimo, obratite pa\u017enju da se popis sastojaka mo\u017ee malo razlikovati tijekom vremena zbog pobolj\u0161anja proizvoda. Pogledajte pakiranje proizvoda za najnovije informacije.<\/p>","_v2024__usage_content__left_content":"<p><strong>GDJE:<\/strong> po du\u017eini kose<\/p><p><strong>KOLIKO:<\/strong><\/p><p><strong>KAKO:<\/strong> nanesi na \u010distu, vla\u017enu kosu, ra\u0161\u010de\u0161ljaj i oblikuj po \u017eelji<\/p><p><strong>KOLIKO \u010cESTO:<\/strong> nakon svakog pranja kose; mo\u017ee se koristiti svakodnevno<\/p>","_v2024__usage_content__right_bottom_content":"","_v2024__usage_content__note":"<p><strong>MOLIM, OBRATITE PA\u017dNJU:<\/strong> Samo za vanjsku uporabu. Prekinite kori\u0161tenje ako se pojavi iritacija. Izbjegavajte kontakt s o\u010dima. Dr\u017eati podalje od djece! \u010cuvajte na suhom i hladnom mjestu.<\/p>","_v2024__usage_content__storage":""},"_links":{"self":[{"href":"https:\/\/cocosolis.com\/hr\/wp-json\/wp\/v2\/product\/1000040139","targetHints":{"allow":["GET"]}}],"collection":[{"href":"https:\/\/cocosolis.com\/hr\/wp-json\/wp\/v2\/product"}],"about":[{"href":"https:\/\/cocosolis.com\/hr\/wp-json\/wp\/v2\/types\/product"}],"wp:featuredmedia":[{"embeddable":true,"href":"https:\/\/cocosolis.com\/hr\/wp-json\/"}],"wp:attachment":[{"href":"https:\/\/cocosolis.com\/hr\/wp-json\/wp\/v2\/media?parent=1000040139"}],"wp:term":[{"taxonomy":"product_brand","embeddable":true,"href":"https:\/\/cocosolis.com\/hr\/wp-json\/wp\/v2\/product_brand?post=1000040139"},{"taxonomy":"product_cat","embeddable":true,"href":"https:\/\/cocosolis.com\/hr\/wp-json\/wp\/v2\/product_cat?post=1000040139"},{"taxonomy":"product_tag","embeddable":true,"href":"https:\/\/cocosolis.com\/hr\/wp-json\/wp\/v2\/product_tag?post=1000040139"},{"taxonomy":"product_template","embeddable":true,"href":"https:\/\/cocosolis.com\/hr\/wp-json\/wp\/v2\/product_template?post=1000040139"}],"curies":[{"name":"wp","href":"https:\/\/api.w.org\/{rel}","templated":true}]}}