{"id":1000038090,"date":"2026-04-01T12:51:24","date_gmt":"2026-04-01T10:51:24","guid":{"rendered":"https:\/\/cocosolis.com\/hr\/product\/solis-gradual-tan-body-milk\/"},"modified":"2026-04-20T12:50:00","modified_gmt":"2026-04-20T10:50:00","slug":"solis-gradual-tan-body-milk","status":"publish","type":"product","link":"https:\/\/cocosolis.com\/hr\/product\/solis-gradual-tan-body-milk\/","title":{"rendered":"SOLIS Gradual Tan Body Milk"},"content":{"rendered":"","protected":false},"excerpt":{"rendered":"","protected":false},"featured_media":0,"template":"","meta":{"_acf_changed":false},"product_brand":[],"product_cat":[43],"product_tag":[],"product_template":[66],"class_list":{"0":"post-1000038090","1":"product","2":"type-product","3":"status-publish","5":"product_cat-self-tanner","6":"product_template-v-2024-clean","8":"first","9":"instock","10":"shipping-taxable","11":"purchasable","12":"product-type-simple"},"acf":{"_v2024__listing_and_sharing_info__listing_category":"SOLIS","_v2024__listing_and_sharing_info__product_type":"Gradual Tan Body Milk","_v2024__listing__and_sharing_info__listing_below_title_in_product_page":"Prirodno mlijeko za samotamnjenje tijela. Za svakodnevnu hidrataciju i postupno dobivanje bron\u010danog tena.Lagana, brzo upijaju\u0107a formula.","_v2024__listing_and_sharing_info__listing_description":"Prirodno mlijeko za samotamnjenje tijela. Za svakodnevnu hidrataciju i postupno dobivanje bron\u010danog tena.","_v2024__listing_and_sharing_info__image":1000009847,"_v2024__product_hero__hero_type":"carousel","_v2024__product_hero__product_slider_gallery":[{"_v2024__product_hero__product_slider_gallery__image":1000009906,"_v2024__product_hero__product_slider_gallery__video_link":""},{"_v2024__product_hero__product_slider_gallery__image":1000009907,"_v2024__product_hero__product_slider_gallery__video_link":""},{"_v2024__product_hero__product_slider_gallery__image":1000009908,"_v2024__product_hero__product_slider_gallery__video_link":""},{"_v2024__product_hero__product_slider_gallery__image":1000009909,"_v2024__product_hero__product_slider_gallery__video_link":""},{"_v2024__product_hero__product_slider_gallery__image":1000009910,"_v2024__product_hero__product_slider_gallery__video_link":""},{"_v2024__product_hero__product_slider_gallery__image":1000009911,"_v2024__product_hero__product_slider_gallery__video_link":""},{"_v2024__product_hero__product_slider_gallery__image":1000009912,"_v2024__product_hero__product_slider_gallery__video_link":""},{"_v2024__product_hero__product_slider_gallery__image":1000009913,"_v2024__product_hero__product_slider_gallery__video_link":""}],"_v2024__before_and_after_image":1000009963,"_v2024__before_and_after_image_mobile":1000009962,"_v2024__product_hero__quantity":"200ml","_v2024__product_hero__product_disclamer":"","_v2024__why_use__should_show":"visible","_v2024__why_use__description_text":"<strong>\u010cista skincare-first formula koja kombinira prirodni DHA, organsko ulje cacaya, cijenjeno kao prirodni retinol, organsko ulje marule za anti-age u\u010dinak i hijaluronsku kiselinu. Ostavlja tvoju ko\u017eu svilenkasto glatkom s preplanulim tenom koji se razvija za 8 sati i koji mo\u017ee\u0161 nadogra\u0111ivati iz dana u dan.<\/strong>","_v2024__why_use__text_content":"<ul>\r\n \t<li>Daje prirodan ten koji se poja\u010dava sa svakim nano\u0161enjem<\/li>\r\n \t<li>Duboka hidratacija i anti-age njega uz snagu prirodnog retinola iz ulja cacaya<\/li>\r\n \t<li>Inovativna formula koja se prilago\u0111ava boji ko\u017ee<\/li>\r\n \t<li>Lagana, brzo upijaju\u0107a emulzija koja ne ostavlja mrlje<\/li>\r\n \t<li>Nanosi se ravnomjerno, bez tragova<\/li>\r\n \t<li>Idealno za po\u010detnike u samotamnjenju<\/li>\r\n \t<li>Za najbolje rezultate nanositi uz Self-tanning Mitt<\/li>\r\n \t<li>Miris karamel lattea<\/li>\r\n<\/ul>","_v2024__why_use__product_notes_and_remarks":"","_v2024__why_use__background_color":"#eddacd","_v2024__why_use__heading_color":"#816c65","_v2024__why_use__text_color":"#816c65","_v2024__why_use__image_desktop":1000009848,"_v2024__why_use__image_mobile":1000009849,"_v2024__stats_show":false,"_v2024__stats_repeater":null,"_v2024__stats_repeater_disclaimer":null,"_v2024__benefits__icons_repeater":[{"_v2024__benefit__icons_repeater_icon":10000010005,"_v2024__benefit__icons_repeater_text":"TEN PRIRODNOG IZGLEDA"},{"_v2024__benefit__icons_repeater_icon":10000010004,"_v2024__benefit__icons_repeater_text":"POSTUPNO NAKUPLJANJE"},{"_v2024__benefit__icons_repeater_icon":10000010003,"_v2024__benefit__icons_repeater_text":"SVAKODNEVNA HIDRATACIJA"},{"_v2024__benefit__icons_repeater_icon":10000010002,"_v2024__benefit__icons_repeater_text":"MIRIS KARAMEL LATTEA"}],"_v2024__image_ingreddients__intro_text":"<strong>Kombinacija prirodnog poja\u010diva\u010da tena, hijaluronske kiseline i dubinski hidratantnih hladno pre\u0161anih organskih ulja. Lagana formula za ravnomjeran, prirodan ten koji se postupno razvija, a zatim ravnomjerno blijedi.<\/strong>","_v2024__image_ingreddients__additional_description":"","_v2024__image_ingreddients__disclamer_inner":"","_v2024__image_ingredients__repeater":[{"_v2024__image_ingredients__ingredient_image":1000009843,"_v2024__image_ingredients__ingredient_title":"PRIRODNI DHA","_v2024__image_ingredients__ingredient_description":"Aktivni sastojak biljnog podrijetla dobiven fermentacijom. Reagira s aminokiselinama ko\u017ee kako bi se postigla prirodna preplanulost bez izlaganja suncu."},{"_v2024__image_ingredients__ingredient_image":1000009842,"_v2024__image_ingredients__ingredient_title":"HIJALURONSKA KISELINA","_v2024__image_ingredients__ingredient_description":"Sna\u017ean humektant prirodnog podrijetla. Osigurava dubinsku hidrataciju koja poma\u017ee da se ten razvije ravnomjernije i traje dulje. Sprje\u010dava pojavu mrlja i pruga."},{"_v2024__image_ingredients__ingredient_image":1000009841,"_v2024__image_ingredients__ingredient_title":"MARULA","_v2024__image_ingredients__ingredient_description":"Lagano, dubinski hidratantno ulje bogato antioksidansima i esencijalnim masnim kiselinama. Brzo se i dubinski upija te priprema ko\u017eu za ravnomjeran ten. Odr\u017eava zdravu ko\u017enu barijeru, \u0161to omogu\u0107uje postupno blije\u0111enje."},{"_v2024__image_ingredients__ingredient_image":1000009844,"_v2024__image_ingredients__ingredient_title":"CACAY","_v2024__image_ingredients__ingredient_description":"Nazivano \u201ezlatom Amazone\u201c, ovo ulje ima sna\u017ean anti-age i hidratantni u\u010dinak. Izuzetno je bogato vitaminom A i cijenjeno kao prirodni retinol. Osigurava glatku, obnovljenu podlogu za ujedna\u010den ten."},{"_v2024__image_ingredients__ingredient_image":1000006712,"_v2024__image_ingredients__ingredient_title":"KOKOS","_v2024__image_ingredients__ingredient_description":"Lako se upija, dubinski hidratizira i zadr\u017eava vlagu u ko\u017ei. Stvara za\u0161titnu barijeru i sprje\u010dava tamna nakupljanja na suhim podru\u010djima poput laktova i koljena."}],"_v2024__image_ingredients__all_ingredients":"INCI: AQUA*, CAPRYLIC\/CAPRIC TRIGLYCERIDE*, COCO-CAPRYLATE\/CAPRATE*, DIHYDROXYACETONE*, PENTYLENE GLYCOL*, MAGNESIUM SULFATE, POLYGLYCERYL-6 STEARATE*, XANTHAN GUM*, COCOS NUCIFERA OIL*, SCLEROCARYA BIRREA SEED OIL*, CARYODENDRON ORINOCENSE SEED OIL*, SODIUM HYALURONATE*, LECITHIN*, PULLULAN*, CITRIC ACID*, C14-22 ALCOHOLS*, C12-20 ALKYL GLUCOSIDE*, MICROCRYSTALLINE CELLULOSE*, CELLULOSE GUM*, SCLEROTIUM GUM*, POLYGLYCERYL-6 BEHENATE*, POLYGLYCERYL-4 DIISOSTEARATE\/POLYHYDROXYSTEARATE\/SEBACATE*, POLYGLYCERYL-3 OLEATE*, DIISOSTEAROYL POLYGLYCERYL-3 DIMER DILINOLEATE*, HYDRATED SILICA*, TETRASODIUM GLUTAMATE DIACETATE, PARFUM*, VANILLIN, LINALOOL, CITRAL, BENZALDEHYDE\r\n\r\n*Sastojci prirodnog podrijetla\r\n\r\nMolim zabilje\u017eite da se popis sastojaka mo\u017ee malo razlikovati zbog pobolj\u0161anja proizvoda tijekom vremena. Najnovije informacije potra\u017eite na pakiranju proizvoda.","_v2024__usage_content__left_content":"<strong>GDJE:<\/strong> cijelo tijelo\r\n\r\n<strong>KOLIKO \u010cESTO<\/strong>: Svaki dan kao hidratantno mlijeko za tijelo dok ne postigne\u0161 bron\u010dani ten \u017eeljene zasi\u0107enosti.\r\n\r\n\u0160to \u010de\u0161\u0107e nanosi\u0161 SOLIS Gradual Tan Body Milk, to tvoj ten postaje zasi\u0107eniji.\r\n\r\n<strong>KAKO:<\/strong>\r\n<ul>\r\n \t<li>1. Za najbolje rezultate napravi piling tijela Exfoliating Mitt rukavicom 24 sata prije prvog nano\u0161enja.<\/li>\r\n \t<li>2. Na \u010distu, suhu ko\u017eu nanesi mlijeko uz Self-tanning Mitt rukavicu laganim masa\u017enim pokretima. \u0160tedljivo nanesi na laktove, koljena, gle\u017enjeve, stopala i ruke.<\/li>\r\n \t<li>3. Ako nanosi\u0161 bez rukavice, temeljito operi ruke. Kako bi za\u0161titio ruke od mogu\u0107eg obojenja, preporu\u010dujemo kori\u0161tenje Self-tanning Mitt rukavice.<\/li>\r\n \t<li>4. Pri\u010dekaj da se potpuno upije prije odijevanja.<\/li>\r\n<\/ul>","_v2024__usage_content__right_bottom_content":"","_v2024__usage_content__note":"<strong>MOLIM, OBRATITE PA\u017dNJU:<\/strong> \u010cuvajte na hladnom, tamnom i suhom mjestu. Zbog prirodnih sastojaka vremenom boja losiona mo\u017ee se mijenjati, ali to ne utje\u010de na njegovu kakvo\u0107u i djelovanje. Samo za vanjsku uporabu. Testirajte na alergiju 24 sata prije upotrebe. Prekinite kori\u0161tenje ako se pojavi iritacija. Ne koristite na o\u0161te\u0107enoj ili ozlije\u0111enoj ko\u017ei. Izbjegavajte kontakt s o\u010dima. Ovaj proizvod ne sadr\u017ei za\u0161titu od sunca i ne \u0161titi od opeklina. Dr\u017eati podalje od djece!","_v2024__usage_content__storage":""},"_links":{"self":[{"href":"https:\/\/cocosolis.com\/hr\/wp-json\/wp\/v2\/product\/1000038090","targetHints":{"allow":["GET"]}}],"collection":[{"href":"https:\/\/cocosolis.com\/hr\/wp-json\/wp\/v2\/product"}],"about":[{"href":"https:\/\/cocosolis.com\/hr\/wp-json\/wp\/v2\/types\/product"}],"wp:attachment":[{"href":"https:\/\/cocosolis.com\/hr\/wp-json\/wp\/v2\/media?parent=1000038090"}],"wp:term":[{"taxonomy":"product_brand","embeddable":true,"href":"https:\/\/cocosolis.com\/hr\/wp-json\/wp\/v2\/product_brand?post=1000038090"},{"taxonomy":"product_cat","embeddable":true,"href":"https:\/\/cocosolis.com\/hr\/wp-json\/wp\/v2\/product_cat?post=1000038090"},{"taxonomy":"product_tag","embeddable":true,"href":"https:\/\/cocosolis.com\/hr\/wp-json\/wp\/v2\/product_tag?post=1000038090"},{"taxonomy":"product_template","embeddable":true,"href":"https:\/\/cocosolis.com\/hr\/wp-json\/wp\/v2\/product_template?post=1000038090"}],"curies":[{"name":"wp","href":"https:\/\/api.w.org\/{rel}","templated":true}]}}