{"id":1000034911,"date":"2026-01-23T13:48:35","date_gmt":"2026-01-23T12:48:35","guid":{"rendered":"https:\/\/cocosolis.com\/hr\/product\/aura-peptide-shimmer-spray-pink\/"},"modified":"2026-04-06T15:25:38","modified_gmt":"2026-04-06T13:25:38","slug":"aura-peptide-shimmer-spray-pink","status":"publish","type":"product","link":"https:\/\/cocosolis.com\/hr\/product\/aura-peptide-shimmer-spray-pink\/","title":{"rendered":"AURA PINK Peptide Shimmer Spray"},"content":{"rendered":"","protected":false},"excerpt":{"rendered":"","protected":false},"featured_media":1000009419,"template":"","meta":{"_acf_changed":false},"product_brand":[],"product_cat":[63],"product_tag":[],"product_template":[66],"class_list":{"0":"post-1000034911","1":"product","2":"type-product","3":"status-publish","4":"has-post-thumbnail","6":"product_cat-shimmer","7":"product_template-v-2024-clean","9":"first","10":"instock","11":"shipping-taxable","12":"purchasable","13":"product-type-simple"},"acf":{"_v2024__listing_and_sharing_info__listing_category":"AURA PINK","_v2024__listing_and_sharing_info__product_type":"Peptide Shimmer Spray","_v2024__listing__and_sharing_info__listing_below_title_in_product_page":"Prirodni svjetlucavi sprej s peptidima za lice, tijelo i kosu. Osvjetljava, hidratizira, pomla\u0111uje.<br><strong>Sjaj: Pink<\/strong>","_v2024__listing_and_sharing_info__listing_description":"Prirodni svjetlucavi sprej s peptidima za lice, tijelo i kosu.<br><strong>Sjaj: Pink<\/strong>","_v2024__listing_and_sharing_info__image":1000009418,"_v2024__product_hero__hero_type":"carousel","_v2024__product_hero__product_slider_gallery":[{"_v2024__product_hero__product_slider_gallery__image":1000009461,"_v2024__product_hero__product_slider_gallery__video_link":""},{"_v2024__product_hero__product_slider_gallery__image":1000009460,"_v2024__product_hero__product_slider_gallery__video_link":""},{"_v2024__product_hero__product_slider_gallery__image":1000009459,"_v2024__product_hero__product_slider_gallery__video_link":""},{"_v2024__product_hero__product_slider_gallery__image":1000009458,"_v2024__product_hero__product_slider_gallery__video_link":""},{"_v2024__product_hero__product_slider_gallery__image":1000009457,"_v2024__product_hero__product_slider_gallery__video_link":""},{"_v2024__product_hero__product_slider_gallery__image":1000009456,"_v2024__product_hero__product_slider_gallery__video_link":""}],"_v2024__before_and_after_image":null,"_v2024__before_and_after_image_mobile":null,"_v2024__product_hero__quantity":"100 ML","_v2024__product_hero__product_disclamer":"","_v2024__why_use__should_show":"visible","_v2024__why_use__description_text":"<p><strong>Kombinirajte elegantan sjaj s aktivnom njegom protiv starenja ko\u017ee. Osje\u0107ajte se sjajno i svje\u017ee od glave do pete.<\/strong><\/p>","_v2024__why_use__text_content":"<ul><li>Nje\u017eno osvjetljava ultra finim mica \u010desticama<\/li><li>Trenuta\u010dno hidratizira, zadr\u017eava vlagu i pomla\u0111uje ko\u017eu<\/li><li>Kombinira peptide visokog sadr\u017eaja s hijaluronskom kiselinom, glicerinom, pantenolom i kokosovom vodom<\/li><li>Neodoljiv miris jagoda cheesecakea<\/li><li>Idealan za lice, tijelo i kosu<\/li><\/ul>","_v2024__why_use__product_notes_and_remarks":"","_v2024__why_use__background_color":"#eddacd","_v2024__why_use__heading_color":"#816c65","_v2024__why_use__text_color":"#816c65","_v2024__why_use__image_desktop":1000009504,"_v2024__why_use__image_mobile":1000009505,"_v2024__stats_show":false,"_v2024__stats_repeater":null,"_v2024__stats_repeater_disclaimer":null,"_v2024__benefits__icons_repeater":[{"_v2024__benefit__icons_repeater_icon":1000006749,"_v2024__benefit__icons_repeater_text":"ELEGANTNO OSVJETLJAVA"},{"_v2024__benefit__icons_repeater_icon":1000006740,"_v2024__benefit__icons_repeater_text":"TRENUTNO HIDRITIRA"},{"_v2024__benefit__icons_repeater_icon":1000004600,"_v2024__benefit__icons_repeater_text":"POMLA\u0110UJE"},{"_v2024__benefit__icons_repeater_icon":1000009506,"_v2024__benefit__icons_repeater_text":"MIRI\u0160E NA JAGODA CHEESECAKE"}],"_v2024__image_ingreddients__intro_text":"<strong>Ultrafine prirodne mica \u010destice djeluju u simbiozi sa sna\u017enim aktivnim sastojcima i kokosovom vodom kako bi stvorili istinski blistavu ko\u017eu i kosu.<\/strong>","_v2024__image_ingreddients__additional_description":"","_v2024__image_ingreddients__disclamer_inner":"","_v2024__image_ingredients__repeater":[{"_v2024__image_ingredients__ingredient_image":1000008648,"_v2024__image_ingredients__ingredient_title":"PEPTIDI","_v2024__image_ingredients__ingredient_description":"<p>Klini\u010dki je dokazano da ovi prirodni peptidi usporavaju proces starenja poti\u010du\u0107i proizvodnju kolagena i elastina. Toniziraju i vidljivo zate\u017eu ko\u017eu, ujedna\u010duju ten i smanjuju tamne fleke. Pobolj\u0161avaju hidrataciju zadr\u017eavaju\u0107i i pove\u0107avaju\u0107i vla\u017enost ko\u017ee.<\/p>"},{"_v2024__image_ingredients__ingredient_image":1000004599,"_v2024__image_ingredients__ingredient_title":"HIJALURONSKA KISELINA","_v2024__image_ingredients__ingredient_description":"<p>Na ko\u017ei stvara za\u0161titni film koji ja\u010da barijernu funkciju i smanjuje gubitak vode. Trenuta\u010dno \u010dini ko\u017eu zategnutijom i glatkom.<\/p>"},{"_v2024__image_ingredients__ingredient_image":1000004605,"_v2024__image_ingredients__ingredient_title":"PANTENOL","_v2024__image_ingredients__ingredient_description":"<p>Hidratizira i puni ko\u017eu privla\u010de\u0107i i zadr\u017eavaju\u0107i vlagu. Smiruje je, podupire prirodne procese ozdravljenja i obnavlja je nakon izlaganja suncu.<\/p>"},{"_v2024__image_ingredients__ingredient_image":1000006712,"_v2024__image_ingredients__ingredient_title":"KOKOSOVA VODA","_v2024__image_ingredients__ingredient_description":"<p>Osvje\u017eava i revitalizira ko\u017eu, hidratizira i puni je vitaminima, mineralima i antioksidansima. Hidratizira i hrani kosu, olak\u0161ava ra\u0161\u010de\u0161ljavanje.<\/p>"},{"_v2024__image_ingredients__ingredient_image":1000002909,"_v2024__image_ingredients__ingredient_title":"GLICERIN","_v2024__image_ingredients__ingredient_description":"<p>Sna\u017ean humektant: privla\u010di vlagu i zadr\u017eava je u ko\u017ei. Popunjava fine bore i ostavlja ko\u017eu glatkom i podatnom.<\/p>"}],"_v2024__image_ingredients__all_ingredients":"<p>AQUA, PENTYLENE GLYCOL*, PROPANEDIOL*, COCOS NUCIFERA WATER*, LACTOBACILLUS FERMENT*, HEXAPEPTIDE-11*, GLYCOLIPIDS*, LEUCONOSTOC\/RADISH ROOT FERMENT LYSATE FILTRATE*, SODIUM HYALURONATE*, PANTHENOL, GLYCERIN*, CITRIC ACID*, POLYGLYCERYL-6 CAPRYLATE*, POLYGLYCERYL-4 CAPRATE*, AROMA, PROPYLENE GLYCOL, SODIUM BENZOATE, MICA*, CALCIUM TITANIUM BOROSILICATE*, TIN OXIDE*, CI 77891*, CI 77491*, VANILLIN, LINALOOL<\/p><p>*Sastojci prirodnog podrijetla<\/p><p>**Sastojci prirodnih mirisa<\/p><p>Molim zabilje\u017eite da se popis sastojaka mo\u017ee malo razlikovati zbog pobolj\u0161anja proizvoda tijekom vremena. Najnovije informacije potra\u017eite na pakiranju proizvoda.<\/p>","_v2024__usage_content__left_content":"<p><strong>Efekt sjaja je najvidljiviji na izravnom svjetlu.<\/strong><\/p><p><strong>GDJE:<\/strong> lice, tijelo i kosa<\/p><p><strong>SVAKI DAN:<\/strong> nakon \u0161minke za nje\u017ean sjaj<\/p><p><strong>NA ZABAVI:<\/strong> nekoliko slojeva za glamuroznu prisutnost<\/p><p><strong>NA PLA\u017dI:<\/strong> za blistavu hidrataciju<\/p><p><strong>NAKON PLA\u017dE:<\/strong> za umirivanje i obnavljanje ko\u017ee<\/p><p><strong>KAKO:<\/strong><\/p><ul><li>1. Prije upotrebe dobro protresti!<\/li><li>2. Poprskajte s udaljenosti od 20 \u2013 50 cm kako biste osigurali ravnomjerno prekrivanje.<\/li><li>3. Izbjegavajte razmazivanje rukama ili \u010detkicom.<\/li><li>4. Nanesite jedan sloj i pustite da se osu\u0161i.<\/li><li>5. Za zasi\u0107eniji sjaj nanesite dodatne slojeve.<\/li><\/ul>","_v2024__usage_content__right_bottom_content":"","_v2024__usage_content__note":"<p>MOLIM, OBRATITE PA\u017dNJU<\/p><p>\u010cuvajte na hladnom, tamnom i suhom mjestu. Samo za vanjsku uporabu. Prekinite kori\u0161tenje ako se pojavi iritacija. Ne koristite na o\u0161te\u0107enoj ili ozlije\u0111enoj ko\u017ei. Izbjegavajte kontakt s o\u010dima. Dr\u017eati podalje od djece!<\/p><p>Proizvod ne sadr\u017ei UV filter za za\u0161titu od sunca. Kada se izla\u017ee izravnoj sun\u010devoj svjetlosti, preporu\u010dljivo je koristiti ga u kombinaciji s proizvodom za za\u0161titu od sunca. Proizvod ne sadr\u017ei sastojke za samotamnjenje. Pretjerana izlo\u017eenost suncu predstavlja ozbiljnu prijetnju zdravlju.<\/p>","_v2024__usage_content__storage":""},"_links":{"self":[{"href":"https:\/\/cocosolis.com\/hr\/wp-json\/wp\/v2\/product\/1000034911","targetHints":{"allow":["GET"]}}],"collection":[{"href":"https:\/\/cocosolis.com\/hr\/wp-json\/wp\/v2\/product"}],"about":[{"href":"https:\/\/cocosolis.com\/hr\/wp-json\/wp\/v2\/types\/product"}],"wp:featuredmedia":[{"embeddable":true,"href":"https:\/\/cocosolis.com\/hr\/wp-json\/"}],"wp:attachment":[{"href":"https:\/\/cocosolis.com\/hr\/wp-json\/wp\/v2\/media?parent=1000034911"}],"wp:term":[{"taxonomy":"product_brand","embeddable":true,"href":"https:\/\/cocosolis.com\/hr\/wp-json\/wp\/v2\/product_brand?post=1000034911"},{"taxonomy":"product_cat","embeddable":true,"href":"https:\/\/cocosolis.com\/hr\/wp-json\/wp\/v2\/product_cat?post=1000034911"},{"taxonomy":"product_tag","embeddable":true,"href":"https:\/\/cocosolis.com\/hr\/wp-json\/wp\/v2\/product_tag?post=1000034911"},{"taxonomy":"product_template","embeddable":true,"href":"https:\/\/cocosolis.com\/hr\/wp-json\/wp\/v2\/product_template?post=1000034911"}],"curies":[{"name":"wp","href":"https:\/\/api.w.org\/{rel}","templated":true}]}}