{"id":1000028582,"date":"2025-07-07T15:10:55","date_gmt":"2025-07-07T13:10:55","guid":{"rendered":"https:\/\/cocosolis.com\/hr\/product\/lift-anti-aging-serum\/"},"modified":"2026-04-06T15:23:51","modified_gmt":"2026-04-06T13:23:51","slug":"lift-anti-aging-serum","status":"publish","type":"product","link":"https:\/\/cocosolis.com\/hr\/product\/lift-anti-aging-serum\/","title":{"rendered":"LIFT+ Anti-aging Serum"},"content":{"rendered":"","protected":false},"excerpt":{"rendered":"","protected":false},"featured_media":1000008657,"template":"","meta":{"_acf_changed":false},"product_brand":[],"product_cat":[19],"product_tag":[],"product_template":[66],"class_list":{"0":"post-1000028582","1":"product","2":"type-product","3":"status-publish","4":"has-post-thumbnail","6":"product_cat-skin","7":"product_template-v-2024-clean","9":"first","10":"instock","11":"shipping-taxable","12":"purchasable","13":"product-type-simple"},"acf":{"_v2024__listing_and_sharing_info__listing_category":"LIFT+","_v2024__listing_and_sharing_info__product_type":"Anti-aging Serum","_v2024__listing__and_sharing_info__listing_below_title_in_product_page":"Pomla\u0111uju\u0107i serum-booster. Visoko koncentrirana formula s lifting u\u010dinkom.<br><strong>Podru\u010dje: vrat, dekolte i prsa<\/strong>","_v2024__listing_and_sharing_info__listing_description":"Pomla\u0111uju\u0107i serum-booster. Visoko koncentrirana formula s lifting u\u010dinkom.<br><strong>Podru\u010dje: vrat, dekolte i prsa<\/strong>","_v2024__listing_and_sharing_info__image":1000008658,"_v2024__product_hero__hero_type":"carousel","_v2024__product_hero__product_slider_gallery":[{"_v2024__product_hero__product_slider_gallery__image":1000008339,"_v2024__product_hero__product_slider_gallery__video_link":""},{"_v2024__product_hero__product_slider_gallery__image":1000008389,"_v2024__product_hero__product_slider_gallery__video_link":""},{"_v2024__product_hero__product_slider_gallery__image":1000008390,"_v2024__product_hero__product_slider_gallery__video_link":""},{"_v2024__product_hero__product_slider_gallery__image":1000008391,"_v2024__product_hero__product_slider_gallery__video_link":""},{"_v2024__product_hero__product_slider_gallery__image":1000008392,"_v2024__product_hero__product_slider_gallery__video_link":""},{"_v2024__product_hero__product_slider_gallery__image":1000008393,"_v2024__product_hero__product_slider_gallery__video_link":""},{"_v2024__product_hero__product_slider_gallery__image":1000008394,"_v2024__product_hero__product_slider_gallery__video_link":""},{"_v2024__product_hero__product_slider_gallery__image":1000008340,"_v2024__product_hero__product_slider_gallery__video_link":""}],"_v2024__before_and_after_image":"","_v2024__before_and_after_image_mobile":"","_v2024__product_hero__quantity":"50 ML","_v2024__product_hero__product_disclamer":"","_v2024__why_use__should_show":"visible","_v2024__why_use__description_text":"Lifting serum-sprej za vrat, dekolte i prsa. S 9 mo\u0107nih sastojaka s klini\u010dki dokazanim anti-age, u\u010dvr\u0161\u0107uju\u0107im i kolagen-stimuliraju\u0107im djelovanjem \u2013 za vidljive rezultate ve\u0107 nakon mjesec dana.","_v2024__why_use__text_content":"<ul>\r\n \t<li><strong>Transformiraju\u0107i u\u010dinak<\/strong>: podi\u017ee i u\u010dvr\u0161\u0107uje ko\u017eu vrata i poprsja<\/li>\r\n \t<li><strong>Dopunsko djelovanje<\/strong>: zagla\u0111uje bore i pomla\u0111uje<\/li>\r\n \t<li><strong>Aroma<\/strong>: nje\u017ena kru\u0161ka<\/li>\r\n \t<li><strong>Podru\u010dje<\/strong>: vrat, dekolte i prsa<\/li>\r\n<\/ul>","_v2024__why_use__product_notes_and_remarks":"","_v2024__why_use__background_color":"#FBF1EB","_v2024__why_use__heading_color":"#816c65","_v2024__why_use__text_color":"#816c65","_v2024__why_use__image_desktop":1000008629,"_v2024__why_use__image_mobile":1000008630,"_v2024__stats_show":false,"_v2024__stats_repeater":null,"_v2024__stats_repeater_disclaimer":null,"_v2024__benefits__icons_repeater":[{"_v2024__benefit__icons_repeater_icon":1000008669,"_v2024__benefit__icons_repeater_text":"PODI\u017dE"},{"_v2024__benefit__icons_repeater_icon":1000008668,"_v2024__benefit__icons_repeater_text":"U\u010cVR\u0160\u0106UJE"},{"_v2024__benefit__icons_repeater_icon":1000008674,"_v2024__benefit__icons_repeater_text":"POMLA\u0110UJE"},{"_v2024__benefit__icons_repeater_icon":1000008670,"_v2024__benefit__icons_repeater_text":"MIRI\u0160E NA NJE\u017dNU KRU\u0160KU"}],"_v2024__image_ingreddients__intro_text":"Mo\u0107na kombinacija kolagen boostera, anti-age i hidratantnih aktivnih sastojaka djeluje u sinergiji s biljnim ekstraktima i pomla\u0111uje vrat, dekolte i poprsje.","_v2024__image_ingreddients__additional_description":"","_v2024__image_ingreddients__disclamer_inner":"","_v2024__image_ingredients__repeater":[{"_v2024__image_ingredients__ingredient_image":1000008643,"_v2024__image_ingredients__ingredient_title":"DERMOSCULPT\u2122","_v2024__image_ingredients__ingredient_description":"Inovacija protiv strija s 360\u00b0 Green Collagen Builder u\u010dinkom. Sna\u017ean aktivni sastojak koji poti\u010de proizvodnju kolagena i klju\u010dnih glikozaminoglikana (GAG-ova) poput hijaluronske kiseline. Ja\u010da strukturu ko\u017ee, pove\u0107ava elasti\u010dnost, pru\u017ea dubinsku hidrataciju i lifting u\u010dinak."},{"_v2024__image_ingredients__ingredient_image":1000008639,"_v2024__image_ingredients__ingredient_title":"BODYFERM\u2122","_v2024__image_ingredients__ingredient_description":"Zate\u017ee problemati\u010dna podru\u010dja, pobolj\u0161ava mikrocirkulaciju i poti\u010de procese topljenja potko\u017enih masno\u0107a. Ima u\u010dinak cjelovitog preoblikovanja tijela."},{"_v2024__image_ingredients__ingredient_image":1000008651,"_v2024__image_ingredients__ingredient_title":"RHODYSSEY\u2122","_v2024__image_ingredients__ingredient_description":"Stimulira mitohondrijsku aktivnost i sintezu hijaluronske kiseline za dubinsku hidrataciju i regeneraciju ko\u017ee. Zate\u017ee, zagla\u0111uje i ja\u010da ko\u017enu barijeru. Pove\u0107ava elasti\u010dnost i vra\u0107a mladena\u010dki izgled."},{"_v2024__image_ingredients__ingredient_image":1000008648,"_v2024__image_ingredients__ingredient_title":"PEPTIDI","_v2024__image_ingredients__ingredient_description":"Inovativni peptidni kompleks koji poti\u010de obnovu ko\u017ee, smanjuje bore i pobolj\u0161ava elasti\u010dnost. Regenerira kolagensku mre\u017eu, usporava stani\u010dno starenje i ja\u010da strukturu ko\u017ee za mladoliki izgled."},{"_v2024__image_ingredients__ingredient_image":1000008647,"_v2024__image_ingredients__ingredient_title":"GUARANA","_v2024__image_ingredients__ingredient_description":"Ekstrakt bogat kofeinom koji poti\u010de razgradnju masno\u0107a i pobolj\u0161ava mikrocirkulaciju. Smanjuje zadr\u017eavanje teku\u0107ine."},{"_v2024__image_ingredients__ingredient_image":1000008650,"_v2024__image_ingredients__ingredient_title":"KAKTUS BODLJIKAVA KRU\u0160KA","_v2024__image_ingredients__ingredient_description":"Ovaj ekstrakt smanjuje vidljivost celulita pobolj\u0161avaju\u0107i teksturu i elasti\u010dnost ko\u017ee. Hidratizira, detoksificira i poti\u010de regeneraciju."},{"_v2024__image_ingredients__ingredient_image":1000008646,"_v2024__image_ingredients__ingredient_title":"ZELENI ORAH","_v2024__image_ingredients__ingredient_description":"Ekstrakt s mo\u0107nim antioksidativnim i detoksikacijskim svojstvima. Djeluje na metabolizam masti, pobolj\u0161ava elasti\u010dnost i oblikuje siluetu."},{"_v2024__image_ingredients__ingredient_image":1000008644,"_v2024__image_ingredients__ingredient_title":"ZMAJEVO VO\u0106E","_v2024__image_ingredients__ingredient_description":"Ovaj ekstrakt pobolj\u0161ava elasti\u010dnost, sjaj i obnavlja strukturu ko\u017ee."},{"_v2024__image_ingredients__ingredient_image":1000004197,"_v2024__image_ingredients__ingredient_title":"KOKOS","_v2024__image_ingredients__ingredient_description":"Ekstrakt koji duboko hidratizira, hrani i omek\u0161ava. Podr\u017eava ko\u017enu barijeru, pobolj\u0161ava elasti\u010dnost i daje glatki i \u010dvrsti izgled."}],"_v2024__image_ingredients__all_ingredients":"AQUA*, GLYCERIN*, POLYSORBATE 20, CHLORELLA VULGARIS EXTRACT*, PUNICA GRANATUM PERICARP EXTRACT*, CORYLUS AVELLANA SEED EXTRACT*, SACCHAROMYCES FERMENT LYSATE FILTRATE*, HYDROLYZED RHODOPHYCEAE EXTRACT*, MARIS AQUA*, HYDROLYZED WALNUT EXTRACT*, PALMITOYL TRIPEPTIDE-1, PALMITOYL TETRAPEPTIDE-7, COCOS NUCIFERA FRUIT EXTRACT*, CITRIC ACID*, SODIUM LEVULINATE*, LACTIC ACID*, SODIUM LACTATE*, PARFUM, SODIUM PHYTATE*, CARBOMER, BUTYLENE GLYCOL, PHENETHYL ALCOHOL*, SODIUM BENZOATE, POTASSIUM SORBATE, DIMETHYL PHENETHYL ACETATE, ROSE KETONES\r\n\r\n<em>* Sastojci prirodnog podrijetla<\/em>\r\n\r\n<em>Molimo, obratite pa\u017enju da se popis sastojaka mo\u017ee malo razlikovati tijekom vremena zbog pobolj\u0161anja proizvoda. Pogledajte pakiranje proizvoda za najnovije informacije.<\/em>","_v2024__usage_content__left_content":"<strong>GDJE<\/strong>: vrat, dekolte i prsa\r\n\r\n<strong>KADA<\/strong>: ujutro i nave\u010der\r\n\r\n<strong>KAKO<\/strong>: poprskajte na \u010distu, suhu ko\u017eu i nje\u017eno masirajte dok se upije","_v2024__usage_content__right_bottom_content":"","_v2024__usage_content__note":"<strong>PAZITE<\/strong>\r\n\r\nDr\u017eati u prohladnom, tamnom i suhom mjestu. Samo za vanjsku primjenu. Prestanite koristiti ukoliko do\u0111e do iritacije. Nemojte koristiti na o\u0161te\u0107enoj ili ozlije\u0111enoj ko\u017ei. Izbjegavati kontakt s o\u010dima.","_v2024__usage_content__storage":""},"_links":{"self":[{"href":"https:\/\/cocosolis.com\/hr\/wp-json\/wp\/v2\/product\/1000028582","targetHints":{"allow":["GET"]}}],"collection":[{"href":"https:\/\/cocosolis.com\/hr\/wp-json\/wp\/v2\/product"}],"about":[{"href":"https:\/\/cocosolis.com\/hr\/wp-json\/wp\/v2\/types\/product"}],"wp:featuredmedia":[{"embeddable":true,"href":"https:\/\/cocosolis.com\/hr\/wp-json\/"}],"wp:attachment":[{"href":"https:\/\/cocosolis.com\/hr\/wp-json\/wp\/v2\/media?parent=1000028582"}],"wp:term":[{"taxonomy":"product_brand","embeddable":true,"href":"https:\/\/cocosolis.com\/hr\/wp-json\/wp\/v2\/product_brand?post=1000028582"},{"taxonomy":"product_cat","embeddable":true,"href":"https:\/\/cocosolis.com\/hr\/wp-json\/wp\/v2\/product_cat?post=1000028582"},{"taxonomy":"product_tag","embeddable":true,"href":"https:\/\/cocosolis.com\/hr\/wp-json\/wp\/v2\/product_tag?post=1000028582"},{"taxonomy":"product_template","embeddable":true,"href":"https:\/\/cocosolis.com\/hr\/wp-json\/wp\/v2\/product_template?post=1000028582"}],"curies":[{"name":"wp","href":"https:\/\/api.w.org\/{rel}","templated":true}]}}