{"id":1000028581,"date":"2025-07-07T15:10:55","date_gmt":"2025-07-07T13:10:55","guid":{"rendered":"https:\/\/cocosolis.com\/hr\/product\/slim-shaping-serum\/"},"modified":"2026-04-14T21:25:28","modified_gmt":"2026-04-14T19:25:28","slug":"slim-shaping-serum","status":"publish","type":"product","link":"https:\/\/cocosolis.com\/hr\/product\/slim-shaping-serum\/","title":{"rendered":"SLIM+ Shaping Serum"},"content":{"rendered":"","protected":false},"excerpt":{"rendered":"","protected":false},"featured_media":1000008661,"template":"","meta":{"_acf_changed":false},"product_brand":[],"product_cat":[19],"product_tag":[],"product_template":[66],"class_list":{"0":"post-1000028581","1":"product","2":"type-product","3":"status-publish","4":"has-post-thumbnail","6":"product_cat-skin","7":"product_template-v-2024-clean","9":"first","10":"instock","11":"shipping-taxable","12":"purchasable","13":"product-type-simple"},"acf":{"_v2024__listing_and_sharing_info__listing_category":"SLIM+","_v2024__listing_and_sharing_info__product_type":"Shaping Serum","_v2024__listing__and_sharing_info__listing_below_title_in_product_page":"Oblikuju\u0107i serum-koncentrat. Ciljano djelovanje protiv masno\u0107a, opu\u0161tene ko\u017ee i strija. Smanjuje opsege.<br><strong>Podru\u010dje: trbuh i ruke<\/strong>","_v2024__listing_and_sharing_info__listing_description":"Oblikuju\u0107i serum-koncentrat. Ciljano djelovanje protiv masno\u0107a, opu\u0161tene ko\u017ee i strija.<br><strong>Podru\u010dje: trbuh i ruke<\/strong>","_v2024__listing_and_sharing_info__image":1000008662,"_v2024__product_hero__hero_type":"carousel","_v2024__product_hero__product_slider_gallery":[{"_v2024__product_hero__product_slider_gallery__image":1000008529,"_v2024__product_hero__product_slider_gallery__video_link":""},{"_v2024__product_hero__product_slider_gallery__image":1000008579,"_v2024__product_hero__product_slider_gallery__video_link":""},{"_v2024__product_hero__product_slider_gallery__image":1000008580,"_v2024__product_hero__product_slider_gallery__video_link":""},{"_v2024__product_hero__product_slider_gallery__image":1000008581,"_v2024__product_hero__product_slider_gallery__video_link":""},{"_v2024__product_hero__product_slider_gallery__image":1000008582,"_v2024__product_hero__product_slider_gallery__video_link":""},{"_v2024__product_hero__product_slider_gallery__image":1000008583,"_v2024__product_hero__product_slider_gallery__video_link":""},{"_v2024__product_hero__product_slider_gallery__image":1000008584,"_v2024__product_hero__product_slider_gallery__video_link":""},{"_v2024__product_hero__product_slider_gallery__image":1000008530,"_v2024__product_hero__product_slider_gallery__video_link":""}],"_v2024__before_and_after_image":"","_v2024__before_and_after_image_mobile":"","_v2024__product_hero__quantity":"100 ML","_v2024__product_hero__product_disclamer":"","_v2024__why_use__should_show":"visible","_v2024__why_use__description_text":"Ciljana formula za trbuh i ruke. 9 prirodnih sastojaka s klini\u010dki dokazanim u\u010dinkom napadaju masno\u0107e i u\u010dvr\u0161\u0107uju ko\u017eu. Za vidljive rezultate nakon mjesec dana.","_v2024__why_use__text_content":"<ul>\r\n \t<li><strong>Transformiraju\u0107i u\u010dinak<\/strong>: smanjuje opseg, zate\u017ee i oblikuje<\/li>\r\n \t<li><strong>Dopunsko djelovanje<\/strong>: pove\u0107ava elasti\u010dnost ko\u017ee i \u0161titi od pojave strija<\/li>\r\n \t<li><strong>Aroma<\/strong>: crvena naran\u010da<\/li>\r\n \t<li><strong>Podru\u010dje<\/strong>: trbuh i ruke<\/li>\r\n<\/ul>","_v2024__why_use__product_notes_and_remarks":"","_v2024__why_use__background_color":"#FBF1EB","_v2024__why_use__heading_color":"#816c65","_v2024__why_use__text_color":"#816c65","_v2024__why_use__image_desktop":1000008633,"_v2024__why_use__image_mobile":1000008634,"_v2024__stats_show":false,"_v2024__stats_repeater":null,"_v2024__stats_repeater_disclaimer":null,"_v2024__benefits__icons_repeater":[{"_v2024__benefit__icons_repeater_icon":1000008673,"_v2024__benefit__icons_repeater_text":"SMANJUJE OPSEGE"},{"_v2024__benefit__icons_repeater_icon":1000008666,"_v2024__benefit__icons_repeater_text":"ZATE\u017dE I OBLIKUJE"},{"_v2024__benefit__icons_repeater_icon":1000008671,"_v2024__benefit__icons_repeater_text":"\u0160TITI OD STRIJA"},{"_v2024__benefit__icons_repeater_icon":1000008663,"_v2024__benefit__icons_repeater_text":"MIRI\u0160E NA CRVENU NARAN\u010cU"}],"_v2024__image_ingreddients__intro_text":"Bogata prirodna formula s inovativnim sastojcima koji sagorijevaju masti, poti\u010du kolagen i hidratiziraju ko\u017eu. Njihov u\u010dinak poja\u010dan je s 5 biljnih ekstrakata.","_v2024__image_ingreddients__additional_description":"","_v2024__image_ingreddients__disclamer_inner":"","_v2024__image_ingredients__repeater":[{"_v2024__image_ingredients__ingredient_image":1000008649,"_v2024__image_ingredients__ingredient_title":"PINK PEPPERSLIM\u2122","_v2024__image_ingredients__ingredient_description":"Umetnut u dvostrukoj dozi omogu\u0107uje aktivno sagorijevanje masti i mikrocirkulaciju. Ograni\u010dava skladi\u0161tenje masnih naslaga, drenira."},{"_v2024__image_ingredients__ingredient_image":1000008643,"_v2024__image_ingredients__ingredient_title":"DERMOSCULPT\u2122","_v2024__image_ingredients__ingredient_description":"Inovacija protiv strija s 360\u00b0 Green Collagen Builder u\u010dinkom. Sna\u017ean aktivni sastojak koji poti\u010de proizvodnju kolagena i klju\u010dnih glikozaminoglikana (GAG-ova) poput hijaluronske kiseline. Ja\u010da strukturu ko\u017ee, pove\u0107ava elasti\u010dnost, pru\u017ea dubinsku hidrataciju i lifting u\u010dinak."},{"_v2024__image_ingredients__ingredient_image":1000008639,"_v2024__image_ingredients__ingredient_title":"BODYFERM\u2122","_v2024__image_ingredients__ingredient_description":"Dokazano smanjuje opseg trbuha i ruku. Zate\u017ee problemati\u010dna podru\u010dja, pobolj\u0161ava mikrocirkulaciju i poti\u010de procese topljenja potko\u017enih masno\u0107a."},{"_v2024__image_ingredients__ingredient_image":1000002902,"_v2024__image_ingredients__ingredient_title":"AQUAXYL\u2122 + GLYCERIN","_v2024__image_ingredients__ingredient_description":"Kombinacija za mo\u0107nu hidrataciju. Sinteza ceramida i anti-age djelovanje. Ko\u017ea ostaje blistava, glatka i hidratizirana vi\u0161e od 24 sata."},{"_v2024__image_ingredients__ingredient_image":1000008647,"_v2024__image_ingredients__ingredient_title":"GUARANA","_v2024__image_ingredients__ingredient_description":"Ekstrakt bogat kofeinom koji poti\u010de razgradnju masno\u0107a i pobolj\u0161ava mikrocirkulaciju. Smanjuje zadr\u017eavanje teku\u0107ine."},{"_v2024__image_ingredients__ingredient_image":1000008650,"_v2024__image_ingredients__ingredient_title":"KAKTUS BODLJIKAVA KRU\u0160KA","_v2024__image_ingredients__ingredient_description":"Ovaj ekstrakt smanjuje vidljivost celulita pobolj\u0161avaju\u0107i teksturu i elasti\u010dnost ko\u017ee. Hidratizira, detoksificira i poti\u010de regeneraciju."},{"_v2024__image_ingredients__ingredient_image":1000008638,"_v2024__image_ingredients__ingredient_title":"CRVENA NARAN\u010cA","_v2024__image_ingredients__ingredient_description":"Ekstrakt koji poti\u010de cirkulaciju i smanjuje nakupljanje masno\u0107a. Pru\u017ea antioksidanse, pobolj\u0161ava elasti\u010dnost i tonus ko\u017ee."},{"_v2024__image_ingredients__ingredient_image":1000008645,"_v2024__image_ingredients__ingredient_title":"ZELENA KAVA","_v2024__image_ingredients__ingredient_description":"Ekstrakt koji poti\u010de termogenezu, ubrzava metabolizam ko\u017ee i poti\u010de razgradnju masti. Sadr\u017ei klorogensku kiselinu koja pobolj\u0161ava mikrocirkulaciju i smanjuje vidljivost celulita."},{"_v2024__image_ingredients__ingredient_image":1000004197,"_v2024__image_ingredients__ingredient_title":"KOKOS","_v2024__image_ingredients__ingredient_description":"Ekstrakt koji duboko hidratizira, hrani i omek\u0161ava. Podr\u017eava ko\u017enu barijeru, pobolj\u0161ava elasti\u010dnost i daje glatki i \u010dvrsti izgled."}],"_v2024__image_ingredients__all_ingredients":"AQUA*, GLYCERIN*, POLYSORBATE 20, PUNICA GRANATUM PERICARP EXTRACT*, CORYLUS AVELLANA SEED EXTRACT*, SACCHAROMYCES FERMENT LYSATE FILTRATE*, CHLORELLA VULGARIS EXTRACT*, SCHINUS TEREBINTHIFOLIA SEED EXTRACT*, XYLITYLGLUCOSIDE*, ANHYDROXYLITOL*, XYLITOL*, VACCINIUM MYRTILLUS FRUIT EXTRACT*, COFFEA ARABICA SEED EXTRACT*, OPUNTIA FICUS-INDICA FLOWER EXTRACT*, HYLOCEREUS UNDATUS FRUIT EXTRACT*, COCOS NUCIFERA FRUIT EXTRACT*, CAPSICUM FRUTESCENS FRUIT EXTRACT*, PAULLINIA CUPANA SEED EXTRACT*, CITRIC ACID*, ACACIA SENEGAL GUM*, XANTHAN GUM*, LACTIC ACID*, SODIUM LEVULINATE*, CITRUS AURANTIUM PEEL OIL*, SODIUM PHYTATE*, SODIUM BENZOATE, POTASSIUM SORBATE, LIMONENE, PINENE, LINALOOL\r\n\r\n<em>* Sastojci prirodnog podrijetla<\/em>\r\n\r\n<em>Molimo, obratite pa\u017enju da se popis sastojaka mo\u017ee malo razlikovati tijekom vremena zbog pobolj\u0161anja proizvoda. Pogledajte pakiranje proizvoda za najnovije informacije.<\/em>","_v2024__usage_content__left_content":"<strong>GDJE<\/strong>: trbuh i ruke\r\n\r\n<strong>KADA<\/strong>: ujutro i nave\u010der\r\n\r\n<strong>KAKO<\/strong>: nanesite na \u010distu i suhu ko\u017eu masa\u017enim pokretima dok se potpuno upije\r\n\r\n<strong>ZA NAJBOLJE REZULTATE<\/strong>: kombinirajte s na\u0161im masa\u017eerom BODY GUA SHA i uljem iz SKIN linije, ovisno o osnovnim potrebama va\u0161e ko\u017ee","_v2024__usage_content__right_bottom_content":"","_v2024__usage_content__note":"<strong>PAZITE<\/strong>\r\n\r\nDr\u017eati na prohladnom, tamnom i suhom mjestu. Samo za vanjsku uporabu. Obustavite uporabu ukoliko do\u0111e do iritacije. Ne koristite na o\u0161te\u0107enoj ili ozlije\u0111enoj ko\u017ei.","_v2024__usage_content__storage":""},"_links":{"self":[{"href":"https:\/\/cocosolis.com\/hr\/wp-json\/wp\/v2\/product\/1000028581","targetHints":{"allow":["GET"]}}],"collection":[{"href":"https:\/\/cocosolis.com\/hr\/wp-json\/wp\/v2\/product"}],"about":[{"href":"https:\/\/cocosolis.com\/hr\/wp-json\/wp\/v2\/types\/product"}],"wp:featuredmedia":[{"embeddable":true,"href":"https:\/\/cocosolis.com\/hr\/wp-json\/"}],"wp:attachment":[{"href":"https:\/\/cocosolis.com\/hr\/wp-json\/wp\/v2\/media?parent=1000028581"}],"wp:term":[{"taxonomy":"product_brand","embeddable":true,"href":"https:\/\/cocosolis.com\/hr\/wp-json\/wp\/v2\/product_brand?post=1000028581"},{"taxonomy":"product_cat","embeddable":true,"href":"https:\/\/cocosolis.com\/hr\/wp-json\/wp\/v2\/product_cat?post=1000028581"},{"taxonomy":"product_tag","embeddable":true,"href":"https:\/\/cocosolis.com\/hr\/wp-json\/wp\/v2\/product_tag?post=1000028581"},{"taxonomy":"product_template","embeddable":true,"href":"https:\/\/cocosolis.com\/hr\/wp-json\/wp\/v2\/product_template?post=1000028581"}],"curies":[{"name":"wp","href":"https:\/\/api.w.org\/{rel}","templated":true}]}}