{"id":1000028580,"date":"2025-07-07T15:10:55","date_gmt":"2025-07-07T13:10:55","guid":{"rendered":"https:\/\/cocosolis.com\/hr\/product\/skin-anti-cellulite-serum\/"},"modified":"2026-04-13T13:37:12","modified_gmt":"2026-04-13T11:37:12","slug":"skin-anti-cellulite-serum","status":"publish","type":"product","link":"https:\/\/cocosolis.com\/hr\/product\/skin-anti-cellulite-serum\/","title":{"rendered":"SKIN+ Anti-cellulite Serum"},"content":{"rendered":"","protected":false},"excerpt":{"rendered":"","protected":false},"featured_media":1000008659,"template":"","meta":{"_acf_changed":false},"product_brand":[],"product_cat":[19],"product_tag":[],"product_template":[66],"class_list":{"0":"post-1000028580","1":"product","2":"type-product","3":"status-publish","4":"has-post-thumbnail","6":"product_cat-skin","7":"product_template-v-2024-clean","9":"first","10":"instock","11":"shipping-taxable","12":"purchasable","13":"product-type-simple"},"acf":{"_v2024__listing_and_sharing_info__listing_category":"SKIN+","_v2024__listing_and_sharing_info__product_type":"Anti-cellulite Serum","_v2024__listing__and_sharing_info__listing_below_title_in_product_page":"Anticelulitni serum-koncentrat. Znanstveno potkrijepljeno rje\u0161enje za vidljivo smanjenje celulita, u\u010dvr\u0161\u0107ivanje i zagla\u0111ivanje.<br><strong>Podru\u010dje: stra\u017enjica i bedra<\/strong>","_v2024__listing_and_sharing_info__listing_description":"Anticelulitni serum-koncentrat. Znanstveno potkrijepljeno rje\u0161enje za vidljive rezultate.<br><strong>Podru\u010dje: stra\u017enjica i bedra<\/strong>","_v2024__listing_and_sharing_info__image":1000008660,"_v2024__product_hero__hero_type":"carousel","_v2024__product_hero__product_slider_gallery":[{"_v2024__product_hero__product_slider_gallery__image":1000008437,"_v2024__product_hero__product_slider_gallery__video_link":""},{"_v2024__product_hero__product_slider_gallery__image":1000008481,"_v2024__product_hero__product_slider_gallery__video_link":""},{"_v2024__product_hero__product_slider_gallery__image":1000008482,"_v2024__product_hero__product_slider_gallery__video_link":""},{"_v2024__product_hero__product_slider_gallery__image":1000008483,"_v2024__product_hero__product_slider_gallery__video_link":""},{"_v2024__product_hero__product_slider_gallery__image":1000008484,"_v2024__product_hero__product_slider_gallery__video_link":""},{"_v2024__product_hero__product_slider_gallery__image":1000008485,"_v2024__product_hero__product_slider_gallery__video_link":""},{"_v2024__product_hero__product_slider_gallery__image":1000008486,"_v2024__product_hero__product_slider_gallery__video_link":""},{"_v2024__product_hero__product_slider_gallery__image":1000008438,"_v2024__product_hero__product_slider_gallery__video_link":""}],"_v2024__before_and_after_image":"","_v2024__before_and_after_image_mobile":"","_v2024__product_hero__quantity":"100 ML","_v2024__product_hero__product_disclamer":"","_v2024__why_use__should_show":"visible","_v2024__why_use__description_text":"Znanstveno potkrijepljeno rje\u0161enje protiv celulita za vidljive rezultate u samo mjesec dana. 10+ prirodnih klju\u010dnih sastojaka u visokoj koncentraciji s ciljanih djelovanjem na podru\u010dju stra\u017enjice i bedara.","_v2024__why_use__text_content":"<ul>\r\n \t<li><strong>Transformiraju\u0107i u\u010dinak<\/strong>: vidljivo smanjuje celulit, pove\u0107ava proizvodnju kolagena, zagla\u0111uje i oblikuje.<\/li>\r\n \t<li><strong>Dopunsko djelovanje<\/strong>: sagorijeva masti, poti\u010de drena\u017eu, hidratizira, puni antioksidansima i daje blistav zavr\u0161etak.<\/li>\r\n \t<li><strong>Aroma<\/strong>: sladoled od borovnice<\/li>\r\n \t<li><strong>Podru\u010dje<\/strong>: stra\u017enjica i bedra<\/li>\r\n<\/ul>","_v2024__why_use__product_notes_and_remarks":"","_v2024__why_use__background_color":"#FBF1EB","_v2024__why_use__heading_color":"#816c65","_v2024__why_use__text_color":"#816c65","_v2024__why_use__image_desktop":1000008631,"_v2024__why_use__image_mobile":1000008632,"_v2024__stats_show":false,"_v2024__stats_repeater":null,"_v2024__stats_repeater_disclaimer":null,"_v2024__benefits__icons_repeater":[{"_v2024__benefit__icons_repeater_icon":1000008679,"_v2024__benefit__icons_repeater_text":"SMANJUJE CELULIT"},{"_v2024__benefit__icons_repeater_icon":1000008675,"_v2024__benefit__icons_repeater_text":"SAGORIJEVA MASTI"},{"_v2024__benefit__icons_repeater_icon":1000008676,"_v2024__benefit__icons_repeater_text":"ZAGLA\u0110UJE"},{"_v2024__benefit__icons_repeater_icon":1000008664,"_v2024__benefit__icons_repeater_text":"MIRI\u0160E NA SLADOLED OD BOROVNICE"}],"_v2024__image_ingreddients__intro_text":"Inovativna formula od 10 prirodnih sastojaka koji djeluju u sinergiji: visoka koncentracija aktivnih sastojaka s klini\u010dki dokazanim anticelulitnim u\u010dinkom, humektantima i biljnim ekstraktima.","_v2024__image_ingreddients__additional_description":"","_v2024__image_ingreddients__disclamer_inner":"","_v2024__image_ingredients__repeater":[{"_v2024__image_ingredients__ingredient_image":1000008637,"_v2024__image_ingredients__ingredient_title":"ACTIPORINE 8G\u2122","_v2024__image_ingredients__ingredient_description":"Inovacija protiv celulita u maksimalnoj koncentraciji. Vidljivo smanjuje celulit napadaju\u0107i ga u dubini. Djeluje kao sna\u017ean kolagenski booster, zate\u017ee problemati\u010dna podru\u010dja i zagla\u0111uje povr\u0161inu ko\u017ee."},{"_v2024__image_ingredients__ingredient_image":1000008649,"_v2024__image_ingredients__ingredient_title":"PINK PEPPERSLIM\u2122","_v2024__image_ingredients__ingredient_description":"Umetnut u dvostrukoj dozi omogu\u0107uje aktivno sagorijevanje masti i mikrocirkulaciju. Ograni\u010dava skladi\u0161tenje masnih naslaga, drenira."},{"_v2024__image_ingredients__ingredient_image":1000008639,"_v2024__image_ingredients__ingredient_title":"BODYFERM\u2122","_v2024__image_ingredients__ingredient_description":"Dokazano smanjuje opseg bokova i bedara. Zate\u017ee problemati\u010dna podru\u010dja, poti\u010de mikrocirkulaciju i aktivira procese topljenja potko\u017enih masno\u0107a."},{"_v2024__image_ingredients__ingredient_image":1000002902,"_v2024__image_ingredients__ingredient_title":"AQUAXYL\u2122 + GLYCERIN","_v2024__image_ingredients__ingredient_description":"Kombinacija za mo\u0107nu hidrataciju. Sinteza ceramida i anti-age djelovanje. Ko\u017ea ostaje blistava, glatka i hidratizirana vi\u0161e od 24 sata."},{"_v2024__image_ingredients__ingredient_image":1000008647,"_v2024__image_ingredients__ingredient_title":"GUARANA","_v2024__image_ingredients__ingredient_description":"Ekstrakt bogat kofeinom koji poti\u010de razgradnju masno\u0107a i pobolj\u0161ava mikrocirkulaciju. Smanjuje zadr\u017eavanje teku\u0107ine."},{"_v2024__image_ingredients__ingredient_image":1000008650,"_v2024__image_ingredients__ingredient_title":"KAKTUS BODLJIKAVA KRU\u0160KA","_v2024__image_ingredients__ingredient_description":"Ovaj ekstrakt smanjuje vidljivost celulita pobolj\u0161avaju\u0107i teksturu i elasti\u010dnost ko\u017ee. Hidratizira, detoksificira i poti\u010de regeneraciju."},{"_v2024__image_ingredients__ingredient_image":1000008646,"_v2024__image_ingredients__ingredient_title":"ZELENI ORAH","_v2024__image_ingredients__ingredient_description":"Ekstrakt s mo\u0107nim antioksidativnim i detoksikacijskim svojstvima. Djeluje na metabolizam masti, pobolj\u0161ava elasti\u010dnost i oblikuje siluetu."},{"_v2024__image_ingredients__ingredient_image":1000008644,"_v2024__image_ingredients__ingredient_title":"ZMAJEVO VO\u0106E","_v2024__image_ingredients__ingredient_description":"Ovaj ekstrakt pobolj\u0161ava elasti\u010dnost, sjaj i obnavlja strukturu ko\u017ee."},{"_v2024__image_ingredients__ingredient_image":1000006709,"_v2024__image_ingredients__ingredient_title":"BOROVNICA","_v2024__image_ingredients__ingredient_description":"Ovaj ekstrakt \u0161titi od slobodnih radikala, poti\u010de detoksikaciju i pobolj\u0161ava mikrocirkulaciju. Zate\u017ee, zagla\u0111uje i tonira."},{"_v2024__image_ingredients__ingredient_image":1000004197,"_v2024__image_ingredients__ingredient_title":"KOKOS","_v2024__image_ingredients__ingredient_description":"Ekstrakt koji duboko hidratizira, hrani i omek\u0161ava. Podr\u017eava ko\u017enu barijeru, pobolj\u0161ava elasti\u010dnost i daje glatki i \u010dvrsti izgled."}],"_v2024__image_ingredients__all_ingredients":"AQUA*, GLYCERIN*, POLYSORBATE 20, JANIA RUBENS EXTRACT*, SCHINUS TEREBINTHIFOLIA SEED EXTRACT*, PUNICA GRANATUM PERICARP EXTRACT*, CORYLUS AVELLANA SEED EXTRACT*, SACCHAROMYCES FERMENT LYSATE FILTRATE*, HYDROLYZED WALNUT EXTRACT*, XYLITYLGLUCOSIDE*, ANHYDROXYLITOL*, XYLITOL*, VACCINIUM MYRTILLUS FRUIT EXTRACT*, COFFEA ARABICA SEED EXTRACT*, OPUNTIA FICUS-INDICA FLOWER EXTRACT*, HYLOCEREUS UNDATUS FRUIT EXTRACT*, COCOS NUCIFERA FRUIT EXTRACT*, CAPSICUM FRUTESCENS FRUIT EXTRACT*, PAULLINIA CUPANA SEED EXTRACT*, CITRIC ACID*, ACACIA SENEGAL GUM*, XANTHAN GUM*, LACTIC ACID*, SODIUM LEVULINATE*, AROMA, SODIUM PHYTATE*, SODIUM BENZOATE, POTASSIUM SORBATE, LINALOOL, LINALYL ACETATE, VANILLIN, CITRONELLOL\r\n\r\n<em>* Sastojci prirodnog podrijetla<\/em>\r\n\r\n<em>Molimo, obratite pa\u017enju da se popis sastojaka mo\u017ee malo razlikovati tijekom vremena zbog pobolj\u0161anja proizvoda. Pogledajte pakiranje proizvoda za najnovije informacije.<\/em>","_v2024__usage_content__left_content":"<strong>GDJE<\/strong>: stra\u017enjica i bedra\r\n\r\n<strong>KADA<\/strong>: ujutro i nave\u010der\r\n\r\n<strong>KAKO<\/strong>: nanesite na \u010distu i suhu ko\u017eu masa\u017enim pokretima dok se potpuno upije\r\n\r\n<strong>ZA NAJBOLJE REZULTATE<\/strong>: nanesite prije omiljenog suhog ulja SKIN Anti-cellulite i kombinirajte s GUA SHA masa\u017eerom","_v2024__usage_content__right_bottom_content":"","_v2024__usage_content__note":"<strong>PAZITE<\/strong>\r\n\r\nDr\u017eati na prohladnom, tamnom i suhom mjestu. Samo za vanjsku uporabu. Obustaviti primjenu ukoliko do\u0111e do iritacije. Ne koristiti na o\u0161te\u0107enoj ili ozlije\u0111enoj ko\u017ei.","_v2024__usage_content__storage":""},"_links":{"self":[{"href":"https:\/\/cocosolis.com\/hr\/wp-json\/wp\/v2\/product\/1000028580","targetHints":{"allow":["GET"]}}],"collection":[{"href":"https:\/\/cocosolis.com\/hr\/wp-json\/wp\/v2\/product"}],"about":[{"href":"https:\/\/cocosolis.com\/hr\/wp-json\/wp\/v2\/types\/product"}],"wp:featuredmedia":[{"embeddable":true,"href":"https:\/\/cocosolis.com\/hr\/wp-json\/"}],"wp:attachment":[{"href":"https:\/\/cocosolis.com\/hr\/wp-json\/wp\/v2\/media?parent=1000028580"}],"wp:term":[{"taxonomy":"product_brand","embeddable":true,"href":"https:\/\/cocosolis.com\/hr\/wp-json\/wp\/v2\/product_brand?post=1000028580"},{"taxonomy":"product_cat","embeddable":true,"href":"https:\/\/cocosolis.com\/hr\/wp-json\/wp\/v2\/product_cat?post=1000028580"},{"taxonomy":"product_tag","embeddable":true,"href":"https:\/\/cocosolis.com\/hr\/wp-json\/wp\/v2\/product_tag?post=1000028580"},{"taxonomy":"product_template","embeddable":true,"href":"https:\/\/cocosolis.com\/hr\/wp-json\/wp\/v2\/product_template?post=1000028580"}],"curies":[{"name":"wp","href":"https:\/\/api.w.org\/{rel}","templated":true}]}}