{"id":1000028579,"date":"2025-07-07T15:10:55","date_gmt":"2025-07-07T13:10:55","guid":{"rendered":"https:\/\/cocosolis.com\/hr\/product\/hot-fat-burning-serum\/"},"modified":"2026-04-14T06:52:00","modified_gmt":"2026-04-14T04:52:00","slug":"hot-fat-burning-serum","status":"publish","type":"product","link":"https:\/\/cocosolis.com\/hr\/product\/hot-fat-burning-serum\/","title":{"rendered":"HOT+ Fat-burning Serum"},"content":{"rendered":"","protected":false},"excerpt":{"rendered":"","protected":false},"featured_media":1000008635,"template":"","meta":{"_acf_changed":false},"product_brand":[],"product_cat":[19],"product_tag":[],"product_template":[66],"class_list":{"0":"post-1000028579","1":"product","2":"type-product","3":"status-publish","4":"has-post-thumbnail","6":"product_cat-skin","7":"product_template-v-2024-clean","9":"first","10":"instock","11":"shipping-taxable","12":"purchasable","13":"product-type-simple"},"acf":{"_v2024__listing_and_sharing_info__listing_category":"HOT+","_v2024__listing_and_sharing_info__product_type":"Fat-burning Serum","_v2024__listing__and_sharing_info__listing_below_title_in_product_page":"Termo serum za mr\u0161avljenje. Formula s klini\u010dki dokazanim sastojcima za sagorijevanje masti, u\u010dvr\u0161\u0107ivanje i zagla\u0111ivanje.<br><strong>Podru\u010dje: stra\u017enjica i bedra<br>U\u010dinak zagrijavanja<\/strong>","_v2024__listing_and_sharing_info__listing_description":"Termo serum za mr\u0161avljenje. Formula s klini\u010dki dokazanim sastojcima za sagorijevanje masti.<br><strong>Podru\u010dje: stra\u017enjica i bedra<\/strong>","_v2024__listing_and_sharing_info__image":1000008636,"_v2024__product_hero__hero_type":"carousel","_v2024__product_hero__product_slider_gallery":[{"_v2024__product_hero__product_slider_gallery__image":1000008241,"_v2024__product_hero__product_slider_gallery__video_link":""},{"_v2024__product_hero__product_slider_gallery__image":1000008291,"_v2024__product_hero__product_slider_gallery__video_link":""},{"_v2024__product_hero__product_slider_gallery__image":1000008292,"_v2024__product_hero__product_slider_gallery__video_link":""},{"_v2024__product_hero__product_slider_gallery__image":1000008293,"_v2024__product_hero__product_slider_gallery__video_link":""},{"_v2024__product_hero__product_slider_gallery__image":1000008294,"_v2024__product_hero__product_slider_gallery__video_link":""},{"_v2024__product_hero__product_slider_gallery__image":1000008295,"_v2024__product_hero__product_slider_gallery__video_link":""},{"_v2024__product_hero__product_slider_gallery__image":1000008296,"_v2024__product_hero__product_slider_gallery__video_link":""},{"_v2024__product_hero__product_slider_gallery__image":1000008242,"_v2024__product_hero__product_slider_gallery__video_link":""}],"_v2024__before_and_after_image":"","_v2024__before_and_after_image_mobile":"","_v2024__product_hero__quantity":"100 ML","_v2024__product_hero__product_disclamer":"","_v2024__why_use__should_show":"visible","_v2024__why_use__description_text":"Intenzivni serum s zagrijavaju\u0107im u\u010dinkom za sagorijevanje masti i oblikovanje. 11 mo\u0107nih sastojaka u visokoj koncentraciji remodeliraju stra\u017enjicu i bedra ve\u0107 za mjesec dana.","_v2024__why_use__text_content":"<ul>\r\n \t<li><strong>Transformiraju\u0107i u\u010dinak<\/strong>: sagorijeva masti i smanjuje opseg<\/li>\r\n \t<li><strong>Dopunsko djelovanje<\/strong>: ograni\u010dava naknadno nakupljanje masno\u0107a, smanjuje celulit, zate\u017ee i oblikuje<\/li>\r\n \t<li><strong>Aroma<\/strong>: crvena mandarina<\/li>\r\n \t<li><strong>Podru\u010dje<\/strong>: stra\u017enjica i bedra<\/li>\r\n<\/ul>","_v2024__why_use__product_notes_and_remarks":"","_v2024__why_use__background_color":"#FBF1EB","_v2024__why_use__heading_color":"#816c65","_v2024__why_use__text_color":"#816c65","_v2024__why_use__image_desktop":1000008627,"_v2024__why_use__image_mobile":1000008628,"_v2024__stats_show":false,"_v2024__stats_repeater":null,"_v2024__stats_repeater_disclaimer":null,"_v2024__benefits__icons_repeater":[{"_v2024__benefit__icons_repeater_icon":1000008665,"_v2024__benefit__icons_repeater_text":"SAGORIJEVA MASTI"},{"_v2024__benefit__icons_repeater_icon":1000008667,"_v2024__benefit__icons_repeater_text":"SMANJUJE OPSEG"},{"_v2024__benefit__icons_repeater_icon":1000008673,"_v2024__benefit__icons_repeater_text":"ZATE\u017dE"},{"_v2024__benefit__icons_repeater_icon":1000008672,"_v2024__benefit__icons_repeater_text":"MIRI\u0160E NA CRVENU MANDARINU"}],"_v2024__image_ingreddients__intro_text":"Mo\u0107na prirodna formula s najnovijim znanstvenim inovacijama za sagorijevanje masno\u0107e putem termogeneze, ograni\u010davanje njenog ponovnog nakupljanja i smanjenje celulita. Aktivni sastojci, biljni ekstrakti i hidratantni sastojci za sinergijsko djelovanje i blistav zavr\u0161etak.","_v2024__image_ingreddients__additional_description":"","_v2024__image_ingreddients__disclamer_inner":"","_v2024__image_ingredients__repeater":[{"_v2024__image_ingredients__ingredient_image":1000008649,"_v2024__image_ingredients__ingredient_title":"PINK PEPPERSLIM\u2122","_v2024__image_ingredients__ingredient_description":"Umetnut u dvostrukoj dozi omogu\u0107uje aktivno sagorijevanje masti i mikrocirkulaciju. Ograni\u010dava skladi\u0161tenje masnih naslaga, drenira."},{"_v2024__image_ingredients__ingredient_image":1000008642,"_v2024__image_ingredients__ingredient_title":"CONCENTRE CORALLINE\u2122","_v2024__image_ingredients__ingredient_description":"Posebno razvijen za u\u010dinkovito sagorijevanje masti na podru\u010dju stra\u017enjice i bedara. Tijekom no\u0107i smanjuje 'apetit' masnih stanica, a tijekom dana sagorijeva masti. Pove\u0107ava sintezu kolagena u ko\u017ei za \u010dvr\u0161\u0107i izgled i oblikovane obline."},{"_v2024__image_ingredients__ingredient_image":1000008637,"_v2024__image_ingredients__ingredient_title":"ACTIPORINE 8G\u2122","_v2024__image_ingredients__ingredient_description":"Inovacija protiv celulita u maksimalnoj koncentraciji. Vidljivo smanjuje celulit napadaju\u0107i ga u dubini. Djeluje kao sna\u017ean kolagenski booster, zate\u017ee problemati\u010dna podru\u010dja i zagla\u0111uje povr\u0161inu ko\u017ee."},{"_v2024__image_ingredients__ingredient_image":1000002902,"_v2024__image_ingredients__ingredient_title":"AQUAXYL\u2122 + GLYCERIN","_v2024__image_ingredients__ingredient_description":"Kombinacija za mo\u0107nu hidrataciju. Sinteza ceramida i anti-age djelovanje. Ko\u017ea ostaje blistava, glatka i hidratizirana vi\u0161e od 24 sata."},{"_v2024__image_ingredients__ingredient_image":1000006713,"_v2024__image_ingredients__ingredient_title":"KOFEIN","_v2024__image_ingredients__ingredient_description":"Poti\u010de razgradnju masno\u0107a, pobolj\u0161ava mikrocirkulaciju i drenira vi\u0161ak teku\u0107ine. Rezultat: manje nate\u010denosti i vidljivog celulita, gla\u0111a ko\u017ea."},{"_v2024__image_ingredients__ingredient_image":1000008647,"_v2024__image_ingredients__ingredient_title":"GUARANA","_v2024__image_ingredients__ingredient_description":"Ekstrakt bogat kofeinom koji poti\u010de razgradnju masno\u0107a i pobolj\u0161ava mikrocirkulaciju. Smanjuje zadr\u017eavanje teku\u0107ine."},{"_v2024__image_ingredients__ingredient_image":1000008641,"_v2024__image_ingredients__ingredient_title":"KAJENSKI PAPAR","_v2024__image_ingredients__ingredient_description":"Ovaj ekstrakt sadr\u017ei kapsaicin koji poti\u010de termogenezu (proces u kojem tijelo sagorijeva vi\u0161e kalorija stvaranjem topline). Pobolj\u0161ava cirkulaciju, ubrzava metabolizam i poti\u010de topljenje masnih naslaga."},{"_v2024__image_ingredients__ingredient_image":1000008645,"_v2024__image_ingredients__ingredient_title":"ZELENA KAVA","_v2024__image_ingredients__ingredient_description":"Ekstrakt koji poti\u010de termogenezu, ubrzava metabolizam ko\u017ee i poti\u010de razgradnju masti. Sadr\u017ei klorogensku kiselinu koja pobolj\u0161ava mikrocirkulaciju i smanjuje vidljivost celulita."},{"_v2024__image_ingredients__ingredient_image":1000008678,"_v2024__image_ingredients__ingredient_title":"CRVENA MANDARINA","_v2024__image_ingredients__ingredient_description":"Ekstrakt koji poti\u010de limfnu cirkulaciju, podr\u017eava razgradnju masti i pobolj\u0161ava tonus ko\u017ee. Ima anticelulitni u\u010dinak."},{"_v2024__image_ingredients__ingredient_image":1000006712,"_v2024__image_ingredients__ingredient_title":"KOKOS","_v2024__image_ingredients__ingredient_description":"Ekstrakt koji duboko hidratizira, hrani i omek\u0161ava. Podr\u017eava ko\u017enu barijeru, pobolj\u0161ava elasti\u010dnost i daje glatki i \u010dvrsti izgled."},{"_v2024__image_ingredients__ingredient_image":1000008640,"_v2024__image_ingredients__ingredient_title":"BOOSTER AKTIVNIH SASTOJAKA","_v2024__image_ingredients__ingredient_description":"Nje\u017ean prema ko\u017ei, pobolj\u0161ava prodiranje aktivnih sastojaka, osigurava dubinsku hidrataciju i podr\u017eava njihovo djelovanje."}],"_v2024__image_ingredients__all_ingredients":"AQUA, GLYCERIN*, PROPANEDIOL*, CAFFEINE, POLYSORBATE 20, CORALLINA OFFICINALIS EXTRACT*, SCHINUS TEREBINTHIFOLIA SEED EXTRACT*, JANIA RUBENS EXTRACT*, VACCINIUM MYRTILLUS FRUIT EXTRACT*, COFFEA ARABICA SEED EXTRACT*, OPUNTIA FICUS-INDICA FLOWER EXTRACT*, HYLOCEREUS UNDATUS FRUIT EXTRACT*, COCOS NUCIFERA FRUIT EXTRACT*, CAPSICUM FRUTESCENS FRUIT EXTRACT*, PAULLINIA CUPANA SEED EXTRACT*, XYLITYLGLUCOSIDE*, ANHYDROXYLITOL*, XYLITOL*, CITRUS NOBILIS PEEL OIL*, ACACIA SENEGAL GUM*, XANTHAN GUM*, LACTIC ACID*, CITRIC ACID*, SODIUM PHYTATE*, SODIUM LEVULINATE*, VANILLYL BUTYL ETHER, SODIUM BENZOATE, POTASSIUM SORBATE, LIMONENE, PINENE, TERPINOLENE, LINALOOL\r\n\r\n<em>*Sastojci prirodnog podrijetla<\/em>\r\n\r\n<em>Molimo, obratite pa\u017enju da se popis sastojaka mo\u017ee malo razlikovati tijekom vremena zbog pobolj\u0161anja proizvoda. Pogledajte pakiranje proizvoda za najnovije informacije.<\/em>","_v2024__usage_content__left_content":"<strong>GDJE<\/strong>: stra\u017enjica i bedra\r\n\r\n<strong>KADA<\/strong>: ujutro i nave\u010der\r\n\r\n<strong>KAKO<\/strong>: nanesite na \u010distu i suhu ko\u017eu masa\u017enim pokretima dok se potpuno ne upije\r\n\r\n<strong>NE ZABORAVITE<\/strong>: operite ruke nakon upotrebe\r\n\r\n<strong>POJA\u010cAJTE U\u010cINAK<\/strong>:\r\n<ul>\r\n \t<li>nakon HOT+ nanesite suho ulje SKIN Anti-cellulite uz masa\u017eer BODY GUA SHA<\/li>\r\n \t<li>za jo\u0161 bolje rezultate kombinirajte HOT+ s drugim serumom iz linije, prema podru\u010dju tijela i cilju<\/li>\r\n<\/ul>","_v2024__usage_content__right_bottom_content":"","_v2024__usage_content__note":"<strong>UPOZORENJA<\/strong>\r\n\r\nProizvod ima zagrijavaju\u0107i u\u010dinak \u0161to je uobi\u010dajeni dio njegovog djelovanja. Osje\u0107aj zagrijavanja mo\u017ee se mijenjati ovisno o osjetljivosti ko\u017ee i mo\u017ee se mijenjati tijekom primjene. Ne koristiti na ozlije\u0111enoj, iritiranoj ili osjetljivoj ko\u017ei. Izbjegavajte kontakt s o\u010dima i sluznicama. Prije uporabe probajte na ograni\u010denom mjestu i obustavite primjenu ukoliko do\u0111e do iritacije. Nije primjeren za uporabu tijekom trudno\u0107e i dojenja. Dr\u017eati na mjestu van dohvata djece. Samo za vanjsku uporabu. Dr\u017eati na prohladnom, tamnom i suhom mjestu.","_v2024__usage_content__storage":""},"_links":{"self":[{"href":"https:\/\/cocosolis.com\/hr\/wp-json\/wp\/v2\/product\/1000028579","targetHints":{"allow":["GET"]}}],"collection":[{"href":"https:\/\/cocosolis.com\/hr\/wp-json\/wp\/v2\/product"}],"about":[{"href":"https:\/\/cocosolis.com\/hr\/wp-json\/wp\/v2\/types\/product"}],"wp:featuredmedia":[{"embeddable":true,"href":"https:\/\/cocosolis.com\/hr\/wp-json\/"}],"wp:attachment":[{"href":"https:\/\/cocosolis.com\/hr\/wp-json\/wp\/v2\/media?parent=1000028579"}],"wp:term":[{"taxonomy":"product_brand","embeddable":true,"href":"https:\/\/cocosolis.com\/hr\/wp-json\/wp\/v2\/product_brand?post=1000028579"},{"taxonomy":"product_cat","embeddable":true,"href":"https:\/\/cocosolis.com\/hr\/wp-json\/wp\/v2\/product_cat?post=1000028579"},{"taxonomy":"product_tag","embeddable":true,"href":"https:\/\/cocosolis.com\/hr\/wp-json\/wp\/v2\/product_tag?post=1000028579"},{"taxonomy":"product_template","embeddable":true,"href":"https:\/\/cocosolis.com\/hr\/wp-json\/wp\/v2\/product_template?post=1000028579"}],"curies":[{"name":"wp","href":"https:\/\/api.w.org\/{rel}","templated":true}]}}