{"id":1000028276,"date":"2025-07-02T05:20:32","date_gmt":"2025-07-02T03:20:32","guid":{"rendered":"https:\/\/cocosolis.com\/hr\/product\/body-gua-sha-anti-cellulite-sculpting-massager\/"},"modified":"2026-04-06T15:23:42","modified_gmt":"2026-04-06T13:23:42","slug":"body-gua-sha-anti-cellulite-sculpting-massager","status":"publish","type":"product","link":"https:\/\/cocosolis.com\/hr\/product\/body-gua-sha-anti-cellulite-sculpting-massager\/","title":{"rendered":"BODY GUA SHA Anti-cellulite &amp; Sculpting Massager"},"content":{"rendered":"","protected":false},"excerpt":{"rendered":"<p>Drveni masa\u017eer za tijelo. Zagla\u0111uje celulit i oblikuje siluetu.<\/p>\n","protected":false},"featured_media":1000008683,"template":"","meta":{"_acf_changed":false},"product_brand":[],"product_cat":[19],"product_tag":[],"product_template":[66],"class_list":{"0":"post-1000028276","1":"product","2":"type-product","3":"status-publish","4":"has-post-thumbnail","6":"product_cat-skin","7":"product_template-v-2024-clean","9":"first","10":"instock","11":"shipping-taxable","12":"purchasable","13":"product-type-simple"},"acf":{"_v2024__listing_and_sharing_info__listing_category":"BODY GUA SHA","_v2024__listing_and_sharing_info__product_type":"Anti-cellulite &amp; Sculpting Massager","_v2024__listing__and_sharing_info__listing_below_title_in_product_page":"Drveni masa\u017eer za tijelo. Zagla\u0111uje celulit i oblikuje siluetu. Stimulira cirkulaciju i limfnu drena\u017eu.","_v2024__listing_and_sharing_info__listing_description":"Drveni masa\u017eer za tijelo. Zagla\u0111uje celulit i oblikuje siluetu.","_v2024__listing_and_sharing_info__image":1000008683,"_v2024__product_hero__hero_type":"carousel","_v2024__product_hero__product_slider_gallery":[{"_v2024__product_hero__product_slider_gallery__image":1000008055,"_v2024__product_hero__product_slider_gallery__video_link":""},{"_v2024__product_hero__product_slider_gallery__image":1000008136,"_v2024__product_hero__product_slider_gallery__video_link":""},{"_v2024__product_hero__product_slider_gallery__image":1000008056,"_v2024__product_hero__product_slider_gallery__video_link":""},{"_v2024__product_hero__product_slider_gallery__image":1000008137,"_v2024__product_hero__product_slider_gallery__video_link":""},{"_v2024__product_hero__product_slider_gallery__image":1000008138,"_v2024__product_hero__product_slider_gallery__video_link":""},{"_v2024__product_hero__product_slider_gallery__image":1000008139,"_v2024__product_hero__product_slider_gallery__video_link":""}],"_v2024__before_and_after_image":"","_v2024__before_and_after_image_mobile":"","_v2024__product_hero__quantity":"","_v2024__product_hero__product_disclamer":"","_v2024__why_use__should_show":"visible","_v2024__why_use__description_text":"","_v2024__why_use__text_content":"<ul>\r\n \t<li>Vidljivo smanjuje celulit razgradnjom fibroznih naslaga<\/li>\r\n \t<li>Ciljano djeluje na tvrdokorne masne naslage na bedrima, trbuhu i stra\u017enjici<\/li>\r\n \t<li>Oblikuje siluetu i pobolj\u0161ava elasti\u010dnost ko\u017ee<\/li>\r\n \t<li>Stimulira cirkulaciju krvi, limfnu drena\u017eu i izlu\u010divanje toksina<\/li>\r\n \t<li>Pru\u017ea maksimalan anticelulitni i lipoliti\u010dki u\u010dinak u kombinaciji s na\u0161im najprodavanijim uljem za tijelo SKIN Anti-cellulite<\/li>\r\n \t<li>Lagan, ergonomski dizajniran, izra\u0111en od visokokvalitetnog bukovog drva s visokom izdr\u017eljivo\u0161\u0107u<\/li>\r\n<\/ul>","_v2024__why_use__product_notes_and_remarks":"","_v2024__why_use__background_color":"#FBF1EB","_v2024__why_use__heading_color":"#816c65","_v2024__why_use__text_color":"#816c65","_v2024__why_use__image_desktop":1000008061,"_v2024__why_use__image_mobile":1000008062,"_v2024__stats_show":false,"_v2024__stats_repeater":null,"_v2024__stats_repeater_disclaimer":null,"_v2024__benefits__icons_repeater":null,"_v2024__image_ingreddients__intro_text":"","_v2024__image_ingreddients__additional_description":"","_v2024__image_ingreddients__disclamer_inner":"","_v2024__image_ingredients__repeater":null,"_v2024__image_ingredients__all_ingredients":"","_v2024__usage_content__left_content":"<strong>GDJE<\/strong>: bedra, stra\u017enjica, trbuh, ruke i lice\r\n\r\n<strong>KOLIKO \u010cESTO<\/strong>: svakodnevno ili minimalno 4 puta tjedno\r\n<p class=\"product_guaSha_advice\"><strong>SAVJET: uvijek koristite s uljem za tijelo \u2013 za maksimalan u\u010dinak preporu\u010dujemo <a href=\"https:\/\/cocosolis.com\/hr\/product\/skin-anti-cellulite-dry-oil\/\" target=\"_blank\" rel=\"noopener\">SKIN Anti-cellulite<\/a><\/strong><\/p>\r\n\r\n<ol>\r\n \t<li>Nanesite obilnu koli\u010dinu ulja za tijelo iz linije SKIN na \u010distu, suhu ko\u017eu.<\/li>\r\n \t<li>Masirajte svaku zonu 5\u201310 minuta glatkim pokretima u smjeru limfne drena\u017ee \u2013 od periferije tijela prema centru.<\/li>\r\n \t<li>O\u010distite mekom, suhom ili lagano vla\u017enom krpom. Preporu\u010duje se da se ne ispire vodom.<\/li>\r\n \t<li>\u010cuvajte na suhom mjestu (preporu\u010duje se izvan kupaonice) i dalje od izvora topline.<\/li>\r\n<\/ol>\r\n<h4 class=\"ingredientsAndUsage_usage_grid_left_title\">MATERIJAL<\/h4>\r\n100 % drvo bukve\r\n\r\n<em>\"Za vi\u0161ekratnu upotrebu. Koristite s odgovaraju\u0107im uljem za tijelo. Ne koristite na nadra\u017eenoj, o\u0161te\u0107enoj ili upaljenoj ko\u017ei. Prekinite upotrebu ako do\u0111e do iritacije ili nelagode. Nije igra\u010dka. \u010cuvajte na suhom mjestu, dalje od vlage i topline, izvan dohvata djece. Nakon upotrebe o\u010distite mekanom, suhom ili lagano vla\u017enom krpom. Ne ispirite vodom.\r\nSastav: 100% drvo bukve\"<\/em>\r\n\r\n&nbsp;","_v2024__usage_content__right_bottom_content":"","_v2024__usage_content__note":"","_v2024__usage_content__storage":""},"_links":{"self":[{"href":"https:\/\/cocosolis.com\/hr\/wp-json\/wp\/v2\/product\/1000028276","targetHints":{"allow":["GET"]}}],"collection":[{"href":"https:\/\/cocosolis.com\/hr\/wp-json\/wp\/v2\/product"}],"about":[{"href":"https:\/\/cocosolis.com\/hr\/wp-json\/wp\/v2\/types\/product"}],"wp:featuredmedia":[{"embeddable":true,"href":"https:\/\/cocosolis.com\/hr\/wp-json\/"}],"wp:attachment":[{"href":"https:\/\/cocosolis.com\/hr\/wp-json\/wp\/v2\/media?parent=1000028276"}],"wp:term":[{"taxonomy":"product_brand","embeddable":true,"href":"https:\/\/cocosolis.com\/hr\/wp-json\/wp\/v2\/product_brand?post=1000028276"},{"taxonomy":"product_cat","embeddable":true,"href":"https:\/\/cocosolis.com\/hr\/wp-json\/wp\/v2\/product_cat?post=1000028276"},{"taxonomy":"product_tag","embeddable":true,"href":"https:\/\/cocosolis.com\/hr\/wp-json\/wp\/v2\/product_tag?post=1000028276"},{"taxonomy":"product_template","embeddable":true,"href":"https:\/\/cocosolis.com\/hr\/wp-json\/wp\/v2\/product_template?post=1000028276"}],"curies":[{"name":"wp","href":"https:\/\/api.w.org\/{rel}","templated":true}]}}