{"id":1000025854,"date":"2025-06-02T14:09:25","date_gmt":"2025-06-02T12:09:25","guid":{"rendered":"https:\/\/cocosolis.com\/hr\/product\/capri-after-sun-tan-extending-lotion\/"},"modified":"2026-04-06T15:23:45","modified_gmt":"2026-04-06T13:23:45","slug":"capri-after-sun-tan-extending-lotion","status":"publish","type":"product","link":"https:\/\/cocosolis.com\/hr\/product\/capri-after-sun-tan-extending-lotion\/","title":{"rendered":"CAPRI After Sun Tan-Extending Lotion"},"content":{"rendered":"","protected":false},"excerpt":{"rendered":"<p>Losion za produljenje preplanulosti nakon sun\u010danja s TOSOLIN\u2122-om. Obnavlja i hidratizira.<\/p>\n","protected":false},"featured_media":1000007980,"template":"","meta":{"_acf_changed":false},"product_brand":[],"product_cat":[15],"product_tag":[],"product_template":[66],"class_list":{"0":"post-1000025854","1":"product","2":"type-product","3":"status-publish","4":"has-post-thumbnail","6":"product_cat-suntan-body","7":"product_template-v-2024-clean","9":"first","10":"instock","11":"shipping-taxable","12":"purchasable","13":"product-type-simple"},"acf":{"_v2024__listing_and_sharing_info__listing_category":"CAPRI","_v2024__listing_and_sharing_info__product_type":"After Sun Tan-Extending Lotion","_v2024__listing__and_sharing_info__listing_below_title_in_product_page":"Losion za produljenje preplanulosti nakon sun\u010danja s TOSOLIN\u2122-om. Osvje\u017eava, umiruje i hidratizira ko\u017eu. Odr\u017eava preplanulost do 3 mjeseca uz svakodnevnu uporabu.","_v2024__listing_and_sharing_info__listing_description":"Losion za produljenje preplanulosti nakon sun\u010danja s TOSOLIN\u2122-om. Obnavlja i hidratizira.","_v2024__listing_and_sharing_info__image":1000007981,"_v2024__product_hero__hero_type":"carousel","_v2024__product_hero__product_slider_gallery":[{"_v2024__product_hero__product_slider_gallery__image":1000007893,"_v2024__product_hero__product_slider_gallery__video_link":""},{"_v2024__product_hero__product_slider_gallery__image":1000007950,"_v2024__product_hero__product_slider_gallery__video_link":""},{"_v2024__product_hero__product_slider_gallery__image":1000007951,"_v2024__product_hero__product_slider_gallery__video_link":""},{"_v2024__product_hero__product_slider_gallery__image":1000007952,"_v2024__product_hero__product_slider_gallery__video_link":""},{"_v2024__product_hero__product_slider_gallery__image":1000007953,"_v2024__product_hero__product_slider_gallery__video_link":""},{"_v2024__product_hero__product_slider_gallery__image":1000007954,"_v2024__product_hero__product_slider_gallery__video_link":""},{"_v2024__product_hero__product_slider_gallery__image":1000007955,"_v2024__product_hero__product_slider_gallery__video_link":""},{"_v2024__product_hero__product_slider_gallery__image":1000007956,"_v2024__product_hero__product_slider_gallery__video_link":""}],"_v2024__before_and_after_image":1000007863,"_v2024__before_and_after_image_mobile":1000007864,"_v2024__product_hero__quantity":"100 ML","_v2024__product_hero__product_disclamer":"","_v2024__why_use__should_show":"visible","_v2024__why_use__description_text":"Osigurajte kvalitetnu njegu ko\u017ee nakon izlaganja suncu i zadr\u017eite blistav ten dugo nakon zavr\u0161etka odmora. Trebate samo ovaj losion s prirodnim aktivnim sastojcima, organskim uljima, vitaminima i mirisom ljetnog bijega u Italiji.","_v2024__why_use__text_content":"<ul>\r\n \t<li>Klini\u010dki dokazano zadr\u017eava ten do 3 mjeseca uz svakodnevnu upotrebu<\/li>\r\n \t<li>Trenuta\u010dno osvje\u017eava i smiruje ko\u017eu nakon izlaganja suncu<\/li>\r\n \t<li>Smanjuje crvenilo i osje\u0107aj zatezanja i 'vru\u0107e' ko\u017ee<\/li>\r\n \t<li>Duboko hidratizira, podr\u017eava regeneraciju i ja\u010da ko\u017enu barijeru<\/li>\r\n \t<li>Sa sredozemnim mirisom Dolce Capri od svje\u017ee kru\u0161ke i jasmina<\/li>\r\n \t<li>Idealan za tijelo i lice<\/li>\r\n<\/ul>","_v2024__why_use__product_notes_and_remarks":"","_v2024__why_use__background_color":"#FBF1EB","_v2024__why_use__heading_color":"#816c65","_v2024__why_use__text_color":"#816c65","_v2024__why_use__image_desktop":1000007978,"_v2024__why_use__image_mobile":1000007979,"_v2024__stats_show":false,"_v2024__stats_repeater":null,"_v2024__stats_repeater_disclaimer":null,"_v2024__benefits__icons_repeater":[{"_v2024__benefit__icons_repeater_icon":1000007987,"_v2024__benefit__icons_repeater_text":"UMIRUJE"},{"_v2024__benefit__icons_repeater_icon":1000007985,"_v2024__benefit__icons_repeater_text":"HIDRIRA"},{"_v2024__benefit__icons_repeater_icon":1000007984,"_v2024__benefit__icons_repeater_text":"PRODU\u017dUJE PREPLANULOST"},{"_v2024__benefit__icons_repeater_icon":1000007986,"_v2024__benefit__icons_repeater_text":"AROMA DOLCE CAPRI OD KRU\u0160KE I JASMINA"}],"_v2024__image_ingreddients__intro_text":"U temelju jedinstvenih svojstava CAPRI-ja je prirodni aktivni sastojak TOSOLIN\u2122, koji osigurava kompleksnu njegu nakon sunca i produ\u017euje ten do 3 mjeseca. Koktel mo\u0107nih humektanata, vitamina i organskih ulja nadopunjuje i poja\u010dava njegovo djelovanje, te \u010duva ko\u017eu bron\u010danu i svjetlucavu.","_v2024__image_ingreddients__additional_description":"","_v2024__image_ingreddients__disclamer_inner":"","_v2024__image_ingredients__repeater":[{"_v2024__image_ingredients__ingredient_image":7983,"_v2024__image_ingredients__ingredient_title":"TOSOLIN\u2122","_v2024__image_ingredients__ingredient_description":"<p>Prirodni aktivni sastojak koji klini\u010dki dokazano produ\u017euje ten, poti\u010du\u0107i proizvodnju melanina i stabiliziraju\u0107i pigmentaciju. Smiruje ko\u017eu, smanjuje crvenilo i upalu. Osigurava sna\u017enu antioksidativnu za\u0161titu od UV o\u0161te\u0107enja. Ja\u010da ko\u017enu barijeru, podr\u017eava obnovu kolagena i dugotrajno hidratizira.<\/p>"},{"_v2024__image_ingredients__ingredient_image":7982,"_v2024__image_ingredients__ingredient_title":"BISABOLOL","_v2024__image_ingredients__ingredient_description":"<p>Ima sna\u017eno protuupalno djelovanje, smiruje crvenilo i iritaciju nakon sunca. Poma\u017ee u obnavljanju ko\u017ene barijere i \u0161titi od oksidativnog stresa. Poja\u010dava djelovanje drugih aktivnih sastojaka.<\/p>\n"},{"_v2024__image_ingredients__ingredient_image":2911,"_v2024__image_ingredients__ingredient_title":"HIJALURONSKA KISELINA","_v2024__image_ingredients__ingredient_description":"<p>Nakon izlaganja suncu osigurava duboku i dugotrajnu hidrataciju, zadr\u017eavaju\u0107i vlagu. Smiruje iritacije i podr\u017eava regeneraciju ko\u017ene barijere.<\/p>\n"},{"_v2024__image_ingredients__ingredient_image":7074,"_v2024__image_ingredients__ingredient_title":"PANTENOL","_v2024__image_ingredients__ingredient_description":"<p>Obnavlja vlagu i pobolj\u0161ava elasti\u010dnost ko\u017ee. Smiruje i podr\u017eava regeneraciju nakon izlaganja suncu.<\/p>\n"},{"_v2024__image_ingredients__ingredient_image":6730,"_v2024__image_ingredients__ingredient_title":"PRIRODNI VITAMIN E","_v2024__image_ingredients__ingredient_description":"<p>Sna\u017ean antioksidans koji \u0161titi ko\u017eu od UV o\u0161te\u0107enja, hidratizira i smiruje. Smanjuje upale i produ\u017euje zdrav izgled tena.<\/p>\n"},{"_v2024__image_ingredients__ingredient_image":2909,"_v2024__image_ingredients__ingredient_title":"GLICERIN","_v2024__image_ingredients__ingredient_description":"<p>Sna\u017ean humektant koji zadr\u017eava vlagu i odr\u017eava ko\u017eu mekanom i glatkom. Poma\u017ee u postizanju ujedna\u010denijeg i dugotrajnijeg tena.<\/p>\n"},{"_v2024__image_ingredients__ingredient_image":2906,"_v2024__image_ingredients__ingredient_title":"KOKOSOVO ULJE","_v2024__image_ingredients__ingredient_description":"<p>Hidratizira i hrani ko\u017eu nakon sunca. Sprje\u010dava lju\u0161tenje i suho\u0107u te poma\u017ee u postizanju dugotrajnijeg tena.<\/p>\n"},{"_v2024__image_ingredients__ingredient_image":3680,"_v2024__image_ingredients__ingredient_title":"ULJE LUBENICE","_v2024__image_ingredients__ingredient_description":"<p>Sadr\u017ei antioksidanse, vitamine A, C i esencijalne masne kiseline. Hidratizira u dubini, pomla\u0111uje i \u0161titi ko\u017eu.<\/p>\n"},{"_v2024__image_ingredients__ingredient_image":6717,"_v2024__image_ingredients__ingredient_title":"ULJE JOJOBE","_v2024__image_ingredients__ingredient_description":"<p>Balansira proizvodnju sebuma, smiruje ko\u017eu i odr\u017eava je glatkom i \u010distom, bez pri\u0161ti\u0107a.<\/p>\n"}],"_v2024__image_ingredients__all_ingredients":"AQUA*, CAPRYLYL CAPRYLATE\/CAPRATE*, POLYGLYCERYL-6 STEARATE*, CETEARYL ALCOHOL*, PENTYLENE GLYCOL*, 4-T-BUTYLCYCLOHEXANOL, COCOS NUCIFERA OIL*, GLYCERIN*, BISABOLOL*, SODIUMHYALURONATE*, MANNOSE*, GLUCOSE*, BETA-GLUCAN*, PANTHENOL, CITRULLUS LANATUS SEED OIL*, SIMMONDSIA CHINENSIS SEED OIL*, TOCOPHEROL*, HELIANTHUS ANNUUS SEED OIL*, CITRIC ACID*, XANTHAN GUM*, POLYGLYCERYL-6 BEHENATE*, ARACHIDYL ALCOHOL*, BEHENYL ALCOHOL*, ARACHIDYL GLUCOSIDE*, PARFUM, TETRASODIUM GLUTAMATE DIACETATE, PHENOXYETHANOL, BENZYL ALCOHOL, DEHYDROACETIC ACID, DIMETHYL PHENETHYL ACETATE, ROSE KETONES\r\n\r\n<em>* Ingredients from natural origin<\/em>\r\n\r\n<em>Molimo, obratite pa\u017enju da se popis sastojaka mo\u017ee malo razlikovati tijekom vremena zbog pobolj\u0161anja proizvoda. Pogledajte pakiranje proizvoda za najnovije informacije.<\/em>","_v2024__usage_content__left_content":"<strong>GDJE<\/strong>: lice i tijelo\r\n\r\n<strong>KADA<\/strong>:\r\n<ul>\r\n \t<li><strong>PRIJE SUN\u010cANJA<\/strong>: svaki dan prije izlaganja suncu kako biste pripremili ko\u017eu i smanjili mogu\u0107nost crvenila<\/li>\r\n \t<li><strong>NAKON SUN\u010cANJA<\/strong>: svaki dan nakon izlaganja suncu za umirivanje i hidrataciju ko\u017ee<\/li>\r\n \t<li><strong>NAKON ODMORA<\/strong>: svaki dan umjesto uobi\u010dajenog losiona za tijelo kako biste produ\u017eili preplanulost do 3 mjeseca<\/li>\r\n<\/ul>\r\n<strong>KAKO<\/strong>: nanesite obilno na \u010distu ko\u017eu laganim masa\u017enim pokretima\r\n<p class=\"freshIdea\"><strong>SVJE\u017dA IDEJA<\/strong>: \u010duvajte losion u hladnjaku za dodatni rashla\u0111uju\u0107i u\u010dinak nakon dana provedenog na pla\u017ei<\/p>","_v2024__usage_content__right_bottom_content":"","_v2024__usage_content__note":"<strong>MOLIMO, OBRATITE POZORNOST<\/strong>: <em>\u010cuvati na prohladnom, tamnom i suhom mjestu. Samo za vanjsku uporabu. Uporabu obustaviti ukoliko do\u0111e do iritacije. Ne koristiti na o\u0161te\u0107enoj ili ozlije\u0111enoj ko\u017ei. Zbog prirodnih sastojaka vremenom boja losiona mo\u017ee se mijenjati, ali to ne utje\u010de na njegovu kakvo\u0107u i djelovanje.<\/em>","_v2024__usage_content__storage":""},"_links":{"self":[{"href":"https:\/\/cocosolis.com\/hr\/wp-json\/wp\/v2\/product\/1000025854","targetHints":{"allow":["GET"]}}],"collection":[{"href":"https:\/\/cocosolis.com\/hr\/wp-json\/wp\/v2\/product"}],"about":[{"href":"https:\/\/cocosolis.com\/hr\/wp-json\/wp\/v2\/types\/product"}],"wp:featuredmedia":[{"embeddable":true,"href":"https:\/\/cocosolis.com\/hr\/wp-json\/"}],"wp:attachment":[{"href":"https:\/\/cocosolis.com\/hr\/wp-json\/wp\/v2\/media?parent=1000025854"}],"wp:term":[{"taxonomy":"product_brand","embeddable":true,"href":"https:\/\/cocosolis.com\/hr\/wp-json\/wp\/v2\/product_brand?post=1000025854"},{"taxonomy":"product_cat","embeddable":true,"href":"https:\/\/cocosolis.com\/hr\/wp-json\/wp\/v2\/product_cat?post=1000025854"},{"taxonomy":"product_tag","embeddable":true,"href":"https:\/\/cocosolis.com\/hr\/wp-json\/wp\/v2\/product_tag?post=1000025854"},{"taxonomy":"product_template","embeddable":true,"href":"https:\/\/cocosolis.com\/hr\/wp-json\/wp\/v2\/product_template?post=1000025854"}],"curies":[{"name":"wp","href":"https:\/\/api.w.org\/{rel}","templated":true}]}}