{"id":1000021795,"date":"2025-03-20T10:01:26","date_gmt":"2025-03-20T09:01:26","guid":{"rendered":"https:\/\/cocosolis.com\/hr\/product\/grow-hair-growth-massager\/"},"modified":"2026-03-23T14:56:56","modified_gmt":"2026-03-23T13:56:56","slug":"grow-hair-growth-massager","status":"publish","type":"product","link":"https:\/\/cocosolis.com\/hr\/product\/grow-hair-growth-massager\/","title":{"rendered":"GROW Scalp Massager"},"content":{"rendered":"","protected":false},"excerpt":{"rendered":"<p>\u010cetka za masa\u017eu vlasi\u0161ta. Poti\u010de rast kose. \u010cisti nje\u017eno i dubinski.<\/p>\n","protected":false},"featured_media":1000007069,"template":"","meta":{"_acf_changed":false},"product_brand":[],"product_cat":[17],"product_tag":[],"product_template":[66],"class_list":{"0":"post-1000021795","1":"product","2":"type-product","3":"status-publish","4":"has-post-thumbnail","6":"product_cat-hair","7":"product_template-v-2024-clean","9":"first","10":"instock","11":"shipping-taxable","12":"purchasable","13":"product-type-simple"},"acf":{"_v2024__listing_and_sharing_info__listing_category":"GROW","_v2024__listing_and_sharing_info__product_type":"Scalp Massager","_v2024__listing__and_sharing_info__listing_below_title_in_product_page":"\u010cetka za masa\u017eu vlasi\u0161ta. Poti\u010de rast kose. Pjeni \u0161ampon za duboko, nje\u017eno \u010di\u0161\u0107enje. Eksfolira.","_v2024__listing_and_sharing_info__listing_description":"\u010cetka za masa\u017eu vlasi\u0161ta. Poti\u010de rast kose. \u010cisti nje\u017eno i dubinski.","_v2024__listing_and_sharing_info__image":1000007068,"_v2024__product_hero__hero_type":"carousel","_v2024__product_hero__product_slider_gallery":[{"_v2024__product_hero__product_slider_gallery__image":1000007047,"_v2024__product_hero__product_slider_gallery__video_link":""},{"_v2024__product_hero__product_slider_gallery__image":1000007175,"_v2024__product_hero__product_slider_gallery__video_link":""},{"_v2024__product_hero__product_slider_gallery__image":1000007048,"_v2024__product_hero__product_slider_gallery__video_link":""},{"_v2024__product_hero__product_slider_gallery__image":1000007049,"_v2024__product_hero__product_slider_gallery__video_link":""},{"_v2024__product_hero__product_slider_gallery__image":1000007050,"_v2024__product_hero__product_slider_gallery__video_link":""},{"_v2024__product_hero__product_slider_gallery__image":1000007176,"_v2024__product_hero__product_slider_gallery__video_link":""}],"_v2024__before_and_after_image":"","_v2024__before_and_after_image_mobile":"","_v2024__product_hero__quantity":"","_v2024__product_hero__product_disclamer":"","_v2024__why_use__should_show":"visible","_v2024__why_use__description_text":"","_v2024__why_use__text_content":"<ul>\r\n \t<li>Stvara bogatu pjenu za dubinsko i ravnomjerno \u010di\u0161\u0107enje<\/li>\r\n \t<li>Nje\u017eno eksfolira i uklanja naslage od drugih proizvoda i mrtve stanice<\/li>\r\n \t<li>Poti\u010de mikrocirkulaciju vlasi\u0161ta<\/li>\r\n \t<li>Poma\u017ee u apsorpciji proizvoda nanesenih nakon toga, poput seruma<\/li>\r\n \t<li>Ubrzava rast kose<\/li>\r\n \t<li>Pogodna za sve tipove kose, uklju\u010duju\u0107i finu, gustu, kovr\u010davu, kao i za djecu i mu\u0161karce<\/li>\r\n \t<li>Izra\u0111ena od visokokvalitetnog mekanog silikona, s ergonomskim dizajnom i ultra nje\u017enim vrhovima<\/li>\r\n<\/ul>","_v2024__why_use__product_notes_and_remarks":"","_v2024__why_use__background_color":"#FBF1EB","_v2024__why_use__heading_color":"#816c65","_v2024__why_use__text_color":"#816c65","_v2024__why_use__image_desktop":1000007062,"_v2024__why_use__image_mobile":1000007063,"_v2024__stats_show":false,"_v2024__stats_repeater":null,"_v2024__stats_repeater_disclaimer":null,"_v2024__benefits__icons_repeater":null,"_v2024__image_ingreddients__intro_text":"","_v2024__image_ingreddients__additional_description":"","_v2024__image_ingreddients__disclamer_inner":"","_v2024__image_ingredients__repeater":null,"_v2024__image_ingredients__all_ingredients":"","_v2024__usage_content__left_content":"<ol>\r\n \t<li>Navla\u017eite kosu i vlasi\u0161te.<\/li>\r\n \t<li>Nanesite <a href=\"\/hr\/product\/grow-hair-growth-shampoo\/\">\u0161ampon GROW<\/a> nje\u017enim masa\u017enim pokretima.<\/li>\r\n \t<li>Koristite \u010detku za masa\u017eu vlasi\u0161ta GROW. Nje\u017eno je pomi\u010dite u malim krugovima 2-3 minute.<\/li>\r\n \t<li>Dobro isperite \u0161ampon.<\/li>\r\n \t<li>Nanesite <a href=\"\/hr\/product\/grow-hair-growth-conditioner\">regenerator GROW<\/a> na vlasi\u0161te (ako nemate masnu kosu) i du\u017eine te isperite nakon 5 minuta.<\/li>\r\n<\/ol>\r\n<h4>MATERIJAL<\/h4>\r\n100% mekan na dodir silikon, bez BPA (bisfenol A)","_v2024__usage_content__right_bottom_content":"","_v2024__usage_content__note":"","_v2024__usage_content__storage":""},"_links":{"self":[{"href":"https:\/\/cocosolis.com\/hr\/wp-json\/wp\/v2\/product\/1000021795","targetHints":{"allow":["GET"]}}],"collection":[{"href":"https:\/\/cocosolis.com\/hr\/wp-json\/wp\/v2\/product"}],"about":[{"href":"https:\/\/cocosolis.com\/hr\/wp-json\/wp\/v2\/types\/product"}],"wp:featuredmedia":[{"embeddable":true,"href":"https:\/\/cocosolis.com\/hr\/wp-json\/"}],"wp:attachment":[{"href":"https:\/\/cocosolis.com\/hr\/wp-json\/wp\/v2\/media?parent=1000021795"}],"wp:term":[{"taxonomy":"product_brand","embeddable":true,"href":"https:\/\/cocosolis.com\/hr\/wp-json\/wp\/v2\/product_brand?post=1000021795"},{"taxonomy":"product_cat","embeddable":true,"href":"https:\/\/cocosolis.com\/hr\/wp-json\/wp\/v2\/product_cat?post=1000021795"},{"taxonomy":"product_tag","embeddable":true,"href":"https:\/\/cocosolis.com\/hr\/wp-json\/wp\/v2\/product_tag?post=1000021795"},{"taxonomy":"product_template","embeddable":true,"href":"https:\/\/cocosolis.com\/hr\/wp-json\/wp\/v2\/product_template?post=1000021795"}],"curies":[{"name":"wp","href":"https:\/\/api.w.org\/{rel}","templated":true}]}}