{"id":1000021794,"date":"2025-03-20T10:01:24","date_gmt":"2025-03-20T09:01:24","guid":{"rendered":"https:\/\/cocosolis.com\/hr\/product\/grow-hair-growth-conditioner\/"},"modified":"2026-03-23T14:56:54","modified_gmt":"2026-03-23T13:56:54","slug":"grow-hair-growth-conditioner","status":"publish","type":"product","link":"https:\/\/cocosolis.com\/hr\/product\/grow-hair-growth-conditioner\/","title":{"rendered":"GROW Growth &amp; Anti-aging Conditioner"},"content":{"rendered":"","protected":false},"excerpt":{"rendered":"<p>Regenerator za rast kose s KERASCALP\u2122. S anti-age u\u010dinkom.<\/p>\n","protected":false},"featured_media":1000007067,"template":"","meta":{"_acf_changed":false},"product_brand":[],"product_cat":[17],"product_tag":[],"product_template":[66],"class_list":{"0":"post-1000021794","1":"product","2":"type-product","3":"status-publish","4":"has-post-thumbnail","6":"product_cat-hair","7":"product_template-v-2024-clean","9":"first","10":"instock","11":"shipping-taxable","12":"purchasable","13":"product-type-simple"},"acf":{"_v2024__listing_and_sharing_info__listing_category":"GROW","_v2024__listing_and_sharing_info__product_type":"Growth &amp; Anti-aging Conditioner","_v2024__listing__and_sharing_info__listing_below_title_in_product_page":"Regenerator za rast kose s KERASCALP\u2122. S anti-age u\u010dinkom. Klini\u010dki dokazano \u010dini kosu gu\u0161\u0107om, debljom i sjajnijom. ","_v2024__listing_and_sharing_info__listing_description":"Regenerator za rast kose s KERASCALP\u2122. S anti-age u\u010dinkom.","_v2024__listing_and_sharing_info__image":1000007066,"_v2024__product_hero__hero_type":"carousel","_v2024__product_hero__product_slider_gallery":[{"_v2024__product_hero__product_slider_gallery__image":1000007039,"_v2024__product_hero__product_slider_gallery__video_link":""},{"_v2024__product_hero__product_slider_gallery__image":1000007121,"_v2024__product_hero__product_slider_gallery__video_link":""},{"_v2024__product_hero__product_slider_gallery__image":1000007122,"_v2024__product_hero__product_slider_gallery__video_link":""},{"_v2024__product_hero__product_slider_gallery__image":1000007123,"_v2024__product_hero__product_slider_gallery__video_link":""},{"_v2024__product_hero__product_slider_gallery__image":1000007124,"_v2024__product_hero__product_slider_gallery__video_link":""},{"_v2024__product_hero__product_slider_gallery__image":1000007040,"_v2024__product_hero__product_slider_gallery__video_link":""},{"_v2024__product_hero__product_slider_gallery__image":"","_v2024__product_hero__product_slider_gallery__video_link":""},{"_v2024__product_hero__product_slider_gallery__image":1000007125,"_v2024__product_hero__product_slider_gallery__video_link":""}],"_v2024__before_and_after_image":1000007035,"_v2024__before_and_after_image_mobile":1000007036,"_v2024__product_hero__quantity":"200 ML","_v2024__product_hero__product_disclamer":"","_v2024__why_use__should_show":"visible","_v2024__why_use__description_text":"Ovaj regenerator s KERASCALP\u2122 ne samo da hrani, ve\u0107 djeluje ja\u010daju\u0107e i pomla\u0111uju\u0107e od korijena do vrhova. Rezultat je kosa koja lako raste i te\u0161ko se lomi.","_v2024__why_use__text_content":"<ul>\r\n \t<li>Duboko vla\u017ei, omek\u0161ava, olak\u0161ava ra\u0161\u010de\u0161ljavanje i sprje\u010dava lomljenje<\/li>\r\n \t<li>Za maksimalni u\u010dinak mo\u017ee se nanositi i na korijenje kod normalne i suhe kose<\/li>\r\n \t<li>Transformira tanku, be\u017eivotnu kosu ja\u010daju\u0107i folikule<\/li>\r\n \t<li>Pomla\u0111uje vlasi\u0161te i kosu, zna\u010dajno smanjuju\u0107i bijele vlasi<\/li>\r\n \t<li>Djeluje za sve tipove kose<\/li>\r\n \t<li>Ne sadr\u017ei parabene, SLES, SLS, parafin, silikone, sastojke \u017eivotinjskog podrijetla<\/li>\r\n \t<li>Osvaja osjetila vo\u0107nim mirisom<\/li>\r\n<\/ul>","_v2024__why_use__product_notes_and_remarks":"","_v2024__why_use__background_color":"#FBF1EB","_v2024__why_use__heading_color":"#816c65","_v2024__why_use__text_color":"#816c65","_v2024__why_use__image_desktop":1000007060,"_v2024__why_use__image_mobile":1000007061,"_v2024__stats_show":true,"_v2024__stats_repeater":[{"_v2024__stats_repeater_id":"stats_stronger_follicles","_v2024__stats_repeater_number":60,"_v2024__stats_repeater_description_title":"ja\u010de folikule","_v2024__stats_repeater_description":"","_v2024__stats_repeater_asterisks":""},{"_v2024__stats_repeater_id":"stats_more_thickness","_v2024__stats_repeater_number":56,"_v2024__stats_repeater_description_title":"ve\u0107u debljinu","_v2024__stats_repeater_description":"","_v2024__stats_repeater_asterisks":""},{"_v2024__stats_repeater_id":"stats_more_density","_v2024__stats_repeater_number":49,"_v2024__stats_repeater_description_title":"ve\u0107u gusto\u0107u","_v2024__stats_repeater_description":"","_v2024__stats_repeater_asterisks":""},{"_v2024__stats_repeater_id":"stats_more_shine","_v2024__stats_repeater_number":51,"_v2024__stats_repeater_description_title":"ve\u0107i sjaj","_v2024__stats_repeater_description":"","_v2024__stats_repeater_asterisks":""}],"_v2024__stats_repeater_disclaimer":[{"_v2024__stats_repeater_disclaimer_text":"Prema in vitro testu i in vivo testovima aktivnog sastojka Kerascalp\u2122."}],"_v2024__benefits__icons_repeater":[{"_v2024__benefit__icons_repeater_icon":1000007085,"_v2024__benefit__icons_repeater_text":"DUBOKO HRANJENJE"},{"_v2024__benefit__icons_repeater_icon":1000007081,"_v2024__benefit__icons_repeater_text":"ANTI-AGE U\u010cINAK"},{"_v2024__benefit__icons_repeater_icon":1000007082,"_v2024__benefit__icons_repeater_text":"VE\u0106A GUSTO\u0106A I SJAJ"},{"_v2024__benefit__icons_repeater_icon":1000007084,"_v2024__benefit__icons_repeater_text":"STVORENO OD STRANE STRU\u010cNJAKA"}],"_v2024__image_ingreddients__intro_text":"U osnovi transformiraju\u0107eg u\u010dinka regeneratora GROW je prirodni aktivni sastojak KERASCALP\u2122, spoj tisu\u0107ljetne tradicije Ayurvede i aktualnih znanstvenih istra\u017eivanja. U kombinaciji s \u010distim biljnim ekstraktima i vitaminima, osigurava sna\u017enu i lijepu kosu koja raste.","_v2024__image_ingreddients__additional_description":"","_v2024__image_ingreddients__disclamer_inner":"","_v2024__image_ingredients__repeater":[{"_v2024__image_ingredients__ingredient_image":1000007073,"_v2024__image_ingredients__ingredient_title":"KERASCALP\u2122","_v2024__image_ingredients__ingredient_description":"Prirodni aktivni sastojak, ekstrakt ploda amle, poznat po svojim adaptogenim i anti-age svojstvima, koji se koristi u ajurvedskoj medicini. Stimulira proizvodnju Kolagena XVII, koji ja\u010da folikule i usporava procese stanjivanja, ispadanja i sijedenja kose, kao i smanjuje aktivnost elastaze, koja o\u0161te\u0107uje folikule i uzrokuje njihovo starenje. Klini\u010dki dokazano \u010dini kosu gu\u0161\u0107om, debljom, otpornijom i sjajnijom."},{"_v2024__image_ingredients__ingredient_image":1000007074,"_v2024__image_ingredients__ingredient_title":"PANTENOL","_v2024__image_ingredients__ingredient_description":"Hidratizira i umiruje vlasi\u0161te, ja\u010da folikule i smanjuje lomljenje, daju\u0107i kosi sjaj i glatko\u0107u."},{"_v2024__image_ingredients__ingredient_image":1000006712,"_v2024__image_ingredients__ingredient_title":"KOKOSOVO ULJE","_v2024__image_ingredients__ingredient_description":"Duboko hrani i hidratizira, ja\u010da strukturu kose i \u010dini je svilenkasto glatkom i elasti\u010dnom."},{"_v2024__image_ingredients__ingredient_image":1000007075,"_v2024__image_ingredients__ingredient_title":"EKSTRAKT OD \u0160IPKA","_v2024__image_ingredients__ingredient_description":"Opskrbljuje kosu i vlasi\u0161te vitaminima i antioksidansima, revitaliziraju\u0107i ih i \u010dine\u0107i ih otpornijima."},{"_v2024__image_ingredients__ingredient_image":1000007072,"_v2024__image_ingredients__ingredient_title":"EKSTRAKT OD KALUNE","_v2024__image_ingredients__ingredient_description":"Svojim antioksidacijskim i protuupalnim svojstvima ja\u010da folikule i \u010dini kosu ja\u010dom i \u017eivotnijom."},{"_v2024__image_ingredients__ingredient_image":1000007076,"_v2024__image_ingredients__ingredient_title":"EKSTRAKT OD TROBOJNE LJUBI\u010cICE","_v2024__image_ingredients__ingredient_description":"Intenzivno hrani, hidratizira i pobolj\u0161ava cirkulaciju, \u0161to podr\u017eava rast kose."},{"_v2024__image_ingredients__ingredient_image":1000007077,"_v2024__image_ingredients__ingredient_title":"EKSTRAKT VERBINE","_v2024__image_ingredients__ingredient_description":"Intenzivno hrani, hidratizira i pobolj\u0161ava cirkulaciju, \u0161to podr\u017eava optimalan rast kose."},{"_v2024__image_ingredients__ingredient_image":1000006730,"_v2024__image_ingredients__ingredient_title":"PRIRODNI VITAMIN E","_v2024__image_ingredients__ingredient_description":"Sna\u017ean antioksidans koji poti\u010de rast kose i brine o zdravlju vlasi\u0161ta."}],"_v2024__image_ingredients__all_ingredients":"Aqua, Myristyl Alcohol**, Glycerin**, Behentrimonium Chloride, Cetyl Palmitate, Panthenol, Cocos Nucifera Oil*, Coconut Alkanes**, Propanediol**, Phyllanthus Emblica Fruit Extract**, Rosa Canina Flower Extract*, Calluna Vulgaris Flower Extract*, Viola Tricolor Extract*, Centaurium Erythraea Flower Extract*, Verbena Officinalis Flower Extract*, Cetyl Alcohol**, Lauryl Alcohol**, Citric Acid**, Parfum, Sodium Levulinate**, Sodium Benzoate, Potassium Sorbate, Limonene, Citrus Aurantium Peel Oil, Hexyl Cinnamal, Linalool, Tetramethyl Acetyloctahydronaphthalenes, Citrus Limon Oil\r\n\r\n<i>*Certified Organic Ingredients\r\n**Ingredients From Natural Origin<\/i>\r\n\r\n<em>Molim zabilje\u017eite da se popis sastojaka mo\u017ee malo razlikovati zbog pobolj\u0161anja proizvoda tijekom vremena. Najnovije informacije potra\u017eite na pakiranju proizvoda.<\/em>","_v2024__usage_content__left_content":"<strong>GDJE<\/strong>: kosa i vlasi\u0161te (ne nanosite na vlasi\u0161te ako imate masnu kosu)\r\n\r\n<strong>KAKO<\/strong>: nanesite na mokru kosu (i vlasi\u0161te) laganim masa\u017enim pokretima, pri\u010dekajte najmanje 5 minuta da djeluje i isperite.\r\n\r\n<strong>KOLIKO \u010cESTO<\/strong>: prema va\u0161oj rutini pranja kose\r\n\r\n<strong>ZA NAJBOLJE REZULTATE<\/strong>: kombinirajte uz <a href=\"https:\/\/cocosolis.com\/hr\/product\/grow-hair-growth-shampoo\/\">\u0161ampon GROW<\/a> i <a href=\"https:\/\/cocosolis.com\/hr\/product\/grow-hair-growth-serum-spray\/\">sprej serum GROW<\/a>.","_v2024__usage_content__right_bottom_content":"","_v2024__usage_content__note":"","_v2024__usage_content__storage":"Samo za vanjsku uporabu. Prekinite kori\u0161tenje ako se pojavi iritacija. Ne koristite na o\u0161te\u0107enom ili ranjenom vlasi\u0161tu. Izbjegavajte kontakt s o\u010dima. Dr\u017eati podalje od djece! \u010cuvajte na suhom i hladnom mjestu."},"_links":{"self":[{"href":"https:\/\/cocosolis.com\/hr\/wp-json\/wp\/v2\/product\/1000021794","targetHints":{"allow":["GET"]}}],"collection":[{"href":"https:\/\/cocosolis.com\/hr\/wp-json\/wp\/v2\/product"}],"about":[{"href":"https:\/\/cocosolis.com\/hr\/wp-json\/wp\/v2\/types\/product"}],"wp:featuredmedia":[{"embeddable":true,"href":"https:\/\/cocosolis.com\/hr\/wp-json\/"}],"wp:attachment":[{"href":"https:\/\/cocosolis.com\/hr\/wp-json\/wp\/v2\/media?parent=1000021794"}],"wp:term":[{"taxonomy":"product_brand","embeddable":true,"href":"https:\/\/cocosolis.com\/hr\/wp-json\/wp\/v2\/product_brand?post=1000021794"},{"taxonomy":"product_cat","embeddable":true,"href":"https:\/\/cocosolis.com\/hr\/wp-json\/wp\/v2\/product_cat?post=1000021794"},{"taxonomy":"product_tag","embeddable":true,"href":"https:\/\/cocosolis.com\/hr\/wp-json\/wp\/v2\/product_tag?post=1000021794"},{"taxonomy":"product_template","embeddable":true,"href":"https:\/\/cocosolis.com\/hr\/wp-json\/wp\/v2\/product_template?post=1000021794"}],"curies":[{"name":"wp","href":"https:\/\/api.w.org\/{rel}","templated":true}]}}