{"id":467,"date":"2022-05-06T15:55:54","date_gmt":"2022-05-06T13:55:54","guid":{"rendered":"http:\/\/cocosolis.com\/en\/?page_id=467"},"modified":"2025-06-24T14:37:20","modified_gmt":"2025-06-24T12:37:20","slug":"delivery","status":"publish","type":"page","link":"https:\/\/cocosolis.com\/hr\/delivery\/","title":{"rendered":"Narud\u017eba i dostava"},"content":{"rendered":"\r\n<h2 class=\"wp-block-heading\">NARUD\u017dBA I DOSTAVA<\/h2>\r\n\r\n\r\n\r\n<h5 class=\"wp-block-heading\">Mo\u017eete naru\u010diti:<\/h5>\r\n\r\n\r\n\r\n<ul class=\"wp-block-list\">\r\n<li><strong>Putem na\u0161e e-trgovine:\u00a0<a href=\"https:\/\/cocosolis.com\/hr\/store\/\">www.cocosolis.com\/hr\/store\/<\/a><\/strong><\/li>\r\n\r\n\r\n\r\n<li>Osobnom Facebook porukom.<\/li>\r\n\r\n\r\n\r\n<li>Telefonom +385 1 775 7004<\/li>\r\n<\/ul>\r\n\r\n\r\n\r\n<p>Nakon \u0161to zaprimimo narud\u017ebu, korisnik prima potvrdu e-po\u0161tom.<\/p>\r\n\r\n\r\n\r\n<h5 class=\"wp-block-heading\">CIJENA DOSTAVE:<\/h5>\r\n\r\n\r\n\r\n<p>Dostava u zemlji je\u00a0<strong>besplatna iznad 45 EUR.<\/strong><\/p>\r\n\r\n\r\n\r\n<h5 class=\"wp-block-heading\">VRIJEME ISPORUKE:<\/h5>\r\n\r\n\r\n\r\n<p>Narud\u017ebe zaprimljene do 15:00 radnoga dana obra\u0111uju se isti radni dan.<br \/>(Na primjer, ako naru\u010dite narud\u017ebu u ponedjeljak (radni dan) do 15:00, po\u0161iljka \u0107e se obra\u0111ivati istoga dana.)<br \/>Narud\u017ebe zaprimljene nakon 15:00 radnoga dana obra\u0111uju se sljede\u0107ega radnog dana.<br \/>Narud\u017ebe zaprimljene na neradni dan obra\u0111uju se prvoga idu\u0107eg radnog dana.<\/p>\r\n\r\n\r\n\r\n<p>Dostava traje 3-5 radnih dana.<\/p>\r\n\r\n\r\n\r\n<h5 class=\"wp-block-heading\">DOSTAVA SUBOTOM:<\/h5>\r\n\r\n\r\n\r\n<p>Na izri\u010dit zahtjev kupca mogu\u0107a je dostava subotom, ovisno o radnom vremenu kurirske slu\u017ebe.<\/p>\r\n\r\n\r\n\r\n<h5 class=\"wp-block-heading\">GDJE DOSTAVLJAMO:<\/h5>\r\n\r\n\r\n\r\n<p>Isporuke dostavlja kurirska tvrtka \u201cDPD\u201d na adresu koju ste naveli.<br \/>Tijekom radnih dana uobi\u010dajeno vrijeme dostave je izme\u0111u 9:00 i 17:30 sati.<br \/>Ako korisnik ne omogu\u0107i pristup i uvjete za isporuku robe na navedenu adresu, prodavatelj je oslobo\u0111en od obveze provo\u0111enja navedene isporuke.<\/p>\r\n<p>Do BOXNOW paketomata, dostupnog 24\/7.<br \/>PVA\u017dNO! Kod isporuke na BOXNOW paketomat nije mogu\u0107e pla\u0107anje gotovinom ili karticom putem fizi\u010dkog ure\u0111aja na samom automatu.<br \/>Ako ste odabrali opciju &#8220;Pla\u0107anje pouze\u0107em&#8221;, uplatu trebate izvr\u0161iti online bankovnom karticom putem linka koji \u0107ete dobiti putem SMS-a, Vibera ili e-maila nakon \u0161to po\u0161iljka bude poslana.<\/p>\r\n\r\n\r\n\r\n<p>Datum objavljivanja: 13.04.2023. godine<\/p>\r\n","protected":false},"excerpt":{"rendered":"<p>NARUD\u017dBA I DOSTAVA Mo\u017eete naru\u010diti: Nakon \u0161to zaprimimo narud\u017ebu, korisnik prima potvrdu e-po\u0161tom. CIJENA DOSTAVE: Dostava u zemlji je\u00a0besplatna iznad 45 EUR. VRIJEME ISPORUKE: Narud\u017ebe zaprimljene do 15:00 radnoga dana obra\u0111uju se isti radni dan.(Na primjer, ako naru\u010dite narud\u017ebu u ponedjeljak (radni dan) do 15:00, po\u0161iljka \u0107e se obra\u0111ivati istoga dana.)Narud\u017ebe zaprimljene nakon 15:00 radnoga &hellip; <a href=\"https:\/\/cocosolis.com\/hr\/delivery\/\">Continued<\/a><\/p>\n","protected":false},"author":1,"featured_media":0,"parent":0,"menu_order":0,"comment_status":"closed","ping_status":"closed","template":"","meta":{"_acf_changed":false,"footnotes":""},"page_roles":[36],"class_list":["post-467","page","type-page","status-publish","hentry","page_roles-legal"],"acf":[],"_links":{"self":[{"href":"https:\/\/cocosolis.com\/hr\/wp-json\/wp\/v2\/pages\/467","targetHints":{"allow":["GET"]}}],"collection":[{"href":"https:\/\/cocosolis.com\/hr\/wp-json\/wp\/v2\/pages"}],"about":[{"href":"https:\/\/cocosolis.com\/hr\/wp-json\/wp\/v2\/types\/page"}],"author":[{"embeddable":true,"href":"https:\/\/cocosolis.com\/hr\/wp-json\/wp\/v2\/users\/1"}],"replies":[{"embeddable":true,"href":"https:\/\/cocosolis.com\/hr\/wp-json\/wp\/v2\/comments?post=467"}],"version-history":[{"count":6,"href":"https:\/\/cocosolis.com\/hr\/wp-json\/wp\/v2\/pages\/467\/revisions"}],"predecessor-version":[{"id":1000027939,"href":"https:\/\/cocosolis.com\/hr\/wp-json\/wp\/v2\/pages\/467\/revisions\/1000027939"}],"wp:attachment":[{"href":"https:\/\/cocosolis.com\/hr\/wp-json\/wp\/v2\/media?parent=467"}],"wp:term":[{"taxonomy":"page_roles","embeddable":true,"href":"https:\/\/cocosolis.com\/hr\/wp-json\/wp\/v2\/page_roles?post=467"}],"curies":[{"name":"wp","href":"https:\/\/api.w.org\/{rel}","templated":true}]}}