{"id":464,"date":"2022-05-06T15:55:17","date_gmt":"2022-05-06T13:55:17","guid":{"rendered":"http:\/\/cocosolis.com\/en\/?page_id=464"},"modified":"2022-06-17T12:30:47","modified_gmt":"2022-06-17T10:30:47","slug":"terms-of-use","status":"publish","type":"page","link":"https:\/\/cocosolis.com\/hr\/terms-of-use\/","title":{"rendered":"Uvjeti kori\u0161tenja stranice"},"content":{"rendered":"\n<h2 class=\"wp-block-heading\">Uvjeti kori\u0161tenja stranice<\/h2>\n\n\n\n<p>Dobrodo\u0161li na na\u0161u web stranicu ( \u201ecocosolis.com\u201d). Ovi \u201cUvjeti kori\u0161tenja\u201d reguliraju pristup stranici COCOSOLIS.COM i kori\u0161tenje iste.<br>Pristup web stranici i kori\u0161tenje iste, kao i kupnja proizvoda na COCOSOLIS.COM temelje se na pretpostavci da s \u010dinjenicom u\u010ditavanja Stranice od strane krajnjeg ure\u0111aja Korisnik daje suglasnost upoznati se s Op\u0107im uvjetima za kori\u0161tenje stranice i njihovim aplikacijama.<br>Ovi uvjeti predstavljaju sporazum, koji regulira odnose izme\u0111u \u201cPURMERUL\u201d DOO u svojstvu administratora web stranice www.cocosolis.com i njenih krajnjih korisnika.<\/p>\n\n\n\n<p>Ovaj sporazum odnosi se na informacijske usluge i sustave, dostupne putem Stranice, njenih mobilnih verzija, kao i svake druge aplikacije i usluge, koje jesu ili mogu biti u vezi sa stranicom. Ovaj sporazum je va\u017ee\u0107i dok Korisnik ne prekine upotrebu Usluga koje su dostupne na Stranici.<\/p>\n\n\n\n<p>\u201cPURMERUL\u201d DOO je trgovinsko dru\u0161tvo sa sjedi\u0161tem i adresom uprave: grad Plovdiv, 4002, raion Tsentralen, ul. \u201cLyuleburgaz\u201d br. 22, kat 4, stan 9. Dru\u0161tvo je upisano u Trgovinski registar i Registar neprofitnih pravnih osoba pri Agenciji za registraciju pod PIB 201172065.<\/p>\n\n\n\n<p>O drugim pravnim informacijama, molimo pro\u010ditajte odjeljke:&nbsp;<a href=\"https:\/\/cocosolis.com\/hr\/terms-of-sale\/\" target=\"_blank\" rel=\"noreferrer noopener\">Op\u0107i uvjeti prodaje<\/a>,&nbsp;<a href=\"https:\/\/cocosolis.com\/hr\/return-policy\/\" target=\"_blank\" rel=\"noreferrer noopener\">Politika povrata<\/a>&nbsp;i&nbsp;<a href=\"https:\/\/cocosolis.com\/hr\/privacy-policy\/\" target=\"_blank\" rel=\"noreferrer noopener\">Politika o osobnim podacima<\/a>&nbsp;na COCOSOLIS.COM<br>Svrha Stranice izra\u017eena je u sljede\u0107im glavnim smjerovima:<\/p>\n\n\n\n<p>1. Informiranje Korisnika o djelatnosti dru\u0161tva, njegovoj povijesti, viziji, misiji, vrijednostima, korporativnoj i socijalnoj odgovornosti i proizvodima i uslugama koje nudi.<br>2. Omogu\u0107avanje pristupa platformi, putem koje Korisnici mogu vr\u0161iti online narud\u017ebe robe, sklapati ugovore o kupnji i prodaji robe koja se nudi od strane Dru\u0161tva i mogu\u0107nost dijeljenja recenzija i ocjena za ponu\u0111enu robu.<br>3. Informiranje Korisnika stranice o detaljima za kontakt s Dru\u0161tvom, u slu\u010daju potrebe od dodatnih informacija, upita u vezi s proizvodima i uslugama koje se nude, ukoliko \u017eele ostaviti komentare ili preporuke, kao i dobiti informacije o svojim pravima i na\u010dinu njihovog ostvarivanja.<\/p>\n\n\n\n<p>Pristup stranici COCOSOLIS.COM i njeno kori\u0161tenje, uklju\u010duju\u0107i prikazivanje web stranica, komunikacija s COCOSOLIS.COM i povezanim web stranicama i socijalnim medijskim resursima, kupnja na web stranici, vr\u0161e se od strane na\u0161ih korisnika u potpunosti u osobne svrhe, i ni na koji na\u010din ga ne treba povezivati s bilo kojom trgovinskom, ekonomskom ili profesionalnom djelatnosti.<br>COCOSOLIS.COM ne smatra se odgovornim za bilo kakvu upotrebu stranice i njenog sadr\u017eaja, od strane bilo kojeg njenog korisnika, koja nije u skladu sa zakonima i zakonskim propisima. To\u010dnije, mo\u017eete se smatrati odgovornim za pru\u017eanje neto\u010dnih, la\u017enih informacija ili podataka, koji se ti\u010du tre\u0107ih strana (u slu\u010daju ako tre\u0107a strana nije dala svoju suglasnost), kao i za svaku nepravilnu upotrebu takvih podataka ili informacija.<\/p>\n\n\n\n<h5 class=\"wp-block-heading\">1. Registracija i komunikacija<\/h5>\n\n\n\n<p>Ako \u017eelite koristiti na\u0161e usluge, morate biti punoljetna osoba i prihvatiti ove Uvjete. Prihva\u0107anjem ovih Uvjeta Korisnik je suglasan komunikacija s njim da se ostvaruje putem ponu\u0111enih elektroni\u010dkih komunikacijskih kanala \u2013 telefon, e-po\u0161ta, SMS i drugi elektroni\u010dki kanali. Korisnik je suglasan da bude primatelj i da prima elektroni\u010dke izjave od strane Stranice i njenog administratora.<\/p>\n\n\n\n<p>Strane se sla\u017eu, da poslane poruke putem e-po\u0161te predstavljaju elektroni\u010dke izjave i da prate\u0107e informacije predstavljaju identifikaciju autora kao nositelja tih elektroni\u010dkih izjava, i da je elektroni\u010dki potpis, koje strane priznaju kao rukopisni potpis u njihovim odnosima.<\/p>\n\n\n\n<p>Da biste koristili na\u0161e usluge, mo\u017eete kupiti proizvode kada se registrujete na stranici. Registracija je besplatna. Korisnik se u bilo koje vrijeme mo\u017ee otkazati od registracije. Korisnik je suglasan pru\u017eiti potpune, istinite i to\u010dne informacije, kako prilikom registracije, tako i prilikom podno\u0161enja narud\u017ebe bez registracije profila. Prava pristupa su osobna i ne mogu se prenijeti na tre\u0107e strane. Mi ne nosimo odgovornost za neovla\u0161ten pristup Va\u0161em profilu.<\/p>\n\n\n\n<h5 class=\"wp-block-heading\">2. Prava intelektualnog vlasni\u0161tva<\/h5>\n\n\n\n<p>Korisnik ima pravo pristupa Uslugama koje se nude od strane Stranice u realnom vremenu (online), uz po\u0161tovanje zahtjeva za pristup.<\/p>\n\n\n\n<p>Pravo pristupa, dodijeljeno Korisniku, ne uklju\u010duje pravo kopiranja ili reprodukcije informacija, ili upotrebe za\u0161ti\u0107enih objekata intelektualnog ili industrijskog vlasni\u0161tva, osim male koli\u010dine informacija namijenjenih samo za osobnu upotrebu, pod uvjetom da takva upotreba ne \u0161teti zakonitim interesima autora ili drugih nositelja prava na intelektualno ili industrijsko vlasni\u0161tvo, i kopiranje ili reprodukcija se vr\u0161i u nekomercijalne svrhe.<\/p>\n\n\n\n<p>Sadr\u017eaj stranice COCOSOLIS.COM, uklju\u010duju\u0107i i, ali i ne samo, radovi, fotografije, slike, dijalozi, muzika, zvuci, video zapisi, dokumenti, crte\u017ei, figure, logo i svi drugi materijali objavljeni na COCOSOLIS.COM u bilo kojem obliku, uklju\u010duju\u0107i i izbornike, web stranice, grafike, boje, dijagrame, alatke, fontove, dizajn web stranice, planove, metode, procese, funkcije i softver, koji su dio stranice COCOSOLIS.COM, za\u0161ti\u0107eni su autorskim pravom i svakim drugim pravom intelektualnog vlasni\u0161tva stranice COCOSOLIS.COM i odgovaraju\u0107ih nositelja prava. Reprodukcija, u cjelosti ili djelomi\u010dno, u bilo kojem obliku, stranice COCOSOLIS.COM i njenog sadr\u017eaja, nije dozvoljeno bez pismene suglasnosti od strane COCOSOLIS.COM.<\/p>\n\n\n\n<p>COCOSOLIS.COM ima ekskluzivno pravo odobriti ili zabraniti svaku reprodukciju (bilo izravnu ili neizravnu, privremenu ili trajnu, ili iz svakog drugog razloga i u bilo kojem obliku, u cjelosti ili djelomi\u010dno) stranice COCOSOLIS.COM i njenog sadr\u017eaja.<\/p>\n\n\n\n<p>Autori radova, objavljenih na COCOSOLIS.COM, imaju pravo u bilo koje vrijeme zahtijevati autorstvo nad njihovim djelima i protiviti se bilo kakvom izobli\u010denju ili drugoj modifikaciji njihovog rada, uklju\u010duju\u0107i i bilo kakvih promjena njihovih radova, koje mogu negativno utjecati na \u010dast i ugled doti\u010dnih autora.<br>Korisnici na\u0161e stranice du\u017eni su po\u0161tovati autorska prava autora, koji su odlu\u010dili objaviti svoj rad na COCOSOLIS.COM ili su sura\u0111ivali s COCOSOLIS.COM u stvaranju novih ekspresivnih i umjetni\u010dkih djela, koja su namijenjena objavljivanju, ne samo na stranici, ili koja su neodvojivi dio stranice.<br>U svakom slu\u010daju, nije dozvoljeno koristiti na bilo koji na\u010din i u bilo kojem obliku, sadr\u017eaj stranice ili svakog zasebnog rada, za\u0161ti\u0107enog autorskim pravom ili svakim drugim pravom na intelektualno vlasni\u0161tvo.<\/p>\n\n\n\n<h5 class=\"wp-block-heading\">3. Trgovinske marke i nazivi domena<\/h5>\n\n\n\n<p>PURMERUL DOO je ekskluzivni vlasnik logotipa i registrirane trgovinske marke \u201cCOCOSOLIS\u201d i svake druge zna\u010dajke koja uklju\u010duje rije\u010d \u201cCOCOSOLIS\u201d i naziv domena \u201cCOCOSOLIS.COM\u201d.<br>PURMERUL DOO ima ekskluzivno pravo na kori\u0161tenje vlastitih trgovinskih marki.<br>Nije dozvoljeno, bez pristanka PURMERUL DOO, koristiti ove trgovinske marke ili druge proizvode ili usluge.<\/p>\n\n\n\n<h5 class=\"wp-block-heading\">4. Linkovi prema drugim stranicama<\/h5>\n\n\n\n<p>Cocosolis.com sadr\u017ei veze prema drugim stranicama, koje ni na koji na\u010din nisu povezane s COCOSOLIS.COM.<\/p>\n\n\n\n<p>COCOSOLIS.COM ne kontrolira ove web stranice ili njihov sadr\u017eaj. COCOSOLIS.COM ne nosi odgovornost za sadr\u017eaj ovih stranica i\/ili za pravila koja su prihva\u0107ena u vezi sa, ali i ne samo, Va\u0161im osobnim podacima, kada posje\u0107ujete ove stranice. Ove tre\u0107e strane vjerojatno prikupljaju Va\u0161e osobne korisni\u010dke podatke, \u0161to se ure\u0111uje u skladu s op\u0107im uvjetima za kori\u0161tenje i za\u0161titu osobnih podataka, koje su te strane prihvatile. Molimo da, kada pristupite ovim stranicama, putem internetskih veza pru\u017eenih na COCOSOLIS.COM, pa\u017eljivo pro\u010ditate pravila i uvjete kori\u0161tenja, kao i njihovu politiku privatnosti. Na\u0161i Uvjeti kori\u0161tenja i Politika privatnosti ne primjenjuju se na stranicama tre\u0107ih strana.<\/p>\n\n\n\n<h5 class=\"wp-block-heading\">5. Uvjeti kori\u0161tenja sadr\u017eaja<\/h5>\n\n\n\n<p>COCOSOLIS.COM ula\u017ee sve napore, za sprije\u010davanje objavljivanja na svojoj web stranici sadr\u017eaja, koji se mogu smatrati da kr\u0161e gra\u0111anska uvjerenja ili ljudska prava i \u010dast u svim oblicima i manifestacijama. COCOSOLIS.COM, me\u0111utim, ne jam\u010di da je sadr\u017eaj stranice odgovaraju\u0107i ili zakonit za svaku publiku ili je zakonit u svim zemljama.<\/p>\n\n\n\n<p>U slu\u010daju ako se ovakav sadr\u017eaj smatra nezakonitim u nekoj od ovih zemalja, mi ne nosimo odgovornost za Va\u0161u odluku da posjetite ili koristite na\u0161u stranicu. Ako se, unato\u010d tome, odlu\u010dite koristiti na\u0161u stranicu, informiramo Vas da je kori\u0161tenje usluga, pru\u017eenih od strane COCOSOLIS. COM, u potpunosti na Va\u0161u osobnu odgovornost.<\/p>\n\n\n\n<p>COCOSOLIS.COM poduzima mjere, kako bi zajam\u010dio da je sadr\u017eaj na COCOSOLIS.COM korektan i ne sadr\u017ei neto\u010dne ili zastarjele informacije. Unato\u010d tome, COCOSOLIS.COM ne mo\u017ee nositi odgovornost za to\u010dnost i cjelovitost sadr\u017eaja objavljenog na svojoj web stranici.<\/p>\n\n\n\n<p>COCOSOLIS.COM ne mo\u017ee jam\u010diti da \u0107e stranica raditi kontinuirano, bez ikakvih prekida i pogre\u0161aka zbog internetske veze. U slu\u010daju problema s kori\u0161tenjem na\u0161e stranice, molimo, kontaktirajte nas. Predstavnik COCOSOLIS.COM bit \u0107e na Va\u0161em raspolaganju za sudjelovanje i pomo\u0107 u obnavljanju pristupa stranici, ako i u kolikoj mjeri je to mogu\u0107e.<br>COCOSOLIS.COM poduzima odgovaraju\u0107e tehni\u010dke i organizacijske mjere za osiguranje bezbednosti usluga na COCOSOLIS.COM u cilju sprje\u010davanja neovla\u0161tene uporabe ili pristupa podacima, kao i za sprje\u010davanje rizika od \u0161irenja, uni\u0161tavanja i gubitka podataka i povjerljivih informacija u vezi s korisnicima COCOSOLIS.COM, kao i za izbjegavanje neovla\u0161tenog ili nezakonitog pristupa takvim podacima i informacijama.<\/p>\n\n\n\n<h5 class=\"wp-block-heading\">6. Prava i obaveze korisnika<\/h5>\n\n\n\n<p>Korisnik ima pravo kori\u0161tenja stranice pod ograni\u010denjima koja su opisana u t. 2 Prava intelektualnog vlasni\u0161tva.<\/p>\n\n\n\n<p>Korisnik se obavezuje prilikom kori\u0161tenja pru\u017eenih Usluga:<br>1. Da ne vr\u0161i zlonamjerne radnje prema smislu ovih Uvjeta za kori\u0161tenje;<br>2. Da ne izvla\u010di s tehni\u010dkim sredstvima ili na tehni\u010dki na\u010din bilo koje informacijske resurse ili njihove dijelove, koji su uklju\u010deni u baze podataka, dostupne putem Stranice i na taj na\u010din da stvara vlastitu bazu podataka u elektroni\u010dkom ili bilo kojem drugom obliku.<br>3. Da se ne predstavlja la\u017eno kao druga osoba ili predstavnik osobe koju nije ovla\u0161ten predstavljati, ili na drugi na\u010din da zavodi Stranicu ili tre\u0107e strane o svom identitetu ili pripadno\u0161\u0107u odre\u0111enoj grupi ljudi;<br>4. Da odmah obavijesti Dru\u0161tvo o svim slu\u010dajevima izvr\u0161enog ili otkrivenog kr\u0161enja prilikom kori\u0161tenja pru\u017eenih Usluga;<br>5. Da ne vr\u0161i djelatnost, koja uklju\u010duje uporabu virusa, botova, crva ili drugih vrsta ra\u010dunalnog koda, datoteka ili programa, koji prekidaju, uni\u0161tavaju ili ograni\u010davaju funkcionalnost ra\u010dunalnog softvera ili hardvera ili telekomunikacijskog ure\u0111aja, ili na drugi na\u010din dopu\u0161taju neovla\u0161teno kori\u0161tenje ili pristup ra\u010dunalskom ure\u0111aju ili ra\u010dunalskoj mre\u017ei.<\/p>\n\n\n\n<h5 class=\"wp-block-heading\">7. Ograni\u010denje odgovornosti Dru\u0161tva<\/h5>\n\n\n\n<p>Dru\u0161tvo pru\u017ea Usluge putem Stranice za kori\u0161tenje od strane Korisnika \u201ckakve su\u201d i \u201ckako su dostupne\u201d. Dru\u0161tvo ne jam\u010di ili obe\u0107ava konkretne rezultate od kori\u0161tenja ili dugoro\u010dne mogu\u0107nosti kori\u0161tenja Usluga.<\/p>\n\n\n\n<p>Dru\u0161tvo ne daje jamstvo za to, da \u0107e:<br>1. Kori\u0161tenje Usluga od strane korisnika biti kontinuirano, pravodobno, za\u0161ti\u0107eno i sigurno ili bez gre\u0161ke;<br>2. Eventualni nedostaci u Uslugama biti popravljeni;<br>3. Pru\u017eene Usluge ili usluge na kojima se grade potonje, ne\u0107e sadr\u017eavati viruse ili druge \u0161tetne komponente;<\/p>\n\n\n\n<p>Ni pod kojim uvjetima Dru\u0161tvo ne\u0107e biti odgovorno za bilo kakav gubitak, o\u0161te\u0107enje ili \u0161tetu, koji proizilaze iz:<br>1. Kori\u0161tenja Usluga<br>2. Problema ili tehni\u010dkog nefunkcioniranja u vezi s kori\u0161tenjem Usluga;<br>3. Materijala, preuzetih putem ili u vezi s Uslugama;<br>4. Korisni\u010dkog sadr\u017eaja;<br>5. Pona\u0161anja Korisnika u vezi s Uslugama, neovisno o tome jesu li u realnom vremenu (online) ili ne (offline).<\/p>\n\n\n\n<p>Dru\u0161tvo ne nosi odgovornost ako Korisnik ne mo\u017ee pristupiti stranici, zbog problema koji su van kontrole Stranice \u2013 softverni, hardverni, problema s internetskom vezom ili vi\u0161e sile.<\/p>\n\n\n\n<p>Korisnik pristaje nositi odgovornost za sve tro\u0161kove koji su u vezi s odr\u017eavanjem, ispravno\u0161\u0107u ili vezom svog ra\u010dunalnog sustava ili druge imovine, potrebne za kori\u0161tenje Usluga od strane Korisnika.<br>Dru\u0161tvo zadr\u017eava pravo da se sustavno mije\u0161a u cjelokupnu funkcionalnost Stranice, uklju\u010duju\u0107i, ali i ne ograni\u010davaju\u0107i se na obustavu pristupa stranici, ako za to postoji dobar razlog.<\/p>\n\n\n\n<h5 class=\"wp-block-heading\">8. Kazne<\/h5>\n\n\n\n<p>U punoj mjeri, dopu\u0161tenoj va\u017ee\u0107im zakonom, Dru\u0161tvo ne\u0107e nositi odgovornost za \u0161tete koje je pretrpio Korisnik, koje su: 1. neizravne; 2. potonje; 3. slu\u010dajne; 4. kaznene, uklju\u010duju\u0107i i \u0161tete za propu\u0161tene koristi, koje proizilaze iz kori\u0161tenja ili nemogu\u0107nosti kori\u0161tenja Usluga.<\/p>\n\n\n\n<p>Neovisno o gore navedenom, odgovornost Dru\u0161tva prema Korisniku za bilo kakvo djelovanje ili propust, koje je u vezi s kori\u0161tenjem Usluga, uvijek \u0107e biti ograni\u010dena do kazne u iznosu visine vrijednosti kupnje. Pri nedostatku kupnje Dru\u0161tvo ne nosi odgovornost za bilo koje svoje postupke ili propuste.<\/p>\n\n\n\n<h5 class=\"wp-block-heading\">9. Izmjena<\/h5>\n\n\n\n<p>COCOSOLIS.COM mo\u017ee izmijeniti ili a\u017eurirati sve ili dio ovih Uvjeta kori\u0161tenja. U takvom slu\u010daju, aktuelne informacije bit \u0107e objavljene u ovom odjeljku. Novi \u201cUvjeti kori\u0161tenja\u201d trebali bi stupiti na snagu od datuma kada su objavljeni na COCOSOLIS.COM.<\/p>\n\n\n\n<p>Ako se ne sla\u017eete sa svim ili nekim dijelom Uvjeta kori\u0161tenja COCOSOLIS.COM, mi ne nosimo odgovornost za Va\u0161u odluku da posjetite i koristite na\u0161u stranicu.<\/p>\n\n\n\n<h5 class=\"wp-block-heading\">10. Rok i prestanak<\/h5>\n\n\n\n<p>Ovaj ugovor stupa na snagu odmah od trenutka njegovog prihvatanja od strane Korisnika i vrijedi do prestanka kori\u0161tenja usluga.<\/p>\n\n\n\n<h5 class=\"wp-block-heading\">11. Primjenjivo zakonodavstvo<\/h5>\n\n\n\n<p>Kao osnovno na\u010delo za sprovedbu ovog sporazuma, strane prihva\u0107aju me\u0111usobno razumijevanje i podno\u0161ljive ustupke. U tom smislu, strane se sla\u017eu rje\u0161avati sporna pitanja koja nastanu me\u0111u njima, u duhu dobre volje i putem pregovora.<\/p>\n\n\n\n<p>Svaki spor, nesuglasica ili zahtjev, koji proizilazi iz, ili je povezan sa sprovo\u0111enjem, odnosno nesprovo\u0111enjem ovog sporazuma, treba se rje\u0161avati od strana putem dogovaranja i s dobrom voljom svake od strana.<\/p>\n\n\n\n<p>U slu\u010daju nemogu\u0107nosti rje\u0161avanja sporova nastalih u vezi s ovim ugovorom, odnosno njegovim sprovo\u0111enjem, strane se sla\u017eu rje\u0161avati iste pred kompetentnim sudom, odre\u0111enog u skladu s pravilima. U slu\u010daju privatnog pravnog spora s me\u0111unarodnim elementom, sud koji je kompetentan baviti se istim, treba biti odre\u0111en prema pravilima me\u0111unarodnog privatnog prava.<\/p>\n\n\n\n<p>Primjenjivo zakonodavstvo u vezi s ovim sporazumom je zakonodavstvo dr\u017eave u kojoj je administrator registriran, a u ovom slu\u010daju to je Republika Bugarska.<\/p>\n\n\n\n<p>Datum objavljivanja: 9.07.2020. godine<\/p>\n","protected":false},"excerpt":{"rendered":"<p>Uvjeti kori\u0161tenja stranice Dobrodo\u0161li na na\u0161u web stranicu ( \u201ecocosolis.com\u201d). Ovi \u201cUvjeti kori\u0161tenja\u201d reguliraju pristup stranici COCOSOLIS.COM i kori\u0161tenje iste.Pristup web stranici i kori\u0161tenje iste, kao i kupnja proizvoda na COCOSOLIS.COM temelje se na pretpostavci da s \u010dinjenicom u\u010ditavanja Stranice od strane krajnjeg ure\u0111aja Korisnik daje suglasnost upoznati se s Op\u0107im uvjetima za kori\u0161tenje stranice &hellip; <a href=\"https:\/\/cocosolis.com\/hr\/terms-of-use\/\">Continued<\/a><\/p>\n","protected":false},"author":1,"featured_media":0,"parent":0,"menu_order":0,"comment_status":"closed","ping_status":"closed","template":"","meta":{"_acf_changed":false,"footnotes":""},"page_roles":[36],"class_list":["post-464","page","type-page","status-publish","hentry","page_roles-legal"],"acf":[],"_links":{"self":[{"href":"https:\/\/cocosolis.com\/hr\/wp-json\/wp\/v2\/pages\/464","targetHints":{"allow":["GET"]}}],"collection":[{"href":"https:\/\/cocosolis.com\/hr\/wp-json\/wp\/v2\/pages"}],"about":[{"href":"https:\/\/cocosolis.com\/hr\/wp-json\/wp\/v2\/types\/page"}],"author":[{"embeddable":true,"href":"https:\/\/cocosolis.com\/hr\/wp-json\/wp\/v2\/users\/1"}],"replies":[{"embeddable":true,"href":"https:\/\/cocosolis.com\/hr\/wp-json\/wp\/v2\/comments?post=464"}],"version-history":[{"count":4,"href":"https:\/\/cocosolis.com\/hr\/wp-json\/wp\/v2\/pages\/464\/revisions"}],"predecessor-version":[{"id":518,"href":"https:\/\/cocosolis.com\/hr\/wp-json\/wp\/v2\/pages\/464\/revisions\/518"}],"wp:attachment":[{"href":"https:\/\/cocosolis.com\/hr\/wp-json\/wp\/v2\/media?parent=464"}],"wp:term":[{"taxonomy":"page_roles","embeddable":true,"href":"https:\/\/cocosolis.com\/hr\/wp-json\/wp\/v2\/page_roles?post=464"}],"curies":[{"name":"wp","href":"https:\/\/api.w.org\/{rel}","templated":true}]}}