{"id":461,"date":"2022-05-06T15:54:55","date_gmt":"2022-05-06T13:54:55","guid":{"rendered":"http:\/\/cocosolis.com\/en\/?page_id=461"},"modified":"2022-06-17T12:30:41","modified_gmt":"2022-06-17T10:30:41","slug":"terms-of-sale","status":"publish","type":"page","link":"https:\/\/cocosolis.com\/hr\/terms-of-sale\/","title":{"rendered":"Pravila kupnje"},"content":{"rendered":"\n<h2 class=\"wp-block-heading\">PRAVILA KUPNJE<\/h2>\n\n\n\n<p>Sljede\u0107i uvjeti prodaje reguliraju ponudu i prodaju proizvoda na na\u0161oj internetskoj stranici (\u201ecocosolis.com\u201d). Proizvode kupljene na cocosolis.com izravno prodaje PURMERUL d.o.o. sa sjedi\u0161tem u Bugarskoj, Plovdiv 4002, ul. Liuleburgas 22, kat 4, stan. 9 , EIK 201172065, DDS broj BG201172065.<\/p>\n\n\n\n<h5 class=\"wp-block-heading\">1. Pravila prodaje na cocosolis.com<\/h5>\n\n\n\n<p>1.1 PURMERUL d.o.o. nudi proizvode za prodaju na \u201ecocosolis.com\u201c.<br>1.2 PURMERUL d.o.o. zadr\u017eava pravo da ne obra\u0111uje i ispunjava narud\u017ebe koje ne zadovoljavaju pravila za prodaje na cocosolis.com.<br>1.3 Ovi Uvjeti prodaje reguliraju dono\u0161enje i provedbu narud\u017ebe za proizvode cocosolis.com, izme\u0111u korisnika i cocosolis.com i PURMERUL d.o.o.<\/p>\n\n\n\n<h5 class=\"wp-block-heading\">2. Kako naru\u010diti na cocosolis.com<\/h5>\n\n\n\n<p>2.1 Za narud\u017ebu jednog ili vi\u0161e proizvoda na cocosolis.com, ispunite online zahtjev za narud\u017ebu (narud\u017ebenicu) i elektronski po\u0161aljite slijede\u0107i odgovaraju\u0107e upute.<br>2.2 Narud\u017ebenica (zahtjev za narud\u017ebu) sadr\u017ei podatke o glavnim karakteristikama svakog proizvoda kojeg ste naru\u010dili i cijene (uklju\u010duju\u0107i sve primjenjive poreze), vrstu pla\u0107anja koju mo\u017eete koristiti za kupnju, uvjete isporuke kupljenih proizvoda, tro\u0161kove isporuke i transporta. Na internetskoj stranici mo\u017eete prona\u0107i informacije o uvjetima za povrat kupljenih proizvoda, o prijevozu i tro\u0161kovima dostave, kao i podatke o prodavatelju, po\u0161tanskoj i elektroni\u010dkoj adresi, o roku unutar kojeg trgovac obe\u0107ava da \u0107e isporu\u010diti robu. Mo\u017eete prona\u0107i informacije o uvjetima za ostvarivanje Va\u0161eg prava otkazivanja, postupcima i rokovima za povrat kupljenih proizvoda, informacije o okolnostima pod kojima biste izgubili pravo otkazati dogovor u skladu sa zakonima o za\u0161titi potro\u0161a\u010da.<br>2.3 Narud\u017eba se smatra zaprimljenom kada PURMERUL d.o.o. elektronskim putem zaprimi narud\u017ebenicu (zahtjev za narud\u017ebu) i informaciju da je narud\u017ebenica ispravna.<br>2.4 Predavanje narud\u017ebenice (zahtjeva za narud\u017ebu) obvezuje upla\u0107ivanje odre\u0111enog iznosa novca. Narud\u017ebenica \u0107e biti pohranjena u na\u0161oj bazi podataka onoliko koliko je potrebno za obradu narud\u017ebe i koliko je zakonom propisano.<br>2.5 Nakon \u0161to primimo Va\u0161u narud\u017ebenicu, PURMERUL d.o.o. obradit \u0107eVa\u0161u narud\u017ebu.<br>2.6 PURMERUL d.o.o. zadr\u017eava pravo ne obraditi nepotpune i\/ili neto\u010dne narud\u017ebenice ili kada proizvodi vi\u0161e nisu dostupni na zalihama. U navedenim slu\u010dajevima, obavijestit \u0107emo Vas putem e-po\u0161te da PURMERUL d.o.o. nije proveo narud\u017ebenicu navode\u0107i razloge za to. Ako proizvodi navedeni na cocosolis.com nisu dostupni tijekom Va\u0161eg zadnjeg posjeta internetskoj stranici ili nakon \u0161to je PURMERUL d.o.o. zaprimioVa\u0161u narud\u017ebenicu (zahtjev za narud\u017ebu), PURMERUL d.o.o. obavijestit \u0107e Vas o nedostatku naru\u010denih proizvoda u roku od deset (10) dana od dana zaprimanja Va\u0161e narud\u017ebenice u PURMERUL d.o.o.<br>Ako je narud\u017ebenica (zahtjev za narud\u017ebu) poslana, a iznos za proizvode koji nisu dostupni pla\u0107en, PURMERUL d.o.o. vra\u0107a iznos upla\u0107en za takve proizvode bez odgode i u dogovoru s korisnikom.<br>2.7 Slanjem narud\u017ebenice (zahtjeva za narud\u017ebu) PURMERUL d.o.o. bezuvjetno prihva\u0107ate \u201eUvjete prodaje\u201c i obvezujete se njima. Ako se ne sla\u017eete s nekom od odredbi ovih \u201eUvjeta prodaje\u201c, nemojte slati narud\u017ebenicu (zahtjev za narud\u017ebu) na cocosolis.com.<br>2.8 Nakon \u0161to je dogovor stupio na snagu, Prodavatelj \u0107e Vam e-po\u0161tom poslati potvrdu o primitku narud\u017ebenice. Slanjem narud\u017ebenice, sla\u017eete se s \u201eUvjetima prodaje\u201c i prihva\u0107ate ih, kao i dodatne uvjete internetske stranice cocosolis.com, uklju\u010duju\u0107i i \u201eUvjete kori\u0161tenja\u201c, \u201ePravila privatnosti\u201c i \u201ePravila povrata\u201c.<br>2.9 \u017delimo Vas podsjetiti da su svi kupljeni proizvodi namijenjeni za upotrebu u zemlji u kojoj su naru\u010deni. Me\u0111utim, ako ste se odlu\u010dili izvesti proizvode u druge zemlje, bit \u0107ete odgovorni za po\u0161tivanje zakona o izvozu zemlje u kojoj ste ih kupili i zakona o uvozu zemlje u koju se uvozi. PURMERUL d.o.o. ne snosi odgovornost u tome slu\u010daju.<\/p>\n\n\n\n<h5 class=\"wp-block-heading\">3. Jamstva za proizvod. Cijene proizvoda.<\/h5>\n\n\n\n<p>3.1 Na cocosolis.com nudimo luksuzne i visoko kvalitetne proizvode na prodaju.<br>3.2 Glavne zna\u010dajke proizvoda prikazane su na cocosolis.com, na svakoj stranici proizvoda.<br>3.3 Cijene su podlo\u017ene promjenama. Provjerite kona\u010dnu prodajnu cijenu prije slanja narud\u017ebenice (zahtjeva za narud\u017ebu).<br>3.4 Narud\u017ebe zaprimljene na internetskoj stranci za mjesta i dr\u017eave do kojih PURMERUL d.o.o. ne mo\u017ee izvr\u0161iti dostavu, automatski \u0107e se poni\u0161titi.<br>3.5 U skladu sa zakonima o za\u0161titi potro\u0161a\u010da, bit \u0107ete odgovorni za bilo koje smanjenje vrijednosti proizvoda kupljenih na cocosolis.com uzrokovano nepravilnom uporabom proizvoda. Dakle, u slu\u010daju da odlu\u010dite ostvariti svoje pravo na povrat kupljenih proizvoda, COCOSOLIS ima pravo ne prihvatiti odre\u0111ene proizvode ili ne isplatiti u potpunosti iznos pla\u0107en za kupljene proizvode, ako proizvodi nisu u izvornome obliku ili su o\u0161te\u0107eni.<\/p>\n\n\n\n<h5 class=\"wp-block-heading\">4. Pla\u0107anje<\/h5>\n\n\n\n<p>4.1 Pla\u0107anje vrijednosti proizvoda i povezanih tro\u0161kova dostave treba biti izvr\u0161eno pomo\u0107u jednog od postupaka navedenih u narud\u017ebenici. Ni pod kojim okolnostima ne\u0107e Vam biti napla\u0107eno vi\u0161e od iznosa koji je odre\u0111en od strane Prodavatelja u vezi s unaprijed odabranim na\u010dinom pla\u0107anja.<br>4.2 U slu\u010daju pla\u0107anja kreditnom ili debitnom karticom, svi detalji (na primjer, broj kartice i datum isteka) bit \u0107e poslani \u0161ifriranim protokolom u banku, koja pru\u017ea daljinsku elektroni\u010dku uslugu platnog prometa, bez pristupa tre\u0107e strane. Ove \u0107e detalje PURMERUL d.o.o. koristiti samo za provedbu postupka koji se odnosi na kupnju ili izdavanje povrata novca u slu\u010daju povrata robe u skladu sa svojim \u201ePravilima povrata\u201c ili za prijavljivanje slu\u010dajeva prijevare policiji.<\/p>\n\n\n\n<h5 class=\"wp-block-heading\">5. Kodovi za popust<\/h5>\n\n\n\n<p>5.1 Kodovi za popust personalizirani su kodovi koji vam omogu\u0107uju da iskoristite popuste na kupnju na cocosolis.com.<br>5.2 Kodovi za popust ni pod kojim se uvjetima ne mogu zamijeniti za novac.<\/p>\n\n\n\n<h5 class=\"wp-block-heading\">6. Pravo na povrat u skladu sa zakonima o za\u0161titi potro\u0161a\u010da<\/h5>\n\n\n\n<p>6.1 U skladu sa zakonima o za\u0161titi potro\u0161a\u010da proizvode kupljene na cocosolis.com mo\u017eete vratiti bez navo\u0111enja razloga, u roku od \u010detrnaest (14) dana od primitka kupljenog proizvoda s cocosolis.com.<br>6.2 Nakon \u0161to iskoristite svoje pravo otkazivanja dogovora, proizvode ste du\u017eni vratiti Prodavatelju i poslati ih putem kurirske slu\u017ebe u roku od \u010detrnaest (14) dana nakon \u0161to ste obavijestiti Prodavatelja o svojoj odluci otkazivanja kupnje.<\/p>\n\n\n\n<h5 class=\"wp-block-heading\">7. Zakon<\/h5>\n\n\n\n<p>7.1 Ovi \u201eOp\u0107i uvjeti prodaje\u201c uvjetovani su zakonom Bugarske.<\/p>\n\n\n\n<h5 class=\"wp-block-heading\">8. Odgovornost (Indemnification)<\/h5>\n\n\n\n<p>Informacije o sastojcima, koji se koriste u kozmeti\u010dkim proizvodima tvrtke COCOSOLIS.COM, koji se pojavljuju na Stranici, ne smiju biti, niti ih treba tuma\u010diti kao savjet ili preporuku u vezi s upotrebom kozmeti\u010dkog proizvoda. Ako imate pitanja u vezi s upotrebom kozmeti\u010dkog proizvoda, molimo, pregledajte naljepnicu koja se nalazi na proizvodu, kontaktirajte nas ili se posavjetujte s medicinskim stru\u010dnjakom.<\/p>\n\n\n\n<p>Kori\u0161tenjem Stranice potvr\u0111ujete i prihva\u0107ate da su informacije prikazane na Stranici, uklju\u010duju\u0107i i svaku informaciju pru\u017eenu od strane medicinskih stru\u010dnjaka, namijenjene samo za op\u0107e obrazovne svrhe. Na\u0161i proizvodi ne mogu dovesti do pojave zdravstvenih problema. Prema Va\u0161em naho\u0111enju, uvijek potra\u017eite savjet lije\u010dnika ili drugu kvalificiranu pomo\u0107, u vezi s pitanjima koja mo\u017eete imati u vezi s bilo kojim medicinskim stanjem.<\/p>\n\n\n\n<p>Oslanjanje na bilo kakve informacije, koje su pru\u017eene na Stranici , jedino je na Va\u0161 osobni rizik.<\/p>\n\n\n\n<h5 class=\"wp-block-heading\">9. Izmjene i a\u017euriranja<\/h5>\n\n\n\n<p>\u201eOp\u0107i uvjeti prodaje\u201c mogu se izmijeniti zbog novih zakona i propisa ili iz drugih razloga. Nove\u201c Op\u0107e uvjete prodaje\u201c valja primjenjivati od datuma objavljivanja na cocosolis.com.<\/p>\n\n\n\n<p>Datum objavljivanja: 9.07.2020. godine<\/p>\n","protected":false},"excerpt":{"rendered":"<p>PRAVILA KUPNJE Sljede\u0107i uvjeti prodaje reguliraju ponudu i prodaju proizvoda na na\u0161oj internetskoj stranici (\u201ecocosolis.com\u201d). Proizvode kupljene na cocosolis.com izravno prodaje PURMERUL d.o.o. sa sjedi\u0161tem u Bugarskoj, Plovdiv 4002, ul. Liuleburgas 22, kat 4, stan. 9 , EIK 201172065, DDS broj BG201172065. 1. Pravila prodaje na cocosolis.com 1.1 PURMERUL d.o.o. nudi proizvode za prodaju na &hellip; <a href=\"https:\/\/cocosolis.com\/hr\/terms-of-sale\/\">Continued<\/a><\/p>\n","protected":false},"author":1,"featured_media":0,"parent":0,"menu_order":0,"comment_status":"closed","ping_status":"closed","template":"","meta":{"_acf_changed":false,"footnotes":""},"page_roles":[36],"class_list":["post-461","page","type-page","status-publish","hentry","page_roles-legal"],"acf":[],"_links":{"self":[{"href":"https:\/\/cocosolis.com\/hr\/wp-json\/wp\/v2\/pages\/461","targetHints":{"allow":["GET"]}}],"collection":[{"href":"https:\/\/cocosolis.com\/hr\/wp-json\/wp\/v2\/pages"}],"about":[{"href":"https:\/\/cocosolis.com\/hr\/wp-json\/wp\/v2\/types\/page"}],"author":[{"embeddable":true,"href":"https:\/\/cocosolis.com\/hr\/wp-json\/wp\/v2\/users\/1"}],"replies":[{"embeddable":true,"href":"https:\/\/cocosolis.com\/hr\/wp-json\/wp\/v2\/comments?post=461"}],"version-history":[{"count":4,"href":"https:\/\/cocosolis.com\/hr\/wp-json\/wp\/v2\/pages\/461\/revisions"}],"predecessor-version":[{"id":517,"href":"https:\/\/cocosolis.com\/hr\/wp-json\/wp\/v2\/pages\/461\/revisions\/517"}],"wp:attachment":[{"href":"https:\/\/cocosolis.com\/hr\/wp-json\/wp\/v2\/media?parent=461"}],"wp:term":[{"taxonomy":"page_roles","embeddable":true,"href":"https:\/\/cocosolis.com\/hr\/wp-json\/wp\/v2\/page_roles?post=461"}],"curies":[{"name":"wp","href":"https:\/\/api.w.org\/{rel}","templated":true}]}}