{"id":1000035985,"date":"2026-02-27T10:28:19","date_gmt":"2026-02-27T09:28:19","guid":{"rendered":"https:\/\/cocosolis.com\/hr\/?page_id=1000035985"},"modified":"2026-02-27T10:28:31","modified_gmt":"2026-02-27T09:28:31","slug":"women-day-2026","status":"publish","type":"page","link":"https:\/\/cocosolis.com\/hr\/terms-of-use\/women-day-2026\/","title":{"rendered":"Op\u0107i uvjeti promocije &#8220;Women&#8217;s Day Promo&#8221;"},"content":{"rendered":"\n<h2 class=\"wp-block-heading\"><strong>Op\u0107i uvjeti promocije <\/strong><strong>&#8220;Women&#8217;s Day Promo&#8221;<\/strong><strong>&nbsp;<\/strong><\/h2>\n\n\n\n<ol class=\"wp-block-list\">\n<li><strong>Organizator promocije<\/strong>\n<ol class=\"wp-block-list\">\n<li>Organizator promocije &#8220;Women&#8217;s Day Promo&#8221; je tvrtka \u201cPURMERUL\u201d d.o.o. sa sjedi\u0161tem u Bugarskoj, Plovdiv 4002, ul. Lyuleburgas 22, sprat 4, stan 9, Reg.br. 201172065.<\/li>\n<\/ol>\n<\/li>\n\n\n\n<li><strong>Slu\u017ebena pravila<\/strong>\n<ol class=\"wp-block-list\">\n<li>Sudionici promocije du\u017eni su po\u0161tivati odredbe i uvjete pravila opisanih u nastavku, nazvanih Slu\u017ebena pravila.<\/li>\n\n\n\n<li>Slu\u017ebena pravila objavljuju se prije po\u010detka Promocije na <a href=\"https:\/\/cocosolis.com\/hr\/\">https:\/\/cocosolis.com\/hr\/<\/a>. Vi\u0161e informacija mo\u017eete dobiti pozivom na broj +385 1 775 7004 (cijena poziva utvr\u0111ena je tarifnim planom pozivatelja) svakog radnog dana od 09:30 do 18:00.<\/li>\n\n\n\n<li>Organizator Promocije pridr\u017eava pravo izmijeniti ili dopuniti Slu\u017ebena pravila u bilo kojem trenutku u skladu sa zakonskim propisima.<\/li>\n<\/ol>\n<\/li>\n\n\n\n<li><strong>Podru\u010dje provo\u0111enja promocije<\/strong>\n<ol class=\"wp-block-list\">\n<li>Promocija se odr\u017eava na podru\u010dju Republike Hrvatske.<\/li>\n<\/ol>\n<\/li>\n\n\n\n<li><strong>Pravo na sudjelovanje<\/strong>\n<ol class=\"wp-block-list\">\n<li>Sva fizi\u010dka lica starija od 18 godina koja \u017eive na podru\u010dju Republike Hrvatske imaju pravo na\u00a0 sudjelovanje u Promociji.<\/li>\n\n\n\n<li>Zaposlenici tvrtke PURMERUL d.o.o., kao i svi partneri i agencije povezane s promocijom, kao i \u010dlanovi obitelji svih gore navedenih osoba, ne smiju sudjelovati u Promociji.<\/li>\n<\/ol>\n<\/li>\n\n\n\n<li><strong>Trajanje promocije<\/strong>\n<ol class=\"wp-block-list\">\n<li>Akcija vrijedi do isteka zaliha.<\/li>\n<\/ol>\n<\/li>\n\n\n\n<li><strong>Proizvodi<\/strong>\n<ol class=\"wp-block-list\">\n<li>Promocija uklju\u010duje sve proizvode dostupne na web stranici <a href=\"https:\/\/cocosolis.com\/hr\/\">https:\/\/cocosolis.com\/hr\/<\/a>.<\/li>\n<\/ol>\n<\/li>\n\n\n\n<li><strong>Opis promocije i mehanizam sudjelovanja u promociji<\/strong>\n<ol class=\"wp-block-list\">\n<li>Prilikom posjete web-stranici pojavljuje se igra COCOSOLIS. Kako bi osvojio nagradu, korisnik najprije mora unijeti svoju e-mail adresu. Nakon uspje\u0161nog unosa e-maila, korisnik ima mogu\u0107nost osvojiti jednu od nagrada koje su unaprijed najavljene prije po\u010detka igre.<\/li>\n\n\n\n<li>Ova promocija omogu\u0107uje kupcu da besplatno dobije bestseller kao nagradu kada doda proizvod\/proizvode po izboru s web-stranice COCOSOLIS u vrijednosti iznad \u20ac25 (tro\u0161ak dostave nije uklju\u010den). Poklon \u0107e se automatski primijeniti kada korisnik doda proizvod\/proizvode u ko\u0161aricu.<\/li>\n\n\n\n<li>Mogu\u0107e nagrade su:<\/li>\n<\/ol>\n<\/li>\n<\/ol>\n\n\n\n<p>\u2022 GROW Hair Growth Serum Spray<\/p>\n\n\n\n<p>\u2022 GROW Growth &amp; Anti-aging Shampoo<\/p>\n\n\n\n<p>\u2022 GROW Growth &amp; Anti-aging Conditioner<\/p>\n\n\n\n<p>\u2022 SLIM+ Shaping Serum<\/p>\n\n\n\n<p>\u2022 HOT+ Fat-burning Serum<\/p>\n\n\n\n<p>\u2022 SKIN+ Anti-cellulite Serum<\/p>\n\n\n\n<ol start=\"4\" class=\"wp-block-list\">\n<li>U slu\u010daju osvajanja besplatnog proizvoda, kupac dobiva dodatnu ponudu da ostvari jo\u0161 jedan besplatan proizvod ako svojoj narud\u017ebi doda jo\u0161 jedan proizvod\/proizvode po izboru u minimalnoj vrijednosti od \u20ac25.<\/li>\n\n\n\n<li>Kada narud\u017eba dosegne odre\u0111eni iznos, kupci dobivaju i poklon: COCOSOLIS Cloud Pouch.<\/li>\n\n\n\n<li>Ponuda vrijedi samo na slu\u017ebenoj COCOSOLIS web stranici, do isteka zaliha. Kupci tako\u0111er mogu kupiti odabrane proizvode uklju\u010dene u posebne promo pakete s unaprijed odre\u0111enim postotnim popustom.<\/li>\n\n\n\n<li>Da biste iskoristili promociju, osim na <a href=\"https:\/\/cocosolis.com\/hr\/\">https:\/\/cocosolis.com\/hr\/<\/a>, mo\u017eete izvr\u0161iti svoje narud\u017ebe na sljede\u0107e na\u010dine:\n<ol class=\"wp-block-list\">\n<li>pozivom na telefon +385 1 775 7004<\/li>\n\n\n\n<li>slanjem osobne poruke na Facebook profil COCOSOLIS-a: <a href=\"http:\/\/www.facebook.com\/cocosolishr\">www.facebook.com\/cocosolishr<\/a>\u00a0<\/li>\n\n\n\n<li>slanjem osobne poruke na Instagram profil COCOSOLIS-a:\u00a0<\/li>\n\n\n\n<li><a href=\"http:\/\/www.instagram.com\/cocosolishr\">www.instagram.com\/cocosolishr<\/a>\u00a0\u00a0<\/li>\n<\/ol>\n<\/li>\n\n\n\n<li>Dostava se vr\u0161i putem kurirske tvrtke GLS na adresu koju je naveo sudionik. Ako kupac ne osigura pristup i uvjete isporuke robe na navedenu adresu u navedenom roku, Organizator se osloba\u0111a obveze izvr\u0161enja isporuke. Ova se promocija ne mo\u017ee kombinirati s ostalim popustima.<\/li>\n\n\n\n<li>Sve ostale ponude promotivnih paketa i kodovi za popust NE vrijede tijekom razdoblja promocije spomenutog u to\u010dki 5.<\/li>\n<\/ol>\n\n\n\n<ol start=\"8\" class=\"wp-block-list\">\n<li><strong>Sporovi i odgovornost<\/strong>\n<ol class=\"wp-block-list\">\n<li>Sporovi izme\u0111u Organizatora Promocije i sudionika rje\u0161avat \u0107e se obostrano. Ako je nemogu\u0107e posti\u0107i sporazum, spor \u0107e rje\u0161avati nadle\u017eni sudovi u Republici Bugarskoj.<\/li>\n\n\n\n<li>Organizator ne\u0107e biti odgovoran za dodjelu nagrada izvan vremenskih rokova i zaliha navedenih u ovim pravilima.\u00a0<\/li>\n\n\n\n<li>Organizator Promocije nije odgovoran ako je sudionik dao neva\u017ee\u0107u adresu e-po\u0161te ili kontakt telefon.<\/li>\n<\/ol>\n<\/li>\n\n\n\n<li><strong>Zamjena i povrat proizvoda<\/strong>\n<ol class=\"wp-block-list\">\n<li>U skladu sa zakonom o za\u0161titi potro\u0161a\u010da, sudionik ima pravo vratiti kupljene proizvode bez ikakvih sankcija i bez navo\u0111enja razloga. Potrebno je samo obavijestiti COCOSOLIS.COM u roku od \u010detrnaest (14) dana od dana primitka po\u0161iljke.<\/li>\n\n\n\n<li>Vra\u0107ene proizvode potrebno je poslati COCOSOLIS-u u roku od sedam (7) dana od datuma kada je zahtjev za povrat primljen.<\/li>\n\n\n\n<li>Pod odre\u0111enim uvjetima mogu\u0107e je zamijeniti jedan proizvod drugim.\u00a0<\/li>\n\n\n\n<li>Molimo upoznajte se s uvjetima povrata ovdje: <a href=\"https:\/\/cocosolis.com\/hr\/return-policy\/\">https:\/\/cocosolis.com\/hr\/return-policy\/<\/a>\u00a0\u00a0<\/li>\n<\/ol>\n<\/li>\n\n\n\n<li><strong>Prekid promocije<\/strong>\n<ol class=\"wp-block-list\">\n<li>Organizator ima neopozivo pravo u bilo kojem trenutku prekinuti Promociju u skladu s to\u010dkom 2. ovih slu\u017ebenih pravila u slu\u010daju zlouporabe, kr\u0161enja pravila, kao i u slu\u010daju vi\u0161e sile ili iz drugih objektivnih razloga. U slu\u010daju zloupotrebe, nedoli\u010dnog pona\u0161anja ili kr\u0161enja Slu\u017ebenih pravila od strane sudionika, Organizator ima pravo da ga diskvalificira. U tim slu\u010dajevima organizator ne duguje naknadu ovim sudionicima.\u00a0<\/li>\n<\/ol>\n<\/li>\n\n\n\n<li><strong>Za\u0161tita osobnih podataka\u00a0<\/strong>\n<ol class=\"wp-block-list\">\n<li>Molimo upoznajte se s na\u0161im uvjetima politike povjerljivosti ovdje: <a href=\"https:\/\/cocosolis.com\/hr\/privacy-policy\/\">https:\/\/cocosolis.com\/hr\/privacy-policy\/<\/a>\u00a0\u00a0<\/li>\n<\/ol>\n<\/li>\n\n\n\n<li><strong>Najni\u017ea cijena po kojoj je proizvod prodan u posljednjih 30 dana.<\/strong>\n<ol class=\"wp-block-list\">\n<li>Odre\u0111uje se posebno za svaku akciju i ozna\u010dava najni\u017eu cijenu po kojoj se proizvod prodavao na stranici u zadnjih 30 dana prije trenutne akcije.<\/li>\n\n\n\n<li>Proizvod za koji prikazujemo ovu cijenu je mo\u017eda kupljen po ni\u017eoj cijeni u prethodnom razdoblju ukoliko je kupac iskoristio dodatni kupon\/promo kod za pojedina\u010dni popust.<\/li>\n\n\n\n<li>Mo\u017ee se razlikovati od cijene po kojoj se proizvod prodavao neposredno prije trenutne akcije.<\/li>\n\n\n\n<li>Odnosi se samo na cijenu proizvoda na slu\u017ebenim stranicama COCOSOLIS-a i ne uzima u obzir cijene u pojedinim fizi\u010dkim trgovinama u kojima je proizvod dostupan.<\/li>\n\n\n\n<li>Mo\u017ee postojati razlika izme\u0111u &#8220;najni\u017ee cijene&#8221; istog proizvoda u razli\u010ditim promocijama.<\/li>\n\n\n\n<li>Promocije na stranici i njihovi uvjeti mogu se razlikovati od popusta i akcija u fizi\u010dkim trgovinama u kojima su COCOSOLIS proizvodi dostupni. Prilikom naru\u010divanja na stranici vrijede samo uvjeti objavljeni na stranici i primjenjivi na internet trgovinu.<\/li>\n\n\n\n<li>Za promotivne pakete, &#8220;Najni\u017ea cijena u zadnjih 30 dana&#8221; odgovara redovnoj cijeni proizvoda uklju\u010denih u promotivni paket.<\/li>\n<\/ol>\n<\/li>\n<\/ol>\n","protected":false},"excerpt":{"rendered":"<p>Op\u0107i uvjeti promocije &#8220;Women&#8217;s Day Promo&#8221;&nbsp; \u2022 GROW Hair Growth Serum Spray \u2022 GROW Growth &amp; Anti-aging Shampoo \u2022 GROW Growth &amp; Anti-aging Conditioner \u2022 SLIM+ Shaping Serum \u2022 HOT+ Fat-burning Serum \u2022 SKIN+ Anti-cellulite Serum<\/p>\n","protected":false},"author":1000000384,"featured_media":0,"parent":464,"menu_order":0,"comment_status":"closed","ping_status":"closed","template":"","meta":{"_acf_changed":false,"footnotes":""},"page_roles":[],"class_list":["post-1000035985","page","type-page","status-publish","hentry"],"acf":[],"_links":{"self":[{"href":"https:\/\/cocosolis.com\/hr\/wp-json\/wp\/v2\/pages\/1000035985","targetHints":{"allow":["GET"]}}],"collection":[{"href":"https:\/\/cocosolis.com\/hr\/wp-json\/wp\/v2\/pages"}],"about":[{"href":"https:\/\/cocosolis.com\/hr\/wp-json\/wp\/v2\/types\/page"}],"author":[{"embeddable":true,"href":"https:\/\/cocosolis.com\/hr\/wp-json\/wp\/v2\/users\/1000000384"}],"replies":[{"embeddable":true,"href":"https:\/\/cocosolis.com\/hr\/wp-json\/wp\/v2\/comments?post=1000035985"}],"version-history":[{"count":1,"href":"https:\/\/cocosolis.com\/hr\/wp-json\/wp\/v2\/pages\/1000035985\/revisions"}],"predecessor-version":[{"id":1000035986,"href":"https:\/\/cocosolis.com\/hr\/wp-json\/wp\/v2\/pages\/1000035985\/revisions\/1000035986"}],"up":[{"embeddable":true,"href":"https:\/\/cocosolis.com\/hr\/wp-json\/wp\/v2\/pages\/464"}],"wp:attachment":[{"href":"https:\/\/cocosolis.com\/hr\/wp-json\/wp\/v2\/media?parent=1000035985"}],"wp:term":[{"taxonomy":"page_roles","embeddable":true,"href":"https:\/\/cocosolis.com\/hr\/wp-json\/wp\/v2\/page_roles?post=1000035985"}],"curies":[{"name":"wp","href":"https:\/\/api.w.org\/{rel}","templated":true}]}}