{"id":386,"date":"2022-05-06T13:12:09","date_gmt":"2022-05-06T13:12:09","guid":{"rendered":"http:\/\/cocosolis.com\/en\/?post_type=product&#038;p=386"},"modified":"2026-04-02T13:51:10","modified_gmt":"2026-04-02T11:51:10","slug":"skin-anti-cellulite-dry-oil","status":"publish","type":"product","link":"https:\/\/cocosolis.com\/fr\/product\/skin-anti-cellulite-dry-oil\/","title":{"rendered":"SKIN Anti-cellulite Dry Oil"},"content":{"rendered":"","protected":false},"excerpt":{"rendered":"","protected":false},"featured_media":1000004573,"template":"","meta":{"_acf_changed":false},"product_brand":[],"product_cat":[19],"product_tag":[],"product_template":[70],"class_list":{"0":"post-386","1":"product","2":"type-product","3":"status-publish","4":"has-post-thumbnail","6":"product_cat-skin","7":"product_template-v-2024-clean","9":"first","10":"instock","11":"shipping-taxable","12":"purchasable","13":"product-type-variable","14":"has-default-attributes"},"acf":{"_v2024__listing_and_sharing_info__listing_category":"SKIN","_v2024__listing_and_sharing_info__product_type":"Anti-cellulite Dry Oil","_v2024__listing__and_sharing_info__listing_below_title_in_product_page":"Huile s\u00e8che naturelle anti-cellulite. Remod\u00e8le et fa\u00e7onne la silhouette.","_v2024__listing_and_sharing_info__listing_description":"Huile s\u00e8che naturelle anti-cellulite. Remod\u00e8le et fa\u00e7onne la silhouette.","_v2024__listing_and_sharing_info__image":1000000387,"_v2024__product_hero__hero_type":"carousel","_v2024__product_hero__product_slider_gallery":[{"_v2024__product_hero__product_slider_gallery__image":1000006640,"_v2024__product_hero__product_slider_gallery__video_link":""},{"_v2024__product_hero__product_slider_gallery__image":1000006642,"_v2024__product_hero__product_slider_gallery__video_link":""},{"_v2024__product_hero__product_slider_gallery__image":1000006644,"_v2024__product_hero__product_slider_gallery__video_link":""},{"_v2024__product_hero__product_slider_gallery__image":1000006648,"_v2024__product_hero__product_slider_gallery__video_link":""},{"_v2024__product_hero__product_slider_gallery__image":1000006650,"_v2024__product_hero__product_slider_gallery__video_link":""},{"_v2024__product_hero__product_slider_gallery__image":1000006652,"_v2024__product_hero__product_slider_gallery__video_link":""},{"_v2024__product_hero__product_slider_gallery__image":1000006654,"_v2024__product_hero__product_slider_gallery__video_link":"https:\/\/player.vimeo.com\/progressive_redirect\/playback\/1042663347\/rendition\/720p\/file.mp4?loc=external&amp;log_user=0&amp;signature=29fc6b4b2d0e8d5e65fdcdb9fd54acbe00beb382a0e54c015ca4f3f5f9c8c448&amp;user_id=110095091"}],"_v2024__before_and_after_image":1000006535,"_v2024__before_and_after_image_mobile":1000006536,"_v2024__product_hero__quantity":"","_v2024__product_hero__product_disclamer":"","_v2024__why_use__should_show":"visible","_v2024__why_use__description_text":"Huile s\u00e8che naturelle anti-cellulite avec des ingr\u00e9dients biologiques. Remod\u00e8le et fa\u00e7onne la silhouette..","_v2024__why_use__text_content":"<ul>\r\n \t<li>R\u00e9duit visiblement la \u00ab\u00a0peau d\u2019orange\u00a0\u00bb<\/li>\r\n \t<li>Raffermit, tonifie et renouvelle la peau, en am\u00e9liorant son \u00e9lasticit\u00e9 et sa texture<\/li>\r\n \t<li>Formule efficace avec des ingr\u00e9dients naturels et v\u00e9g\u00e9taliens. Avec un principe actif brevet\u00e9 et \u00e9prouv\u00e9, des huiles biologiques de myrtille, de raisin et de caf\u00e9 enrichies en vitamine E naturelle<\/li>\r\n \t<li>P\u00e9n\u00e8tre rapidement et en profondeur<\/li>\r\n \t<li>Adapt\u00e9e aux peaux d\u00e9licates et sensibles<\/li>\r\n \t<li>Ar\u00f4me de muffin aux myrtilles<\/li>\r\n<\/ul>","_v2024__why_use__product_notes_and_remarks":"","_v2024__why_use__background_color":"#FBF1EB","_v2024__why_use__heading_color":"#816c65","_v2024__why_use__text_color":"#816c65","_v2024__why_use__image_desktop":1000006696,"_v2024__why_use__image_mobile":1000006697,"_v2024__stats_show":false,"_v2024__stats_repeater":null,"_v2024__stats_repeater_disclaimer":null,"_v2024__benefits__icons_repeater":[{"_v2024__benefit__icons_repeater_icon":1000006750,"_v2024__benefit__icons_repeater_text":"REMOD\u00c8LE ET FA\u00c7ONNNE LA SILHOUETTE"},{"_v2024__benefit__icons_repeater_icon":1000006740,"_v2024__benefit__icons_repeater_text":"P\u00c9N\u00c8TRE RAPIDEMENT ET EN PROFONDEUR"},{"_v2024__benefit__icons_repeater_icon":1000006746,"_v2024__benefit__icons_repeater_text":"INGR\u00c9DIENTS BIOLOGIQUES ET NATURELS"},{"_v2024__benefit__icons_repeater_icon":1000006745,"_v2024__benefit__icons_repeater_text":"AR\u00d4ME DE MUFFIN AUX MYRTILLES"}],"_v2024__image_ingreddients__intro_text":"D\u00e9couvrez les puissants ingr\u00e9dients naturels qui fa\u00e7onnent la silhouette et qui combattent la cellulite\u00a0: des huiles biologiques associ\u00e9es \u00e0 un principe actif brevet\u00e9 dont l\u2019efficacit\u00e9 est prouv\u00e9e.","_v2024__image_ingreddients__additional_description":"","_v2024__image_ingreddients__disclamer_inner":"","_v2024__image_ingredients__repeater":[{"_v2024__image_ingredients__ingredient_image":1000006705,"_v2024__image_ingredients__ingredient_title":"PRINCIPE ACTIF NATUREL\u00ae","_v2024__image_ingredients__ingredient_description":"Formule brevet\u00e9e dont l\u2019efficacit\u00e9 est prouv\u00e9e\u00a0: utilis\u00e9e r\u00e9guli\u00e8rement, elle corrige la \u00ab\u00a0peau d\u2019orange\u00a0\u00bb, elle favorise la r\u00e9duction des amas graisseux et inhibe leur formation."},{"_v2024__image_ingredients__ingredient_image":1000006709,"_v2024__image_ingredients__ingredient_title":"HUILE DE MYRTILLES","_v2024__image_ingredients__ingredient_description":"Extr\u00eamement riche en antioxydants et en acides gras om\u00e9ga-3, elle retarde le vieillissement, raffermit les contours et lisse les ridules."},{"_v2024__image_ingredients__ingredient_image":1000006713,"_v2024__image_ingredients__ingredient_title":"BEURRE DE CAF\u00c9","_v2024__image_ingredients__ingredient_description":"Stimule la d\u00e9toxification et la synth\u00e8se du collag\u00e8ne, contribuant ainsi \u00e0 r\u00e9duire la cellulite. Laisse la peau douce et soyeuse."},{"_v2024__image_ingredients__ingredient_image":1000006716,"_v2024__image_ingredients__ingredient_title":"HUILE DE P\u00c9PINS DE RAISIN","_v2024__image_ingredients__ingredient_description":"Contribue \u00e0 resserrer la peau, \u00e0 la r\u00e9g\u00e9n\u00e9rer et \u00e0 r\u00e9guler son hydratation. Tonifie et \u00e9claircit le teint."},{"_v2024__image_ingredients__ingredient_image":1000006717,"_v2024__image_ingredients__ingredient_title":"HUILE DE JOJOBA","_v2024__image_ingredients__ingredient_description":"Hydrate en profondeur, r\u00e9pare et retend la peau en cr\u00e9ant un film protecteur gr\u00e2ce \u00e0 sa composition unique similaire au s\u00e9bum humain."},{"_v2024__image_ingredients__ingredient_image":1000006712,"_v2024__image_ingredients__ingredient_title":"HUILE DE NOIX DE COCO","_v2024__image_ingredients__ingredient_description":"P\u00e9n\u00e8tre facilement, hydrate en profondeur et laisse la peau douce et souple. Prot\u00e8ge contre les taches de soleil et de vieillesse et cr\u00e9\u00e9 un bronzage dor\u00e9."},{"_v2024__image_ingredients__ingredient_image":1000006723,"_v2024__image_ingredients__ingredient_title":"PRINCIPES ACTIFS","_v2024__image_ingredients__ingredient_description":"Extraite d\u2019une huile d\u2019olive de haute qualit\u00e9, elle garantit une p\u00e9n\u00e9tration rapide des huiles dans la peau."},{"_v2024__image_ingredients__ingredient_image":1000006730,"_v2024__image_ingredients__ingredient_title":"VITAMINE E NATURELLE","_v2024__image_ingredients__ingredient_description":"Antioxydant puissant qui combat les signes du vieillissement et qui renforce le processus naturel de gu\u00e9rison de la peau."}],"_v2024__image_ingredients__all_ingredients":"CAPRYLIC\/CAPRIC TRIGLYCERIDE, COCOS NUCIFERA OIL*, SIMMONDSIA CHINENSIS SEED OIL*, OCTYLDODECYL OLIVATE, VITIS VINIFERA SEED OIL*, SORBITAN LAURATE, TOCOPHEROL, LAUROYL PROLINE, HELIANTHUS ANNUUS SEED OIL, VACCINIUM MYRTILLUS SEED OIL, COFFEA ARABICA SEED OIL*, PARFUM, LINALOOL, LINALYL ACETATE, ALPHA-ISOMETHYL IONONE, CITRONELLOL, BENZYL ALCOHOL, VANILLIN <strong>(NATURAL EMOLLIENT, COCONUT OIL*, JOJOBA OIL*, OCTYLDODECYL OLIVATE (FROM OLIVE OIL), GRAPE SEED OIL*, SORBITANE LAUREATE, NATURAL VITAMIN E, LAUROYL PROLINE, SUNFLOWER SEED OIL, BLUEBERRY SEED OIL, COFFEE SEED OIL*, PARFUM, LINALOOL, LINALYL ACETATE, ALPHA-ISOMETHYL IONONE, CITRONELLOL, BENZYL ALCOHOL, VANILLIN)<\/strong>\r\n\r\n<em>*Ingr\u00e9dients certifi\u00e9s bio<\/em>\r\n\r\n<em>Nous vous prions de bien vouloir noter que la liste des ingr\u00e9dients peut l\u00e9g\u00e8rement varier dans le temps compte-tenu des am\u00e9liorations du produit. Voir sur l'emballage du produit pour l'information actualis\u00e9e.<\/em>","_v2024__usage_content__left_content":"<h4>SOIN QUOTIDIEN INTENSIF<\/h4>\r\nAppliquez le matin et le soir sur les zones souhait\u00e9es ou sur tout le corps avec des mouvements de massage. Utilisez-la imm\u00e9diatement apr\u00e8s la douche. Pour des r\u00e9sultats optimaux, nous recommandons d\u2019utiliser un accessoire de massage ou une ventouse. Vous pouvez \u00e9galement utiliser l\u2019huile dans le cadre d\u2019un massage de votre massoth\u00e9rapeute.\r\n<h4>POUR DE MEILLEURS R\u00c9SULTATS<\/h4>\r\nCombinez l\u2019action de l\u2019huile anti-cellulite avec une hydratation suffisante et une activit\u00e9 physique.","_v2024__usage_content__right_bottom_content":"","_v2024__usage_content__note":"","_v2024__usage_content__storage":"Conserver dans un endroit frais et sec. Ne pas r\u00e9frig\u00e9rer. Le produit durcit s'il est conserv\u00e9 dans un endroit frais ce qui emp\u00eache le contenu de sortir de la pompe. Pour le rendre liquide, laissez le flacon \u00e0 temp\u00e9rature ambiante \u00e0 plus de 25\u0421\u00b0. Ne pas ouvrir le flacon lorsque le produit a durci, car vous risquez de casser la pompe.\r\n\r\n&nbsp;\r\n\r\nA usage externe uniquement. Cesser l'utilisation en cas d'irritation. Ne pas utiliser sur une peau endommag\u00e9e ou bless\u00e9e. \u00c9viter le contact avec les yeux. Tenir hors de la port\u00e9e des enfants !"},"_links":{"self":[{"href":"https:\/\/cocosolis.com\/fr\/wp-json\/wp\/v2\/product\/386","targetHints":{"allow":["GET"]}}],"collection":[{"href":"https:\/\/cocosolis.com\/fr\/wp-json\/wp\/v2\/product"}],"about":[{"href":"https:\/\/cocosolis.com\/fr\/wp-json\/wp\/v2\/types\/product"}],"wp:featuredmedia":[{"embeddable":true,"href":"https:\/\/cocosolis.com\/fr\/wp-json\/"}],"wp:attachment":[{"href":"https:\/\/cocosolis.com\/fr\/wp-json\/wp\/v2\/media?parent=386"}],"wp:term":[{"taxonomy":"product_brand","embeddable":true,"href":"https:\/\/cocosolis.com\/fr\/wp-json\/wp\/v2\/product_brand?post=386"},{"taxonomy":"product_cat","embeddable":true,"href":"https:\/\/cocosolis.com\/fr\/wp-json\/wp\/v2\/product_cat?post=386"},{"taxonomy":"product_tag","embeddable":true,"href":"https:\/\/cocosolis.com\/fr\/wp-json\/wp\/v2\/product_tag?post=386"},{"taxonomy":"product_template","embeddable":true,"href":"https:\/\/cocosolis.com\/fr\/wp-json\/wp\/v2\/product_template?post=386"}],"curies":[{"name":"wp","href":"https:\/\/api.w.org\/{rel}","templated":true}]}}