{"id":377,"date":"2022-05-06T09:39:32","date_gmt":"2022-05-06T07:39:32","guid":{"rendered":"http:\/\/cocosolis.com\/en\/?post_type=product&#038;p=377"},"modified":"2026-04-02T13:51:02","modified_gmt":"2026-04-02T11:51:02","slug":"glow-shimmer-oil","status":"publish","type":"product","link":"https:\/\/cocosolis.com\/fr\/product\/glow-shimmer-oil\/","title":{"rendered":"GLOW Shimmer Oil"},"content":{"rendered":"","protected":false},"excerpt":{"rendered":"","protected":false},"featured_media":1000004560,"template":"","meta":{"_acf_changed":false},"product_brand":[],"product_cat":[67],"product_tag":[],"product_template":[70],"class_list":{"0":"post-377","1":"product","2":"type-product","3":"status-publish","4":"has-post-thumbnail","6":"product_cat-shimmer","7":"product_template-v-2024-clean","9":"first","10":"instock","11":"shipping-taxable","12":"purchasable","13":"product-type-simple"},"acf":{"_v2024__listing_and_sharing_info__listing_category":"GLOW","_v2024__listing_and_sharing_info__product_type":"Shimmer Oil","_v2024__listing__and_sharing_info__listing_below_title_in_product_page":"Huile naturelle sublimatrice et humectante avec des particules brillantes.","_v2024__listing_and_sharing_info__listing_description":"Huile naturelle sublimatrice et humectante avec des particules brillantes.","_v2024__listing_and_sharing_info__image":1000000379,"_v2024__product_hero__hero_type":"carousel","_v2024__product_hero__product_slider_gallery":[{"_v2024__product_hero__product_slider_gallery__image":1000006589,"_v2024__product_hero__product_slider_gallery__video_link":""},{"_v2024__product_hero__product_slider_gallery__image":1000006590,"_v2024__product_hero__product_slider_gallery__video_link":""},{"_v2024__product_hero__product_slider_gallery__image":1000006592,"_v2024__product_hero__product_slider_gallery__video_link":""},{"_v2024__product_hero__product_slider_gallery__image":1000006595,"_v2024__product_hero__product_slider_gallery__video_link":""},{"_v2024__product_hero__product_slider_gallery__image":1000006597,"_v2024__product_hero__product_slider_gallery__video_link":""},{"_v2024__product_hero__product_slider_gallery__image":1000006598,"_v2024__product_hero__product_slider_gallery__video_link":""},{"_v2024__product_hero__product_slider_gallery__image":1000006599,"_v2024__product_hero__product_slider_gallery__video_link":""},{"_v2024__product_hero__product_slider_gallery__image":1000006600,"_v2024__product_hero__product_slider_gallery__video_link":"https:\/\/player.vimeo.com\/progressive_redirect\/playback\/1042663294\/rendition\/720p\/file.mp4?loc=external&amp;log_user=0&amp;signature=4a77c550e32d5a6556d523b51f504f302c104dcb23b05e46be97bc1ceb5db6e0&amp;user_id=110095091"}],"_v2024__before_and_after_image":1000006529,"_v2024__before_and_after_image_mobile":1000006530,"_v2024__product_hero__quantity":"110 ML","_v2024__product_hero__product_disclamer":"","_v2024__why_use__should_show":"visible","_v2024__why_use__description_text":"Huile sublimatrice naturelle. Donne un \u00e9clat irr\u00e9sistible \u00e0 la peau. A utiliser \u00e0 la plage, tous les jours ou pour des occasions sp\u00e9ciales.","_v2024__why_use__text_content":"<ul>\r\n \t<li>Am\u00e9liore le bronzage et le teint de la peau<\/li>\r\n \t<li>Hydrate et nourrit en profondeur<\/li>\r\n \t<li>Rend la peau douce et soyeuse<\/li>\r\n \t<li>Contient des ingr\u00e9dients bio et naturels associ\u00e9s \u00e0 de la vitamine E naturelle. V\u00e9gan<\/li>\r\n \t<li>P\u00e9n\u00e8tre rapidement, ne laisse pas de r\u00e9sidus gras<\/li>\r\n \t<li>Convient au visage et au corps, pour les peaux d\u00e9licates et sensibles<\/li>\r\n \t<li>A l'ar\u00f4me irr\u00e9sistible de cookies<\/li>\r\n<\/ul>","_v2024__why_use__product_notes_and_remarks":"<strong>IMPORTANT<\/strong>: Peut tacher les v\u00eatements de couleur claire.","_v2024__why_use__background_color":"#FBF1EB","_v2024__why_use__heading_color":"#816c65","_v2024__why_use__text_color":"#816c65","_v2024__why_use__image_desktop":1000006688,"_v2024__why_use__image_mobile":1000006689,"_v2024__stats_show":false,"_v2024__stats_repeater":null,"_v2024__stats_repeater_disclaimer":null,"_v2024__benefits__icons_repeater":[{"_v2024__benefit__icons_repeater_icon":1000006749,"_v2024__benefit__icons_repeater_text":"UNE BRILLANCE ET UN \u00c9CLAT IRR\u00c9SISTIBLES"},{"_v2024__benefit__icons_repeater_icon":1000006740,"_v2024__benefit__icons_repeater_text":"NOURRIT ET HUMIDIFIE"},{"_v2024__benefit__icons_repeater_icon":1000006738,"_v2024__benefit__icons_repeater_text":"POUR LE VISAGE ET LE CORPS"},{"_v2024__benefit__icons_repeater_icon":1000006735,"_v2024__benefit__icons_repeater_text":"AR\u00d4ME COOKIES"}],"_v2024__image_ingreddients__intro_text":"Une combinaison d'huiles organiques, de vitamine E naturelle et de mica naturel (fines particules min\u00e9rales), qui donne de l'\u00e9clat \u00e0 la peau.","_v2024__image_ingreddients__additional_description":"","_v2024__image_ingreddients__disclamer_inner":"","_v2024__image_ingredients__repeater":[{"_v2024__image_ingredients__ingredient_image":1000006720,"_v2024__image_ingredients__ingredient_title":"MICA NATUREL","_v2024__image_ingredients__ingredient_description":"Fines particules de mica provenant de min\u00e9raux naturels, dont l'origine \u00e9quitable est prouv\u00e9e. Illuminent \u00e9l\u00e9gamment la peau."},{"_v2024__image_ingredients__ingredient_image":1000006714,"_v2024__image_ingredients__ingredient_title":"HUILE DE GRAINES DE CONCOMBRE","_v2024__image_ingredients__ingredient_description":"Hydratation intense : p\u00e9n\u00e8tre rapidement, rafra\u00eechit et revitalise. Calme la peau br\u00fbl\u00e9e par le soleil."},{"_v2024__image_ingredients__ingredient_image":1000006712,"_v2024__image_ingredients__ingredient_title":"HUILE DE NOIX DE COCO","_v2024__image_ingredients__ingredient_description":"P\u00e9n\u00e8tre facilement, hydrate en profondeur et laisse la peau douce et souple. Prot\u00e8ge contre les taches de soleil et de vieillesse et cr\u00e9\u00e9 un bronzage dor\u00e9."},{"_v2024__image_ingredients__ingredient_image":1000006711,"_v2024__image_ingredients__ingredient_title":"BEURRE DE CACAO","_v2024__image_ingredients__ingredient_description":"Excellente \"nourriture\" pour la peau. Il la r\u00e9g\u00e9n\u00e8re et pr\u00e9vient l'apparition des vergetures. Favorise la formation d'un teint uniforme, profond et intense."},{"_v2024__image_ingredients__ingredient_image":1000006717,"_v2024__image_ingredients__ingredient_title":"HUILE DE JOJOBA","_v2024__image_ingredients__ingredient_description":"Apaise et am\u00e9liore la texture et le teint de la peau. R\u00e9duit les rougeurs et l'inflammation."},{"_v2024__image_ingredients__ingredient_image":1000006706,"_v2024__image_ingredients__ingredient_title":"HUILE D'AMANDE DOUCE","_v2024__image_ingredients__ingredient_description":"Calma e migliora la consistenza e il tono della pelle. Riduce arrossamenti e infiammazioni."},{"_v2024__image_ingredients__ingredient_image":1000006730,"_v2024__image_ingredients__ingredient_title":"VITAMINE E NATURELLE","_v2024__image_ingredients__ingredient_description":"Antioxydant puissant qui combat les signes du vieillissement et qui renforce le processus naturel de gu\u00e9rison de la peau."}],"_v2024__image_ingredients__all_ingredients":"CAPRYLIC\/CAPRIC TRIGLYCERIDE, COCOS NUCIFERA OIL*, PRUNUS AMYGDALUS DULCIS OIL*, STEARALKONIUM HECTORITE, PROPYLENE CARBONATE, OCTYLDODECYL OLIVATE, SIMMONDSIA CHINENSIS SEED OIL*, HYDROGENATED RAPESEED OIL, THEOBROMA CACAO SEED BUTTER*, CUCUMIS SATIVUS SEED OIL*, TOCOPHEROL, HELIANTHUS ANNUUS SEED OIL, PARFUM, MICA, CI 77891, CI 77491 <strong>(CAPRYLIC CAPRIC TRIGLYCERIDE, COCONUT OIL*, SWEET ALMOND OIL*, STEARALKONIUM HECTORITE, PROPYLENE CARBONATE, OCTYLDODECYL OLIVATE FROM OLIVE OIL, JOJOBA OIL*, HYDROGENATED RAPESEED OIL, CACAO SEED BUTTER*, CUCUMBER SEED OIL*, NATURAL VITAMIN \u0415, SUNFLOWER SEED OIL, PARFUM, MICA (SPARKLING MINERAL PIGMENTS), CI 77891, CI 77491)<\/strong>\r\n\r\n<em>*Ingr\u00e9dients certifi\u00e9s bio<\/em>\r\n\r\n<em>Nous vous prions de bien vouloir noter que la liste des ingr\u00e9dients peut l\u00e9g\u00e8rement varier dans le temps compte-tenu des am\u00e9liorations du produit. Voir sur l'emballage du produit pour l'information actualis\u00e9e.<\/em>","_v2024__usage_content__left_content":"<h4>\u00c9CLAT DE PLAGE<\/h4>\r\n\u00c0 la plage, appliquez sur les jambes, les bras, le ventre, le d\u00e9collet\u00e9 et les pommettes. Nous recommandons d'utiliser GLOW en troisi\u00e8me \u00e9tape apr\u00e8s la protection solaire COCOSOLIS et l'huile de bronzage.\r\n<h4>VISAGE RADIUEX<\/h4>\r\nAppliquer sur le visage et le d\u00e9collet\u00e9 en accent apr\u00e8s le maquillage, ou m\u00e9langer \u00e0 quelques gouttes de fond de teint.\r\n<h4>\u00c9CLAT DU SOIR<\/h4>\r\nAppliquez sur les jambes, les bras, le d\u00e9collet\u00e9 et les pommettes, et sentez-vous comme la star de la soir\u00e9e.\r\n<h4><\/h4>","_v2024__usage_content__right_bottom_content":"","_v2024__usage_content__note":"<strong>IMPORTANT<\/strong>: Peut tacher les v\u00eatements de couleur claire. L\u2019huile ne contient pas de filtre UV pour protection solaire. En cas d\u2019exposition directe au soleil, il est recommand\u00e9 de l\u2019utiliser en association avec un produit de protection solaire. Le produit n\u2019est pas un auto-bronzant. Une exposition excessive au soleil repr\u00e9sente une grave menace pour la sant\u00e9. Conserver dans un endroit frais et sec. Ne pas r\u00e9frig\u00e9rer.","_v2024__usage_content__storage":"A usage externe uniquement. Cesser l'utilisation en cas d'irritation. Ne pas utiliser sur une peau endommag\u00e9e ou bless\u00e9e. \u00c9viter le contact avec les yeux. Tenir hors de la port\u00e9e des enfants !"},"_links":{"self":[{"href":"https:\/\/cocosolis.com\/fr\/wp-json\/wp\/v2\/product\/377","targetHints":{"allow":["GET"]}}],"collection":[{"href":"https:\/\/cocosolis.com\/fr\/wp-json\/wp\/v2\/product"}],"about":[{"href":"https:\/\/cocosolis.com\/fr\/wp-json\/wp\/v2\/types\/product"}],"wp:featuredmedia":[{"embeddable":true,"href":"https:\/\/cocosolis.com\/fr\/wp-json\/"}],"wp:attachment":[{"href":"https:\/\/cocosolis.com\/fr\/wp-json\/wp\/v2\/media?parent=377"}],"wp:term":[{"taxonomy":"product_brand","embeddable":true,"href":"https:\/\/cocosolis.com\/fr\/wp-json\/wp\/v2\/product_brand?post=377"},{"taxonomy":"product_cat","embeddable":true,"href":"https:\/\/cocosolis.com\/fr\/wp-json\/wp\/v2\/product_cat?post=377"},{"taxonomy":"product_tag","embeddable":true,"href":"https:\/\/cocosolis.com\/fr\/wp-json\/wp\/v2\/product_tag?post=377"},{"taxonomy":"product_template","embeddable":true,"href":"https:\/\/cocosolis.com\/fr\/wp-json\/wp\/v2\/product_template?post=377"}],"curies":[{"name":"wp","href":"https:\/\/api.w.org\/{rel}","templated":true}]}}