{"id":355,"date":"2022-05-06T08:27:56","date_gmt":"2022-05-06T08:27:56","guid":{"rendered":"http:\/\/cocosolis.com\/en\/?post_type=product&#038;p=355"},"modified":"2026-04-03T08:15:55","modified_gmt":"2026-04-03T06:15:55","slug":"choco-suntan-body-oil","status":"publish","type":"product","link":"https:\/\/cocosolis.com\/fr\/product\/choco-suntan-body-oil\/","title":{"rendered":"CHOCO Suntan &amp; Body Oil"},"content":{"rendered":"","protected":false},"excerpt":{"rendered":"","protected":false},"featured_media":1000004552,"template":"","meta":{"_acf_changed":false},"product_brand":[],"product_cat":[15],"product_tag":[],"product_template":[70],"class_list":{"0":"post-355","1":"product","2":"type-product","3":"status-publish","4":"has-post-thumbnail","6":"product_cat-suntan-body","7":"product_template-v-2024-clean","9":"first","10":"instock","11":"shipping-taxable","12":"purchasable","13":"product-type-variable","14":"has-default-attributes"},"acf":{"_v2024__listing_and_sharing_info__listing_category":"CHOCO","_v2024__listing_and_sharing_info__product_type":"Suntan &amp; Body Oil","_v2024__listing__and_sharing_info__listing_below_title_in_product_page":"Huile naturelle pour un bronzage rapide et intense au soleil et au solarium. Convient \u00e9galement \u00e0 un usage quotidien pour une peau nourrie et \u00e9clatante. A l'ar\u00f4me exceptionnel de chocolat.","_v2024__listing_and_sharing_info__listing_description":"Pour un bronzage rapide et intense et une peau \u00e9clatante. A l'ar\u00f4me exceptionnel de chocolat. ","_v2024__listing_and_sharing_info__image":1000000376,"_v2024__product_hero__hero_type":"carousel","_v2024__product_hero__product_slider_gallery":[{"_v2024__product_hero__product_slider_gallery__image":1000006566,"_v2024__product_hero__product_slider_gallery__video_link":""},{"_v2024__product_hero__product_slider_gallery__image":1000006567,"_v2024__product_hero__product_slider_gallery__video_link":""},{"_v2024__product_hero__product_slider_gallery__image":1000006568,"_v2024__product_hero__product_slider_gallery__video_link":""},{"_v2024__product_hero__product_slider_gallery__image":1000006569,"_v2024__product_hero__product_slider_gallery__video_link":""},{"_v2024__product_hero__product_slider_gallery__image":1000006570,"_v2024__product_hero__product_slider_gallery__video_link":""},{"_v2024__product_hero__product_slider_gallery__image":1000006571,"_v2024__product_hero__product_slider_gallery__video_link":""},{"_v2024__product_hero__product_slider_gallery__image":1000006572,"_v2024__product_hero__product_slider_gallery__video_link":"https:\/\/player.vimeo.com\/progressive_redirect\/playback\/1040390401\/rendition\/720p\/file.mp4?loc=external&amp;log_user=0&amp;signature=827dfd56c359a55efe049d362beee6a225db94df1c72ee0b3b46a69fc4cbf242&amp;user_id=110095091"}],"_v2024__before_and_after_image":1000006545,"_v2024__before_and_after_image_mobile":1000006546,"_v2024__product_hero__quantity":"110 ML","_v2024__product_hero__product_disclamer":"","_v2024__why_use__should_show":"visible","_v2024__why_use__description_text":"Huile naturelle pour un bronzage rapide, intense, uniforme et durable \u00e0 la plage ou au solarium. Acc\u00e9l\u00e9rez votre bronzage ou utilisez-la au quotidien pour nourrir et humecter la peau.","_v2024__why_use__text_content":"<ul>\r\n \t<li>R\u00e9sultats rapides et visibles en moins de temps au soleil<\/li>\r\n \t<li>Formule efficace \u00e0 base d'ingr\u00e9dients naturels et bio, v\u00e9gan<\/li>\r\n \t<li>Convient \u00e0 un usage quotidien<\/li>\r\n \t<li>Convient au visage et au corps, aux peaux d\u00e9licates ou sensibles<\/li>\r\n \t<li>A l'ar\u00f4me exceptionnel de chocolat<\/li>\r\n<\/ul>","_v2024__why_use__product_notes_and_remarks":"*L'huile de contient pas de filtres anti-UV.","_v2024__why_use__background_color":"#FBF1EB","_v2024__why_use__heading_color":"#816c65","_v2024__why_use__text_color":"#816c65","_v2024__why_use__image_desktop":1000006681,"_v2024__why_use__image_mobile":1000006683,"_v2024__stats_show":false,"_v2024__stats_repeater":null,"_v2024__stats_repeater_disclaimer":null,"_v2024__benefits__icons_repeater":[{"_v2024__benefit__icons_repeater_icon":1000006739,"_v2024__benefit__icons_repeater_text":"BRONZAGE RAPIDE, INTENSE ET DURABLE"},{"_v2024__benefit__icons_repeater_icon":1000006752,"_v2024__benefit__icons_repeater_text":"DES R\u00c9SULTATS VISIBLES RAPIDEMENT AU SOLEIL"},{"_v2024__benefit__icons_repeater_icon":1000006746,"_v2024__benefit__icons_repeater_text":"INGR\u00c9DIENTS BIO &amp; NATURELS"},{"_v2024__benefit__icons_repeater_icon":1000006732,"_v2024__benefit__icons_repeater_text":"AR\u00d4ME CHOCOLAT"}],"_v2024__image_ingreddients__intro_text":"Une combinaison d'huiles bio et de vitamine E naturelle apporte une multitude de nutriments \u00e0 la peau et garantit des r\u00e9sultats optimaux \u00e0 la plage et au solarium.","_v2024__image_ingreddients__additional_description":"","_v2024__image_ingreddients__disclamer_inner":"","_v2024__image_ingredients__repeater":[{"_v2024__image_ingredients__ingredient_image":1000006711,"_v2024__image_ingredients__ingredient_title":"BEURRE DE CACAO","_v2024__image_ingredients__ingredient_description":"Excellente \"nourriture\" pour la peau. Il la r\u00e9g\u00e9n\u00e8re et pr\u00e9vient l'apparition des vergetures. Favorise la formation d'un teint uniforme, profond et intense."},{"_v2024__image_ingredients__ingredient_image":1000006712,"_v2024__image_ingredients__ingredient_title":"HUILE DE NOIX DE COCO","_v2024__image_ingredients__ingredient_description":"P\u00e9n\u00e8tre facilement, hydrate en profondeur et laisse la peau douce et souple. Prot\u00e8ge contre les taches de soleil et de vieillesse et cr\u00e9\u00e9 un bronzage dor\u00e9."},{"_v2024__image_ingredients__ingredient_image":1000006717,"_v2024__image_ingredients__ingredient_title":"HUILE DE JOJOBA","_v2024__image_ingredients__ingredient_description":"Equilibra il sebo, lenisce la pelle e favorisce una carnagione liscia e chiara."},{"_v2024__image_ingredients__ingredient_image":1000006708,"_v2024__image_ingredients__ingredient_title":"HUILE D'AVOCAT","_v2024__image_ingredients__ingredient_description":"Ricco di antiossidanti e vitamine, protegge dai danni ambientali e migliora la luminosit\u00e0 naturale."},{"_v2024__image_ingredients__ingredient_image":1000006706,"_v2024__image_ingredients__ingredient_title":"HUILE D'AMANDE DOUCE","_v2024__image_ingredients__ingredient_description":"Calma e migliora la consistenza e il tono della pelle. Riduce arrossamenti e infiammazioni."},{"_v2024__image_ingredients__ingredient_image":1000006730,"_v2024__image_ingredients__ingredient_title":"VITAMINE E NATURELLE","_v2024__image_ingredients__ingredient_description":"Potente antiossidante che combatte i segni dell\u2019et\u00e0 e supporta il naturale processo di guarigione della pelle."}],"_v2024__image_ingredients__all_ingredients":"COCOS NUCIFERA OIL*, PRUNUS AMYGDALUS DULCIS OIL*, THEOBROMA CACAO SEED BUTTER*, SIMMONDSIA CHINENSIS SEED OIL*, TOCOPHEROL, HELIANTHUS ANNUUS SEED OIL, PERSEA GRATISSIMA OIL*, PARFUM <strong>(COCONUT OIL*, SWEET ALMOND OIL*, CACAO SEED BUTTER*, JOJOBA OIL*, NATURAL VITAMIN \u0415, SUNFLOWER SEED OIL, AVOCADO OIL*, CHOCOLATE AROMA)<\/strong>\r\n\r\n<em>*Ingr\u00e9dients certifi\u00e9s bio<\/em>\r\n\r\n<em>Nous vous prions de bien vouloir noter que la liste des ingr\u00e9dients peut l\u00e9g\u00e8rement varier dans le temps compte-tenu des am\u00e9liorations du produit. Voir sur l'emballage du produit pour l'information actualis\u00e9e.<\/em>","_v2024__usage_content__left_content":"<h4>POUR BRONZER AU SOLEIL ET AU SOLARIUM<\/h4>\r\nEn cas d'exposition au soleil, il est recommand\u00e9 d'utiliser le produit en combinaison avec un \u00e9cran solaire :\r\n<ol>\r\n \t<li>Appliquez la cr\u00e8me solaire et attendez 15 minutes pour qu'elle p\u00e9n\u00e8tre.<\/li>\r\n \t<li>Appliquez l'huile de bronzage.Appliquez l'huile de bronzage.<\/li>\r\n \t<li>R\u00e9p\u00e9tez l'op\u00e9ration toutes les 2 heures et apr\u00e8s chaque baignade.<\/li>\r\n<\/ol>\r\n<h4>POUR TOUS LES JOURS<\/h4>\r\nUtiliser imm\u00e9diatement apr\u00e8s la douche sur une peau humide ou s\u00e8che, lorsque les pores sont ouverts et absorbent la quantit\u00e9 maximale d'ingr\u00e9dients.\r\n<h4>POUR UN MASSAGE<\/h4>\r\nParfait comme huile de massage.","_v2024__usage_content__right_bottom_content":"","_v2024__usage_content__note":"<strong>IMPORTANT<\/strong>: L\u2019huile ne contient pas de filtre UV pour protection solaire. En cas d\u2019exposition directe au soleil, il est recommand\u00e9 de l\u2019utiliser en association avec un produit de protection solaire. Le produit n\u2019est pas un auto-bronzant. Une exposition excessive au soleil repr\u00e9sente une grave menace pour la sant\u00e9.","_v2024__usage_content__storage":"Conserver dans un endroit frais et sec. Ne pas r\u00e9frig\u00e9rer. Le produit durcit s'il est conserv\u00e9 dans un endroit frais ce qui emp\u00eache le contenu de sortir de la pompe. Pour le rendre liquide, laissez le flacon \u00e0 temp\u00e9rature ambiante \u00e0 plus de 25\u0421\u00b0. Ne pas ouvrir le flacon lorsque le produit a durci, car vous risquez de casser la pompe.\r\n\r\n&nbsp;\r\n\r\nNumai pentru uz extern. \u00centrerupe\u021bi utilizarea \u00een cazul \u00een care apar irita\u021bii. Nu utiliza\u021bi pe pielea r\u0103nit\u0103 sau deteriorat\u0103. Evita\u021bi contactul cu ochii. Pastreaza departe de copii!"},"_links":{"self":[{"href":"https:\/\/cocosolis.com\/fr\/wp-json\/wp\/v2\/product\/355","targetHints":{"allow":["GET"]}}],"collection":[{"href":"https:\/\/cocosolis.com\/fr\/wp-json\/wp\/v2\/product"}],"about":[{"href":"https:\/\/cocosolis.com\/fr\/wp-json\/wp\/v2\/types\/product"}],"wp:featuredmedia":[{"embeddable":true,"href":"https:\/\/cocosolis.com\/fr\/wp-json\/"}],"wp:attachment":[{"href":"https:\/\/cocosolis.com\/fr\/wp-json\/wp\/v2\/media?parent=355"}],"wp:term":[{"taxonomy":"product_brand","embeddable":true,"href":"https:\/\/cocosolis.com\/fr\/wp-json\/wp\/v2\/product_brand?post=355"},{"taxonomy":"product_cat","embeddable":true,"href":"https:\/\/cocosolis.com\/fr\/wp-json\/wp\/v2\/product_cat?post=355"},{"taxonomy":"product_tag","embeddable":true,"href":"https:\/\/cocosolis.com\/fr\/wp-json\/wp\/v2\/product_tag?post=355"},{"taxonomy":"product_template","embeddable":true,"href":"https:\/\/cocosolis.com\/fr\/wp-json\/wp\/v2\/product_template?post=355"}],"curies":[{"name":"wp","href":"https:\/\/api.w.org\/{rel}","templated":true}]}}