{"id":1001130922,"date":"2026-01-23T13:48:52","date_gmt":"2026-01-23T12:48:52","guid":{"rendered":"https:\/\/cocosolis.com\/fr\/product\/aura-peptide-shimmer-spray-pink\/"},"modified":"2026-04-15T15:43:14","modified_gmt":"2026-04-15T13:43:14","slug":"aura-peptide-shimmer-spray-pink","status":"publish","type":"product","link":"https:\/\/cocosolis.com\/fr\/product\/aura-peptide-shimmer-spray-pink\/","title":{"rendered":"AURA PINK Peptide Shimmer Spray"},"content":{"rendered":"","protected":false},"excerpt":{"rendered":"","protected":false},"featured_media":1000009419,"template":"","meta":{"_acf_changed":false},"product_brand":[],"product_cat":[67],"product_tag":[],"product_template":[70],"class_list":{"0":"post-1001130922","1":"product","2":"type-product","3":"status-publish","4":"has-post-thumbnail","6":"product_cat-shimmer","7":"product_template-v-2024-clean","9":"first","10":"instock","11":"shipping-taxable","12":"purchasable","13":"product-type-simple"},"acf":{"_v2024__listing_and_sharing_info__listing_category":"AURA PINK","_v2024__listing_and_sharing_info__product_type":"Peptide Shimmer Spray","_v2024__listing__and_sharing_info__listing_below_title_in_product_page":"Spray sublimateur naturel aux peptides pour le visage, le corps et les cheveux. Illumine, hydrate, rajeunit.<br><strong>Brillance: Pink<\/strong>","_v2024__listing_and_sharing_info__listing_description":"Spray sublimateur naturel aux peptides pour le visage, le corps et les cheveux.<br><strong>Brillance: Pink<\/strong>","_v2024__listing_and_sharing_info__image":1000009418,"_v2024__product_hero__hero_type":"carousel","_v2024__product_hero__product_slider_gallery":[{"_v2024__product_hero__product_slider_gallery__image":1000009473,"_v2024__product_hero__product_slider_gallery__video_link":""},{"_v2024__product_hero__product_slider_gallery__image":1000009472,"_v2024__product_hero__product_slider_gallery__video_link":""},{"_v2024__product_hero__product_slider_gallery__image":1000009471,"_v2024__product_hero__product_slider_gallery__video_link":""},{"_v2024__product_hero__product_slider_gallery__image":1000009470,"_v2024__product_hero__product_slider_gallery__video_link":""},{"_v2024__product_hero__product_slider_gallery__image":1000009469,"_v2024__product_hero__product_slider_gallery__video_link":""},{"_v2024__product_hero__product_slider_gallery__image":1000009468,"_v2024__product_hero__product_slider_gallery__video_link":""}],"_v2024__before_and_after_image":1000009512,"_v2024__before_and_after_image_mobile":1000009513,"_v2024__product_hero__quantity":"100 ML","_v2024__product_hero__product_disclamer":"","_v2024__why_use__should_show":"visible","_v2024__why_use__description_text":"<p><strong>Combinez un \u00e9clat \u00e9l\u00e9gant avec un soin anti-\u00e2ge actif pour votre peau. Sentez-vous radieuse et fra\u00eeche de la t\u00eate aux pieds.<\/strong><\/p>","_v2024__why_use__text_content":"<ul><li>Illumine d\u00e9licatement avec ses particules de mica ultrafines<\/li><li>Hydrate instantan\u00e9ment, retient l'humidit\u00e9 et rajeunit la peau<\/li><li>Combine des peptides en grande quantit\u00e9 avec de l'acide hyaluronique, de la glyc\u00e9rine, du panth\u00e9nol et de l'eau de coco<\/li><li>Ar\u00f4me irr\u00e9sistible de cheesecake \u00e0 la fraise<\/li><li>Id\u00e9al pour le visage, le corps et les cheveux<\/li><\/ul>","_v2024__why_use__product_notes_and_remarks":"","_v2024__why_use__background_color":"#eddacd","_v2024__why_use__heading_color":"#816c65","_v2024__why_use__text_color":"#816c65","_v2024__why_use__image_desktop":1000009504,"_v2024__why_use__image_mobile":1000009505,"_v2024__stats_show":false,"_v2024__stats_repeater":null,"_v2024__stats_repeater_disclaimer":null,"_v2024__benefits__icons_repeater":[{"_v2024__benefit__icons_repeater_icon":1000006749,"_v2024__benefit__icons_repeater_text":"ILLUMINE AVEC \u00c9L\u00c9GANCE"},{"_v2024__benefit__icons_repeater_icon":1000006740,"_v2024__benefit__icons_repeater_text":"HYDRATE INSTNTAN\u00c9MENT"},{"_v2024__benefit__icons_repeater_icon":1000004600,"_v2024__benefit__icons_repeater_text":"RAJEUNIT"},{"_v2024__benefit__icons_repeater_icon":1000009506,"_v2024__benefit__icons_repeater_text":"SENTEUR DE CHEESECAKE \u00c0 LA FRAISE"}],"_v2024__image_ingreddients__intro_text":"<strong>Des particules de mica naturel ultrafines agissent en synergie avec des ingr\u00e9dients actifs puissants et de l'eau de coco pour cr\u00e9er une peau et des cheveux vraiment radieux.<\/strong>","_v2024__image_ingreddients__additional_description":"","_v2024__image_ingreddients__disclamer_inner":"","_v2024__image_ingredients__repeater":[{"_v2024__image_ingredients__ingredient_image":1000008648,"_v2024__image_ingredients__ingredient_title":"PEPTIDES","_v2024__image_ingredients__ingredient_description":"<p>Cliniquement prouv\u00e9s, ces peptides naturels ralentissent les processus de vieillissement en stimulant la production de collag\u00e8ne et d'\u00e9lastine. Tonifient, raffermissent visiblement la peau, unifient le teint et r\u00e9duisent les taches brunes. Am\u00e9liorent l'hydratation en retenant et en augmentant l'humidit\u00e9 de la peau.<\/p>"},{"_v2024__image_ingredients__ingredient_image":1000004599,"_v2024__image_ingredients__ingredient_title":"ACIDE HYALURONIQUE","_v2024__image_ingredients__ingredient_description":"<p>Cr\u00e9e un film protecteur pour r\u00e9duire la perte d'eau et am\u00e9liorer la fonction de barri\u00e8re cutan\u00e9e. Rend instantan\u00e9ment la peau plus ferme et plus lisse.<\/p>"},{"_v2024__image_ingredients__ingredient_image":1000004605,"_v2024__image_ingredients__ingredient_title":"PANTH\u00c9NOL","_v2024__image_ingredients__ingredient_description":"<p>Hydrate et repulpe la peau en attirant et en retenant l'humidit\u00e9. Apaise, aide les processus naturels de gu\u00e9rison et restaure la peau apr\u00e8s une exposition au soleil.<\/p>"},{"_v2024__image_ingredients__ingredient_image":1000006712,"_v2024__image_ingredients__ingredient_title":"EAU DE NOIX DE COCO","_v2024__image_ingredients__ingredient_description":"<p>Rafra\u00eechit et revitalise la peau en l'hydratant et en lui apportant des vitamines, des min\u00e9raux et des antioxydants. Hydrate et nourrit les cheveux et les rend plus faciles \u00e0 coiffer.<\/p>"},{"_v2024__image_ingredients__ingredient_image":1000002909,"_v2024__image_ingredients__ingredient_title":"GLYC\u00c9RINE","_v2024__image_ingredients__ingredient_description":"<p>Puissant humectant : attire l'humidit\u00e9 et la retient dans la peau. Repulpe les ridules et laisse la peau lisse et souple.<\/p>"}],"_v2024__image_ingredients__all_ingredients":"<p>AQUA, PENTYLENE GLYCOL*, PROPANEDIOL*, COCOS NUCIFERA WATER*, LACTOBACILLUS FERMENT*, HEXAPEPTIDE-11*, GLYCOLIPIDS*, LEUCONOSTOC\/RADISH ROOT FERMENT LYSATE FILTRATE*, SODIUM HYALURONATE*, PANTHENOL, GLYCERIN*, CITRIC ACID*, POLYGLYCERYL-6 CAPRYLATE*, POLYGLYCERYL-4 CAPRATE*, AROMA, PROPYLENE GLYCOL, SODIUM BENZOATE, MICA*, CALCIUM TITANIUM BOROSILICATE*, TIN OXIDE*, CI 77891*, CI 77491*, VANILLIN, LINALOOL<\/p><p>*Ingr\u00e9dients d\u2018origine naturelle<\/p><p>**Ingr\u00e9dients des ar\u00f4mes naturels<\/p><p>Nous vous prions de bien vouloir noter que la liste des ingr\u00e9dients peut l\u00e9g\u00e8rement varier dans le temps compte-tenu des am\u00e9liorations du produit. Voir sur l'emballage du produit pour l'information actualis\u00e9e.<\/p>","_v2024__usage_content__left_content":"<p><strong>L'effet brillant est plus visible \u00e0 la lumi\u00e8re directe.<\/strong><\/p><p><strong>O\u00d9 :<\/strong> visage, corps et cheveux<\/p><p><strong>TOUS LES JOURS :<\/strong> apr\u00e8s le maquillage pour une brillance d\u00e9licate<\/p><p><strong>EN SOIR\u00c9E :<\/strong> plusieurs couches pour une pr\u00e9sence glamour<\/p><p><strong>\u00c0 LA PLAGE : <\/strong>pour une hydratation radieuse<\/p><p><strong>APR\u00c8S LA PLAGE :<\/strong> pour apaiser et r\u00e9g\u00e9n\u00e9rer la peau<\/p><p><strong>COMMENT :<\/strong><\/p><ul><li>1. Bien agiter avant utilisation !<\/li><li>2. Vaporiser \u00e0 une distance de 20 \u00e0 50 cm pour assurer une couverture uniforme.<\/li><li>3. \u00c9viter d'\u00e9taler le produit avec les mains ou un pinceau.<\/li><li>4. Appliquer une couche et laisser s\u00e9cher.<\/li><li>5. Pour une brillance plus intense, appliquer des couches suppl\u00e9mentaires.<\/li><\/ul>","_v2024__usage_content__right_bottom_content":"","_v2024__usage_content__note":"<p>IMPORTANT<\/p><p>Conserver dans un endroit frais et sec. A usage externe uniquement. Cesser l'utilisation en cas d'irritation. Ne pas utiliser sur une peau endommag\u00e9e ou bless\u00e9e. \u00c9viter le contact avec les yeux. Tenir hors de la port\u00e9e des enfants !<\/p><p>Le produit ne contient pas de filtre UV pour protection solaire. En cas d\u2019exposition directe au soleil, il est recommand\u00e9 de l\u2019utiliser en association avec un produit de protection solaire. Le produit n\u2019est pas un auto-bronzant. Une exposition excessive au soleil repr\u00e9sente une grave menace pour la sant\u00e9.<\/p>","_v2024__usage_content__storage":""},"_links":{"self":[{"href":"https:\/\/cocosolis.com\/fr\/wp-json\/wp\/v2\/product\/1001130922","targetHints":{"allow":["GET"]}}],"collection":[{"href":"https:\/\/cocosolis.com\/fr\/wp-json\/wp\/v2\/product"}],"about":[{"href":"https:\/\/cocosolis.com\/fr\/wp-json\/wp\/v2\/types\/product"}],"wp:featuredmedia":[{"embeddable":true,"href":"https:\/\/cocosolis.com\/fr\/wp-json\/"}],"wp:attachment":[{"href":"https:\/\/cocosolis.com\/fr\/wp-json\/wp\/v2\/media?parent=1001130922"}],"wp:term":[{"taxonomy":"product_brand","embeddable":true,"href":"https:\/\/cocosolis.com\/fr\/wp-json\/wp\/v2\/product_brand?post=1001130922"},{"taxonomy":"product_cat","embeddable":true,"href":"https:\/\/cocosolis.com\/fr\/wp-json\/wp\/v2\/product_cat?post=1001130922"},{"taxonomy":"product_tag","embeddable":true,"href":"https:\/\/cocosolis.com\/fr\/wp-json\/wp\/v2\/product_tag?post=1001130922"},{"taxonomy":"product_template","embeddable":true,"href":"https:\/\/cocosolis.com\/fr\/wp-json\/wp\/v2\/product_template?post=1001130922"}],"curies":[{"name":"wp","href":"https:\/\/api.w.org\/{rel}","templated":true}]}}