{"id":1001034435,"date":"2025-07-07T15:11:51","date_gmt":"2025-07-07T13:11:51","guid":{"rendered":"https:\/\/cocosolis.com\/fr\/product\/lift-anti-aging-serum\/"},"modified":"2026-04-13T22:51:46","modified_gmt":"2026-04-13T20:51:46","slug":"lift-anti-aging-serum","status":"publish","type":"product","link":"https:\/\/cocosolis.com\/fr\/product\/lift-anti-aging-serum\/","title":{"rendered":"LIFT+ Anti-aging Serum"},"content":{"rendered":"","protected":false},"excerpt":{"rendered":"","protected":false},"featured_media":1000008657,"template":"","meta":{"_acf_changed":false},"product_brand":[],"product_cat":[19],"product_tag":[],"product_template":[70],"class_list":{"0":"post-1001034435","1":"product","2":"type-product","3":"status-publish","4":"has-post-thumbnail","6":"product_cat-skin","7":"product_template-v-2024-clean","9":"first","10":"instock","11":"shipping-taxable","12":"purchasable","13":"product-type-simple"},"acf":{"_v2024__listing_and_sharing_info__listing_category":"LIFT+","_v2024__listing_and_sharing_info__product_type":"Anti-aging Serum","_v2024__listing__and_sharing_info__listing_below_title_in_product_page":"S\u00e9rum-booster rajeunissant. Formule haute concentration \u00e0 effet liftant.<br><strong>Zone cible : cou, d\u00e9collet\u00e9 et poitrine<\/strong><br>spray \u00e0 eau \u00e0 absorption rapide","_v2024__listing_and_sharing_info__listing_description":"S\u00e9rum-booster rajeunissant. Formule haute concentration \u00e0 effet liftant.<br><strong>Zone cible : cou, d\u00e9collet\u00e9 et poitrine<\/strong>","_v2024__listing_and_sharing_info__image":1000008658,"_v2024__product_hero__hero_type":"carousel","_v2024__product_hero__product_slider_gallery":[{"_v2024__product_hero__product_slider_gallery__image":1000008339,"_v2024__product_hero__product_slider_gallery__video_link":""},{"_v2024__product_hero__product_slider_gallery__image":1000008377,"_v2024__product_hero__product_slider_gallery__video_link":""},{"_v2024__product_hero__product_slider_gallery__image":1000008378,"_v2024__product_hero__product_slider_gallery__video_link":""},{"_v2024__product_hero__product_slider_gallery__image":1000008379,"_v2024__product_hero__product_slider_gallery__video_link":""},{"_v2024__product_hero__product_slider_gallery__image":1000008380,"_v2024__product_hero__product_slider_gallery__video_link":""},{"_v2024__product_hero__product_slider_gallery__image":1000008381,"_v2024__product_hero__product_slider_gallery__video_link":""},{"_v2024__product_hero__product_slider_gallery__image":1000008382,"_v2024__product_hero__product_slider_gallery__video_link":""},{"_v2024__product_hero__product_slider_gallery__image":1000008340,"_v2024__product_hero__product_slider_gallery__video_link":""}],"_v2024__before_and_after_image":"","_v2024__before_and_after_image_mobile":"","_v2024__product_hero__quantity":"50 ML","_v2024__product_hero__product_disclamer":"","_v2024__why_use__should_show":"visible","_v2024__why_use__description_text":"S\u00e9rum-spray liftant pour le cou, le d\u00e9collet\u00e9 et la poitrine. Formul\u00e9 avec 9 ingr\u00e9dients puissants, cliniquement prouv\u00e9s pour raffermir, lisser et stimuler le collag\u00e8ne \u2013 pour des r\u00e9sultats visibles en un mois seulement.","_v2024__why_use__text_content":"<ul>\r\n \t<li><strong>Effet transformateur<\/strong> : lifte et raffermit la peau du cou et du buste<\/li>\r\n \t<li><strong>Action compl\u00e9mentaire<\/strong> : lisse les rides et rajeunit visiblement<\/li>\r\n \t<li><strong>Ar\u00f4me<\/strong> : poire d\u00e9licate<\/li>\r\n \t<li><strong>Zone cible<\/strong> : cou, d\u00e9collet\u00e9 et buste<\/li>\r\n<\/ul>","_v2024__why_use__product_notes_and_remarks":"","_v2024__why_use__background_color":"#FBF1EB","_v2024__why_use__heading_color":"#816c65","_v2024__why_use__text_color":"#816c65","_v2024__why_use__image_desktop":1000008629,"_v2024__why_use__image_mobile":1000008630,"_v2024__stats_show":false,"_v2024__stats_repeater":null,"_v2024__stats_repeater_disclaimer":null,"_v2024__benefits__icons_repeater":[{"_v2024__benefit__icons_repeater_icon":1000008669,"_v2024__benefit__icons_repeater_text":"FAIT REMONTER"},{"_v2024__benefit__icons_repeater_icon":1000008667,"_v2024__benefit__icons_repeater_text":"RAFFERMIT"},{"_v2024__benefit__icons_repeater_icon":1000008674,"_v2024__benefit__icons_repeater_text":"RAJEUNIT"},{"_v2024__benefit__icons_repeater_icon":1000008670,"_v2024__benefit__icons_repeater_text":"\u00c0 L'AR\u00d4ME D\u00c9LICAT DE POIRE"}],"_v2024__image_ingreddients__intro_text":"Un puissant m\u00e9lange de stimulants du collag\u00e8ne, d'actifs anti-\u00e2ge et hydratants agit en synergie avec des extraits botaniques pour rajeunir le cou, le d\u00e9collet\u00e9 et la zone de la poitrine.","_v2024__image_ingreddients__additional_description":"","_v2024__image_ingreddients__disclamer_inner":"","_v2024__image_ingredients__repeater":[{"_v2024__image_ingredients__ingredient_image":1000008643,"_v2024__image_ingredients__ingredient_title":"DERMOSCULPT\u2122","_v2024__image_ingredients__ingredient_description":"L'innovation contre les vergetures avec un effet Green Collagen Builder \u00e0 360\u00b0. Un puissant ingr\u00e9dient actif qui stimule la production de collag\u00e8ne et de GAG cl\u00e9s (glycosaminoglycanes) tels que l'acide hyaluronique. Renforce la structure de la peau, am\u00e9liore son \u00e9lasticit\u00e9, assure une hydratation profonde et procure un effet liftant."},{"_v2024__image_ingredients__ingredient_image":1000008639,"_v2024__image_ingredients__ingredient_title":"BODYFERM\u2122","_v2024__image_ingredients__ingredient_description":"Raffermit les zones \u00e0 probl\u00e8mes, favorise la microcirculation et d\u00e9clenche le processus de combustion des graisses sous-cutan\u00e9es. A un effet de remodelage total du corps."},{"_v2024__image_ingredients__ingredient_image":1000008651,"_v2024__image_ingredients__ingredient_title":"RHODYSSEY\u2122","_v2024__image_ingredients__ingredient_description":"Stimule l'activit\u00e9 mitochondriale et la synth\u00e8se de l'acide hyaluronique pour une hydratation en profondeur et une r\u00e9g\u00e9n\u00e9ration de la peau. Raffermit, lisse et renforce la barri\u00e8re cutan\u00e9e. Am\u00e9liore l'\u00e9lasticit\u00e9 et restaure l'apparence de la jeunesse."},{"_v2024__image_ingredients__ingredient_image":1000008648,"_v2024__image_ingredients__ingredient_title":"PEPTIDES","_v2024__image_ingredients__ingredient_description":"Un complexe peptidique innovant qui stimule la r\u00e9g\u00e9n\u00e9ration de la peau, r\u00e9duit les rides et am\u00e9liore l'\u00e9lasticit\u00e9. Il r\u00e9g\u00e9n\u00e8re le r\u00e9seau de collag\u00e8ne, ralentit le vieillissement cellulaire et renforce la structure de la peau pour une apparence plus jeune."},{"_v2024__image_ingredients__ingredient_image":1000008647,"_v2024__image_ingredients__ingredient_title":"GUARANA","_v2024__image_ingredients__ingredient_description":"Un extrait riche en caf\u00e9ine qui stimule la combustion des graisses et am\u00e9liore la microcirculation. R\u00e9duit la r\u00e9tention d'eau."},{"_v2024__image_ingredients__ingredient_image":1000008650,"_v2024__image_ingredients__ingredient_title":"FIGUE DE BARBARIE","_v2024__image_ingredients__ingredient_description":"Cet extrait r\u00e9duit la visibilit\u00e9 de la cellulite en am\u00e9liorant la texture et l'\u00e9lasticit\u00e9 de la peau. Hydrate, d\u00e9toxifie et favorise la r\u00e9g\u00e9n\u00e9ration."},{"_v2024__image_ingredients__ingredient_image":1000008646,"_v2024__image_ingredients__ingredient_title":"NOIX VERTE","_v2024__image_ingredients__ingredient_description":"Extrait aux puissantes propri\u00e9t\u00e9s antioxydantes et d\u00e9toxifiantes. Agit sur le m\u00e9tabolisme des graisses, am\u00e9liore l'\u00e9lasticit\u00e9 et galbe la silhouette."},{"_v2024__image_ingredients__ingredient_image":1000008644,"_v2024__image_ingredients__ingredient_title":"FRUIT DU DRAGON","_v2024__image_ingredients__ingredient_description":"Cet extrait am\u00e9liore l'\u00e9lasticit\u00e9, l'\u00e9clat et restaure la texture de la peau."},{"_v2024__image_ingredients__ingredient_image":1000004197,"_v2024__image_ingredients__ingredient_title":"COCONUT","_v2024__image_ingredients__ingredient_description":"Extrait profond\u00e9ment hydratant, nourrissant et \u00e9mollient. Soutient la barri\u00e8re cutan\u00e9e, am\u00e9liore l'\u00e9lasticit\u00e9 et donne un aspect lisse et ferme."}],"_v2024__image_ingredients__all_ingredients":"AQUA*, GLYCERIN*, POLYSORBATE 20, CHLORELLA VULGARIS EXTRACT*, PUNICA GRANATUM PERICARP EXTRACT*, CORYLUS AVELLANA SEED EXTRACT*, SACCHAROMYCES FERMENT LYSATE FILTRATE*, HYDROLYZED RHODOPHYCEAE EXTRACT*, MARIS AQUA*, HYDROLYZED WALNUT EXTRACT*, PALMITOYL TRIPEPTIDE-1, PALMITOYL TETRAPEPTIDE-7, COCOS NUCIFERA FRUIT EXTRACT*, CITRIC ACID*, SODIUM LEVULINATE*, LACTIC ACID*, SODIUM LACTATE*, PARFUM, SODIUM PHYTATE*, CARBOMER, BUTYLENE GLYCOL, PHENETHYL ALCOHOL*, SODIUM BENZOATE, POTASSIUM SORBATE, DIMETHYL PHENETHYL ACETATE, ROSE KETONES\r\n\r\nNous vous prions de bien vouloir noter que la liste des ingr\u00e9dients peut l\u00e9g\u00e8rement varier dans le temps compte-tenu des am\u00e9liorations du produit. Voir sur l'emballage du produit pour l'information actualis\u00e9e.","_v2024__usage_content__left_content":"<strong>O\u00d9<\/strong> : cou, d\u00e9collet\u00e9 et poitrine\r\n\r\n<strong>QUAND<\/strong> : matin et soir\r\n\r\n<strong>COMMENT<\/strong> : vaporiser le matin sur une peau propre et s\u00e8che et masser d\u00e9licatement jusqu'\u00e0 absorption","_v2024__usage_content__right_bottom_content":"","_v2024__usage_content__note":"<strong>VEUILLEZ NOTER<\/strong>\r\nA conserver dans un endroit frais, sombre et sec. Pour usage externe uniquement. Cesser l\u2019utilisation en cas d\u2019irritation. Ne pas utiliser sur une peau ab\u00eem\u00e9e ou bless\u00e9e. \u00c9viter le contact avec les yeux.","_v2024__usage_content__storage":""},"_links":{"self":[{"href":"https:\/\/cocosolis.com\/fr\/wp-json\/wp\/v2\/product\/1001034435","targetHints":{"allow":["GET"]}}],"collection":[{"href":"https:\/\/cocosolis.com\/fr\/wp-json\/wp\/v2\/product"}],"about":[{"href":"https:\/\/cocosolis.com\/fr\/wp-json\/wp\/v2\/types\/product"}],"wp:featuredmedia":[{"embeddable":true,"href":"https:\/\/cocosolis.com\/fr\/wp-json\/"}],"wp:attachment":[{"href":"https:\/\/cocosolis.com\/fr\/wp-json\/wp\/v2\/media?parent=1001034435"}],"wp:term":[{"taxonomy":"product_brand","embeddable":true,"href":"https:\/\/cocosolis.com\/fr\/wp-json\/wp\/v2\/product_brand?post=1001034435"},{"taxonomy":"product_cat","embeddable":true,"href":"https:\/\/cocosolis.com\/fr\/wp-json\/wp\/v2\/product_cat?post=1001034435"},{"taxonomy":"product_tag","embeddable":true,"href":"https:\/\/cocosolis.com\/fr\/wp-json\/wp\/v2\/product_tag?post=1001034435"},{"taxonomy":"product_template","embeddable":true,"href":"https:\/\/cocosolis.com\/fr\/wp-json\/wp\/v2\/product_template?post=1001034435"}],"curies":[{"name":"wp","href":"https:\/\/api.w.org\/{rel}","templated":true}]}}