{"id":1001034434,"date":"2025-07-07T15:11:51","date_gmt":"2025-07-07T13:11:51","guid":{"rendered":"https:\/\/cocosolis.com\/fr\/product\/slim-shaping-serum\/"},"modified":"2026-04-09T10:12:17","modified_gmt":"2026-04-09T08:12:17","slug":"slim-shaping-serum","status":"publish","type":"product","link":"https:\/\/cocosolis.com\/fr\/product\/slim-shaping-serum\/","title":{"rendered":"SLIM+ Shaping Serum"},"content":{"rendered":"","protected":false},"excerpt":{"rendered":"","protected":false},"featured_media":1000008661,"template":"","meta":{"_acf_changed":false},"product_brand":[],"product_cat":[19],"product_tag":[],"product_template":[70],"class_list":{"0":"post-1001034434","1":"product","2":"type-product","3":"status-publish","4":"has-post-thumbnail","6":"product_cat-skin","7":"product_template-v-2024-clean","9":"first","10":"instock","11":"shipping-taxable","12":"purchasable","13":"product-type-simple"},"acf":{"_v2024__listing_and_sharing_info__listing_category":"SLIM+","_v2024__listing_and_sharing_info__product_type":"Shaping Serum","_v2024__listing__and_sharing_info__listing_below_title_in_product_page":"S\u00e9rum concentr\u00e9 remodelant. Action cibl\u00e9e contre les graisses, le rel\u00e2chement cutan\u00e9 et les vergetures. R\u00e9duit les mensurations.<br><strong>Zone cible : ventre et bras<\/strong>","_v2024__listing_and_sharing_info__listing_description":"S\u00e9rum concentr\u00e9 remodelant. Action cibl\u00e9e contre les graisses, le rel\u00e2chement cutan\u00e9 et les vergetures.<br><strong>Zone cible : ventre et bras<\/strong>","_v2024__listing_and_sharing_info__image":1000008662,"_v2024__product_hero__hero_type":"carousel","_v2024__product_hero__product_slider_gallery":[{"_v2024__product_hero__product_slider_gallery__image":1000008529,"_v2024__product_hero__product_slider_gallery__video_link":""},{"_v2024__product_hero__product_slider_gallery__image":1000008567,"_v2024__product_hero__product_slider_gallery__video_link":""},{"_v2024__product_hero__product_slider_gallery__image":1000008568,"_v2024__product_hero__product_slider_gallery__video_link":""},{"_v2024__product_hero__product_slider_gallery__image":1000008569,"_v2024__product_hero__product_slider_gallery__video_link":""},{"_v2024__product_hero__product_slider_gallery__image":1000008570,"_v2024__product_hero__product_slider_gallery__video_link":""},{"_v2024__product_hero__product_slider_gallery__image":1000008571,"_v2024__product_hero__product_slider_gallery__video_link":""},{"_v2024__product_hero__product_slider_gallery__image":1000008572,"_v2024__product_hero__product_slider_gallery__video_link":""},{"_v2024__product_hero__product_slider_gallery__image":1000008530,"_v2024__product_hero__product_slider_gallery__video_link":""}],"_v2024__before_and_after_image":"","_v2024__before_and_after_image_mobile":"","_v2024__product_hero__quantity":"100 ML","_v2024__product_hero__product_disclamer":"","_v2024__why_use__should_show":"visible","_v2024__why_use__description_text":"Formule cibl\u00e9e pour le ventre et les bras. 9 ingr\u00e9dients naturels aux effets cliniquement prouv\u00e9s ciblent les graisses et raffermissent la peau. R\u00e9sultats visibles en un mois seulement.","_v2024__why_use__text_content":"<ul>\r\n \t<li><strong>Effet transformateur<\/strong> : r\u00e9duit les mensurations, raffermit et remod\u00e8le<\/li>\r\n \t<li><strong>Action compl\u00e9mentaire<\/strong> : am\u00e9liore l'\u00e9lasticit\u00e9 de la peau et aide \u00e0 pr\u00e9venir les vergetures<\/li>\r\n \t<li><strong>Ar\u00f4me<\/strong> : orange sanguine<\/li>\r\n \t<li><strong>Zone cible<\/strong> : ventre et bras<\/li>\r\n<\/ul>","_v2024__why_use__product_notes_and_remarks":"","_v2024__why_use__background_color":"#FBF1EB","_v2024__why_use__heading_color":"#816c65","_v2024__why_use__text_color":"#816c65","_v2024__why_use__image_desktop":1000008633,"_v2024__why_use__image_mobile":1000008634,"_v2024__stats_show":false,"_v2024__stats_repeater":null,"_v2024__stats_repeater_disclaimer":null,"_v2024__benefits__icons_repeater":[{"_v2024__benefit__icons_repeater_icon":1000008673,"_v2024__benefit__icons_repeater_text":"R\u00c9DUIT LES MENSURATIONS"},{"_v2024__benefit__icons_repeater_icon":1000008666,"_v2024__benefit__icons_repeater_text":"RAFFERMIT ET REMOD\u00c8LE"},{"_v2024__benefit__icons_repeater_icon":1000008671,"_v2024__benefit__icons_repeater_text":"PR\u00c9VIENT LES VERGETURES"},{"_v2024__benefit__icons_repeater_icon":1000008663,"_v2024__benefit__icons_repeater_text":"AR\u00d4ME ORANGE SANGUINE"}],"_v2024__image_ingreddients__intro_text":"Une formule naturelle riche en ingr\u00e9dients innovants qui br\u00fblent les graisses, stimulent le collag\u00e8ne et hydratent la peau. 5 extraits botaniques renforcent leur effet.","_v2024__image_ingreddients__additional_description":"","_v2024__image_ingreddients__disclamer_inner":"","_v2024__image_ingredients__repeater":[{"_v2024__image_ingredients__ingredient_image":1000008649,"_v2024__image_ingredients__ingredient_title":"PINK PEPPERSLIM\u2122","_v2024__image_ingredients__ingredient_description":"Ajout\u00e9 en double dose, il permet une combustion active des graisses et une microcirculation. Limite le stockage des d\u00e9p\u00f4ts graisseux, draine."},{"_v2024__image_ingredients__ingredient_image":1000008643,"_v2024__image_ingredients__ingredient_title":"DERMOSCULPT\u2122","_v2024__image_ingredients__ingredient_description":"L'innovation contre les vergetures avec un effet Green Collagen Builder \u00e0 360\u00b0. Un puissant ingr\u00e9dient actif qui stimule la production de collag\u00e8ne et de GAG cl\u00e9s (glycosaminoglycanes) tels que l'acide hyaluronique. Renforce la structure de la peau, am\u00e9liore son \u00e9lasticit\u00e9, assure une hydratation profonde et procure un effet liftant."},{"_v2024__image_ingredients__ingredient_image":1000008639,"_v2024__image_ingredients__ingredient_title":"BODYFERM\u2122","_v2024__image_ingredients__ingredient_description":"Il est prouv\u00e9 qu'il r\u00e9duit le tour du ventre et des bras. Raffermit les zones \u00e0 probl\u00e8mes, favorise la microcirculation et d\u00e9clenche le processus de combustion des graisses sous-cutan\u00e9es."},{"_v2024__image_ingredients__ingredient_image":1000002902,"_v2024__image_ingredients__ingredient_title":"AQUAXYL\u2122 + GLYCERIN","_v2024__image_ingredients__ingredient_description":"Combinaison pour une hydratation puissante. Synth\u00e8se de c\u00e9ramides et action anti-\u00e2ge. La peau reste \u00e9clatante, lisse et hydrat\u00e9e pendant plus de 24 heures."},{"_v2024__image_ingredients__ingredient_image":1000008647,"_v2024__image_ingredients__ingredient_title":"GUARANA","_v2024__image_ingredients__ingredient_description":"Un extrait riche en caf\u00e9ine qui stimule la combustion des graisses et am\u00e9liore la microcirculation. R\u00e9duit la r\u00e9tention d'eau."},{"_v2024__image_ingredients__ingredient_image":1000008650,"_v2024__image_ingredients__ingredient_title":"FIGUE DE BARBARIE","_v2024__image_ingredients__ingredient_description":"Ce extrait r\u00e9duit la visibilit\u00e9 de la cellulite en am\u00e9liorant la texture et l'\u00e9lasticit\u00e9 de la peau. Hydrate, d\u00e9toxifie et favorise la r\u00e9g\u00e9n\u00e9ration."},{"_v2024__image_ingredients__ingredient_image":1000008638,"_v2024__image_ingredients__ingredient_title":"ORANGE SANGUINE","_v2024__image_ingredients__ingredient_description":"Extrait qui stimule la circulation et r\u00e9duit l'accumulation de graisse. Renforce la peau avec des antioxydants, am\u00e9liore l'\u00e9lasticit\u00e9 et renforce la vitalit\u00e9 de la peau."},{"_v2024__image_ingredients__ingredient_image":1000008645,"_v2024__image_ingredients__ingredient_title":"CAF\u00c9 VERT","_v2024__image_ingredients__ingredient_description":"Extrait qui stimule la thermogen\u00e8se, acc\u00e9l\u00e8re le m\u00e9tabolisme de la peau et favorise la d\u00e9gradation des graisses. Riche en acide chlorog\u00e9nique qui am\u00e9liore la microcirculation et r\u00e9duit la cellulite visible."},{"_v2024__image_ingredients__ingredient_image":1000004197,"_v2024__image_ingredients__ingredient_title":"COCONUT","_v2024__image_ingredients__ingredient_description":"Extrait profond\u00e9ment hydratant, nourrissant et \u00e9mollient. Soutient la barri\u00e8re cutan\u00e9e, am\u00e9liore l'\u00e9lasticit\u00e9 et donne un aspect lisse et ferme."}],"_v2024__image_ingredients__all_ingredients":"AQUA*, GLYCERIN*, POLYSORBATE 20, PUNICA GRANATUM PERICARP EXTRACT*, CORYLUS AVELLANA SEED EXTRACT*, SACCHAROMYCES FERMENT LYSATE FILTRATE*, CHLORELLA VULGARIS EXTRACT*, SCHINUS TEREBINTHIFOLIA SEED EXTRACT*, XYLITYLGLUCOSIDE*, ANHYDROXYLITOL*, XYLITOL*, VACCINIUM MYRTILLUS FRUIT EXTRACT*, COFFEA ARABICA SEED EXTRACT*, OPUNTIA FICUS-INDICA FLOWER EXTRACT*, HYLOCEREUS UNDATUS FRUIT EXTRACT*, COCOS NUCIFERA FRUIT EXTRACT*, CAPSICUM FRUTESCENS FRUIT EXTRACT*, PAULLINIA CUPANA SEED EXTRACT*, CITRIC ACID*, ACACIA SENEGAL GUM*, XANTHAN GUM*, LACTIC ACID*, SODIUM LEVULINATE*, CITRUS AURANTIUM PEEL OIL*, SODIUM PHYTATE*, SODIUM BENZOATE, POTASSIUM SORBATE, LIMONENE, PINENE, LINALOOL\r\n\r\n<em>* Ingr\u00e9dients d'origine naturelle<\/em>\r\n\r\n<em>Nous vous prions de bien vouloir noter que la liste des ingr\u00e9dients peut l\u00e9g\u00e8rement varier dans le temps compte-tenu des am\u00e9liorations du produit. Voir sur l'emballage du produit pour l'information actualis\u00e9e.<\/em>","_v2024__usage_content__left_content":"<strong>O\u00d9<\/strong> : ventre et bras\r\n\r\n<strong>QUAND<\/strong> : matin et soir\r\n\r\n<strong>COMMENT<\/strong> : appliquer sur une peau propre et s\u00e8che en massant jusqu'\u00e0 absorption compl\u00e8te\r\n\r\n<strong>POUR DE MEILLEURS R\u00c9SULTATS<\/strong> : combiner avec notre masseur BODY GUA SHA et une huile de la gamme SKIN en fonction des besoins de votre peau.","_v2024__usage_content__right_bottom_content":"","_v2024__usage_content__note":"<strong>VEUILLEZ NOTER<\/strong>\r\n\r\nA conserver dans un endroit frais, sombre et sec. Pour usage externe uniquement. Cesser l\u2019utilisation en cas d\u2019irritation. Ne pas utiliser sur une peau ab\u00eem\u00e9e ou bless\u00e9e.","_v2024__usage_content__storage":""},"_links":{"self":[{"href":"https:\/\/cocosolis.com\/fr\/wp-json\/wp\/v2\/product\/1001034434","targetHints":{"allow":["GET"]}}],"collection":[{"href":"https:\/\/cocosolis.com\/fr\/wp-json\/wp\/v2\/product"}],"about":[{"href":"https:\/\/cocosolis.com\/fr\/wp-json\/wp\/v2\/types\/product"}],"wp:featuredmedia":[{"embeddable":true,"href":"https:\/\/cocosolis.com\/fr\/wp-json\/"}],"wp:attachment":[{"href":"https:\/\/cocosolis.com\/fr\/wp-json\/wp\/v2\/media?parent=1001034434"}],"wp:term":[{"taxonomy":"product_brand","embeddable":true,"href":"https:\/\/cocosolis.com\/fr\/wp-json\/wp\/v2\/product_brand?post=1001034434"},{"taxonomy":"product_cat","embeddable":true,"href":"https:\/\/cocosolis.com\/fr\/wp-json\/wp\/v2\/product_cat?post=1001034434"},{"taxonomy":"product_tag","embeddable":true,"href":"https:\/\/cocosolis.com\/fr\/wp-json\/wp\/v2\/product_tag?post=1001034434"},{"taxonomy":"product_template","embeddable":true,"href":"https:\/\/cocosolis.com\/fr\/wp-json\/wp\/v2\/product_template?post=1001034434"}],"curies":[{"name":"wp","href":"https:\/\/api.w.org\/{rel}","templated":true}]}}