{"id":1001034433,"date":"2025-07-07T15:11:50","date_gmt":"2025-07-07T13:11:50","guid":{"rendered":"https:\/\/cocosolis.com\/fr\/product\/skin-anti-cellulite-serum\/"},"modified":"2026-04-10T21:01:21","modified_gmt":"2026-04-10T19:01:21","slug":"skin-anti-cellulite-serum","status":"publish","type":"product","link":"https:\/\/cocosolis.com\/fr\/product\/skin-anti-cellulite-serum\/","title":{"rendered":"SKIN+ Anti-cellulite Serum"},"content":{"rendered":"","protected":false},"excerpt":{"rendered":"","protected":false},"featured_media":1000008659,"template":"","meta":{"_acf_changed":false},"product_brand":[],"product_cat":[19],"product_tag":[],"product_template":[70],"class_list":{"0":"post-1001034433","1":"product","2":"type-product","3":"status-publish","4":"has-post-thumbnail","6":"product_cat-skin","7":"product_template-v-2024-clean","9":"first","10":"instock","11":"shipping-taxable","12":"purchasable","13":"product-type-simple"},"acf":{"_v2024__listing_and_sharing_info__listing_category":"SKIN+","_v2024__listing_and_sharing_info__product_type":"Anti-cellulite Serum","_v2024__listing__and_sharing_info__listing_below_title_in_product_page":"S\u00e9rum concentr\u00e9 anti-cellulite. Formule scientifique pour une r\u00e9duire visiblement la cellulite, raffermir et un lisser.<br><strong>Zone cible : fesses et cuisses<\/strong>","_v2024__listing_and_sharing_info__listing_description":"S\u00e9rum concentr\u00e9 anti-cellulite. Formule soutenue par la science pour des r\u00e9sultats visibles.<br><strong>Zone cible : fesses et cuisses<\/strong>","_v2024__listing_and_sharing_info__image":1000008660,"_v2024__product_hero__hero_type":"carousel","_v2024__product_hero__product_slider_gallery":[{"_v2024__product_hero__product_slider_gallery__image":1000008437,"_v2024__product_hero__product_slider_gallery__video_link":""},{"_v2024__product_hero__product_slider_gallery__image":1000008469,"_v2024__product_hero__product_slider_gallery__video_link":""},{"_v2024__product_hero__product_slider_gallery__image":1000008470,"_v2024__product_hero__product_slider_gallery__video_link":""},{"_v2024__product_hero__product_slider_gallery__image":1000008471,"_v2024__product_hero__product_slider_gallery__video_link":""},{"_v2024__product_hero__product_slider_gallery__image":1000008472,"_v2024__product_hero__product_slider_gallery__video_link":""},{"_v2024__product_hero__product_slider_gallery__image":1000008473,"_v2024__product_hero__product_slider_gallery__video_link":""},{"_v2024__product_hero__product_slider_gallery__image":1000008474,"_v2024__product_hero__product_slider_gallery__video_link":""},{"_v2024__product_hero__product_slider_gallery__image":1000008438,"_v2024__product_hero__product_slider_gallery__video_link":""}],"_v2024__before_and_after_image":"","_v2024__before_and_after_image_mobile":"","_v2024__product_hero__quantity":"100 ML","_v2024__product_hero__product_disclamer":"","_v2024__why_use__should_show":"visible","_v2024__why_use__description_text":"Solution anti-cellulite scientifiquement prouv\u00e9e pour des r\u00e9sultats visibles en un mois seulement. Plus de 10 ingr\u00e9dients cl\u00e9s naturels en haute concentration et une action cibl\u00e9e sur la zone des fesses et des cuisses.","_v2024__why_use__text_content":"<ul>\r\n \t<li><strong>Effet transformateur<\/strong> : r\u00e9duit visiblement la cellulite, augmente le collag\u00e8ne, lisse et remod\u00e8le<\/li>\r\n \t<li><strong>Action compl\u00e9mentaire<\/strong> : br\u00fble les graisses, draine, hydrate, recharge en antioxydants et donne un fini \u00e9clatant<\/li>\r\n \t<li><strong>Ar\u00f4me<\/strong> : glace \u00e0 la myrtille<\/li>\r\n \t<li><strong>Zone<\/strong> : fesses et cuisses<\/li>\r\n<\/ul>","_v2024__why_use__product_notes_and_remarks":"","_v2024__why_use__background_color":"#FBF1EB","_v2024__why_use__heading_color":"#816c65","_v2024__why_use__text_color":"#816c65","_v2024__why_use__image_desktop":1000008631,"_v2024__why_use__image_mobile":1000008632,"_v2024__stats_show":false,"_v2024__stats_repeater":null,"_v2024__stats_repeater_disclaimer":null,"_v2024__benefits__icons_repeater":[{"_v2024__benefit__icons_repeater_icon":1000008679,"_v2024__benefit__icons_repeater_text":"R\u00c9DUIT LA CELLULITE"},{"_v2024__benefit__icons_repeater_icon":1000008675,"_v2024__benefit__icons_repeater_text":"BR\u00dbLE LES GRAISSES"},{"_v2024__benefit__icons_repeater_icon":1000008676,"_v2024__benefit__icons_repeater_text":"LISSE"},{"_v2024__benefit__icons_repeater_icon":1000008664,"_v2024__benefit__icons_repeater_text":"SENT LA GLACE AUX MYRTILLES"}],"_v2024__image_ingreddients__intro_text":"Formule innovante de 10 ingr\u00e9dients naturels qui agissent en synergie : forte concentration d'ingr\u00e9dients actifs \u00e0 l'effet anticellulite cliniquement prouv\u00e9, humectants et extraits de plantes.","_v2024__image_ingreddients__additional_description":"","_v2024__image_ingreddients__disclamer_inner":"","_v2024__image_ingredients__repeater":[{"_v2024__image_ingredients__ingredient_image":1000008637,"_v2024__image_ingredients__ingredient_title":"ACTIPORINE 8G\u2122","_v2024__image_ingredients__ingredient_description":"L'innovation contre la cellulite en concentration maximale. R\u00e9duit visiblement la cellulite en l'attaquant en profondeur. Agit comme un puissant booster de collag\u00e8ne, resserre les zones \u00e0 probl\u00e8mes et lisse la surface de la peau."},{"_v2024__image_ingredients__ingredient_image":1000008649,"_v2024__image_ingredients__ingredient_title":"PINK PEPPERSLIM\u2122","_v2024__image_ingredients__ingredient_description":"Ajout\u00e9 en double dose, il permet une combustion active des graisses et une microcirculation. Limite le stockage des d\u00e9p\u00f4ts graisseux, draine."},{"_v2024__image_ingredients__ingredient_image":1000008639,"_v2024__image_ingredients__ingredient_title":"BODYFERM\u2122","_v2024__image_ingredients__ingredient_description":"Efficacit\u00e9 prouv\u00e9e pour r\u00e9duire le tour des hanches et des cuisses. Raffermit les zones \u00e0 probl\u00e8mes, favorise la microcirculation, d\u00e9clenche les processus de fonte des graisses sous-cutan\u00e9es."},{"_v2024__image_ingredients__ingredient_image":1000002902,"_v2024__image_ingredients__ingredient_title":"AQUAXYL\u2122 + GLYCERIN","_v2024__image_ingredients__ingredient_description":"Combinaison pour une hydratation puissante. Synth\u00e8se de c\u00e9ramides et action anti-\u00e2ge. La peau reste \u00e9clatante, lisse et hydrat\u00e9e pendant plus de 24 heures."},{"_v2024__image_ingredients__ingredient_image":1000008647,"_v2024__image_ingredients__ingredient_title":"GUARANA","_v2024__image_ingredients__ingredient_description":"Un extrait riche en caf\u00e9ine qui stimule la combustion des graisses et am\u00e9liore la microcirculation. R\u00e9duit la r\u00e9tention d'eau."},{"_v2024__image_ingredients__ingredient_image":1000008650,"_v2024__image_ingredients__ingredient_title":"FIGUE DE BARBARIE","_v2024__image_ingredients__ingredient_description":"Cet extrait r\u00e9duit la visibilit\u00e9 de la cellulite en am\u00e9liorant la texture et l'\u00e9lasticit\u00e9 de la peau. Hydrate, d\u00e9toxifie et favorise la r\u00e9g\u00e9n\u00e9ration."},{"_v2024__image_ingredients__ingredient_image":1000008646,"_v2024__image_ingredients__ingredient_title":"NOIX VERTE","_v2024__image_ingredients__ingredient_description":"Extrait aux puissantes propri\u00e9t\u00e9s antioxydantes et d\u00e9toxifiantes. Agit sur le m\u00e9tabolisme des graisses, am\u00e9liore l'\u00e9lasticit\u00e9 et galbe la silhouette."},{"_v2024__image_ingredients__ingredient_image":1000008644,"_v2024__image_ingredients__ingredient_title":"FRUIT DU DRAGON","_v2024__image_ingredients__ingredient_description":"Cet extrait am\u00e9liore l'\u00e9lasticit\u00e9, l'\u00e9clat et restaure la texture de la peau."},{"_v2024__image_ingredients__ingredient_image":1000006709,"_v2024__image_ingredients__ingredient_title":"BEAUTY","_v2024__image_ingredients__ingredient_description":"Cet extrait prot\u00e8ge contre les radicaux libres, favorise la d\u00e9toxification et am\u00e9liore la microcirculation. Raffermit, lisse et tonifie."},{"_v2024__image_ingredients__ingredient_image":1000004197,"_v2024__image_ingredients__ingredient_title":"COCONUT","_v2024__image_ingredients__ingredient_description":"Extrait profond\u00e9ment hydratant, nourrissant et \u00e9mollient. Soutient la barri\u00e8re cutan\u00e9e, am\u00e9liore l'\u00e9lasticit\u00e9 et donne un aspect lisse et ferme."}],"_v2024__image_ingredients__all_ingredients":"AQUA*, GLYCERIN*, POLYSORBATE 20, JANIA RUBENS EXTRACT*, SCHINUS TEREBINTHIFOLIA SEED EXTRACT*, PUNICA GRANATUM PERICARP EXTRACT*, CORYLUS AVELLANA SEED EXTRACT*, SACCHAROMYCES FERMENT LYSATE FILTRATE*, HYDROLYZED WALNUT EXTRACT*, XYLITYLGLUCOSIDE*, ANHYDROXYLITOL*, XYLITOL*, VACCINIUM MYRTILLUS FRUIT EXTRACT*, COFFEA ARABICA SEED EXTRACT*, OPUNTIA FICUS-INDICA FLOWER EXTRACT*, HYLOCEREUS UNDATUS FRUIT EXTRACT*, COCOS NUCIFERA FRUIT EXTRACT*, CAPSICUM FRUTESCENS FRUIT EXTRACT*, PAULLINIA CUPANA SEED EXTRACT*, CITRIC ACID*, ACACIA SENEGAL GUM*, XANTHAN GUM*, LACTIC ACID*, SODIUM LEVULINATE*, AROMA, SODIUM PHYTATE*, SODIUM BENZOATE, POTASSIUM SORBATE, LINALOOL, LINALYL ACETATE, VANILLIN, CITRONELLOL\r\n\r\n<em>*Ingr\u00e9dients d\u2019origine naturelle<\/em>\r\n\r\n<em>Nous vous prions de bien vouloir noter que la liste des ingr\u00e9dients peut l\u00e9g\u00e8rement varier dans le temps compte-tenu des am\u00e9liorations du produit. Voir sur l'emballage du produit pour l'information actualis\u00e9e.<\/em>","_v2024__usage_content__left_content":"<strong>O\u00d9<\/strong> : fesses et cuisses\r\n\r\n<strong>QUAND<\/strong> : matin et soir\r\n\r\n<strong>COMMENT<\/strong> : appliquer sur une peau propre et s\u00e8che en effectuant des mouvements de massage jusqu'\u00e0 absorption compl\u00e8te\r\n\r\n<strong>POUR DE MEILLEURS R\u00c9SULTATS<\/strong> : appliquer avant votre huile s\u00e8che anticellulite SKIN pr\u00e9f\u00e9r\u00e9e et combiner avec le masseur GUA SHA","_v2024__usage_content__right_bottom_content":"","_v2024__usage_content__note":"<strong>VEUILLEZ NOTER<\/strong>\r\n\r\nA conserver dans un endroit frais, sombre et sec. Pour usage externe uniquement. Cesser l\u2019utilisation en cas d\u2019irritation. Ne pas utiliser sur une peau ab\u00eem\u00e9e ou bless\u00e9e.","_v2024__usage_content__storage":""},"_links":{"self":[{"href":"https:\/\/cocosolis.com\/fr\/wp-json\/wp\/v2\/product\/1001034433","targetHints":{"allow":["GET"]}}],"collection":[{"href":"https:\/\/cocosolis.com\/fr\/wp-json\/wp\/v2\/product"}],"about":[{"href":"https:\/\/cocosolis.com\/fr\/wp-json\/wp\/v2\/types\/product"}],"wp:featuredmedia":[{"embeddable":true,"href":"https:\/\/cocosolis.com\/fr\/wp-json\/"}],"wp:attachment":[{"href":"https:\/\/cocosolis.com\/fr\/wp-json\/wp\/v2\/media?parent=1001034433"}],"wp:term":[{"taxonomy":"product_brand","embeddable":true,"href":"https:\/\/cocosolis.com\/fr\/wp-json\/wp\/v2\/product_brand?post=1001034433"},{"taxonomy":"product_cat","embeddable":true,"href":"https:\/\/cocosolis.com\/fr\/wp-json\/wp\/v2\/product_cat?post=1001034433"},{"taxonomy":"product_tag","embeddable":true,"href":"https:\/\/cocosolis.com\/fr\/wp-json\/wp\/v2\/product_tag?post=1001034433"},{"taxonomy":"product_template","embeddable":true,"href":"https:\/\/cocosolis.com\/fr\/wp-json\/wp\/v2\/product_template?post=1001034433"}],"curies":[{"name":"wp","href":"https:\/\/api.w.org\/{rel}","templated":true}]}}