{"id":511,"date":"2022-06-07T14:20:23","date_gmt":"2022-06-07T12:20:23","guid":{"rendered":"https:\/\/cocosolis.com\/fr\/?page_id=511"},"modified":"2022-06-07T14:20:24","modified_gmt":"2022-06-07T12:20:24","slug":"mentions-legales","status":"publish","type":"page","link":"https:\/\/cocosolis.com\/fr\/mentions-legales\/","title":{"rendered":"Mentions l\u00e9gales"},"content":{"rendered":"\n<h2 class=\"wp-block-heading\">Mentions l\u00e9gales<\/h2>\n\n\n\n<p>Nom social et forme juridique : Purmerul OOD<br>Adresse postale du si\u00e8ge : 22 Rue Liuleburgas, et. 4, apt. 9, 4002 Plovdiv, Bulgarie<\/p>\n\n\n\n<p>Num\u00e9ro et ville du RCS : Tribunal d\u2019instance de Sofia, Bulgarie<\/p>\n\n\n\n<p>Registre du commerce : 201172065<br>Num\u00e9ro de TVA intracommunautaire : BG201172065<br>Social Capital: \u20ac 5<\/p>\n\n\n\n<p>Num\u00e9ro de t\u00e9l\u00e9phone : + 33 (9) 73053150<br>Adresse courriel&nbsp;&nbsp;<a href=\"mailto:fr@cocosolis.com\" target=\"_blank\" rel=\"noreferrer noopener\">fr@cocosolis.com<\/a><\/p>\n\n\n\n<p>Directeur de la publication : Plamen Stefanov<br>Charg\u00e9 de la protection des mineurs selon \u00a7 7 JMStV : Dimitar Giulev<\/p>\n\n\n\n<p>En vertu de l\u2019article 14, al. 1 du r\u00e8glement europ\u00e9en n\u00b0 524\/2013 du 21 mai 2013 relatif au RELC, la Commission Europ\u00e9enne met \u00e0 la disposition des consommateurs une plateforme en ligne de r\u00e8glement des litiges disponible \u00e0 cette adresse:&nbsp;<a href=\"https:\/\/ec.europa.eu\/consumers\/odr\/\" target=\"_blank\" rel=\"noreferrer noopener\">https:\/\/ec.europa.eu\/consumers\/odr\/<\/a><\/p>\n\n\n\n<p>H\u00e9bergeur : 23V Vaptsarov blvd., 1407 Sofia, Bulgarie,&nbsp;<a href=\"mailto:info@cocosolis.com\" target=\"_blank\" rel=\"noreferrer noopener\">info@cocosolis.com<\/a><\/p>\n\n\n\n<p>Date de publication: Le 8 juillet 2020<\/p>\n","protected":false},"excerpt":{"rendered":"<p>Mentions l\u00e9gales Nom social et forme juridique : Purmerul OODAdresse postale du si\u00e8ge : 22 Rue Liuleburgas, et. 4, apt. 9, 4002 Plovdiv, Bulgarie Num\u00e9ro et ville du RCS : Tribunal d\u2019instance de Sofia, Bulgarie Registre du commerce : 201172065Num\u00e9ro de TVA intracommunautaire : BG201172065Social Capital: \u20ac 5 Num\u00e9ro de t\u00e9l\u00e9phone : + 33 (9) &hellip; <a href=\"https:\/\/cocosolis.com\/fr\/mentions-legales\/\">Continued<\/a><\/p>\n","protected":false},"author":1,"featured_media":0,"parent":0,"menu_order":0,"comment_status":"closed","ping_status":"closed","template":"","meta":{"_acf_changed":false,"footnotes":""},"page_roles":[],"class_list":["post-511","page","type-page","status-publish","hentry"],"acf":[],"_links":{"self":[{"href":"https:\/\/cocosolis.com\/fr\/wp-json\/wp\/v2\/pages\/511","targetHints":{"allow":["GET"]}}],"collection":[{"href":"https:\/\/cocosolis.com\/fr\/wp-json\/wp\/v2\/pages"}],"about":[{"href":"https:\/\/cocosolis.com\/fr\/wp-json\/wp\/v2\/types\/page"}],"author":[{"embeddable":true,"href":"https:\/\/cocosolis.com\/fr\/wp-json\/wp\/v2\/users\/1"}],"replies":[{"embeddable":true,"href":"https:\/\/cocosolis.com\/fr\/wp-json\/wp\/v2\/comments?post=511"}],"version-history":[{"count":1,"href":"https:\/\/cocosolis.com\/fr\/wp-json\/wp\/v2\/pages\/511\/revisions"}],"predecessor-version":[{"id":512,"href":"https:\/\/cocosolis.com\/fr\/wp-json\/wp\/v2\/pages\/511\/revisions\/512"}],"wp:attachment":[{"href":"https:\/\/cocosolis.com\/fr\/wp-json\/wp\/v2\/media?parent=511"}],"wp:term":[{"taxonomy":"page_roles","embeddable":true,"href":"https:\/\/cocosolis.com\/fr\/wp-json\/wp\/v2\/page_roles?post=511"}],"curies":[{"name":"wp","href":"https:\/\/api.w.org\/{rel}","templated":true}]}}