{"id":467,"date":"2022-05-06T15:55:54","date_gmt":"2022-05-06T13:55:54","guid":{"rendered":"http:\/\/cocosolis.com\/en\/?page_id=467"},"modified":"2025-10-27T12:47:21","modified_gmt":"2025-10-27T11:47:21","slug":"delivery","status":"publish","type":"page","link":"https:\/\/cocosolis.com\/fr\/delivery\/","title":{"rendered":"COMMANDE ET LIVRAISON"},"content":{"rendered":"\n<p>Vous pouvez commander sur notre site web <a href=\"http:\/\/www.cocosolis.com\/fr\/store\/\" target=\"_blank\" rel=\"noreferrer noopener\">www.cocosolis.com\/fr\/store\/<\/a>.<\/p>\n\n\n\n<p>Une fois la commande accept\u00e9e, le client re\u00e7oit une confirmation par e-mail.<\/p>\n\n\n\n<h5 class=\"wp-block-heading\">FRAIS DE LIVRAISON<\/h5>\n\n\n\n<p>Pour les livraisons en France M\u00e9tropolitaine: Pour une livraison standard par Colissimo : livraison gratuite pour toutes les commandes sup\u00e9rieures \u00e0 45 \u20ac. Pour les commandes inf\u00e9rieures \u00e0 45 \u20ac, les frais de livraison sont fix\u00e9s \u00e0 4,90 \u20ac. Pour une livraison express par DHL: la livraison est fix\u00e9e \u00e0 9,90 \u20ac pour les commandes jusqu&rsquo;\u00e0 45 \u20ac, et \u00e0 5 \u20ac pour les commandes sup\u00e9rieures \u00e0 45 \u20ac. Pour les livraisons dans les DOM-TOM, les droits de douane, d\u00e9termin\u00e9s par les autorit\u00e9s locales, sont payables sur place et \u00e0 la charge du client.<\/p>\n\n\n\n<h5 class=\"wp-block-heading\"><font dir=\"auto\" style=\"vertical-align: inherit;\"><font dir=\"auto\" style=\"vertical-align: inherit;\">D\u00c9LAI DE LIVRAISON<\/font><\/font><\/h5>\n\n\n\n<p>Livraisons effectu\u00e9es par Colissimo : d\u00e9lai de livraison de 3 \u00e0 5 jours ouvr\u00e9s Livraisons effectu\u00e9es par DHL : 24 \u00e0 48h pour toute commande effectu\u00e9e avant 12h en jours ouvr\u00e9s. DHL ne livre pas les samedis, dimanches et jours f\u00e9ri\u00e9s.<\/p>\n\n\n\n<h5 class=\"wp-block-heading\"><font dir=\"auto\" style=\"vertical-align: inherit;\"><font dir=\"auto\" style=\"vertical-align: inherit;\">ADRESSE DE LIVRAISON<\/font><\/font><\/h5>\n\n\n\n<p>Les livraisons sont effectu\u00e9es par Colissimo ou DHL \u00e0 l&rsquo;adresse indiqu\u00e9e par le client. Si le client ne permet pas l&rsquo;acc\u00e8s ou ne fournit pas les conditions n\u00e9cessaires \u00e0 la livraison \u00e0 l&rsquo;adresse indiqu\u00e9e dans le d\u00e9lai imparti, ou s&rsquo;il ne retire pas sa commande au point de retrait indiqu\u00e9 par Colissimo ou DHL, le vendeur est lib\u00e9r\u00e9 de toute obligation de livraison.<\/p>\n\n\n\n<h5 class=\"wp-block-heading\"><font dir=\"auto\" style=\"vertical-align: inherit;\"><font dir=\"auto\" style=\"vertical-align: inherit;\">POUR NOUS CONTACTER:<\/font><\/font><\/h5>\n\n\n\n<ul class=\"wp-block-list\">\n<li>par t\u00e9l\u00e9phone: 09 73 053 100<\/li>\n\n\n\n<li>via Facebook: <a href=\"https:\/\/www.facebook.com\/cocosolisfr\/\" target=\"_blank\" rel=\"noreferrer noopener\">Facebook COCOSOLIS | Paris<\/a><\/li>\n<\/ul>\n\n\n\n<p>Date de publication: 10.10.2025<\/p>\n","protected":false},"excerpt":{"rendered":"<p>Vous pouvez commander sur notre site web www.cocosolis.com\/fr\/store\/. Une fois la commande accept\u00e9e, le client re\u00e7oit une confirmation par e-mail. FRAIS DE LIVRAISON Pour les livraisons en France M\u00e9tropolitaine: Pour une livraison standard par Colissimo : livraison gratuite pour toutes les commandes sup\u00e9rieures \u00e0 45 \u20ac. Pour les commandes inf\u00e9rieures \u00e0 45 \u20ac, les frais &hellip; <a href=\"https:\/\/cocosolis.com\/fr\/delivery\/\">Continued<\/a><\/p>\n","protected":false},"author":1,"featured_media":0,"parent":0,"menu_order":0,"comment_status":"closed","ping_status":"closed","template":"","meta":{"_acf_changed":false,"footnotes":""},"page_roles":[36],"class_list":["post-467","page","type-page","status-publish","hentry","page_roles-legal"],"acf":[],"_links":{"self":[{"href":"https:\/\/cocosolis.com\/fr\/wp-json\/wp\/v2\/pages\/467","targetHints":{"allow":["GET"]}}],"collection":[{"href":"https:\/\/cocosolis.com\/fr\/wp-json\/wp\/v2\/pages"}],"about":[{"href":"https:\/\/cocosolis.com\/fr\/wp-json\/wp\/v2\/types\/page"}],"author":[{"embeddable":true,"href":"https:\/\/cocosolis.com\/fr\/wp-json\/wp\/v2\/users\/1"}],"replies":[{"embeddable":true,"href":"https:\/\/cocosolis.com\/fr\/wp-json\/wp\/v2\/comments?post=467"}],"version-history":[{"count":23,"href":"https:\/\/cocosolis.com\/fr\/wp-json\/wp\/v2\/pages\/467\/revisions"}],"predecessor-version":[{"id":1001113071,"href":"https:\/\/cocosolis.com\/fr\/wp-json\/wp\/v2\/pages\/467\/revisions\/1001113071"}],"wp:attachment":[{"href":"https:\/\/cocosolis.com\/fr\/wp-json\/wp\/v2\/media?parent=467"}],"wp:term":[{"taxonomy":"page_roles","embeddable":true,"href":"https:\/\/cocosolis.com\/fr\/wp-json\/wp\/v2\/page_roles?post=467"}],"curies":[{"name":"wp","href":"https:\/\/api.w.org\/{rel}","templated":true}]}}