{"id":1001141708,"date":"2026-02-27T10:23:29","date_gmt":"2026-02-27T09:23:29","guid":{"rendered":"https:\/\/cocosolis.com\/fr\/?page_id=1001141708"},"modified":"2026-02-27T10:26:09","modified_gmt":"2026-02-27T09:26:09","slug":"women-day-2026","status":"publish","type":"page","link":"https:\/\/cocosolis.com\/fr\/terms-of-use\/women-day-2026\/","title":{"rendered":"Conditions G\u00e9n\u00e9rales de la Promotion \u201cWomen&rsquo;s Day Promo\u201d"},"content":{"rendered":"\n<h2 class=\"wp-block-heading\"><strong>Conditions G\u00e9n\u00e9rales de la Promotion <\/strong><strong>\u201cWomen&rsquo;s Day Promo\u201d<\/strong><\/h2>\n\n\n\n<ol class=\"wp-block-list\">\n<li><strong>\u00a0Organi sateur de la Promotion<\/strong>\n<ol class=\"wp-block-list\">\n<li>L\u2019Organisateur de la Promotion \u201cWomen&rsquo;s Day Promo\u201d est la soci\u00e9t\u00e9 PURMERUL Ltd., au Si\u00e8ge Social en Bulgarie \u00e0 l\u2019adresse 22,\u00a0 Rue Liuleburgas, et. 4, apt. 9, 4002 Plovdiv, num\u00e9ro d\u2019identification : 201172065.<\/li>\n<\/ol>\n<\/li>\n\n\n\n<li><strong>R\u00e8glement Officiel<\/strong>\n<ol class=\"wp-block-list\">\n<li>Les Participants \u00e0 la Promotion sont tenus de se conformer aux termes et conditions des r\u00e8gles d\u00e9crites ci-dessous, appel\u00e9s R\u00e8glement Officiel.<\/li>\n\n\n\n<li>Le R\u00e8glement Officiel est publi\u00e9 avant le d\u00e9but de la promotion sur <a href=\"http:\/\/www.cocosolis.com\/fr\/\">www.cocosolis.com\/fr\/<\/a>.Des informations compl\u00e9mentaires peuvent \u00eatre obtenues en appelant le +33 9 73 05 31 00 (le taux d&rsquo;appel est d\u00e9termin\u00e9 selon le plan tarifaire de l&rsquo;appelant) chaque jour ouvrable dans la plage horaire de 09h30 \u00e0 18h00.<\/li>\n\n\n\n<li>L&rsquo;Organisateur de la Promotion se r\u00e9serve le droit de modifier ou de compl\u00e9ter le R\u00e8glement Officiel \u00e0 tout moment en l&rsquo;annon\u00e7ant publiquement.<\/li>\n<\/ol>\n<\/li>\n\n\n\n<li><strong>Territoire de la Promotion<\/strong>\n<ol class=\"wp-block-list\">\n<li>La Promotion est organis\u00e9e sur le territoire de la France M\u00e9tropolitiane.<\/li>\n<\/ol>\n<\/li>\n\n\n\n<li><strong>Droit de participation<\/strong>\n<ol class=\"wp-block-list\">\n<li>Toute personne \u00e2g\u00e9e de dix-huit (18) ans ou plus r\u00e9sidant sur le territoire de la France M\u00e9tropolitiane peut participer \u00e0 la Promotion.<\/li>\n\n\n\n<li>Les employ\u00e9s de PURMERUL Ltd., ainsi que tous les partenaires et agences associ\u00e9s \u00e0 la Promotion, ainsi que les membres de leur famille de toutes les personnes susmentionn\u00e9es ne sont pas autoris\u00e9s \u00e0 participer \u00e0 la Promotion.<\/li>\n<\/ol>\n<\/li>\n\n\n\n<li><strong>Dur\u00e9e de la Promotion<\/strong>\n<ol class=\"wp-block-list\">\n<li>La promotion est valable jusqu&rsquo;\u00e0 \u00e9puisement de stocks.<\/li>\n<\/ol>\n<\/li>\n\n\n\n<li><strong>Produits participants<\/strong>\n<ol class=\"wp-block-list\">\n<li>Tous les produits disponibles sur le site <a href=\"http:\/\/www.cocosolis.com\/fr\/\">www.cocosolis.com\/fr\/<\/a> participent \u00e0 la Promotion.<\/li>\n<\/ol>\n<\/li>\n\n\n\n<li><strong>Description de la Promotion et m\u00e9canisme de participation \u00e0 la Promotion<\/strong>\n<ol class=\"wp-block-list\">\n<li>Lors de la visite du site, le jeu COCOSOLIS appara\u00eet. Pour gagner un cadeau, l\u2019utilisateur doit d\u2019abord saisir son adresse e-mail. Apr\u00e8s avoir saisi correctement l\u2019e-mail, l\u2019utilisateur a la possibilit\u00e9 de gagner l\u2019un des cadeaux annonc\u00e9s \u00e0 l\u2019avance avant le d\u00e9but du jeu.<\/li>\n\n\n\n<li>Cette promotion permet au client de recevoir un bestseller gratuit en cadeau lorsqu\u2019il ajoute un ou plusieurs produits de son choix sur le site COCOSOLIS pour une valeur sup\u00e9rieure \u00e0 \u20ac28 (les frais de livraison ne sont pas inclus). Le cadeau sera appliqu\u00e9 automatiquement lorsque l\u2019utilisateur ajoute des produits \u00e0 son panier.<\/li>\n\n\n\n<li>Les r\u00e9compenses possibles sont :<\/li>\n<\/ol>\n<\/li>\n<\/ol>\n\n\n\n<p>\u2022 GROW Hair Growth Serum Spray<\/p>\n\n\n\n<p>\u2022 GROW Growth &amp; Anti-aging Shampoo<\/p>\n\n\n\n<p>\u2022 GROW Growth &amp; Anti-aging Conditioner<\/p>\n\n\n\n<p>\u2022 SLIM+ Shaping Serum<\/p>\n\n\n\n<p>\u2022 HOT+ Fat-burning Serum<\/p>\n\n\n\n<p>\u2022 SKIN+ Anti-cellulite Serum<\/p>\n\n\n\n<ol start=\"4\" class=\"wp-block-list\">\n<li>En cas de gain d\u2019un produit gratuit, le client re\u00e7oit une offre suppl\u00e9mentaire lui permettant d\u2019obtenir un autre produit gratuit s\u2019il ajoute \u00e0 sa commande un ou plusieurs produits de son choix pour une valeur minimale de \u20ac28.<\/li>\n\n\n\n<li>\u00c0 partir d\u2019un certain montant de commande, les clients re\u00e7oivent \u00e9galement un cadeau : le COCOSOLIS Cloud Pouch.<\/li>\n\n\n\n<li>L\u2019offre est valable uniquement sur le site officiel de COCOSOLIS, jusqu\u2019\u00e0 \u00e9puisement des stocks. Les clients peuvent \u00e9galement acheter des produits s\u00e9lectionn\u00e9s inclus dans des packs promotionnels sp\u00e9ciaux avec une r\u00e9duction pr\u00e9d\u00e9finie.<\/li>\n\n\n\n<li>Pendant la promotion, les clients fid\u00e8les peuvent accumuler des points, mais pas les utiliser.<\/li>\n\n\n\n<li>La livraison est effectu\u00e9e par le service Colis Priv\u00e9 \u00e0 l&rsquo;adresse indiqu\u00e9e par le Participant. Si l&rsquo;utilisateur ne fournit pas l&rsquo;acc\u00e8s et les conditions n\u00e9cessaires pour la livraison des marchandises \u00e0 l&rsquo;adresse indiqu\u00e9e dans le d\u00e9lai sp\u00e9cifi\u00e9 ou ne se rend pas au bureau sp\u00e9cifi\u00e9 par les services Colis Priv\u00e9 afin de recevoir les marchandises \u00e0 temps, l&rsquo;Organisateur sera lib\u00e9r\u00e9 de l&rsquo;obligation d&rsquo;effectuer la livraison demand\u00e9e. Cette Promotion n&rsquo;est pas cumulable avec d&rsquo;autres remises.<\/li>\n\n\n\n<li>Toutes les autres offres packag\u00e9es et codes promotionnels standard et promotionnels ne sont PAS valables pendant la p\u00e9riode de la Promotion mentionn\u00e9e dans l\u2019art. 5.<\/li>\n<\/ol>\n\n\n\n<ol start=\"8\" class=\"wp-block-list\">\n<li><strong>Litiges et responsabilit\u00e9<\/strong>\n<ol class=\"wp-block-list\">\n<li>Les litiges entre l\u2019Organisateur de la Promotion et ses Participants se r\u00e8glent d&rsquo;un commun accord. Le non r\u00e8glement d&rsquo;un tel diff\u00e9rend sera r\u00e9gl\u00e9 par les tribunaux comp\u00e9tents de la R\u00e9publique de Bulgarie.<\/li>\n\n\n\n<li>L&rsquo;Organisateur n\u2019est pas responsable de la remise de prix\/cadeaux demand\u00e9s en dehors des d\u00e9lais et quantit\u00e9s sp\u00e9cifi\u00e9s dans le pr\u00e9sent r\u00e8glement.<\/li>\n\n\n\n<li>L&rsquo;organisateur de la Promotion n\u2019est pas responsable dans le cas o\u00f9 le Participant a fourni une adresse e-mail ou un num\u00e9ro de t\u00e9l\u00e9phone non valide ou non correspondant.<\/li>\n<\/ol>\n<\/li>\n\n\n\n<li><strong>Remplacement et retour des produits<\/strong>\n<ol class=\"wp-block-list\">\n<li>Conform\u00e9ment \u00e0 la Loi sur la protection des consommateurs, le Participant a le droit de retourner les produits achet\u00e9s sans aucune p\u00e9nalit\u00e9 et sans avoir \u00e0 donner de raison. Il suffit d&rsquo;informer COCOSOLIS.COM dans les quatorze (14) jours \u00e0 compter de la date de r\u00e9ception de l&rsquo;envoi.\u00a0<\/li>\n\n\n\n<li>Les produits retourn\u00e9s doivent \u00eatre renvoy\u00e9s \u00e0 COCOSOLIS dans un d\u00e9lai de sept (7) jours \u00e0 compter de la date d&rsquo;envoi des informations sur la d\u00e9cision de retour des produits achet\u00e9s.\u00a0<\/li>\n\n\n\n<li>Dans certaines circonstances, il est possible d&rsquo;\u00e9changer un produit avec un autre.\u00a0<\/li>\n\n\n\n<li>Veuillez lire l&rsquo;int\u00e9gralit\u00e9 des conditions de notre politique de retour et d&rsquo;\u00e9change ici: <a href=\"https:\/\/cocosolis.com\/fr\/return-policy\/\">https:\/\/cocosolis.com\/fr\/return-policy\/<\/a>\u00a0<\/li>\n<\/ol>\n<\/li>\n\n\n\n<li><strong>Arr\u00eat de la Promotion<\/strong>\n<ol class=\"wp-block-list\">\n<li>L&rsquo;Organisateur a le droit irr\u00e9vocable de mettre fin \u00e0 la Promotion \u00e0 tout moment, en l&rsquo;annon\u00e7ant conform\u00e9ment \u00e0 l&rsquo;art. 2 du pr\u00e9sent R\u00e8glement Officiel, en cas d&rsquo;abus, de violation des r\u00e8gles, ainsi qu&rsquo;en cas de force majeure ou pour d&rsquo;autres raisons objectives. En cas d&rsquo;abus, de faute ou de violation du R\u00e8glement Officiel par un participant, l&rsquo;Organisateur a le droit de le disqualifier. Dans ces cas, aucune compensation n&rsquo;est due aux Participants.<\/li>\n<\/ol>\n<\/li>\n\n\n\n<li><strong>Protection des donn\u00e9es personnelles. Acc\u00e8s public.\u00a0<\/strong>\n<ol class=\"wp-block-list\">\n<li>Veuillez lire l&rsquo;int\u00e9gralit\u00e9 des termes et Conditions G\u00e9n\u00e9rales de notre politique de confidentialit\u00e9 ici: <a href=\"https:\/\/cocosolis.com\/fr\/privacy-policy\/\">https:\/\/cocosolis.com\/fr\/privacy-policy\/<\/a>\u00a0<\/li>\n<\/ol>\n<\/li>\n\n\n\n<li><strong>Prix le plus bas auquel le produit a \u00e9t\u00e9 vendu au cours des 30 derniers jours.<\/strong>\n<ol class=\"wp-block-list\">\n<li>Il est d\u00e9termin\u00e9 s\u00e9par\u00e9ment pour chaque promotion et signifie le prix le plus bas auquel le produit a \u00e9t\u00e9 vendu sur le site au cours des 30 derniers jours avant le d\u00e9but de la promotion en cours.<\/li>\n\n\n\n<li>Le produit pour lequel nous affichons ce prix peut avoir \u00e9t\u00e9 achet\u00e9 \u00e0 un prix inf\u00e9rieur au cours de la p\u00e9riode pr\u00e9c\u00e9dente, si le client a utilis\u00e9 un bon d&rsquo;achat\/code promo suppl\u00e9mentaire pour une r\u00e9duction individuelle.<\/li>\n\n\n\n<li>Il peut diff\u00e9rer du prix auquel le produit a \u00e9t\u00e9 vendu imm\u00e9diatement avant la promotion en cours.<\/li>\n\n\n\n<li>Se r\u00e9f\u00e8re uniquement au prix du produit sur le site officiel de COCOSOLIS et ne prend pas en compte les prix dans les diff\u00e9rents magasins physiques o\u00f9 le produit est disponible.<\/li>\n\n\n\n<li>Il peut y avoir une diff\u00e9rence entre le \u00ab prix le plus bas \u00bb d&rsquo;un m\u00eame produit pour diff\u00e9rentes promotions.<\/li>\n\n\n\n<li>Les promotions sur le site et leurs conditions peuvent diff\u00e9rer des r\u00e9ductions et des campagnes dans les magasins physiques o\u00f9 les produits COCOSOLIS sont disponibles. Lors d&rsquo;une commande sur le site, seules les conditions annonc\u00e9es sur le site et applicables \u00e0 la boutique en ligne s&rsquo;appliquent.\u00a0<\/li>\n\n\n\n<li>Pour les offres promotionnelles, le \u00ab prix le plus bas des 30 derniers jours \u00bb correspond au prix normal des produits inclus dans l&rsquo;offre promotionnelle.<\/li>\n<\/ol>\n<\/li>\n<\/ol>\n","protected":false},"excerpt":{"rendered":"<p>Conditions G\u00e9n\u00e9rales de la Promotion \u201cWomen&rsquo;s Day Promo\u201d \u2022 GROW Hair Growth Serum Spray \u2022 GROW Growth &amp; Anti-aging Shampoo \u2022 GROW Growth &amp; Anti-aging Conditioner \u2022 SLIM+ Shaping Serum \u2022 HOT+ Fat-burning Serum \u2022 SKIN+ Anti-cellulite Serum<\/p>\n","protected":false},"author":1000000384,"featured_media":0,"parent":464,"menu_order":0,"comment_status":"closed","ping_status":"closed","template":"","meta":{"_acf_changed":false,"footnotes":""},"page_roles":[],"class_list":["post-1001141708","page","type-page","status-publish","hentry"],"acf":[],"_links":{"self":[{"href":"https:\/\/cocosolis.com\/fr\/wp-json\/wp\/v2\/pages\/1001141708","targetHints":{"allow":["GET"]}}],"collection":[{"href":"https:\/\/cocosolis.com\/fr\/wp-json\/wp\/v2\/pages"}],"about":[{"href":"https:\/\/cocosolis.com\/fr\/wp-json\/wp\/v2\/types\/page"}],"author":[{"embeddable":true,"href":"https:\/\/cocosolis.com\/fr\/wp-json\/wp\/v2\/users\/1000000384"}],"replies":[{"embeddable":true,"href":"https:\/\/cocosolis.com\/fr\/wp-json\/wp\/v2\/comments?post=1001141708"}],"version-history":[{"count":1,"href":"https:\/\/cocosolis.com\/fr\/wp-json\/wp\/v2\/pages\/1001141708\/revisions"}],"predecessor-version":[{"id":1001141709,"href":"https:\/\/cocosolis.com\/fr\/wp-json\/wp\/v2\/pages\/1001141708\/revisions\/1001141709"}],"up":[{"embeddable":true,"href":"https:\/\/cocosolis.com\/fr\/wp-json\/wp\/v2\/pages\/464"}],"wp:attachment":[{"href":"https:\/\/cocosolis.com\/fr\/wp-json\/wp\/v2\/media?parent=1001141708"}],"wp:term":[{"taxonomy":"page_roles","embeddable":true,"href":"https:\/\/cocosolis.com\/fr\/wp-json\/wp\/v2\/page_roles?post=1001141708"}],"curies":[{"name":"wp","href":"https:\/\/api.w.org\/{rel}","templated":true}]}}