{"id":1000025459,"date":"2023-03-21T17:17:20","date_gmt":"2023-03-21T16:17:20","guid":{"rendered":"https:\/\/cocosolis.com\/fr\/?page_id=1000025459"},"modified":"2023-03-24T11:10:30","modified_gmt":"2023-03-24T10:10:30","slug":"loyalty-terms","status":"publish","type":"page","link":"https:\/\/cocosolis.com\/fr\/terms-of-use\/loyalty-terms\/","title":{"rendered":"Programme de Fid\u00e9lit\u00e9"},"content":{"rendered":"\n<h2 class=\"wp-block-heading\">Conditions g\u00e9n\u00e9rales r\u00e9gissent le Programme de fid\u00e9lit\u00e9<\/h2>\n\n\n\n<ol class=\"wp-block-list\">\n<li>Les pr\u00e9sentes Conditions g\u00e9n\u00e9rales r\u00e9gissent le Programme de fid\u00e9lit\u00e9 COCOSOLIS, qui comprend la collecte de points du Programme de fid\u00e9lit\u00e9 (\u00ab Points \u00bb) et toutes les r\u00e9compenses du Programme de fid\u00e9lit\u00e9.<\/li>\n\n\n\n<li>Le Programme de fid\u00e9lit\u00e9 est destin\u00e9 \u00e0 un usage personnel uniquement pour r\u00e9compenser les clients du site www.cocosolis.com avec des r\u00e9compenses et des Points en fonction des d\u00e9penses et de l&rsquo;activit\u00e9 sur le site et sur les r\u00e9seaux sociaux. Toute transaction ou activit\u00e9 sur d&rsquo;autres sites ne rapportera aucun Point.<\/li>\n\n\n\n<li>Le Programme de fid\u00e9lit\u00e9 est ouvert \u00e0 tous les clients du site \u00e2g\u00e9s de 18 ans ou plus.<\/li>\n\n\n\n<li>Vous serez automatiquement inscrit au Programme de fid\u00e9lit\u00e9 lorsque vous cr\u00e9erez un compte en ligne ou que vous vous connecterez \u00e0 un compte en ligne existant sur le site www.cocosolis.com. Les Membres n&rsquo;ont droit qu&rsquo;\u00e0 un seul compte Programme de fid\u00e9lit\u00e9 sur le site www.cocosolis.com. Nous nous r\u00e9servons le droit de refuser, de fusionner ou de fermer des comptes suppl\u00e9mentaires \u00e0 tout moment et d&rsquo;invalider les Points \u00e9mis sur ces comptes sans engager notre responsabilit\u00e9.<\/li>\n\n\n\n<li>Vous commencez \u00e0 gagner des Points lorsque vous rejoignez le Programme de fid\u00e9lit\u00e9.<\/li>\n\n\n\n<li>Les Points sont \u00e9mis par et restent la propri\u00e9t\u00e9 de COCOSOLIS qui peut, \u00e0 tout moment, r\u00e9silier ou modifier le fonctionnement du Programme de fid\u00e9lit\u00e9 ou apporter des modifications aux pr\u00e9sentes Conditions g\u00e9n\u00e9rales et vous donnera un pr\u00e9avis raisonnable de toute modification. Gagner des points sera consid\u00e9r\u00e9 comme une acceptation des Conditions g\u00e9n\u00e9rales r\u00e9vis\u00e9es.<\/li>\n\n\n\n<li>Vous pouvez quitter le Programme de fid\u00e9lit\u00e9 \u00e0 tout moment en supprimant votre compte sur notre site Web ou en envoyant un e-mail \u00e0 dpo@cocosolis.com.<br>PROGRAMME DE FID\u00c9LIT\u00c9. GAGNER DES POINTS<\/li>\n\n\n\n<li>Vous gagnerez des points en vous inscrivant sur notre site Web, en parrainant un ami, en partageant un avis sur des produits, en nous suivant sur les r\u00e9seaux sociaux, pour votre anniversaire et en achetant des produits sur le site www.cocosolis.com<\/li>\n\n\n\n<li>Selon le niveau que vous avez atteint, vous gagnerez entre un et deux Points pour chaque 1 \u20ac que vous d\u00e9pensez sur le site www.cocosolis.com:<\/li>\n\n\n\n<li>Pour gagner des Points sur les achats et votre activit\u00e9 sur le site www.cocosolis.com, ous devez \u00eatre connect\u00e9 \u00e0 votre compte au moment de l&rsquo;achat ou au moment de l&rsquo;activit\u00e9.<\/li>\n\n\n\n<li>Les Points seront ajout\u00e9s \u00e0 votre compte dans les 24 heures suivant :<br>a.l&rsquo;exp\u00e9dition de votre achat effectu\u00e9 sur le site www.cocosolis.com<br>b.la r\u00e9alisation d&rsquo;un achat par un ami parrain\u00e9<br>c. la publication de votre Avis en ligne.<\/li>\n\n\n\n<li>Pour toutes les autres activit\u00e9s qui vous rapportent des Points, les Points sont ajout\u00e9s instantan\u00e9ment \u00e0 votre compte.<\/li>\n\n\n\n<li>Lorsqu&rsquo;un remboursement est \u00e9mis conform\u00e9ment \u00e0 la Politique de retour sur le site, tous les Points que vous avez gagn\u00e9s pour l&rsquo;achat rembours\u00e9 seront d\u00e9duits de votre compte.<\/li>\n\n\n\n<li>Nous pouvons occasionnellement proposer des promotions dans le cadre desquelles vous pouvez gagner des Points suppl\u00e9mentaires. Toute promotion de ce type sera soumise aux termes et conditions \u00e9mis avec cette promotion.<\/li>\n\n\n\n<li>COCOSOLIS peut fixer une limite au nombre de fois o\u00f9 des Points peuvent \u00eatre attribu\u00e9s pour des articles promotionnels sur lesquels des Points suppl\u00e9mentaires sont disponibles. Les promotions individuelles peuvent avoir des limites diff\u00e9rentes, comme indiqu\u00e9 dans leurs Conditions d&rsquo;achat. Toute participation \u00e0 des offres promotionnelles au-del\u00e0 de ce qui pourrait objectivement \u00eatre consid\u00e9r\u00e9 comme un comportement de consommation ou un usage personnel pourra \u00eatre consid\u00e9r\u00e9e comme un abus du Programme de fid\u00e9lit\u00e9.<\/li>\n\n\n\n<li>Vous pouvez consulter votre solde de Points \u00e0 tout moment via Votre compte sur le Site<\/li>\n\n\n\n<li>Les Point ne peuvent pas \u00eatre r\u00e9troc\u00e9d\u00e9s.<\/li>\n<\/ol>\n\n\n\n<h3 class=\"wp-block-heading\">Programme de fid\u00e9lit\u00e9. Date de validite<\/h3>\n\n\n\n<ol class=\"wp-block-list\" start=\"18\">\n<li>Les Points expirent apr\u00e8s 365 jours d&rsquo;inactivit\u00e9 dans le Programme de fid\u00e9lit\u00e9.<\/li>\n<\/ol>\n\n\n\n<h3 class=\"wp-block-heading\">Programme de fid\u00e9lit\u00e9. Niveaux<\/h3>\n\n\n\n<ol class=\"wp-block-list\" start=\"18\">\n<li>Un niveau (&lsquo;Niveau&rsquo;) vous sera attribu\u00e9 en fonction du montant d\u00e9pens\u00e9 sur notre site.<\/li>\n\n\n\n<li>Vous resterez dans votre Niveau, \u00e0 moins que votre solde de Points accumul\u00e9s ou le montant d\u00e9pens\u00e9 aient atteint un seuil de niveau sup\u00e9rieur, ce qui vous fait entrer dans un nouveau Niveau.<\/li>\n\n\n\n<li>Votre Niveau est limit\u00e9 aux niveaux de d\u00e9penses et d&rsquo;activit\u00e9 de votre compte. Toute d\u00e9pense ou activit\u00e9 en dehors de votre compte ne contribuera pas \u00e0 votre Niveau.<\/li>\n<\/ol>\n\n\n\n<h3 class=\"wp-block-heading\">Programme de fid\u00e9lit\u00e9. Disqualification, annulation et retrait<\/h3>\n\n\n\n<ol class=\"wp-block-list\" start=\"21\">\n<li>COCOSOLIS peut refuser d&rsquo;\u00e9mettre, de retirer des Points (sous quelque forme que ce soit) et\/ou de supprimer un Membre du Programme de fid\u00e9lit\u00e9 \u00e0 tout moment s&rsquo;il a des motifs raisonnables de croire :<br>a. tout abus ou tentative d&rsquo;abus du programme de fid\u00e9lit\u00e9 ;<\/li>\n\n\n\n<li>b. toute violation ou tentative de violation des pr\u00e9sentes Conditions g\u00e9n\u00e9rales<\/li>\n\n\n\n<li>c. tout comportement li\u00e9 au Programme de fid\u00e9lit\u00e9 impliquant un vol, une mauvaise conduite, un comportement abusif ou offensant, ou la fourniture d&rsquo;informations fausses ou trompeuses ;<\/li>\n\n\n\n<li>d. ont \u00e9t\u00e9 attribu\u00e9s par erreur.<\/li>\n<\/ol>\n","protected":false},"excerpt":{"rendered":"<p>Conditions g\u00e9n\u00e9rales r\u00e9gissent le Programme de fid\u00e9lit\u00e9 Programme de fid\u00e9lit\u00e9. Date de validite Programme de fid\u00e9lit\u00e9. Niveaux Programme de fid\u00e9lit\u00e9. Disqualification, annulation et retrait<\/p>\n","protected":false},"author":1,"featured_media":0,"parent":464,"menu_order":0,"comment_status":"closed","ping_status":"closed","template":"","meta":{"_acf_changed":false,"footnotes":""},"page_roles":[36],"class_list":["post-1000025459","page","type-page","status-publish","hentry","page_roles-legal"],"acf":[],"_links":{"self":[{"href":"https:\/\/cocosolis.com\/fr\/wp-json\/wp\/v2\/pages\/1000025459","targetHints":{"allow":["GET"]}}],"collection":[{"href":"https:\/\/cocosolis.com\/fr\/wp-json\/wp\/v2\/pages"}],"about":[{"href":"https:\/\/cocosolis.com\/fr\/wp-json\/wp\/v2\/types\/page"}],"author":[{"embeddable":true,"href":"https:\/\/cocosolis.com\/fr\/wp-json\/wp\/v2\/users\/1"}],"replies":[{"embeddable":true,"href":"https:\/\/cocosolis.com\/fr\/wp-json\/wp\/v2\/comments?post=1000025459"}],"version-history":[{"count":3,"href":"https:\/\/cocosolis.com\/fr\/wp-json\/wp\/v2\/pages\/1000025459\/revisions"}],"predecessor-version":[{"id":1000025571,"href":"https:\/\/cocosolis.com\/fr\/wp-json\/wp\/v2\/pages\/1000025459\/revisions\/1000025571"}],"up":[{"embeddable":true,"href":"https:\/\/cocosolis.com\/fr\/wp-json\/wp\/v2\/pages\/464"}],"wp:attachment":[{"href":"https:\/\/cocosolis.com\/fr\/wp-json\/wp\/v2\/media?parent=1000025459"}],"wp:term":[{"taxonomy":"page_roles","embeddable":true,"href":"https:\/\/cocosolis.com\/fr\/wp-json\/wp\/v2\/page_roles?post=1000025459"}],"curies":[{"name":"wp","href":"https:\/\/api.w.org\/{rel}","templated":true}]}}