{"id":408,"date":"2022-05-06T14:49:07","date_gmt":"2022-05-06T12:49:07","guid":{"rendered":"http:\/\/cocosolis.com\/en\/?post_type=product&#038;p=408"},"modified":"2026-04-15T10:10:52","modified_gmt":"2026-04-15T08:10:52","slug":"hair-oil-mask-3in1","status":"publish","type":"product","link":"https:\/\/cocosolis.com\/es\/product\/hair-oil-mask-3in1\/","title":{"rendered":"HAIR Oil Mask 3in1"},"content":{"rendered":"","protected":false},"excerpt":{"rendered":"","protected":false},"featured_media":1000004562,"comment_status":"open","ping_status":"closed","template":"","meta":{"_acf_changed":false},"product_brand":[],"product_cat":[17],"product_tag":[],"product_template":[70],"class_list":{"0":"post-408","1":"product","2":"type-product","3":"status-publish","4":"has-post-thumbnail","6":"product_cat-hair","7":"product_template-v-2024-clean","9":"first","10":"instock","11":"shipping-taxable","12":"purchasable","13":"product-type-simple"},"acf":{"_v2024__listing_and_sharing_info__listing_category":"HAIR","_v2024__listing_and_sharing_info__product_type":"Oil Mask 3in1","_v2024__listing__and_sharing_info__listing_below_title_in_product_page":"Mascarilla de aceite natural 3 en 1 para nutrici\u00f3n y restauraci\u00f3n intensiva del cabello.","_v2024__listing_and_sharing_info__listing_description":"Mascarilla de aceite natural 3 en 1 para nutrici\u00f3n y restauraci\u00f3n intensiva del cabello.","_v2024__listing_and_sharing_info__image":1000000381,"_v2024__product_hero__hero_type":"carousel","_v2024__product_hero__product_slider_gallery":[{"_v2024__product_hero__product_slider_gallery__image":1000006601,"_v2024__product_hero__product_slider_gallery__video_link":""},{"_v2024__product_hero__product_slider_gallery__image":1000006602,"_v2024__product_hero__product_slider_gallery__video_link":""},{"_v2024__product_hero__product_slider_gallery__image":1000006603,"_v2024__product_hero__product_slider_gallery__video_link":""},{"_v2024__product_hero__product_slider_gallery__image":1000006604,"_v2024__product_hero__product_slider_gallery__video_link":""},{"_v2024__product_hero__product_slider_gallery__image":1000006605,"_v2024__product_hero__product_slider_gallery__video_link":""},{"_v2024__product_hero__product_slider_gallery__image":1000006606,"_v2024__product_hero__product_slider_gallery__video_link":""},{"_v2024__product_hero__product_slider_gallery__image":1000006608,"_v2024__product_hero__product_slider_gallery__video_link":"https:\/\/player.vimeo.com\/progressive_redirect\/playback\/1042810770\/rendition\/720p\/file.mp4?loc=external&amp;log_user=0&amp;signature=4a704619dd5ade0e136d54b84aaf93bce1a22290ca20a32802db92ac5d0ff30b&amp;user_id=110095091"}],"_v2024__before_and_after_image":1000006531,"_v2024__before_and_after_image_mobile":1000006532,"_v2024__product_hero__quantity":"110 ML","_v2024__product_hero__product_disclamer":"","_v2024__why_use__should_show":"visible","_v2024__why_use__description_text":"Fortalece y restaura el cabello da\u00f1ado. Previene la rotura, las puntas abiertas y los enredos. Aporta brillo y suavidad sedosa.","_v2024__why_use__text_content":"<ul>\r\n \t<li>\u00daselo semanalmente para engrasar profundamente el cuero cabelludo y el cabello antes del lavado para fortalecer y restaurar intensamente<\/li>\r\n \t<li>Utilizar una gota despu\u00e9s de la ducha en puntas muy secas<\/li>\r\n \t<li>En la playa, protege el cabello de la sequedad y el agotamiento a la vez que lo nutre<\/li>\r\n \t<li>Es una mezcla especial de siete aceites org\u00e1nicos naturales enriquecidos con vitamina E natural<\/li>\r\n \t<li>Proveedor natural de vitaminas, minerales, sustancias biol\u00f3gicamente activas y antioxidantes<\/li>\r\n \t<li>Con olor a leche de coco<\/li>\r\n<\/ul>","_v2024__why_use__product_notes_and_remarks":"","_v2024__why_use__background_color":"#FBF1EB","_v2024__why_use__heading_color":"#816c65","_v2024__why_use__text_color":"#816c65","_v2024__why_use__image_desktop":1000006690,"_v2024__why_use__image_mobile":1000006691,"_v2024__stats_show":false,"_v2024__stats_repeater":null,"_v2024__stats_repeater_disclaimer":null,"_v2024__benefits__icons_repeater":[{"_v2024__benefit__icons_repeater_icon":1000006749,"_v2024__benefit__icons_repeater_text":"DA BRILLO Y SUAVIDAD SEDOSA"},{"_v2024__benefit__icons_repeater_icon":1000006740,"_v2024__benefit__icons_repeater_text":"NUTRE Y RESTAURA INTENSIVAMENTE"},{"_v2024__benefit__icons_repeater_icon":1000006746,"_v2024__benefit__icons_repeater_text":"INGREDIENTES ORG\u00c1NICOS Y NATURALES"},{"_v2024__benefit__icons_repeater_icon":1000006734,"_v2024__benefit__icons_repeater_text":"SUAVE AROMA A COCO"}],"_v2024__image_ingreddients__intro_text":"Una combinaci\u00f3n de aceites org\u00e1nicos que complementan sus propiedades para un cabello visiblemente m\u00e1s brillante, suave y vibrante despu\u00e9s del primer uso.","_v2024__image_ingreddients__additional_description":"","_v2024__image_ingreddients__disclamer_inner":"","_v2024__image_ingredients__repeater":[{"_v2024__image_ingredients__ingredient_image":1000006710,"_v2024__image_ingredients__ingredient_title":"ACEITE DE CAMELIA","_v2024__image_ingredients__ingredient_description":"Un aceite nutritivo que penetra f\u00e1cilmente en el cabello y aporta volumen, suavidad y protecci\u00f3n duradera."},{"_v2024__image_ingredients__ingredient_image":1000006728,"_v2024__image_ingredients__ingredient_title":"ACEITE DE TAMANU","_v2024__image_ingredients__ingredient_description":"Calma las irritaciones del cuero cabelludo, se absorbe r\u00e1pidamente, no es graso y facilita el peinado del pelo."},{"_v2024__image_ingredients__ingredient_image":1000006717,"_v2024__image_ingredients__ingredient_title":"ACEITE DE JOJOBA","_v2024__image_ingredients__ingredient_description":"Fuertes propiedades regeneradoras y equilibrantes del sebo para un cuero cabelludo sano y un cabello brillante."},{"_v2024__image_ingredients__ingredient_image":1000006707,"_v2024__image_ingredients__ingredient_title":"ACEITE DE ARG\u00c1N","_v2024__image_ingredients__ingredient_description":"Aporta vitaminas y \u00e1cidos grasos al cabello y al cuero cabelludo y protege contra los efectos nocivos del sol y el viento."},{"_v2024__image_ingredients__ingredient_image":1000006712,"_v2024__image_ingredients__ingredient_title":"ACEITE DE COCO","_v2024__image_ingredients__ingredient_description":"Nutre e hidrata, protege contra el da\u00f1o solar y deja el cabello sedoso, suave y el\u00e1stico."},{"_v2024__image_ingredients__ingredient_image":1000006724,"_v2024__image_ingredients__ingredient_title":"ACEITE DE OLIVA","_v2024__image_ingredients__ingredient_description":"Hidrata, fortalece y nutre el cabello. Lo protege del sol y de los efectos de los tratamientos t\u00e9rmicos como plancha y rizador."},{"_v2024__image_ingredients__ingredient_image":1000006706,"_v2024__image_ingredients__ingredient_title":"ACEITE DE ALMENDRA DULCE","_v2024__image_ingredients__ingredient_description":"Favorece el crecimiento del cabello y reduce su ca\u00edda gracias a su rico contenido en vitaminas y \u00e1cidos grasos esenciales."},{"_v2024__image_ingredients__ingredient_image":1000006730,"_v2024__image_ingredients__ingredient_title":"VITAMINA E NATURAL","_v2024__image_ingredients__ingredient_description":"Un potente antioxidante que estimula el crecimiento del cabello y cuida la salud del cuero cabelludo."}],"_v2024__image_ingredients__all_ingredients":"COCOS NUCIFERA OIL*, PRUNUS AMYGDALUS DULCIS OIL*, OLEA EUROPAEA FRUIT OIL*, SIMMONDSIA CHINENSIS SEED OIL*, CAMELLIA OLEIFERA SEED OIL*, ARGANIA SPINOSA KERNEL OIL*, CALOPHYLLUM INOPHYLLUM SEED OIL*, TOCOPHEROL, HELIANTHUS ANNUUS SEED OIL, PARFUM <strong>(COCONUT OIL*, SWEET ALMOND OIL*, OLIVE OIL*, JOJOBA OIL*, CAMELLIA OIL*, ARGAN OIL*, TAMANU OIL*, NATURAL VITAMIN E, SUNFLOWER SEED OIL, PARFUM)<\/strong>\r\n\r\n<em>*Infredientes org\u00e1nicos certificados <\/em>\r\n\r\n<em>Tenga en cuenta que la lista de ingredientes puede variar ligeramente con el tiempo debido a mejoras en el producto. Consulte el empaque del producto para obtener la informaci\u00f3n m\u00e1s actualizada.<\/em>","_v2024__usage_content__left_content":"<h4>MASCARILLA INTENSIVA ANTES DE LA DUCHA<\/h4>\r\n<ol>\r\n \t<li>Aplicar una cantidad generosa de aceite en el cabello y el cuero cabelludo.<\/li>\r\n \t<li>Envu\u00e9lvalo con film transparente y cubra con una toalla tibia.<\/li>\r\n \t<li>Esperar al menos 40 minutos o toda la noche.<\/li>\r\n \t<li>Lavar con champ\u00fa.<\/li>\r\n<\/ol>\r\n<h4>NUTRICI\u00d3N DESPU\u00c9S DE LA DUCHA<\/h4>\r\nPara nutrici\u00f3n y brillo adicionales, aplique una cantidad muy peque\u00f1a (una gota) de aceite en las puntas del cabello.\r\n<h4>BAJO EL SOL Y EN LA PLAYA<\/h4>\r\nAplicar una peque\u00f1a cantidad de aceite en las puntas o en todo el cabello y cuero cabelludo. No exageres con la cantidad para no engrasar demasiado. Al final del d\u00eda, l\u00e1vate bien el cabello.","_v2024__usage_content__right_bottom_content":"","_v2024__usage_content__note":"El aceite no contiene filtro UV protector solar.","_v2024__usage_content__storage":"Conservar en un lugar seco y fresco. No refrigerar. El producto se endurece cuando se almacena en fr\u00edo y el contenido del bote no sale por el dosificador. Para licuar, dejar a temperatura ambiente mayor de 25\u00b0C. No abra el bote cuando el producto se haya endurecido, ya que podr\u00eda da\u00f1ar el dosificador.\r\n\r\n&nbsp;\r\n\r\n&nbsp;\r\n\r\nS\u00f3lo para uso externo. Suspenda su uso si se produce irritaci\u00f3n. No usar sobre el cuero cabelludo da\u00f1ado o lesionado. Evitar el contacto con los ojos. \u00a1Mantener fuera del alcance de los ni\u00f1os! Conservar en un lugar seco y fresco."},"_links":{"self":[{"href":"https:\/\/cocosolis.com\/es\/wp-json\/wp\/v2\/product\/408","targetHints":{"allow":["GET"]}}],"collection":[{"href":"https:\/\/cocosolis.com\/es\/wp-json\/wp\/v2\/product"}],"about":[{"href":"https:\/\/cocosolis.com\/es\/wp-json\/wp\/v2\/types\/product"}],"replies":[{"embeddable":true,"href":"https:\/\/cocosolis.com\/es\/wp-json\/wp\/v2\/comments?post=408"}],"wp:featuredmedia":[{"embeddable":true,"href":"https:\/\/cocosolis.com\/es\/wp-json\/"}],"wp:attachment":[{"href":"https:\/\/cocosolis.com\/es\/wp-json\/wp\/v2\/media?parent=408"}],"wp:term":[{"taxonomy":"product_brand","embeddable":true,"href":"https:\/\/cocosolis.com\/es\/wp-json\/wp\/v2\/product_brand?post=408"},{"taxonomy":"product_cat","embeddable":true,"href":"https:\/\/cocosolis.com\/es\/wp-json\/wp\/v2\/product_cat?post=408"},{"taxonomy":"product_tag","embeddable":true,"href":"https:\/\/cocosolis.com\/es\/wp-json\/wp\/v2\/product_tag?post=408"},{"taxonomy":"product_template","embeddable":true,"href":"https:\/\/cocosolis.com\/es\/wp-json\/wp\/v2\/product_template?post=408"}],"curies":[{"name":"wp","href":"https:\/\/api.w.org\/{rel}","templated":true}]}}