{"id":390,"date":"2022-05-06T13:33:20","date_gmt":"2022-05-06T11:33:20","guid":{"rendered":"http:\/\/cocosolis.com\/en\/?post_type=product&#038;p=390"},"modified":"2026-04-06T15:28:20","modified_gmt":"2026-04-06T13:28:20","slug":"skin-collagen-booster-dry-oil","status":"publish","type":"product","link":"https:\/\/cocosolis.com\/es\/product\/skin-collagen-booster-dry-oil\/","title":{"rendered":"SKIN Collagen Booster Dry Oil"},"content":{"rendered":"","protected":false},"excerpt":{"rendered":"","protected":false},"featured_media":1000004575,"comment_status":"open","ping_status":"closed","template":"","meta":{"_acf_changed":false},"product_brand":[],"product_cat":[19],"product_tag":[],"product_template":[70],"class_list":{"0":"post-390","1":"product","2":"type-product","3":"status-publish","4":"has-post-thumbnail","6":"product_cat-skin","7":"product_template-v-2024-clean","9":"first","10":"instock","11":"shipping-taxable","12":"purchasable","13":"product-type-simple"},"acf":{"_v2024__listing_and_sharing_info__listing_category":"SKIN","_v2024__listing_and_sharing_info__product_type":"Collagen Booster Dry Oil","_v2024__listing__and_sharing_info__listing_below_title_in_product_page":"Aceite seco con acci\u00f3n antiedad natural. Renueva e importa vitaminas en la piel.","_v2024__listing_and_sharing_info__listing_description":"Aceite seco con acci\u00f3n antiedad natural. Renueva e importa vitaminas en la piel.","_v2024__listing_and_sharing_info__image":1000000388,"_v2024__product_hero__hero_type":"carousel","_v2024__product_hero__product_slider_gallery":[{"_v2024__product_hero__product_slider_gallery__image":1000006655,"_v2024__product_hero__product_slider_gallery__video_link":""},{"_v2024__product_hero__product_slider_gallery__image":1000006657,"_v2024__product_hero__product_slider_gallery__video_link":""},{"_v2024__product_hero__product_slider_gallery__image":1000006658,"_v2024__product_hero__product_slider_gallery__video_link":""},{"_v2024__product_hero__product_slider_gallery__image":1000006659,"_v2024__product_hero__product_slider_gallery__video_link":""},{"_v2024__product_hero__product_slider_gallery__image":1000006660,"_v2024__product_hero__product_slider_gallery__video_link":""},{"_v2024__product_hero__product_slider_gallery__image":1000006661,"_v2024__product_hero__product_slider_gallery__video_link":""},{"_v2024__product_hero__product_slider_gallery__image":1000006662,"_v2024__product_hero__product_slider_gallery__video_link":"https:\/\/player.vimeo.com\/progressive_redirect\/playback\/1042663906\/rendition\/720p\/file.mp4?loc=external&amp;log_user=0&amp;signature=238d8a957ddf9f4279b519ffa65d3564d72b070ccb832dc58ea158b16d18c32d&amp;user_id=110095091"}],"_v2024__before_and_after_image":1000006537,"_v2024__before_and_after_image_mobile":1000006538,"_v2024__product_hero__quantity":"110 ML","_v2024__product_hero__product_disclamer":"","_v2024__why_use__should_show":"visible","_v2024__why_use__description_text":"Aceite seco natural con efecto anti-envejecimiento. Ayuda a mantener altos niveles de col\u00e1geno y aumenta la elasticidad.","_v2024__why_use__text_content":"<ul>\r\n \t<li>Reduce la apariencia de l\u00edneas finas y arrugas<\/li>\r\n \t<li>Renueva, hidrata y vitamina excelentemente la piel<\/li>\r\n \t<li>Mantiene la piel suave, joven y firme<\/li>\r\n \t<li>Mezcla especial de 6 preciosos aceites de superfrutas org\u00e1nicos y un ingrediente activo natural patentado. Vegano<\/li>\r\n \t<li>Se absorbe r\u00e1pida y profundamente<\/li>\r\n \t<li>Adecuado para rostro y cuerpo, para pieles delicadas y sensibles<\/li>\r\n \t<li>Con una embriagadora fragancia de frutas ex\u00f3ticas<\/li>\r\n<\/ul>","_v2024__why_use__product_notes_and_remarks":"","_v2024__why_use__background_color":"#FBF1EB","_v2024__why_use__heading_color":"#816c65","_v2024__why_use__text_color":"#816c65","_v2024__why_use__image_desktop":1000006698,"_v2024__why_use__image_mobile":1000006699,"_v2024__stats_show":false,"_v2024__stats_repeater":null,"_v2024__stats_repeater_disclaimer":null,"_v2024__benefits__icons_repeater":[{"_v2024__benefit__icons_repeater_icon":1000006731,"_v2024__benefit__icons_repeater_text":"EFECTO ANTIEDAD"},{"_v2024__benefit__icons_repeater_icon":1000006742,"_v2024__benefit__icons_repeater_text":"INGREDIENTE ACTIVO NATURAL PATENTADO"},{"_v2024__benefit__icons_repeater_icon":1000006738,"_v2024__benefit__icons_repeater_text":"PARA ROSTRO Y CUERPO"},{"_v2024__benefit__icons_repeater_icon":1000006737,"_v2024__benefit__icons_repeater_text":"AROMA DE FRUTAS EX\u00d3TICAS"}],"_v2024__image_ingreddients__intro_text":"Descubra los ingredientes naturales de esta f\u00f3rmula antienvejecimiento altamente eficaz: un ingrediente activo patentado y aceites de superfrutas ex\u00f3ticas para una piel fresca, radiante y flexible.","_v2024__image_ingreddients__additional_description":"","_v2024__image_ingreddients__disclamer_inner":"","_v2024__image_ingredients__repeater":[{"_v2024__image_ingredients__ingredient_image":1000006704,"_v2024__image_ingredients__ingredient_title":"INGREDIENTE ACTIVO CON LUPINA DULCE\u00ae","_v2024__image_ingredients__ingredient_description":"Estimula la producci\u00f3n de col\u00e1geno de alta calidad, hace que la piel est\u00e9 m\u00e1s tersa y el\u00e1stica, remodela la piel fl\u00e1cida."},{"_v2024__image_ingredients__ingredient_image":1000006726,"_v2024__image_ingredients__ingredient_title":"ACEITE DE GRANADA","_v2024__image_ingredients__ingredient_description":"Proporciona protecci\u00f3n antioxidante contra los efectos nocivos del medio ambiente. Reduce los poros y las arrugas."},{"_v2024__image_ingredients__ingredient_image":1000006725,"_v2024__image_ingredients__ingredient_title":"ACEITE DE MARACUY\u00c1","_v2024__image_ingredients__ingredient_description":"Hidrata y suaviza, revitaliza la piel cansada y le devuelve su brillo juvenil."},{"_v2024__image_ingredients__ingredient_image":1000006715,"_v2024__image_ingredients__ingredient_title":"ACEITE DE BAYAS DE GOJI","_v2024__image_ingredients__ingredient_description":"Extremadamente rico en antioxidantes, previene el envejecimiento prematuro. Estimula la producci\u00f3n de col\u00e1geno y proporciona una piel radiante."},{"_v2024__image_ingredients__ingredient_image":1000006727,"_v2024__image_ingredients__ingredient_title":"ACEITE DE ROSA MOSQUETA ","_v2024__image_ingredients__ingredient_description":"Aclara y unifica el tono de la piel, borra cicatrices. Lo hace suave e impecable."},{"_v2024__image_ingredients__ingredient_image":1000006712,"_v2024__image_ingredients__ingredient_title":"ACEITE DE COCO","_v2024__image_ingredients__ingredient_description":"Se absorbe f\u00e1cilmente, hidrata profundamente y deja la piel suave y flexible."},{"_v2024__image_ingredients__ingredient_image":1000006711,"_v2024__image_ingredients__ingredient_title":"ACEITE DE CACAO","_v2024__image_ingredients__ingredient_description":"Excelente \"alimento\" para la piel. La regenera y previene la aparici\u00f3n de estr\u00edas y arrugas finas."},{"_v2024__image_ingredients__ingredient_image":1000006705,"_v2024__image_ingredients__ingredient_title":"INGREDIENTE ACTIVO","_v2024__image_ingredients__ingredient_description":"Elaborado con aceite de oliva de alta calidad, asegura que la piel absorba los aceites r\u00e1pidamente."},{"_v2024__image_ingredients__ingredient_image":1000006730,"_v2024__image_ingredients__ingredient_title":"VITAMINA E NATURAL","_v2024__image_ingredients__ingredient_description":"Potente antioxidante que combate los signos de la edad y favorece el proceso curativo natural de la piel."}],"_v2024__image_ingredients__all_ingredients":"CAPRYLIC\/CAPRIC TRIGLYCERIDE, COCOS NUCIFERA OIL*, OCTYLDODECYL OLIVATE, THEOBROMA CACAO SEED BUTTER*, PASSIFLORA EDULIS SEED OIL, HELIANTHUS ANNUUS SEED OIL*, LUPINUS ALBUS SEED EXTRACT, TOCOPHEROL, PUNICA GRANATUM SEED OIL*, ROSA CANINA SEED EXTRACT, LYCIUM BARBARUM SEED OIL*, PARFUM <strong>(NATURAL EMOLLIENT, COCONUT OIL*, OCTYLDODECYL OLIVATE (FROM OLIVE OIL), CACAO SEED BUTTER*, PASSION FRUIT SEED OIL*, SUNFLOWER SEED OIL*, WHITE LUPIN SEED EXTRACT, NATURAL VITAMIN E, POMEGRANATE SEED OIL*, ROSE HIP SEED OIL, GOJI BERRY SEED OIL*, PARFUM) <\/strong>\r\n\r\n<em>*Infredientes org\u00e1nicos certificados <\/em>\r\n\r\n<em>Tenga en cuenta que la lista de ingredientes puede variar ligeramente con el tiempo debido a mejoras en el producto. Consulte el empaque del producto para obtener la informaci\u00f3n m\u00e1s actualizada.<\/em>","_v2024__usage_content__left_content":"Adecuado para rostro y cuerpo. Para obtener mejores resultados, aplicar por la ma\u00f1ana y por la noche en las zonas deseadas o en todo el rostro y el cuerpo.\r\n\r\nAplicar sobre la piel seca o h\u00fameda. Se absorbe m\u00e1s f\u00e1cilmente inmediatamente despu\u00e9s de la ducha, sobre la piel a\u00fan h\u00fameda.","_v2024__usage_content__right_bottom_content":"","_v2024__usage_content__note":"","_v2024__usage_content__storage":"Conservar en un lugar seco y fresco. No refrigerar. El producto se endurece cuando se almacena en fr\u00edo y el contenido del bote no sale por el dosificador. Para licuar, dejar a temperatura ambiente mayor de 25\u00b0C. No abra el bote cuando el producto se haya endurecido, ya que podr\u00eda da\u00f1ar el dosificador.\r\n\r\n&nbsp;\r\n\r\nS\u00f3lo para uso externo. Suspenda su uso si se produce irritaci\u00f3n. No utilizar sobre piel da\u00f1ada o lesionada. Evitar el contacto con los ojos. \u00a1Mantener fuera del alcance de los ni\u00f1os!"},"_links":{"self":[{"href":"https:\/\/cocosolis.com\/es\/wp-json\/wp\/v2\/product\/390","targetHints":{"allow":["GET"]}}],"collection":[{"href":"https:\/\/cocosolis.com\/es\/wp-json\/wp\/v2\/product"}],"about":[{"href":"https:\/\/cocosolis.com\/es\/wp-json\/wp\/v2\/types\/product"}],"replies":[{"embeddable":true,"href":"https:\/\/cocosolis.com\/es\/wp-json\/wp\/v2\/comments?post=390"}],"wp:featuredmedia":[{"embeddable":true,"href":"https:\/\/cocosolis.com\/es\/wp-json\/"}],"wp:attachment":[{"href":"https:\/\/cocosolis.com\/es\/wp-json\/wp\/v2\/media?parent=390"}],"wp:term":[{"taxonomy":"product_brand","embeddable":true,"href":"https:\/\/cocosolis.com\/es\/wp-json\/wp\/v2\/product_brand?post=390"},{"taxonomy":"product_cat","embeddable":true,"href":"https:\/\/cocosolis.com\/es\/wp-json\/wp\/v2\/product_cat?post=390"},{"taxonomy":"product_tag","embeddable":true,"href":"https:\/\/cocosolis.com\/es\/wp-json\/wp\/v2\/product_tag?post=390"},{"taxonomy":"product_template","embeddable":true,"href":"https:\/\/cocosolis.com\/es\/wp-json\/wp\/v2\/product_template?post=390"}],"curies":[{"name":"wp","href":"https:\/\/api.w.org\/{rel}","templated":true}]}}