{"id":386,"date":"2022-05-06T13:12:09","date_gmt":"2022-05-06T11:12:09","guid":{"rendered":"http:\/\/cocosolis.com\/en\/?post_type=product&#038;p=386"},"modified":"2026-04-04T08:17:09","modified_gmt":"2026-04-04T06:17:09","slug":"skin-anti-cellulite-dry-oil","status":"publish","type":"product","link":"https:\/\/cocosolis.com\/es\/product\/skin-anti-cellulite-dry-oil\/","title":{"rendered":"SKIN Anti-cellulite Dry Oil"},"content":{"rendered":"","protected":false},"excerpt":{"rendered":"","protected":false},"featured_media":1000004573,"comment_status":"open","ping_status":"closed","template":"","meta":{"_acf_changed":false},"product_brand":[],"product_cat":[19],"product_tag":[],"product_template":[70],"class_list":{"0":"post-386","1":"product","2":"type-product","3":"status-publish","4":"has-post-thumbnail","6":"product_cat-skin","7":"product_template-v-2024-clean","9":"first","10":"instock","11":"shipping-taxable","12":"purchasable","13":"product-type-variable","14":"has-default-attributes"},"acf":{"_v2024__listing_and_sharing_info__listing_category":"SKIN","_v2024__listing_and_sharing_info__product_type":"Anti-cellulite Dry Oil","_v2024__listing__and_sharing_info__listing_below_title_in_product_page":"Aceite seco anticelul\u00edtico natural. Remodela y da forma a la figura.","_v2024__listing_and_sharing_info__listing_description":"Aceite seco anticelul\u00edtico. Remodela y da forma a la figura.","_v2024__listing_and_sharing_info__image":1000000387,"_v2024__product_hero__hero_type":"carousel","_v2024__product_hero__product_slider_gallery":[{"_v2024__product_hero__product_slider_gallery__image":1000006640,"_v2024__product_hero__product_slider_gallery__video_link":""},{"_v2024__product_hero__product_slider_gallery__image":1000006642,"_v2024__product_hero__product_slider_gallery__video_link":""},{"_v2024__product_hero__product_slider_gallery__image":1000006644,"_v2024__product_hero__product_slider_gallery__video_link":""},{"_v2024__product_hero__product_slider_gallery__image":1000006648,"_v2024__product_hero__product_slider_gallery__video_link":""},{"_v2024__product_hero__product_slider_gallery__image":1000006650,"_v2024__product_hero__product_slider_gallery__video_link":""},{"_v2024__product_hero__product_slider_gallery__image":1000006652,"_v2024__product_hero__product_slider_gallery__video_link":""},{"_v2024__product_hero__product_slider_gallery__image":1000006654,"_v2024__product_hero__product_slider_gallery__video_link":"https:\/\/player.vimeo.com\/progressive_redirect\/playback\/1042663347\/rendition\/720p\/file.mp4?loc=external&amp;log_user=0&amp;signature=29fc6b4b2d0e8d5e65fdcdb9fd54acbe00beb382a0e54c015ca4f3f5f9c8c448&amp;user_id=110095091"}],"_v2024__before_and_after_image":1000006535,"_v2024__before_and_after_image_mobile":1000006536,"_v2024__product_hero__quantity":"","_v2024__product_hero__product_disclamer":"","_v2024__why_use__should_show":"visible","_v2024__why_use__description_text":"Aceite seco anticelul\u00edtico natural con ingredientes org\u00e1nicos. Remodela y da forma a la figura.","_v2024__why_use__text_content":"<ul>\r\n \t<li>Reduce visiblemente la \u00abpiel de naranja\u00bb<\/li>\r\n \t<li>Reafirma, tonifica y renueva la piel, mejorando su elasticidad y textura<\/li>\r\n \t<li>Eficaz f\u00f3rmula vegana con ingredientes naturales. Con un ingrediente activo patentado y probado, aceites org\u00e1nicos de ar\u00e1ndano, uva y caf\u00e9, enriquecidos con vitamina E natural<\/li>\r\n \t<li>Se absorbe r\u00e1pida y profundamente<\/li>\r\n \t<li>Indicado para piel delicada y sensible<\/li>\r\n \t<li>Aroma de magdalena de ar\u00e1ndanos<\/li>\r\n<\/ul>","_v2024__why_use__product_notes_and_remarks":"","_v2024__why_use__background_color":"#FBF1EB","_v2024__why_use__heading_color":"#816c65","_v2024__why_use__text_color":"#816c65","_v2024__why_use__image_desktop":1000006696,"_v2024__why_use__image_mobile":1000006697,"_v2024__stats_show":false,"_v2024__stats_repeater":null,"_v2024__stats_repeater_disclaimer":null,"_v2024__benefits__icons_repeater":[{"_v2024__benefit__icons_repeater_icon":1000006750,"_v2024__benefit__icons_repeater_text":"REMODELA Y DA FORMA A LA FIGURA"},{"_v2024__benefit__icons_repeater_icon":1000006740,"_v2024__benefit__icons_repeater_text":"SE ABSORBE R\u00c1PIDA Y PROFUNDAMENTE"},{"_v2024__benefit__icons_repeater_icon":1000006746,"_v2024__benefit__icons_repeater_text":"INGREDIENTES ECOL\u00d3GICOS Y NATURALES"},{"_v2024__benefit__icons_repeater_icon":1000006745,"_v2024__benefit__icons_repeater_text":"AROMA DE MAGDALENA DE AR\u00c1NDANOS"}],"_v2024__image_ingreddients__intro_text":"Descubra os poderosos ingredientes naturais que modelam a silhueta e combatem a celulite: \u00f3leos org\u00e2nicos combinados com um ingrediente ativo patenteado com efic\u00e1cia comprovada.","_v2024__image_ingreddients__additional_description":"","_v2024__image_ingreddients__disclamer_inner":"","_v2024__image_ingredients__repeater":[{"_v2024__image_ingredients__ingredient_image":1000006705,"_v2024__image_ingredients__ingredient_title":"INGREDIENTE ACTIVO NATURAL\u00ae","_v2024__image_ingredients__ingredient_description":"F\u00f3rmula patentada con eficacia probada: con el uso habitual, corrige la \u00abpiel de naranja\u00bb y ayuda a reducir los dep\u00f3sitos de grasa, y previene su formaci\u00f3n."},{"_v2024__image_ingredients__ingredient_image":1000006709,"_v2024__image_ingredients__ingredient_title":"ACEITE DE AR\u00c1NDANO","_v2024__image_ingredients__ingredient_description":"Sumamente rico en antioxidantes y \u00e1cidos grasos omega-3, lo que ralentiza el envejecimiento, reafirma el contorno y suaviza las peque\u00f1as arrugas."},{"_v2024__image_ingredients__ingredient_image":1000006713,"_v2024__image_ingredients__ingredient_title":"MANTECA DE CAF\u00c9","_v2024__image_ingredients__ingredient_description":"Estimula la desintoxicaci\u00f3n y la s\u00edntesis de col\u00e1geno, ayudando as\u00ed a reducir la celulitis. Deja la piel suave como la seda."},{"_v2024__image_ingredients__ingredient_image":1000006716,"_v2024__image_ingredients__ingredient_title":"ACEITE DE SEMILLA DE UVA","_v2024__image_ingredients__ingredient_description":"Contribuye a reafirmar, regenerar y regular la hidrataci\u00f3n de la piel. Tonifica e ilumina el cutis."},{"_v2024__image_ingredients__ingredient_image":1000006717,"_v2024__image_ingredients__ingredient_title":"ACEITE DE JOJOBA","_v2024__image_ingredients__ingredient_description":"Hidrata en profundidad, repara y reafirma la piel, creando una pel\u00edcula protectora con su composici\u00f3n \u00fanica, similar al sebo humano."},{"_v2024__image_ingredients__ingredient_image":1000006712,"_v2024__image_ingredients__ingredient_title":"ACEITE DE COCO","_v2024__image_ingredients__ingredient_description":"Se absorbe f\u00e1cilmente, hidrata profundamente y deja la piel suave y flexible. Protege contra las manchas del sol y la edad, y proporciona un bronceado dorado."},{"_v2024__image_ingredients__ingredient_image":1000006723,"_v2024__image_ingredients__ingredient_title":"INGREDIENTE ACTIVO","_v2024__image_ingredients__ingredient_description":"Elaborado con aceite de oliva de alta calidad, asegura que la piel absorba los aceites r\u00e1pidamente."},{"_v2024__image_ingredients__ingredient_image":1000006730,"_v2024__image_ingredients__ingredient_title":"VITAMINA E NATURAL","_v2024__image_ingredients__ingredient_description":"Potente antioxidante que combate los signos de la edad y favorece el proceso curativo natural de la piel."}],"_v2024__image_ingredients__all_ingredients":"CAPRYLIC\/CAPRIC TRIGLYCERIDE, COCOS NUCIFERA OIL*, SIMMONDSIA CHINENSIS SEED OIL*, OCTYLDODECYL OLIVATE, VITIS VINIFERA SEED OIL*, SORBITAN LAURATE, TOCOPHEROL, LAUROYL PROLINE, HELIANTHUS ANNUUS SEED OIL, VACCINIUM MYRTILLUS SEED OIL, COFFEA ARABICA SEED OIL*, PARFUM, LINALOOL, LINALYL ACETATE, ALPHA-ISOMETHYL IONONE, CITRONELLOL, BENZYL ALCOHOL, VANILLIN <strong>(NATURAL EMOLLIENT, COCONUT OIL*, JOJOBA OIL*, OCTYLDODECYL OLIVATE (FROM OLIVE OIL), GRAPE SEED OIL*, SORBITANE LAUREATE, NATURAL VITAMIN E, LAUROYL PROLINE, SUNFLOWER SEED OIL, BLUEBERRY SEED OIL, COFFEE SEED OIL*, PARFUM, LINALOOL, LINALYL ACETATE, ALPHA-ISOMETHYL IONONE, CITRONELLOL, BENZYL ALCOHOL, VANILLIN)<\/strong>\r\n\r\n<em>*Infredientes org\u00e1nicos certificados <\/em>\r\n\r\n<em>Tenga en cuenta que la lista de ingredientes puede variar ligeramente con el tiempo debido a mejoras en el producto. Consulte el empaque del producto para obtener la informaci\u00f3n m\u00e1s actualizada.<\/em>","_v2024__usage_content__left_content":"<strong>CUIDADO DIARIO INTENSIVO<\/strong>\r\n\r\nAplicar por la ma\u00f1ana y por la noche en las \u00e1reas deseadas o en todo el cuerpo mediante un suave masaje. Utilizar justo despu\u00e9s de la ducha. Para obtener los mejores resultados, recomendamos usar un masajeador o una copa de succi\u00f3n. Tambi\u00e9n puede utilizar el aceite durante la terapia con un masajista.\r\n<h4>PARA OBTENER LOS MEJORES RESULTADOS<\/h4>\r\nCombine la acci\u00f3n del aceite anticelul\u00edtico con una hidrataci\u00f3n adecuada y ejercicio f\u00edsico.","_v2024__usage_content__right_bottom_content":"","_v2024__usage_content__note":"","_v2024__usage_content__storage":"Conservar en un lugar seco y fresco. No refrigerar. El producto se endurece cuando se almacena en fr\u00edo y el contenido del bote no sale por el dosificador. Para licuar, dejar a temperatura ambiente mayor de 25\u00b0C. No abra el bote cuando el producto se haya endurecido, ya que podr\u00eda da\u00f1ar el dosificador.\r\n\r\n&nbsp;\r\n\r\nS\u00f3lo para uso externo. Suspenda su uso si se produce irritaci\u00f3n. No usar sobre el cuero cabelludo da\u00f1ado o lesionado. Evitar el contacto con los ojos. \u00a1Mantener fuera del alcance de los ni\u00f1os! Conservar en un lugar seco y fresco."},"_links":{"self":[{"href":"https:\/\/cocosolis.com\/es\/wp-json\/wp\/v2\/product\/386","targetHints":{"allow":["GET"]}}],"collection":[{"href":"https:\/\/cocosolis.com\/es\/wp-json\/wp\/v2\/product"}],"about":[{"href":"https:\/\/cocosolis.com\/es\/wp-json\/wp\/v2\/types\/product"}],"replies":[{"embeddable":true,"href":"https:\/\/cocosolis.com\/es\/wp-json\/wp\/v2\/comments?post=386"}],"wp:featuredmedia":[{"embeddable":true,"href":"https:\/\/cocosolis.com\/es\/wp-json\/"}],"wp:attachment":[{"href":"https:\/\/cocosolis.com\/es\/wp-json\/wp\/v2\/media?parent=386"}],"wp:term":[{"taxonomy":"product_brand","embeddable":true,"href":"https:\/\/cocosolis.com\/es\/wp-json\/wp\/v2\/product_brand?post=386"},{"taxonomy":"product_cat","embeddable":true,"href":"https:\/\/cocosolis.com\/es\/wp-json\/wp\/v2\/product_cat?post=386"},{"taxonomy":"product_tag","embeddable":true,"href":"https:\/\/cocosolis.com\/es\/wp-json\/wp\/v2\/product_tag?post=386"},{"taxonomy":"product_template","embeddable":true,"href":"https:\/\/cocosolis.com\/es\/wp-json\/wp\/v2\/product_template?post=386"}],"curies":[{"name":"wp","href":"https:\/\/api.w.org\/{rel}","templated":true}]}}