{"id":385,"date":"2022-05-06T13:10:21","date_gmt":"2022-05-06T11:10:21","guid":{"rendered":"http:\/\/cocosolis.com\/en\/?post_type=product&#038;p=385"},"modified":"2026-04-06T15:28:17","modified_gmt":"2026-04-06T13:28:17","slug":"skin-stretch-mark-dry-oil","status":"publish","type":"product","link":"https:\/\/cocosolis.com\/es\/product\/skin-stretch-mark-dry-oil\/","title":{"rendered":"SKIN Stretch Mark Dry Oil"},"content":{"rendered":"","protected":false},"excerpt":{"rendered":"","protected":false},"featured_media":1000004576,"comment_status":"open","ping_status":"closed","template":"","meta":{"_acf_changed":false},"product_brand":[],"product_cat":[19],"product_tag":[],"product_template":[70],"class_list":{"0":"post-385","1":"product","2":"type-product","3":"status-publish","4":"has-post-thumbnail","6":"product_cat-skin","7":"product_template-v-2024-clean","9":"first","10":"instock","11":"shipping-taxable","12":"purchasable","13":"product-type-simple"},"acf":{"_v2024__listing_and_sharing_info__listing_category":"SKIN","_v2024__listing_and_sharing_info__product_type":"Stretch Mark Dry Oil","_v2024__listing__and_sharing_info__listing_below_title_in_product_page":"Aceite seco contra las estr\u00edas. Tambi\u00e9n es adecuado para pieles deshidratadas y envejecidas.","_v2024__listing_and_sharing_info__listing_description":"Aceite seco contra las estr\u00edas. Tambi\u00e9n es adecuado para pieles deshidratadas y envejecidas.","_v2024__listing_and_sharing_info__image":1000000389,"_v2024__product_hero__hero_type":"carousel","_v2024__product_hero__product_slider_gallery":[{"_v2024__product_hero__product_slider_gallery__image":1000006663,"_v2024__product_hero__product_slider_gallery__video_link":""},{"_v2024__product_hero__product_slider_gallery__image":1000006664,"_v2024__product_hero__product_slider_gallery__video_link":""},{"_v2024__product_hero__product_slider_gallery__image":1000006665,"_v2024__product_hero__product_slider_gallery__video_link":""},{"_v2024__product_hero__product_slider_gallery__image":1000006666,"_v2024__product_hero__product_slider_gallery__video_link":""},{"_v2024__product_hero__product_slider_gallery__image":1000006667,"_v2024__product_hero__product_slider_gallery__video_link":""},{"_v2024__product_hero__product_slider_gallery__image":1000006668,"_v2024__product_hero__product_slider_gallery__video_link":""},{"_v2024__product_hero__product_slider_gallery__image":1000006669,"_v2024__product_hero__product_slider_gallery__video_link":"https:\/\/player.vimeo.com\/progressive_redirect\/playback\/1042663930\/rendition\/540p\/file.mp4?loc=external&amp;log_user=0&amp;signature=78bb01a1fe3d2bf9676ed22a7bfa36db3f77502ecc6f889eb5d9c9c22c6d91f1"}],"_v2024__before_and_after_image":1000006539,"_v2024__before_and_after_image_mobile":1000006540,"_v2024__product_hero__quantity":"110 ML","_v2024__product_hero__product_disclamer":"","_v2024__why_use__should_show":"visible","_v2024__why_use__description_text":"Ayuda a reducir el riesgo de aparici\u00f3n de estr\u00edas durante el embarazo, cambios bruscos de peso o crecimiento r\u00e1pido. Mejora el aspecto de la piel y aumenta su elasticidad.","_v2024__why_use__text_content":"<ul>\r\n \t<li>Ayuda a mantener altos niveles de col\u00e1geno en la piel<\/li>\r\n \t<li>Tiene un efecto beneficioso sobre la piel seca y envejecida<\/li>\r\n \t<li>Contiene un ingrediente activo natural patentado contra las estr\u00edas con extracto de semilla de lupino blanco dulce<\/li>\r\n \t<li>F\u00f3rmula especial natural y vegana de aceites org\u00e1nicos prensados \u200b\u200ben fr\u00edo de alta calidad: nutre y restaura<\/li>\r\n \t<li>Se absorbe r\u00e1pida y profundamente<\/li>\r\n \t<li>Adecuado para pieles delicadas y sensibles<\/li>\r\n \t<li>Con aroma de mandarinas dulces<\/li>\r\n<\/ul>","_v2024__why_use__product_notes_and_remarks":"","_v2024__why_use__background_color":"#FBF1EB","_v2024__why_use__heading_color":"#816c65","_v2024__why_use__text_color":"#816c65","_v2024__why_use__image_desktop":1000006700,"_v2024__why_use__image_mobile":1000006701,"_v2024__stats_show":false,"_v2024__stats_repeater":null,"_v2024__stats_repeater_disclaimer":null,"_v2024__benefits__icons_repeater":[{"_v2024__benefit__icons_repeater_icon":1000006750,"_v2024__benefit__icons_repeater_text":"PREVIENE LOS TRATAMIENTOS DE ESTIRAMIENTO"},{"_v2024__benefit__icons_repeater_icon":1000006742,"_v2024__benefit__icons_repeater_text":"INGREDIENTE ACTIVO NATURAL PATENTADO"},{"_v2024__benefit__icons_repeater_icon":1000006746,"_v2024__benefit__icons_repeater_text":"INGREDIENTES ORG\u00c1NICOS Y NATURALES"},{"_v2024__benefit__icons_repeater_icon":1000006751,"_v2024__benefit__icons_repeater_text":"AROMA A MANDARINA"}],"_v2024__image_ingreddients__intro_text":"Toda la composici\u00f3n natural. Tiene un efecto reparador, suaviza la piel, estimula la producci\u00f3n de col\u00e1geno, condiciones que previenen la aparici\u00f3n de estr\u00edas y la piel permanece el\u00e1stica, hidratada y tersa.","_v2024__image_ingreddients__additional_description":"","_v2024__image_ingreddients__disclamer_inner":"","_v2024__image_ingredients__repeater":[{"_v2024__image_ingredients__ingredient_image":1000006704,"_v2024__image_ingredients__ingredient_title":"INGREDIENTE ACTIVO CON LUPINA DULCE\u00ae","_v2024__image_ingredients__ingredient_description":"Estimula la producci\u00f3n de col\u00e1geno de alta calidad, hace que la piel est\u00e9 m\u00e1s tersa y el\u00e1stica, remodela la piel fl\u00e1cida."},{"_v2024__image_ingredients__ingredient_image":1000006729,"_v2024__image_ingredients__ingredient_title":"ACEITE ESENCIAL DE MANDARINA","_v2024__image_ingredients__ingredient_description":"Regenera y suaviza la piel, le devuelve el equilibrio y previene la formaci\u00f3n de estr\u00edas."},{"_v2024__image_ingredients__ingredient_image":1000006727,"_v2024__image_ingredients__ingredient_title":"ACEITE DE ROSA MOSQUETA ","_v2024__image_ingredients__ingredient_description":"Aclara y unifica el tono de la piel, borra cicatrices. Lo hace suave e impecable."},{"_v2024__image_ingredients__ingredient_image":1000006719,"_v2024__image_ingredients__ingredient_title":"EXTRACTO DE CAL\u00c9NDULA","_v2024__image_ingredients__ingredient_description":"Calma y regenera la piel, haciendo que las estr\u00edas y cicatrices existentes sean menos visibles."},{"_v2024__image_ingredients__ingredient_image":1000006708,"_v2024__image_ingredients__ingredient_title":"ACEITE DE AGUACATE","_v2024__image_ingredients__ingredient_description":"Rica en \u00e1cidos grasos esenciales y vitaminas, hidrata profundamente la piel y ayuda a prevenir las estr\u00edas"},{"_v2024__image_ingredients__ingredient_image":1000006712,"_v2024__image_ingredients__ingredient_title":"ACEITE DE COCO","_v2024__image_ingredients__ingredient_description":"Se absorbe f\u00e1cilmente, hidrata profundamente y deja la piel suave y flexible."},{"_v2024__image_ingredients__ingredient_image":1000006711,"_v2024__image_ingredients__ingredient_title":"ACEITE DE CACAO","_v2024__image_ingredients__ingredient_description":"Excelente \"alimento\" para la piel. La regenera y previene la aparici\u00f3n de estr\u00edas y arrugas finas."},{"_v2024__image_ingredients__ingredient_image":1000006706,"_v2024__image_ingredients__ingredient_title":"ACEITE DE ALMENDRA DULCE","_v2024__image_ingredients__ingredient_description":"Calma y mejora la textura y el tono de la piel. Reduce el enrojecimiento y la inflamaci\u00f3n."},{"_v2024__image_ingredients__ingredient_image":1000006724,"_v2024__image_ingredients__ingredient_title":"ACEITE DE OLIVA","_v2024__image_ingredients__ingredient_description":"Hidrata profundamente la piel, calma y nutre la piel irritada."},{"_v2024__image_ingredients__ingredient_image":1000006705,"_v2024__image_ingredients__ingredient_title":"INGREDIENTE ATIVO","_v2024__image_ingredients__ingredient_description":"Elaborado con aceite de oliva de alta calidad, asegura que la piel absorba los aceites r\u00e1pidamente."},{"_v2024__image_ingredients__ingredient_image":1000006730,"_v2024__image_ingredients__ingredient_title":"VITAMINA E NATURAL","_v2024__image_ingredients__ingredient_description":"Potente antioxidante que combate los signos de la edad y favorece el proceso curativo natural de la piel."}],"_v2024__image_ingredients__all_ingredients":"COCOS NUCIFERA OIL*, HELIANTHUS ANNUUS SEED OIL*, CALENDULA OFFICINALIS FLOWER EXTRACT*, SIMMONDSIA CHINENSIS SEED OIL*, PRUNUS AMYGDALUS DULCIS OIL*, THEOBROMA CACAO SEED BUTTER*, CUCUMIS SATIVUS SEED OIL*, ARGANIA SPINOSA KERNEL OIL*, OCTYLDODECYL OLIVATE, CAPRYLIC\/ CAPRIC TRIGLYCERIDE, TOCOPHEROL, MENTHA VIRIDIS LEAF OIL*, LIMONENE <strong>(COCONUT OIL*, SUNFLOWER SEED OIL*, CALENDULA FLOWER EXTRACT*, JOJOBA OIL*, SWEET ALMOND OIL*, CACAO SEED BUTTER*, CUCUMBER OIL*, ARGAN OIL*, OCTYLDODECYL OLIVATE FROM OLIVE OIL, CAPRYLIC CAPRIC TRIGLYCERIDE, NATURAL VITAMIN \u0415, SPEARMINT ESSENTIAL OIL*, LIMONENE)<\/strong>\r\n\r\n<em>*Infredientes org\u00e1nicos certificados <\/em>\r\n\r\n<em>Tenga en cuenta que la lista de ingredientes puede variar ligeramente con el tiempo debido a mejoras en el producto. Consulte el empaque del producto para obtener la informaci\u00f3n m\u00e1s actualizada.<\/em>","_v2024__usage_content__left_content":"Aplicar ma\u00f1ana y noche en las zonas deseadas o en todo el cuerpo con movimientos de masaje.\r\n\r\nPara un efecto \u00f3ptimo, apl\u00edquelo inmediatamente despu\u00e9s de la ducha, cuando los poros est\u00e9n abiertos y listos para absorber la m\u00e1xima cantidad de los ingredientes de los aceites puros.","_v2024__usage_content__right_bottom_content":"","_v2024__usage_content__note":"* <em>*En caso de embarazo, es importante saberlo: a pesar de los ingredientes completamente naturales del producto, recomendamos una prueba de compatibilidad cut\u00e1nea individual en una peque\u00f1a zona del cuerpo 24 horas antes de su uso.<\/em>","_v2024__usage_content__storage":"Conservar en un lugar seco y fresco. No refrigerar. El producto se endurece cuando se almacena en fr\u00edo y el contenido del bote no sale por el dosificador. Para licuar, dejar a temperatura ambiente mayor de 25\u00b0C. No abra el bote cuando el producto se haya endurecido, ya que podr\u00eda da\u00f1ar el dosificador.\r\n\r\n&nbsp;\r\n\r\nS\u00f3lo para uso externo. Suspenda su uso si se produce irritaci\u00f3n. No utilizar sobre piel da\u00f1ada o lesionada. Evitar el contacto con los ojos. \u00a1Mantener fuera del alcance de los ni\u00f1os!"},"_links":{"self":[{"href":"https:\/\/cocosolis.com\/es\/wp-json\/wp\/v2\/product\/385","targetHints":{"allow":["GET"]}}],"collection":[{"href":"https:\/\/cocosolis.com\/es\/wp-json\/wp\/v2\/product"}],"about":[{"href":"https:\/\/cocosolis.com\/es\/wp-json\/wp\/v2\/types\/product"}],"replies":[{"embeddable":true,"href":"https:\/\/cocosolis.com\/es\/wp-json\/wp\/v2\/comments?post=385"}],"wp:featuredmedia":[{"embeddable":true,"href":"https:\/\/cocosolis.com\/es\/wp-json\/"}],"wp:attachment":[{"href":"https:\/\/cocosolis.com\/es\/wp-json\/wp\/v2\/media?parent=385"}],"wp:term":[{"taxonomy":"product_brand","embeddable":true,"href":"https:\/\/cocosolis.com\/es\/wp-json\/wp\/v2\/product_brand?post=385"},{"taxonomy":"product_cat","embeddable":true,"href":"https:\/\/cocosolis.com\/es\/wp-json\/wp\/v2\/product_cat?post=385"},{"taxonomy":"product_tag","embeddable":true,"href":"https:\/\/cocosolis.com\/es\/wp-json\/wp\/v2\/product_tag?post=385"},{"taxonomy":"product_template","embeddable":true,"href":"https:\/\/cocosolis.com\/es\/wp-json\/wp\/v2\/product_template?post=385"}],"curies":[{"name":"wp","href":"https:\/\/api.w.org\/{rel}","templated":true}]}}