{"id":378,"date":"2022-05-06T10:01:23","date_gmt":"2022-05-06T08:01:23","guid":{"rendered":"http:\/\/cocosolis.com\/en\/?post_type=product&#038;p=378"},"modified":"2026-03-23T14:55:29","modified_gmt":"2026-03-23T13:55:29","slug":"cool-after-sun-oil","status":"publish","type":"product","link":"https:\/\/cocosolis.com\/es\/product\/cool-after-sun-oil\/","title":{"rendered":"COOL After Sun Oil"},"content":{"rendered":"","protected":false},"excerpt":{"rendered":"","protected":false},"featured_media":1000004556,"comment_status":"open","ping_status":"closed","template":"","meta":{"_acf_changed":false},"product_brand":[],"product_cat":[15],"product_tag":[],"product_template":[70],"class_list":{"0":"post-378","1":"product","2":"type-product","3":"status-publish","4":"has-post-thumbnail","6":"product_cat-suntan-body","7":"product_template-v-2024-clean","9":"first","10":"instock","11":"shipping-taxable","12":"purchasable","13":"product-type-variable","14":"has-default-attributes"},"acf":{"_v2024__listing_and_sharing_info__listing_category":"COOL","_v2024__listing_and_sharing_info__product_type":"After Sun Oil","_v2024__listing__and_sharing_info__listing_below_title_in_product_page":"Aceite para despu\u00e9s del sol. Revitaliza y calma. Con menta refrescante.","_v2024__listing_and_sharing_info__listing_description":"Aceite para despu\u00e9s del sol. Revitaliza y calma. Con menta refrescante.","_v2024__listing_and_sharing_info__image":1000000378,"_v2024__product_hero__hero_type":"carousel","_v2024__product_hero__product_slider_gallery":[{"_v2024__product_hero__product_slider_gallery__image":1000006581,"_v2024__product_hero__product_slider_gallery__video_link":""},{"_v2024__product_hero__product_slider_gallery__image":1000006582,"_v2024__product_hero__product_slider_gallery__video_link":""},{"_v2024__product_hero__product_slider_gallery__image":1000006583,"_v2024__product_hero__product_slider_gallery__video_link":""},{"_v2024__product_hero__product_slider_gallery__image":1000006584,"_v2024__product_hero__product_slider_gallery__video_link":""},{"_v2024__product_hero__product_slider_gallery__image":1000006585,"_v2024__product_hero__product_slider_gallery__video_link":""},{"_v2024__product_hero__product_slider_gallery__image":1000006586,"_v2024__product_hero__product_slider_gallery__video_link":""},{"_v2024__product_hero__product_slider_gallery__image":1000006587,"_v2024__product_hero__product_slider_gallery__video_link":""},{"_v2024__product_hero__product_slider_gallery__image":1000006588,"_v2024__product_hero__product_slider_gallery__video_link":"https:\/\/player.vimeo.com\/progressive_redirect\/playback\/1040390492\/rendition\/720p\/file.mp4?loc=external&amp;log_user=0&amp;signature=afaf87132277d9322ab5b650c934560d774168cd66f7f05c6ac6413c8ca45a40https:\/\/player.vimeo.com\/progressive_redirect\/playback\/1040390492\/rendition\/720p\/file.mp4?loc=external&amp;log_user=0&amp;signature=0f42e81c06d95987b1c9e3bdcba84d571579cbd174ca8cf161166ad5f2402e2a&amp;user_id=110095091"}],"_v2024__before_and_after_image":1000006527,"_v2024__before_and_after_image_mobile":1000006528,"_v2024__product_hero__quantity":"","_v2024__product_hero__product_disclamer":"","_v2024__why_use__should_show":"visible","_v2024__why_use__description_text":"Calma la piel tras la exposici\u00f3n al sol o una visita al sol\u00e1rium. La restaura, hidrata y nutre en profundidad.","_v2024__why_use__text_content":"<ul>\r\n \t<li>Utilizado a diario, deja la piel m\u00e1s suave, tersa y el\u00e1stica<\/li>\r\n \t<li>F\u00f3rmula totalmente natural con ingredientes org\u00e1nicos, vegana<\/li>\r\n \t<li>Adecuado para rostro y cuerpo, pieles delicadas y sensibles<\/li>\r\n \t<li>Con un delicioso aroma de menta<\/li>\r\n<\/ul>","_v2024__why_use__product_notes_and_remarks":"","_v2024__why_use__background_color":"#FBF1EB","_v2024__why_use__heading_color":"#816c65","_v2024__why_use__text_color":"#816c65","_v2024__why_use__image_desktop":1000006686,"_v2024__why_use__image_mobile":1000006687,"_v2024__stats_show":false,"_v2024__stats_repeater":null,"_v2024__stats_repeater_disclaimer":null,"_v2024__benefits__icons_repeater":[{"_v2024__benefit__icons_repeater_icon":1000006736,"_v2024__benefit__icons_repeater_text":"REFRESCANTE Y CALMANTE DESPU\u00c9S DEL SOL"},{"_v2024__benefit__icons_repeater_icon":1000006740,"_v2024__benefit__icons_repeater_text":"NUTRE E HIDRATA"},{"_v2024__benefit__icons_repeater_icon":1000006746,"_v2024__benefit__icons_repeater_text":"INGREDIENTES ORG\u00c1NICOS Y NATURALES"},{"_v2024__benefit__icons_repeater_icon":1000006743,"_v2024__benefit__icons_repeater_text":"DELICIOSO AROMA DE MENTA"}],"_v2024__image_ingreddients__intro_text":"Un producto completamente natural, proveedor natural de vitaminas, minerales, sustancias biol\u00f3gicamente activas y antioxidantes. Una combinaci\u00f3n de 9 aceites org\u00e1nicos conocidos por su efecto calmante y refrescante. Enriquecido con vitamina E natural.","_v2024__image_ingreddients__additional_description":"","_v2024__image_ingreddients__disclamer_inner":"","_v2024__image_ingredients__repeater":[{"_v2024__image_ingredients__ingredient_image":1000006721,"_v2024__image_ingredients__ingredient_title":"ACEITE ESENCIAL DE MENTA","_v2024__image_ingredients__ingredient_description":"Calma y refresca la piel, reduce la inflamaci\u00f3n. Su aroma fresco vigoriza los sentidos."},{"_v2024__image_ingredients__ingredient_image":1000006711,"_v2024__image_ingredients__ingredient_title":"ACEITE DE CACAO","_v2024__image_ingredients__ingredient_description":"Un maravilloso \"alimento\" para la piel. La regenera y previene la aparici\u00f3n de estr\u00edas. Favorece la formaci\u00f3n de un bronceado uniforme, profundo e intenso."},{"_v2024__image_ingredients__ingredient_image":1000006719,"_v2024__image_ingredients__ingredient_title":"EXTRACTO DE CAL\u00c9NDULA","_v2024__image_ingredients__ingredient_description":"Tiene un fuerte efecto calmante y reparador de la piel despu\u00e9s de la exposici\u00f3n al sol."},{"_v2024__image_ingredients__ingredient_image":1000006714,"_v2024__image_ingredients__ingredient_title":"ACEITE DE SEMILLA DE PEPINO","_v2024__image_ingredients__ingredient_description":"Hidrataci\u00f3n intensiva: refresca, se absorbe r\u00e1pidamente y revitaliza. Alivia la piel quemada por el sol."},{"_v2024__image_ingredients__ingredient_image":1000006707,"_v2024__image_ingredients__ingredient_title":"ACEITE DE ARG\u00c1N","_v2024__image_ingredients__ingredient_description":"\"El oro l\u00edquido de Marruecos\" para una piel suave y sedosa. Protege contra los efectos nocivos del sol y el viento."},{"_v2024__image_ingredients__ingredient_image":1000006705,"_v2024__image_ingredients__ingredient_title":"INGREDIENTE ACTIVO","_v2024__image_ingredients__ingredient_description":"Elaborado con aceite de oliva de alta calidad, asegura que la piel absorba los aceites r\u00e1pidamente."},{"_v2024__image_ingredients__ingredient_image":1000006712,"_v2024__image_ingredients__ingredient_title":"ACEITE DE COCO","_v2024__image_ingredients__ingredient_description":"Se absorbe f\u00e1cilmente, hidrata profundamente y deja la piel suave y flexible. Protege contra las manchas del sol y la edad, y proporciona un bronceado dorado."},{"_v2024__image_ingredients__ingredient_image":1000006717,"_v2024__image_ingredients__ingredient_title":"ACEITE DE JOJOBA","_v2024__image_ingredients__ingredient_description":"Equilibra la producci\u00f3n de sebo, calma la piel y la mantiene suave y clara, libre de granos."},{"_v2024__image_ingredients__ingredient_image":1000006730,"_v2024__image_ingredients__ingredient_title":"VITAMINA E NATURAL","_v2024__image_ingredients__ingredient_description":"Potente antioxidante que combate los signos de la edad y favorece el proceso curativo natural de la piel."}],"_v2024__image_ingredients__all_ingredients":"COCOS NUCIFERA OIL*, HELIANTHUS ANNUUS SEED OIL*, CALENDULA OFFICINALIS FLOWER EXTRACT*, SIMMONDSIA CHINENSIS SEED OIL*, PRUNUS AMYGDALUS DULCIS OIL*, THEOBROMA CACAO SEED BUTTER*, CUCUMIS SATIVUS SEED OIL*, ARGANIA SPINOSA KERNEL OIL*, OCTYLDODECYL OLIVATE, CAPRYLIC\/ CAPRIC TRIGLYCERIDE, TOCOPHEROL, MENTHA VIRIDIS LEAF OIL*, LIMONENE <strong>(COCONUT OIL*, SUNFLOWER SEED OIL*, CALENDULA FLOWER EXTRACT*, JOJOBA OIL*, SWEET ALMOND OIL*, CACAO SEED BUTTER*, CUCUMBER OIL*, ARGAN OIL*, OCTYLDODECYL OLIVATE FROM OLIVE OIL, CAPRYLIC CAPRIC TRIGLYCERIDE, NATURAL VITAMIN \u0415, SPEARMINT ESSENTIAL OIL*, LIMONENE)<\/strong>\r\n\r\n<em>*Infredientes org\u00e1nicos certificados <\/em>\r\n\r\n<em>Tenga en cuenta que la lista de ingredientes puede variar ligeramente con el tiempo debido a mejoras en el producto. Consulte el empaque del producto para obtener la informaci\u00f3n m\u00e1s actualizada.<\/em>","_v2024__usage_content__left_content":"<h4>DESPU\u00c9S DEL SOL Y SOL\u00c1RIUM<\/h4>\r\nPara un efecto \u00f3ptimo, aplicar inmediatamente despu\u00e9s de la ducha sobre la piel h\u00fameda o seca, cuando los poros est\u00e9n abiertos y absorban al m\u00e1ximo los ingredientes de los aceites puros.\r\n<h4>PARA CADA D\u00cdA<\/h4>\r\n\u00daselo diariamente despu\u00e9s de la ducha para una piel suave y flexible.\r\n<h4>PARA UN MASAJE<\/h4>\r\nMaravilloso como aceite de masaje.","_v2024__usage_content__right_bottom_content":"","_v2024__usage_content__note":"<strong>TENGA EN CUENTA<\/strong>: El aceite no contiene filtro solar UV. Evitar contacto visual.","_v2024__usage_content__storage":"Conservar en un lugar seco y fresco. No refrigerar. El producto se endurece cuando se almacena en fr\u00edo y el contenido del bote no sale por el dosificador. Para licuar, dejar a temperatura ambiente mayor de 25\u00b0C. No abra el bote cuando el producto se haya endurecido, ya que podr\u00eda da\u00f1ar el dosificador.\r\n\r\n&nbsp;\r\n\r\nS\u00f3lo para uso externo. Suspenda su uso si se produce irritaci\u00f3n. No utilizar sobre piel da\u00f1ada o lesionada. Evitar el contacto con los ojos. \u00a1Mantener fuera del alcance de los ni\u00f1os!"},"_links":{"self":[{"href":"https:\/\/cocosolis.com\/es\/wp-json\/wp\/v2\/product\/378","targetHints":{"allow":["GET"]}}],"collection":[{"href":"https:\/\/cocosolis.com\/es\/wp-json\/wp\/v2\/product"}],"about":[{"href":"https:\/\/cocosolis.com\/es\/wp-json\/wp\/v2\/types\/product"}],"replies":[{"embeddable":true,"href":"https:\/\/cocosolis.com\/es\/wp-json\/wp\/v2\/comments?post=378"}],"wp:featuredmedia":[{"embeddable":true,"href":"https:\/\/cocosolis.com\/es\/wp-json\/"}],"wp:attachment":[{"href":"https:\/\/cocosolis.com\/es\/wp-json\/wp\/v2\/media?parent=378"}],"wp:term":[{"taxonomy":"product_brand","embeddable":true,"href":"https:\/\/cocosolis.com\/es\/wp-json\/wp\/v2\/product_brand?post=378"},{"taxonomy":"product_cat","embeddable":true,"href":"https:\/\/cocosolis.com\/es\/wp-json\/wp\/v2\/product_cat?post=378"},{"taxonomy":"product_tag","embeddable":true,"href":"https:\/\/cocosolis.com\/es\/wp-json\/wp\/v2\/product_tag?post=378"},{"taxonomy":"product_template","embeddable":true,"href":"https:\/\/cocosolis.com\/es\/wp-json\/wp\/v2\/product_template?post=378"}],"curies":[{"name":"wp","href":"https:\/\/api.w.org\/{rel}","templated":true}]}}