{"id":377,"date":"2022-05-06T09:39:32","date_gmt":"2022-05-06T07:39:32","guid":{"rendered":"http:\/\/cocosolis.com\/en\/?post_type=product&#038;p=377"},"modified":"2026-04-06T15:28:10","modified_gmt":"2026-04-06T13:28:10","slug":"glow-shimmer-oil","status":"publish","type":"product","link":"https:\/\/cocosolis.com\/es\/product\/glow-shimmer-oil\/","title":{"rendered":"GLOW Shimmer Oil"},"content":{"rendered":"","protected":false},"excerpt":{"rendered":"","protected":false},"featured_media":1000004560,"comment_status":"open","ping_status":"closed","template":"","meta":{"_acf_changed":false},"product_brand":[],"product_cat":[67],"product_tag":[],"product_template":[70],"class_list":{"0":"post-377","1":"product","2":"type-product","3":"status-publish","4":"has-post-thumbnail","6":"product_cat-shimmer","7":"product_template-v-2024-clean","9":"first","10":"instock","11":"shipping-taxable","12":"purchasable","13":"product-type-simple"},"acf":{"_v2024__listing_and_sharing_info__listing_category":"GLOW","_v2024__listing_and_sharing_info__product_type":"Shimmer Oil","_v2024__listing__and_sharing_info__listing_below_title_in_product_page":"Un aceite iluminador e hidratante natural con part\u00edculas brillantes.","_v2024__listing_and_sharing_info__listing_description":"Un aceite iluminador e hidratante natural con part\u00edculas brillantes.","_v2024__listing_and_sharing_info__image":1000000379,"_v2024__product_hero__hero_type":"carousel","_v2024__product_hero__product_slider_gallery":[{"_v2024__product_hero__product_slider_gallery__image":1000006589,"_v2024__product_hero__product_slider_gallery__video_link":""},{"_v2024__product_hero__product_slider_gallery__image":1000006590,"_v2024__product_hero__product_slider_gallery__video_link":""},{"_v2024__product_hero__product_slider_gallery__image":1000006592,"_v2024__product_hero__product_slider_gallery__video_link":""},{"_v2024__product_hero__product_slider_gallery__image":1000006595,"_v2024__product_hero__product_slider_gallery__video_link":""},{"_v2024__product_hero__product_slider_gallery__image":1000006597,"_v2024__product_hero__product_slider_gallery__video_link":""},{"_v2024__product_hero__product_slider_gallery__image":1000006598,"_v2024__product_hero__product_slider_gallery__video_link":""},{"_v2024__product_hero__product_slider_gallery__image":1000006599,"_v2024__product_hero__product_slider_gallery__video_link":""},{"_v2024__product_hero__product_slider_gallery__image":1000006600,"_v2024__product_hero__product_slider_gallery__video_link":"https:\/\/player.vimeo.com\/progressive_redirect\/playback\/1042663294\/rendition\/720p\/file.mp4?loc=external&amp;log_user=0&amp;signature=4a77c550e32d5a6556d523b51f504f302c104dcb23b05e46be97bc1ceb5db6e0&amp;user_id=110095091"}],"_v2024__before_and_after_image":1000006529,"_v2024__before_and_after_image_mobile":1000006530,"_v2024__product_hero__quantity":"110 ML","_v2024__product_hero__product_disclamer":"","_v2024__why_use__should_show":"visible","_v2024__why_use__description_text":"Un aceite iluminador natural. A\u00f1ade un brillo y luminosidad irresistibles a la piel. \u00daselo en la playa, todos los d\u00edas o en ocasiones especiales.","_v2024__why_use__text_content":"<ul>\r\n \t<li>Fortalece el tono y el color de la pie<\/li>\r\n \t<li>Hidrata y nutre profundamente<\/li>\r\n \t<li>Hace que la piel sea sedosa y suave<\/li>\r\n \t<li>Contiene ingredientes org\u00e1nicos y naturales en combinaci\u00f3n con vitamina E natural. Vegano<\/li>\r\n \t<li>Se absorbe r\u00e1pidamente, no deja residuos grasos.<\/li>\r\n \t<li>Adecuado para rostro y cuerpo, para pieles delicadas y sensibles<\/li>\r\n \t<li>Con un tentador aroma de galletas<\/li>\r\n<\/ul>","_v2024__why_use__product_notes_and_remarks":"<strong>IMPORTANTE<\/strong>: Puede manchar ligeramente la ropa de colores claros.","_v2024__why_use__background_color":"#FBF1EB","_v2024__why_use__heading_color":"#816c65","_v2024__why_use__text_color":"#816c65","_v2024__why_use__image_desktop":1000006688,"_v2024__why_use__image_mobile":1000006689,"_v2024__stats_show":false,"_v2024__stats_repeater":null,"_v2024__stats_repeater_disclaimer":null,"_v2024__benefits__icons_repeater":[{"_v2024__benefit__icons_repeater_icon":1000006749,"_v2024__benefit__icons_repeater_text":"BRILLO Y RESPLANDOR IRRESISTIBLES"},{"_v2024__benefit__icons_repeater_icon":1000006740,"_v2024__benefit__icons_repeater_text":"NUTRE E HUMECTA"},{"_v2024__benefit__icons_repeater_icon":1000006738,"_v2024__benefit__icons_repeater_text":"PARA ROSTRO Y CUERPO"},{"_v2024__benefit__icons_repeater_icon":1000006735,"_v2024__benefit__icons_repeater_text":"AROMA DE GALLETAS"}],"_v2024__image_ingreddients__intro_text":"Una combinaci\u00f3n de aceites org\u00e1nicos, vitamina E natural y mica natural (finas part\u00edculas minerales) con la que la piel brilla.","_v2024__image_ingreddients__additional_description":"","_v2024__image_ingreddients__disclamer_inner":"","_v2024__image_ingredients__repeater":[{"_v2024__image_ingredients__ingredient_image":1000006720,"_v2024__image_ingredients__ingredient_title":"MICA NATURAL","_v2024__image_ingredients__ingredient_description":"Finas part\u00edculas de mica extra\u00eddas de minerales naturales con origen comprobado de Fair Trade. Iluminan la piel con elegancia."},{"_v2024__image_ingredients__ingredient_image":1000006714,"_v2024__image_ingredients__ingredient_title":"ACEITE DE SEMILLA DE PEPINO","_v2024__image_ingredients__ingredient_description":"Hidrataci\u00f3n intensiva: refresca, se absorbe r\u00e1pidamente y revitaliza. Alivia la piel quemada por el sol."},{"_v2024__image_ingredients__ingredient_image":1000006712,"_v2024__image_ingredients__ingredient_title":"ACEITE DE COCO","_v2024__image_ingredients__ingredient_description":"Se absorbe f\u00e1cilmente, hidrata profundamente y deja la piel suave y flexible. Protege contra las manchas del sol y la edad, y proporciona un bronceado dorado."},{"_v2024__image_ingredients__ingredient_image":1000006711,"_v2024__image_ingredients__ingredient_title":"ACEITE DE CACAO","_v2024__image_ingredients__ingredient_description":"Excelente \"alimento\" para la piel. La regenera y previene la aparici\u00f3n de estr\u00edas y arrugas finas."},{"_v2024__image_ingredients__ingredient_image":1000006717,"_v2024__image_ingredients__ingredient_title":"ACEITE DE JOJOBA","_v2024__image_ingredients__ingredient_description":"Equilibra la producci\u00f3n de sebo, calma la piel y la mantiene suave y clara, libre de granos."},{"_v2024__image_ingredients__ingredient_image":1000006706,"_v2024__image_ingredients__ingredient_title":"ACEITE DE ALMENDRA DULCE","_v2024__image_ingredients__ingredient_description":"Calma y mejora la textura y el tono de la piel. Reduce el enrojecimiento y la inflamaci\u00f3n."},{"_v2024__image_ingredients__ingredient_image":1000006730,"_v2024__image_ingredients__ingredient_title":"VITAMINA E NATURAL","_v2024__image_ingredients__ingredient_description":"Potente antioxidante que combate los signos de la edad y favorece el proceso curativo natural de la piel."}],"_v2024__image_ingredients__all_ingredients":"CAPRYLIC\/CAPRIC TRIGLYCERIDE, COCOS NUCIFERA OIL*, PRUNUS AMYGDALUS DULCIS OIL*, STEARALKONIUM HECTORITE, PROPYLENE CARBONATE, OCTYLDODECYL OLIVATE, SIMMONDSIA CHINENSIS SEED OIL*, HYDROGENATED RAPESEED OIL, THEOBROMA CACAO SEED BUTTER*, CUCUMIS SATIVUS SEED OIL*, TOCOPHEROL, HELIANTHUS ANNUUS SEED OIL, PARFUM, MICA, CI 77891, CI 77491 <strong>(CAPRYLIC CAPRIC TRIGLYCERIDE, COCONUT OIL*, SWEET ALMOND OIL*, STEARALKONIUM HECTORITE, PROPYLENE CARBONATE, OCTYLDODECYL OLIVATE FROM OLIVE OIL, JOJOBA OIL*, HYDROGENATED RAPESEED OIL, CACAO SEED BUTTER*, CUCUMBER SEED OIL*, NATURAL VITAMIN \u0415, SUNFLOWER SEED OIL, PARFUM, MICA (SPARKLING MINERAL PIGMENTS), CI 77891, CI 77491)<\/strong>\r\n\r\n<em>*Infredientes org\u00e1nicos certificados <\/em>\r\n\r\n<em>Tenga en cuenta que la lista de ingredientes puede variar ligeramente con el tiempo debido a mejoras en el producto. Consulte el empaque del producto para obtener la informaci\u00f3n m\u00e1s actualizada.<\/em>","_v2024__usage_content__left_content":"<h4>BRILLO EN LA PLAYA<\/h4>\r\nAplicar en la playa en piernas, brazos, abdomen, escote y p\u00f3mulos. Recomendamos usar GLOW como tercer paso final despu\u00e9s de la loci\u00f3n de protecci\u00f3n solar y el aceite bronceador COCOSOLIS.\r\n<h4>CARA ILUMINADA<\/h4>\r\nAplicar en rostro y escote como acento despu\u00e9s del maquillaje, o mezclarlo con unas gotas de fondo de maquillaje.\r\n<h4>RESPLANDOR DE LA TARDE<\/h4>\r\nApl\u00edcalo en piernas, brazos, escote y p\u00f3mulos y si\u00e9ntete como la estrella de la noche.\r\n<h4><\/h4>","_v2024__usage_content__right_bottom_content":"","_v2024__usage_content__note":"<strong>TENGA EN CUENTA<\/strong>: El aceite no contiene filtro UV protector solar. \u041c\u043e\u0436\u0435 \u043b\u0435\u043a\u043e \u0434\u0430 \u043e\u0446\u0432\u0435\u0442\u0438 \u0441\u0432\u0435\u0442\u043b\u0438 \u0434\u0440\u0435\u0445\u0438. \u0421\u044a\u0445\u0440\u0430\u043d\u044f\u0432\u0430\u0439\u0442\u0435 \u043d\u0430 \u0441\u0443\u0445\u043e \u0438 \u0445\u043b\u0430\u0434\u043d\u043e \u043c\u044f\u0441\u0442\u043e.","_v2024__usage_content__storage":""},"_links":{"self":[{"href":"https:\/\/cocosolis.com\/es\/wp-json\/wp\/v2\/product\/377","targetHints":{"allow":["GET"]}}],"collection":[{"href":"https:\/\/cocosolis.com\/es\/wp-json\/wp\/v2\/product"}],"about":[{"href":"https:\/\/cocosolis.com\/es\/wp-json\/wp\/v2\/types\/product"}],"replies":[{"embeddable":true,"href":"https:\/\/cocosolis.com\/es\/wp-json\/wp\/v2\/comments?post=377"}],"wp:featuredmedia":[{"embeddable":true,"href":"https:\/\/cocosolis.com\/es\/wp-json\/"}],"wp:attachment":[{"href":"https:\/\/cocosolis.com\/es\/wp-json\/wp\/v2\/media?parent=377"}],"wp:term":[{"taxonomy":"product_brand","embeddable":true,"href":"https:\/\/cocosolis.com\/es\/wp-json\/wp\/v2\/product_brand?post=377"},{"taxonomy":"product_cat","embeddable":true,"href":"https:\/\/cocosolis.com\/es\/wp-json\/wp\/v2\/product_cat?post=377"},{"taxonomy":"product_tag","embeddable":true,"href":"https:\/\/cocosolis.com\/es\/wp-json\/wp\/v2\/product_tag?post=377"},{"taxonomy":"product_template","embeddable":true,"href":"https:\/\/cocosolis.com\/es\/wp-json\/wp\/v2\/product_template?post=377"}],"curies":[{"name":"wp","href":"https:\/\/api.w.org\/{rel}","templated":true}]}}