{"id":360,"date":"2022-05-06T08:41:35","date_gmt":"2022-05-06T06:41:35","guid":{"rendered":"http:\/\/cocosolis.com\/en\/?post_type=product&#038;p=360"},"modified":"2026-04-06T15:28:01","modified_gmt":"2026-04-06T13:28:01","slug":"mango-suntan-body-oil","status":"publish","type":"product","link":"https:\/\/cocosolis.com\/es\/product\/mango-suntan-body-oil\/","title":{"rendered":"MANGO Suntan &amp; Body Oil"},"content":{"rendered":"","protected":false},"excerpt":{"rendered":"","protected":false},"featured_media":1000004563,"comment_status":"open","ping_status":"closed","template":"","meta":{"_acf_changed":false},"product_brand":[],"product_cat":[15],"product_tag":[],"product_template":[70],"class_list":{"0":"post-360","1":"product","2":"type-product","3":"status-publish","4":"has-post-thumbnail","6":"product_cat-suntan-body","7":"product_template-v-2024-clean","9":"first","10":"instock","11":"shipping-taxable","12":"purchasable","13":"product-type-simple"},"acf":{"_v2024__listing_and_sharing_info__listing_category":"MANGO","_v2024__listing_and_sharing_info__product_type":"Suntan &amp; Body Oil","_v2024__listing__and_sharing_info__listing_below_title_in_product_page":"Aceite natural para un bronceado r\u00e1pido e intenso bajo el sol y en el sol\u00e1rium. Tambi\u00e9n apto para uso diario para una piel nutrida y radiante. Con aroma a mango tropical.","_v2024__listing_and_sharing_info__listing_description":"Para un bronceado r\u00e1pido, intenso y una piel radiante. Con aroma a mango tropical.","_v2024__listing_and_sharing_info__image":1000000382,"_v2024__product_hero__hero_type":"carousel","_v2024__product_hero__product_slider_gallery":[{"_v2024__product_hero__product_slider_gallery__image":1000006610,"_v2024__product_hero__product_slider_gallery__video_link":""},{"_v2024__product_hero__product_slider_gallery__image":1000006612,"_v2024__product_hero__product_slider_gallery__video_link":""},{"_v2024__product_hero__product_slider_gallery__image":1000006615,"_v2024__product_hero__product_slider_gallery__video_link":""},{"_v2024__product_hero__product_slider_gallery__image":1000006616,"_v2024__product_hero__product_slider_gallery__video_link":""},{"_v2024__product_hero__product_slider_gallery__image":1000006618,"_v2024__product_hero__product_slider_gallery__video_link":""},{"_v2024__product_hero__product_slider_gallery__image":1000006621,"_v2024__product_hero__product_slider_gallery__video_link":""},{"_v2024__product_hero__product_slider_gallery__image":1000006623,"_v2024__product_hero__product_slider_gallery__video_link":"https:\/\/player.vimeo.com\/progressive_redirect\/playback\/1042662099\/rendition\/720p\/file.mp4?loc=external&amp;log_user=0&amp;signature=a23ece3c486c59a80eab309464a2bd8b43595d6c92b3750fa4d2bc6eb828e175&amp;user_id=110095091"}],"_v2024__before_and_after_image":1000006533,"_v2024__before_and_after_image_mobile":1000006534,"_v2024__product_hero__quantity":"110 ML","_v2024__product_hero__product_disclamer":"","_v2024__why_use__should_show":"visible","_v2024__why_use__description_text":"Aceite natural para un bronceado r\u00e1pido, rico, uniforme y duradero en la playa y en el sol\u00e1rium. Acelera el bronceado o \u00fasalo diariamente para nutrir e hidratar la piel","_v2024__why_use__text_content":"<ul>\r\n \t<li>Resultados r\u00e1pidos y visibles en menos tiempo bajo el sol<\/li>\r\n \t<li>F\u00f3rmula funcional con ingredientes naturales y org\u00e1nicos, vegana<\/li>\r\n \t<li>Apto para uso diario<\/li>\r\n \t<li>Adecuado para rostro y cuerpo, pieles delicadas y sensibles<\/li>\r\n \t<li>Con un aroma tentadoramente dulce de mango tropical<\/li>\r\n<\/ul>","_v2024__why_use__product_notes_and_remarks":"* El aceite no contiene filtro UV protector solar.","_v2024__why_use__background_color":"#FBF1EB","_v2024__why_use__heading_color":"#816c65","_v2024__why_use__text_color":"#816c65","_v2024__why_use__image_desktop":1000006692,"_v2024__why_use__image_mobile":1000006693,"_v2024__stats_show":false,"_v2024__stats_repeater":null,"_v2024__stats_repeater_disclaimer":null,"_v2024__benefits__icons_repeater":[{"_v2024__benefit__icons_repeater_icon":1000006739,"_v2024__benefit__icons_repeater_text":"BRONCEADO R\u00c1PIDO, RICO Y DURADERO"},{"_v2024__benefit__icons_repeater_icon":1000006752,"_v2024__benefit__icons_repeater_text":"RESULTADOS VISIBLES EN MENOS TIEMPO BAJO EL SOL"},{"_v2024__benefit__icons_repeater_icon":1000006746,"_v2024__benefit__icons_repeater_text":"INGREDIENTES ORG\u00c1NICOS Y NATURALES"},{"_v2024__benefit__icons_repeater_icon":1000006741,"_v2024__benefit__icons_repeater_text":"AROMA DE MANGO TROPICAL"}],"_v2024__image_ingreddients__intro_text":"La combinaci\u00f3n de aceites org\u00e1nicos y vitamina E natural aporta una gran cantidad de sustancias \u00fatiles a la piel y garantiza los m\u00e1ximos resultados en la playa y en el sol\u00e1rium.","_v2024__image_ingreddients__additional_description":"","_v2024__image_ingreddients__disclamer_inner":"","_v2024__image_ingredients__repeater":[{"_v2024__image_ingredients__ingredient_image":1000006718,"_v2024__image_ingredients__ingredient_title":"ACEITE DE MANGO","_v2024__image_ingredients__ingredient_description":"Restaura y mantiene el nivel de humedad de la piel, potencia la regeneraci\u00f3n celular. Aumenta la elasticidad, rejuvenece, revive, ilumina."},{"_v2024__image_ingredients__ingredient_image":1000006712,"_v2024__image_ingredients__ingredient_title":"ACEITE DE COCO","_v2024__image_ingredients__ingredient_description":"Se absorbe f\u00e1cilmente, hidrata profundamente y deja la piel suave y flexible. Protege contra las manchas del sol y la edad, y proporciona un bronceado dorado."},{"_v2024__image_ingredients__ingredient_image":1000006711,"_v2024__image_ingredients__ingredient_title":"ACEITE DE CACAO","_v2024__image_ingredients__ingredient_description":"Un maravilloso \"alimento\" para la piel. La regenera y previene la aparici\u00f3n de estr\u00edas. Favorece la formaci\u00f3n de un bronceado uniforme, profundo e intenso."},{"_v2024__image_ingredients__ingredient_image":1000006717,"_v2024__image_ingredients__ingredient_title":"ACEITE DE JOJOBA","_v2024__image_ingredients__ingredient_description":"Equilibra la producci\u00f3n de sebo, calma la piel y la mantiene suave y clara, libre de granos."},{"_v2024__image_ingredients__ingredient_image":1000006706,"_v2024__image_ingredients__ingredient_title":"ACEITE DE ALMENDRA DULCE","_v2024__image_ingredients__ingredient_description":"Calma y mejora la textura y el tono de la piel. Reduce el enrojecimiento y la inflamaci\u00f3n."},{"_v2024__image_ingredients__ingredient_image":1000006730,"_v2024__image_ingredients__ingredient_title":"VITAMINA E NATURAL","_v2024__image_ingredients__ingredient_description":"Potente antioxidante que combate los signos de la edad y favorece el proceso curativo natural de la piel."}],"_v2024__image_ingredients__all_ingredients":"COCOS NUCIFERA OIL*,COCONUT ALKANES, SIMMONDSIA CHINENSIS SEED OIL*, PRUNUS AMYGDALUS DULCIS OIL*, THEOBROMA CACAO SEED BUTTER*, MANGIFERA INDICA SEED BUTTER*, TOCOPHEROL, HELIANTHUS ANNUUS SEED OIL, PARFUM, HEXYL CINNAMAL, LIMONENE <strong>(COCONUT OIL*, EMOLLIENT FROM COCONUT OIL, JOJOBA OIL*, SWEET ALMOND OIL*, CACAO BUTTER*, MANGO BUTTER*, NATURAL VITAMIN E, SUNFLOWER SEED OIL, MANGO PARFUM, HEXYL CINNAMAL, LIMONENE) <\/strong>\r\n\r\n<em>*Infredientes org\u00e1nicos certificados <\/em>\r\n\r\n<em>Tenga en cuenta que la lista de ingredientes puede variar ligeramente con el tiempo debido a mejoras en el producto. Consulte el empaque del producto para obtener la informaci\u00f3n m\u00e1s actualizada.<\/em>","_v2024__usage_content__left_content":"<h4>PARA BRONCEAR BAJO EL SOL Y EN EL SOLARIUM<\/h4>\r\nEn caso de exposici\u00f3n al sol, recomendamos su uso en combinaci\u00f3n con un producto de protecci\u00f3n solar:\r\n<ol>\r\n \t<li>Aplicar protector solar y esperar 15 minutos para que se absorba.<\/li>\r\n \t<li>Aplicar el aceite bronceador.<\/li>\r\n \t<li>Repetir cada 2 horas y despu\u00e9s de salir del agua.<\/li>\r\n<\/ol>\r\n<h4>PARA CADA D\u00cdA<\/h4>\r\n\u00daselo inmediatamente despu\u00e9s de la ducha sobre la piel h\u00fameda o seca, cuando los poros est\u00e9n abiertos y absorban la m\u00e1xima cantidad de ingredientes.\r\n<h4>PARA UN MASAJE<\/h4>\r\nMaravilloso como aceite de masaje.","_v2024__usage_content__right_bottom_content":"","_v2024__usage_content__note":"<strong>TENGA EN CUENTA<\/strong>: El aceite no contiene un filtro UV con protector solar. Cuando se expone a la luz solar directa se recomienda usarlo en combinaci\u00f3n con un producto de protecci\u00f3n solar. El producto no es un autobronceador. La exposici\u00f3n excesiva al sol representa una amenaza seria para la salud.","_v2024__usage_content__storage":"Conservar en un lugar seco y fresco. No refrigerar. El producto se endurece cuando se almacena en fr\u00edo y el contenido del bote no sale por el dosificador. Para licuar, dejar a temperatura ambiente mayor de 25\u00b0C. No abra el bote cuando el producto se haya endurecido, ya que podr\u00eda da\u00f1ar el dosificador.\r\n\r\n&nbsp;\r\n\r\nS\u00f3lo para uso externo. Suspenda su uso si se produce irritaci\u00f3n. No utilizar sobre piel da\u00f1ada o lesionada. Evitar el contacto con los ojos. \u00a1Mantener fuera del alcance de los ni\u00f1os!"},"_links":{"self":[{"href":"https:\/\/cocosolis.com\/es\/wp-json\/wp\/v2\/product\/360","targetHints":{"allow":["GET"]}}],"collection":[{"href":"https:\/\/cocosolis.com\/es\/wp-json\/wp\/v2\/product"}],"about":[{"href":"https:\/\/cocosolis.com\/es\/wp-json\/wp\/v2\/types\/product"}],"replies":[{"embeddable":true,"href":"https:\/\/cocosolis.com\/es\/wp-json\/wp\/v2\/comments?post=360"}],"wp:featuredmedia":[{"embeddable":true,"href":"https:\/\/cocosolis.com\/es\/wp-json\/"}],"wp:attachment":[{"href":"https:\/\/cocosolis.com\/es\/wp-json\/wp\/v2\/media?parent=360"}],"wp:term":[{"taxonomy":"product_brand","embeddable":true,"href":"https:\/\/cocosolis.com\/es\/wp-json\/wp\/v2\/product_brand?post=360"},{"taxonomy":"product_cat","embeddable":true,"href":"https:\/\/cocosolis.com\/es\/wp-json\/wp\/v2\/product_cat?post=360"},{"taxonomy":"product_tag","embeddable":true,"href":"https:\/\/cocosolis.com\/es\/wp-json\/wp\/v2\/product_tag?post=360"},{"taxonomy":"product_template","embeddable":true,"href":"https:\/\/cocosolis.com\/es\/wp-json\/wp\/v2\/product_template?post=360"}],"curies":[{"name":"wp","href":"https:\/\/api.w.org\/{rel}","templated":true}]}}