{"id":1000128059,"date":"2026-04-24T15:53:35","date_gmt":"2026-04-24T13:53:35","guid":{"rendered":"https:\/\/cocosolis.com\/es\/product\/one-all-in-one-leave-in-conditioner\/"},"modified":"2026-05-12T14:59:28","modified_gmt":"2026-05-12T12:59:28","slug":"one-all-in-one-leave-in-conditioner","status":"publish","type":"product","link":"https:\/\/cocosolis.com\/es\/product\/one-all-in-one-leave-in-conditioner\/","title":{"rendered":"ONE. ALL IN ONE LEAVE-IN CONDITIONER"},"content":{"rendered":"","protected":false},"excerpt":{"rendered":"","protected":false},"featured_media":10000010295,"comment_status":"open","ping_status":"closed","template":"","meta":{"_acf_changed":false},"product_brand":[],"product_cat":[17],"product_tag":[],"product_template":[70],"class_list":{"0":"post-1000128059","1":"product","2":"type-product","3":"status-publish","4":"has-post-thumbnail","6":"product_cat-hair","7":"product_template-v-2024-clean","9":"first","10":"instock","11":"shipping-taxable","12":"purchasable","13":"product-type-simple"},"acf":{"_v2024__listing_and_sharing_info__listing_category":"ONE","_v2024__listing_and_sharing_info__product_type":"All-in-one Leave-in Conditioner","_v2024__listing__and_sharing_info__listing_below_title_in_product_page":"Acondicionador sin aclarado con 12 beneficios en una f\u00f3rmula ligera. Hidrata y repara. Alisa y aporta brillo. Facilita el desenredado y el peinado, reduce el encrespamiento y acorta el tiempo de secado. Protege frente a los rayos UV y el calor. Ayuda a mantener el color vibrante.","_v2024__listing_and_sharing_info__listing_description":"Acondicionador sin aclarado con 12 beneficios para tu pelo. Hidrata, repara y protege sin apelmazar.","_v2024__listing_and_sharing_info__image":10000010296,"_v2024__product_hero__hero_type":"carousel","_v2024__product_hero__product_slider_gallery":[{"_v2024__product_hero__product_slider_gallery__image":10000010413,"_v2024__product_hero__product_slider_gallery__video_link":""},{"_v2024__product_hero__product_slider_gallery__image":10000010415,"_v2024__product_hero__product_slider_gallery__video_link":""},{"_v2024__product_hero__product_slider_gallery__image":10000010414,"_v2024__product_hero__product_slider_gallery__video_link":""},{"_v2024__product_hero__product_slider_gallery__image":10000010412,"_v2024__product_hero__product_slider_gallery__video_link":""},{"_v2024__product_hero__product_slider_gallery__image":10000010411,"_v2024__product_hero__product_slider_gallery__video_link":""},{"_v2024__product_hero__product_slider_gallery__image":10000010409,"_v2024__product_hero__product_slider_gallery__video_link":""},{"_v2024__product_hero__product_slider_gallery__image":10000010410,"_v2024__product_hero__product_slider_gallery__video_link":""},{"_v2024__product_hero__product_slider_gallery__image":10000010417,"_v2024__product_hero__product_slider_gallery__video_link":""},{"_v2024__product_hero__product_slider_gallery__image":10000010416,"_v2024__product_hero__product_slider_gallery__video_link":""}],"_v2024__before_and_after_image":10000010294,"_v2024__before_and_after_image_mobile":10000010293,"_v2024__product_hero__quantity":"150ml","_v2024__product_hero__product_disclamer":"","_v2024__why_use__should_show":"visible","_v2024__why_use__description_text":"<p><strong>Ligera como una crema, potente como un tratamiento. F\u00f3rmula de \u00faltima generaci\u00f3n. Se absorbe al instante sin apelmazar. Imprescindible para todo tipo de cabello:<\/strong><\/p>","_v2024__why_use__text_content":"<ol><li><strong>Hidrataci\u00f3n:<\/strong> hasta un 30% m\u00e1s de retenci\u00f3n de humedad*<\/li><li><strong>Brillo sedoso:<\/strong> hasta un 51% m\u00e1s de brillo tras 5 aplicaciones*<\/li><li><strong>Desenreda sin esfuerzo:<\/strong> hasta un 83% m\u00e1s f\u00e1cil de peinar y dar forma*<\/li><li><strong>Controla el encrespamiento:<\/strong> doma los pelitos rebeldes y la electricidad est\u00e1tica*<\/li><li><strong>Efecto secado r\u00e1pido:<\/strong> hasta un 42% de secado m\u00e1s r\u00e1pido*<\/li><li>Sella las puntas abiertas con una pel\u00edcula protectora*<\/li><li><strong>Repara:<\/strong> corrige los microda\u00f1os y la estructura del cabello, nutre*<\/li><li><strong>Suavidad y alisado:<\/strong> deja el cabello m\u00e1s suave y con una superficie lisa*<\/li><li><strong>Resistencia:<\/strong> 21% m\u00e1s fuerte frente a la rotura*<\/li><li><strong>Protecci\u00f3n t\u00e9rmica:<\/strong> cuida tu cabello hasta 220\u00b0C*<\/li><li><strong>Escudo UV y antioxidante:<\/strong> protecci\u00f3n activa hasta 3 d\u00edas*<\/li><li><strong>Protecci\u00f3n del color:<\/strong> hasta un 50% m\u00e1s de duraci\u00f3n, evita la p\u00e9rdida de intensidad*<\/li><\/ol>","_v2024__why_use__product_notes_and_remarks":"*Seg\u00fan pruebas de laboratorio e instrumentales de los ingredientes activos.","_v2024__why_use__background_color":"#FBF1EB","_v2024__why_use__heading_color":"#816c65","_v2024__why_use__text_color":"#816c65","_v2024__why_use__image_desktop":10000010297,"_v2024__why_use__image_mobile":10000010298,"_v2024__stats_show":true,"_v2024__stats_repeater":[{"_v2024__stats_repeater_id":"hydration","_v2024__stats_repeater_number":30,"_v2024__stats_repeater_description_title":"HIDRATACI\u00d3N","_v2024__stats_repeater_description":"","_v2024__stats_repeater_asterisks":"*"},{"_v2024__stats_repeater_id":"shine","_v2024__stats_repeater_number":51,"_v2024__stats_repeater_description_title":"BRILLO*","_v2024__stats_repeater_description":"","_v2024__stats_repeater_asterisks":"*"},{"_v2024__stats_repeater_id":"easier_detangling","_v2024__stats_repeater_number":83,"_v2024__stats_repeater_description_title":"Desenreda tu pelo un  m\u00e1s f\u00e1cil*","_v2024__stats_repeater_description":"","_v2024__stats_repeater_asterisks":"*"},{"_v2024__stats_repeater_id":"faster_drying","_v2024__stats_repeater_number":42,"_v2024__stats_repeater_description_title":"Secado m\u00e1s r\u00e1pido*","_v2024__stats_repeater_description":"","_v2024__stats_repeater_asterisks":"*"}],"_v2024__stats_repeater_disclaimer":[{"_v2024__stats_repeater_disclaimer_text":"Seg\u00fan pruebas de laboratorio e instrumentales de los ingredientes activos."}],"_v2024__benefits__icons_repeater":[{"_v2024__benefit__icons_repeater_icon":10000010291,"_v2024__benefit__icons_repeater_text":"FORTALEZA E HIDRATACI\u00d3N"},{"_v2024__benefit__icons_repeater_icon":10000010289,"_v2024__benefit__icons_repeater_text":"CONTROL TOTAL DEL CABELLO"},{"_v2024__benefit__icons_repeater_icon":10000010290,"_v2024__benefit__icons_repeater_text":"BRILLO Y SUAVIDAD"},{"_v2024__benefit__icons_repeater_icon":10000010288,"_v2024__benefit__icons_repeater_text":"PROTECCI\u00d3N TOTAL"}],"_v2024__image_ingreddients__intro_text":"<strong>F\u00f3rmula natural inteligente. Cuatro activos de \u00faltima generaci\u00f3n junto con aceite de coco org\u00e1nico fortalecen el cabello desde el interior, crean una pel\u00edcula protectora en el exterior y dejan el pelo visiblemente m\u00e1s suave y brillante.<\/strong>","_v2024__image_ingreddients__additional_description":"","_v2024__image_ingreddients__disclamer_inner":"","_v2024__image_ingredients__repeater":[{"_v2024__image_ingredients__ingredient_image":1000008646,"_v2024__image_ingredients__ingredient_title":"BIO-STRUCTURE PRO","_v2024__image_ingredients__ingredient_description":"<p>Ingrediente activo de nueces verdes, obtenido con tecnolog\u00eda patentada para asegurar la m\u00e1xima biodisponibilidad de sus compuestos beneficiosos. Rico en fenoles estructurales, act\u00faa como un potente escudo antioxidante frente a los radicales libres y los rayos UV. Protecci\u00f3n del color cl\u00ednicamente probada: tu cabello mantiene su tono vibrante por m\u00e1s tiempo. Consigue un pelo f\u00e1cil de desenredar, suave y con un brillo espectacular.<\/p>"},{"_v2024__image_ingredients__ingredient_image":10000010286,"_v2024__image_ingredients__ingredient_title":"HYDRO-SAVE BIO","_v2024__image_ingredients__ingredient_description":"<p>Ingrediente activo de casta\u00f1as ecol\u00f3gicas, obtenido mediante un proceso enzim\u00e1tico patentado para una absorci\u00f3n total. Rico en prote\u00ednas, \u00e1cidos grasos y az\u00facares, crea una pel\u00edcula invisible que sella la cut\u00edcula y envuelve la fibra capilar. Protege intensamente del calor, evitando la sequedad y los da\u00f1os causados por planchas y secadores. Repara las puntas castigadas, nutre en profundidad y mejora la hidrataci\u00f3n de forma cl\u00ednicamente probada. Consigue un cabello suave como la seda.<\/p>"},{"_v2024__image_ingredients__ingredient_image":10000010287,"_v2024__image_ingredients__ingredient_title":"QUINOA GLOSS","_v2024__image_ingredients__ingredient_description":"<p>Ingrediente activo de semillas de quinoa: prote\u00edna natural con un perfil completo de amino\u00e1cidos. Gracias a la innovadora tecnolog\u00eda de prote\u00edna hidrolizada NPNF\u2122, penetra en la fibra capilar y repara incluso el cabello m\u00e1s da\u00f1ado. Crea una pel\u00edcula protectora que alisa el cabello y aporta brillo y suavidad natural. Facilita el desenredado y define los rizos.<\/p>"},{"_v2024__image_ingredients__ingredient_image":10000010285,"_v2024__image_ingredients__ingredient_title":"AMARANTH-SHIELD 3D","_v2024__image_ingredients__ingredient_description":"<p>Ingrediente activo de semillas de amaranto con tecnolog\u00eda 3D Matrix para una liberaci\u00f3n gradual que penetra en profundidad en la fibra capilar. Cl\u00ednicamente probado: fortalece la estructura interna del cabello y mejora su elasticidad y resistencia. Alisa la superficie, reduce la fricci\u00f3n y aporta suavidad, brillo y un desenredado f\u00e1cil. Acelera el secado, minimiza los da\u00f1os por calor y mantiene la hidrataci\u00f3n en niveles \u00f3ptimos.<\/p>"},{"_v2024__image_ingredients__ingredient_image":1000006712,"_v2024__image_ingredients__ingredient_title":"COCO","_v2024__image_ingredients__ingredient_description":"<p>Aceite org\u00e1nico prensado en fr\u00edo, rico en \u00e1cido l\u00e1urico, que penetra en la fibra capilar y reduce la p\u00e9rdida de prote\u00ednas. Ayuda a mantener la hidrataci\u00f3n, protege frente a la sequedad y deja el cabello m\u00e1s suave, liso y brillante.<\/p>"}],"_v2024__image_ingredients__all_ingredients":"<p>AQUA*, MYRISTYL ALCOHOL*, COCONUT ALKANES*, BEHENTRIMONIUM CHLORIDE, COCOS NUCIFERA OIL*, PARFUM, HYDROLYZED CHESTNUT EXTRACT*, HYDROLYZED QUINOA*, HYDROLYZED WALNUT EXTRACT*, AMARANTHUS CAUDATUS SEED EXTRACT*, LYSINE*, LEVULINIC ACID*, GLYCERIN*, CETRIMONIUM CHLORIDE, SCLEROTIUM GUM*, PCA GLYCERYL OLEATE*, GLYCERYL CAPRYLATE*, ZEA MAYS STARCH*, CETYL ALCOHOL*, LAURYL ALCOHOL*, CITRIC ACID*, SODIUM LEVULINATE*, PENTYLENE GLYCOL*, SODIUM BENZOATE, POTASSIUM SORBATE, BENZYL ALCOHOL, CI 14720, BENZYL SALICYLATE<\/p><p>Tenga en cuenta que la lista de ingredientes puede cambiar ligeramente con el tiempo debido a mejoras en el producto. Consulte el empaque del producto para obtener la informaci\u00f3n m\u00e1s actualizada.<\/p>","_v2024__usage_content__left_content":"<p><strong>D\u00d3NDE:<\/strong> a lo largo de todo el cabello<\/p><p><strong>CU\u00c1NTO:<\/strong><\/p><p><strong>C\u00d3MO:<\/strong> aplica sobre el cabello limpio y h\u00famedo, desenreda y peina como prefieras<\/p><p><strong>CADA CU\u00c1NTO:<\/strong> despu\u00e9s de cada lavado de pelo; puedes usarlo a diario<\/p><p><strong>TENGA EN CUENTA:<\/strong> S\u00f3lo para uso externo. Suspenda su uso si se produce irritaci\u00f3n. Evitar el contacto con los ojos. \u00a1Mantener fuera del alcance de los ni\u00f1os! Conservar en un lugar seco y fresco.<\/p>","_v2024__usage_content__right_bottom_content":"","_v2024__usage_content__note":"","_v2024__usage_content__storage":""},"_links":{"self":[{"href":"https:\/\/cocosolis.com\/es\/wp-json\/wp\/v2\/product\/1000128059","targetHints":{"allow":["GET"]}}],"collection":[{"href":"https:\/\/cocosolis.com\/es\/wp-json\/wp\/v2\/product"}],"about":[{"href":"https:\/\/cocosolis.com\/es\/wp-json\/wp\/v2\/types\/product"}],"replies":[{"embeddable":true,"href":"https:\/\/cocosolis.com\/es\/wp-json\/wp\/v2\/comments?post=1000128059"}],"wp:featuredmedia":[{"embeddable":true,"href":"https:\/\/cocosolis.com\/es\/wp-json\/"}],"wp:attachment":[{"href":"https:\/\/cocosolis.com\/es\/wp-json\/wp\/v2\/media?parent=1000128059"}],"wp:term":[{"taxonomy":"product_brand","embeddable":true,"href":"https:\/\/cocosolis.com\/es\/wp-json\/wp\/v2\/product_brand?post=1000128059"},{"taxonomy":"product_cat","embeddable":true,"href":"https:\/\/cocosolis.com\/es\/wp-json\/wp\/v2\/product_cat?post=1000128059"},{"taxonomy":"product_tag","embeddable":true,"href":"https:\/\/cocosolis.com\/es\/wp-json\/wp\/v2\/product_tag?post=1000128059"},{"taxonomy":"product_template","embeddable":true,"href":"https:\/\/cocosolis.com\/es\/wp-json\/wp\/v2\/product_template?post=1000128059"}],"curies":[{"name":"wp","href":"https:\/\/api.w.org\/{rel}","templated":true}]}}