{"id":1000124295,"date":"2026-04-01T12:51:25","date_gmt":"2026-04-01T10:51:25","guid":{"rendered":"https:\/\/cocosolis.com\/es\/product\/solis-gradual-tan-body-milk\/"},"modified":"2026-04-20T12:48:03","modified_gmt":"2026-04-20T10:48:03","slug":"solis-gradual-tan-body-milk","status":"publish","type":"product","link":"https:\/\/cocosolis.com\/es\/product\/solis-gradual-tan-body-milk\/","title":{"rendered":"SOLIS Gradual Tan Body Milk"},"content":{"rendered":"","protected":false},"excerpt":{"rendered":"","protected":false},"featured_media":0,"comment_status":"open","ping_status":"closed","template":"","meta":{"_acf_changed":false},"product_brand":[],"product_cat":[44],"product_tag":[],"product_template":[70],"class_list":{"0":"post-1000124295","1":"product","2":"type-product","3":"status-publish","5":"product_cat-self-tanner","6":"product_template-v-2024-clean","8":"first","9":"instock","10":"shipping-taxable","11":"purchasable","12":"product-type-simple"},"acf":{"_v2024__listing_and_sharing_info__listing_category":"SOLIS","_v2024__listing_and_sharing_info__product_type":"Gradual Tan Body Milk","_v2024__listing__and_sharing_info__listing_below_title_in_product_page":"Leche corporal autobronceadora natural. Hidrataci\u00f3n diaria y un bronceado gradual.F\u00f3rmula ligera de r\u00e1pida absorci\u00f3n.","_v2024__listing_and_sharing_info__listing_description":"Leche corporal autobronceadora natural. Para una hidrataci\u00f3n diaria y un bronceado gradual.","_v2024__listing_and_sharing_info__image":1000009847,"_v2024__product_hero__hero_type":"carousel","_v2024__product_hero__product_slider_gallery":[{"_v2024__product_hero__product_slider_gallery__image":1000009882,"_v2024__product_hero__product_slider_gallery__video_link":""},{"_v2024__product_hero__product_slider_gallery__image":1000009883,"_v2024__product_hero__product_slider_gallery__video_link":""},{"_v2024__product_hero__product_slider_gallery__image":1000009884,"_v2024__product_hero__product_slider_gallery__video_link":""},{"_v2024__product_hero__product_slider_gallery__image":1000009885,"_v2024__product_hero__product_slider_gallery__video_link":""},{"_v2024__product_hero__product_slider_gallery__image":1000009886,"_v2024__product_hero__product_slider_gallery__video_link":""},{"_v2024__product_hero__product_slider_gallery__image":1000009887,"_v2024__product_hero__product_slider_gallery__video_link":""},{"_v2024__product_hero__product_slider_gallery__image":1000009888,"_v2024__product_hero__product_slider_gallery__video_link":""},{"_v2024__product_hero__product_slider_gallery__image":1000009889,"_v2024__product_hero__product_slider_gallery__video_link":""}],"_v2024__before_and_after_image":1000009963,"_v2024__before_and_after_image_mobile":1000009962,"_v2024__product_hero__quantity":"200ml","_v2024__product_hero__product_disclamer":"","_v2024__why_use__should_show":"visible","_v2024__why_use__description_text":"<strong>Una f\u00f3rmula pura, centrada en el cuidado de la piel, que combina DHA natural, manteca de cacay org\u00e1nica, valorada como retinol natural, aceite de marula org\u00e1nico con efecto antiedad y \u00e1cido hialur\u00f3nico. Deja la piel sedosa y suave, con un bronceado que se desarrolla en 8 horas y que se puede prolongar d\u00eda tras d\u00eda.<\/strong>","_v2024__why_use__text_content":"<ul>\r\n \t<li>Proporciona un bronceado natural que se intensifica con cada aplicaci\u00f3n<\/li>\r\n \t<li>Hidrataci\u00f3n profunda y cuidado antiedad con el poder del retinol natural de la manteca de cacay<\/li>\r\n \t<li>F\u00f3rmula innovadora que se adapta al color de la piel<\/li>\r\n \t<li>Una emulsi\u00f3n ligera, de r\u00e1pida absorci\u00f3n y que no mancha<\/li>\r\n \t<li>Se aplica uniformemente, sin dejar rayas<\/li>\r\n \t<li>Ideal para principiantes en el autobronceado<\/li>\r\n \t<li>Para obtener mejores resultados, aplicar con un guante autobronceador.<\/li>\r\n \t<li>Sabor a latte con caramelo<\/li>\r\n<\/ul>","_v2024__why_use__product_notes_and_remarks":"","_v2024__why_use__background_color":"#eddacd","_v2024__why_use__heading_color":"#816c65","_v2024__why_use__text_color":"#816c65","_v2024__why_use__image_desktop":1000009848,"_v2024__why_use__image_mobile":1000009849,"_v2024__stats_show":false,"_v2024__stats_repeater":null,"_v2024__stats_repeater_disclaimer":null,"_v2024__benefits__icons_repeater":[{"_v2024__benefit__icons_repeater_icon":10000010005,"_v2024__benefit__icons_repeater_text":"BRONCEADO DE ASPECTO NATURAL"},{"_v2024__benefit__icons_repeater_icon":10000010004,"_v2024__benefit__icons_repeater_text":"ACUMULACI\u00d3N GRADUAL"},{"_v2024__benefit__icons_repeater_icon":10000010003,"_v2024__benefit__icons_repeater_text":"HIDRATACI\u00d3N DIARIA"},{"_v2024__benefit__icons_repeater_icon":10000010002,"_v2024__benefit__icons_repeater_text":"SABOR A LATTE CON CARAMELO"}],"_v2024__image_ingreddients__intro_text":"<strong>Una combinaci\u00f3n de potenciador natural del bronceado, \u00e1cido hialur\u00f3nico y aceites org\u00e1nicos prensados \u200b\u200ben fr\u00edo de alta hidrataci\u00f3n. Una f\u00f3rmula ligera para un bronceado uniforme y natural que se intensifica gradualmente y se difumina uniformemente.<\/strong>","_v2024__image_ingreddients__additional_description":"","_v2024__image_ingreddients__disclamer_inner":"","_v2024__image_ingredients__repeater":[{"_v2024__image_ingredients__ingredient_image":1000009843,"_v2024__image_ingredients__ingredient_title":"DHA NATURAL","_v2024__image_ingredients__ingredient_description":"Ingrediente activo de origen vegetal, obtenido mediante fermentaci\u00f3n. Reacciona con los amino\u00e1cidos de la piel para lograr un bronceado de aspecto natural sin exposici\u00f3n al sol."},{"_v2024__image_ingredients__ingredient_image":1000009842,"_v2024__image_ingredients__ingredient_title":"\u00c1CIDO HIALUR\u00d3NICO","_v2024__image_ingredients__ingredient_description":"Un potente humectante de origen natural. Proporciona una hidrataci\u00f3n profunda que ayuda a que la tez se desarrolle de forma m\u00e1s uniforme y dure m\u00e1s. Previene la aparici\u00f3n de manchas y estr\u00edas."},{"_v2024__image_ingredients__ingredient_image":1000009841,"_v2024__image_ingredients__ingredient_title":"MARULA","_v2024__image_ingredients__ingredient_description":"Un aceite ligero y profundamente hidratante, rico en antioxidantes y \u00e1cidos grasos esenciales. Se absorbe r\u00e1pida y profundamente, preparando la piel para una tez uniforme. Favorece una barrera cut\u00e1nea saludable, garantizando una piel suave."},{"_v2024__image_ingredients__ingredient_image":1000009844,"_v2024__image_ingredients__ingredient_title":"CACAY","_v2024__image_ingredients__ingredient_description":"Conocido como \"el oro del Amazonas\", este aceite posee potentes efectos antienvejecimiento e hidratantes. Extremadamente rico en vitamina A y valorado como retinol natural. Proporciona una base suave y renovada para una tez uniforme."},{"_v2024__image_ingredients__ingredient_image":1000006712,"_v2024__image_ingredients__ingredient_title":"COCO","_v2024__image_ingredients__ingredient_description":"Se absorbe f\u00e1cilmente, hidrata profundamente y retiene la humedad. Crea una barrera protectora y previene la aparici\u00f3n de manchas oscuras en zonas secas como codos y rodillas."}],"_v2024__image_ingredients__all_ingredients":"INCI: AQUA*, CAPRYLIC\/CAPRIC TRIGLYCERIDE*, COCO-CAPRYLATE\/CAPRATE*, DIHYDROXYACETONE*, PENTYLENE GLYCOL*, MAGNESIUM SULFATE, POLYGLYCERYL-6 STEARATE*, XANTHAN GUM*, COCOS NUCIFERA OIL*, SCLEROCARYA BIRREA SEED OIL*, CARYODENDRON ORINOCENSE SEED OIL*, SODIUM HYALURONATE*, LECITHIN*, PULLULAN*, CITRIC ACID*, C14-22 ALCOHOLS*, C12-20 ALKYL GLUCOSIDE*, MICROCRYSTALLINE CELLULOSE*, CELLULOSE GUM*, SCLEROTIUM GUM*, POLYGLYCERYL-6 BEHENATE*, POLYGLYCERYL-4 DIISOSTEARATE\/POLYHYDROXYSTEARATE\/SEBACATE*, POLYGLYCERYL-3 OLEATE*, DIISOSTEAROYL POLYGLYCERYL-3 DIMER DILINOLEATE*, HYDRATED SILICA*, TETRASODIUM GLUTAMATE DIACETATE, PARFUM*, VANILLIN, LINALOOL, CITRAL, BENZALDEHYDE\r\n\r\n*Ingredientes de origen natural\r\n\r\nTenga en cuenta que la lista de ingredientes puede variar ligeramente con el tiempo debido a mejoras en el producto. Consulte el empaque del producto para obtener la informaci\u00f3n m\u00e1s actualizada.","_v2024__usage_content__left_content":"<strong>D\u00d3NDE:<\/strong> cuerpo entero\r\n\r\n<strong>CON QU\u00c9 FRECUENCIA<\/strong>: Todos los d\u00edas como leche corporal hidratante hasta conseguir un bronceado con la saturaci\u00f3n deseada.\r\n\r\nCuanto m\u00e1s a menudo apliques SOLIS Gradual Tan Body Milk, m\u00e1s saturado ser\u00e1 tu bronceado.\r\n\r\n<strong>C\u00d3MO:<\/strong>\r\n<ul>\r\n \t<li>1. Para obtener mejores resultados, exfolia tu cuerpo con el Exfoliating Mitt 24 horas antes de la primera aplicaci\u00f3n.<\/li>\r\n \t<li>2. Aplica la leche sobre la piel limpia y seca con Self-tanning Mit, masajeando suavemente. Aplica una cantidad moderada en codos, rodillas, tobillos, pies y manos.<\/li>\r\n \t<li>3. Si lo aplicas sin guantes, l\u00e1vate bien las manos. Para proteger las manos de una posible coloraci\u00f3n, recomendamos usar un Self-tanning Mitt.<\/li>\r\n \t<li>4. Espere a que se absorba completamente antes de vestirse.<\/li>\r\n<\/ul>\r\n<strong>TENGA EN CUENTA:<\/strong> Conservar en un lugar fresco, oscuro y seco. Debido a su composici\u00f3n natural, el color de la loci\u00f3n puede cambiar con el tiempo, pero esto no afecta su calidad ni su eficacia. S\u00f3lo para uso externo. Prueba de alergia 24 horas antes de su uso. Suspenda su uso si se produce irritaci\u00f3n. No lo use sobre la piel da\u00f1ada o lesionada. Evitar contacto visual. Este producto no contiene filtro solar y no protege contra las quemaduras solares. \u00a1Mantener fuera del alcance de los ni\u00f1os!","_v2024__usage_content__right_bottom_content":"","_v2024__usage_content__note":"","_v2024__usage_content__storage":""},"_links":{"self":[{"href":"https:\/\/cocosolis.com\/es\/wp-json\/wp\/v2\/product\/1000124295","targetHints":{"allow":["GET"]}}],"collection":[{"href":"https:\/\/cocosolis.com\/es\/wp-json\/wp\/v2\/product"}],"about":[{"href":"https:\/\/cocosolis.com\/es\/wp-json\/wp\/v2\/types\/product"}],"replies":[{"embeddable":true,"href":"https:\/\/cocosolis.com\/es\/wp-json\/wp\/v2\/comments?post=1000124295"}],"wp:attachment":[{"href":"https:\/\/cocosolis.com\/es\/wp-json\/wp\/v2\/media?parent=1000124295"}],"wp:term":[{"taxonomy":"product_brand","embeddable":true,"href":"https:\/\/cocosolis.com\/es\/wp-json\/wp\/v2\/product_brand?post=1000124295"},{"taxonomy":"product_cat","embeddable":true,"href":"https:\/\/cocosolis.com\/es\/wp-json\/wp\/v2\/product_cat?post=1000124295"},{"taxonomy":"product_tag","embeddable":true,"href":"https:\/\/cocosolis.com\/es\/wp-json\/wp\/v2\/product_tag?post=1000124295"},{"taxonomy":"product_template","embeddable":true,"href":"https:\/\/cocosolis.com\/es\/wp-json\/wp\/v2\/product_template?post=1000124295"}],"curies":[{"name":"wp","href":"https:\/\/api.w.org\/{rel}","templated":true}]}}