{"id":1000106615,"date":"2025-07-07T15:11:12","date_gmt":"2025-07-07T13:11:12","guid":{"rendered":"https:\/\/cocosolis.com\/es\/product\/lift-anti-aging-serum\/"},"modified":"2026-04-06T15:29:21","modified_gmt":"2026-04-06T13:29:21","slug":"lift-anti-aging-serum","status":"publish","type":"product","link":"https:\/\/cocosolis.com\/es\/product\/lift-anti-aging-serum\/","title":{"rendered":"LIFT+ Anti-aging Serum"},"content":{"rendered":"","protected":false},"excerpt":{"rendered":"","protected":false},"featured_media":1000008657,"comment_status":"open","ping_status":"closed","template":"","meta":{"_acf_changed":false},"product_brand":[],"product_cat":[19],"product_tag":[],"product_template":[70],"class_list":{"0":"post-1000106615","1":"product","2":"type-product","3":"status-publish","4":"has-post-thumbnail","6":"product_cat-skin","7":"product_template-v-2024-clean","9":"first","10":"instock","11":"shipping-taxable","12":"purchasable","13":"product-type-simple"},"acf":{"_v2024__listing_and_sharing_info__listing_category":"LIFT+","_v2024__listing_and_sharing_info__product_type":"Anti-aging Serum","_v2024__listing__and_sharing_info__listing_below_title_in_product_page":"S\u00e9rum rejuvenecedor potenciador. F\u00f3rmula de alta concentraci\u00f3n con efecto lifting.<br><strong>Zona objetivo: cuello, escote y busto<\/strong>","_v2024__listing_and_sharing_info__listing_description":"S\u00e9rum rejuvenecedor potenciador. F\u00f3rmula de alta concentraci\u00f3n con efecto lifting.<br><strong>Zona objetivo: cuello, escote y busto<\/strong>","_v2024__listing_and_sharing_info__image":1000008658,"_v2024__product_hero__hero_type":"carousel","_v2024__product_hero__product_slider_gallery":[{"_v2024__product_hero__product_slider_gallery__image":1000008339,"_v2024__product_hero__product_slider_gallery__video_link":""},{"_v2024__product_hero__product_slider_gallery__image":1000008371,"_v2024__product_hero__product_slider_gallery__video_link":""},{"_v2024__product_hero__product_slider_gallery__image":1000008372,"_v2024__product_hero__product_slider_gallery__video_link":""},{"_v2024__product_hero__product_slider_gallery__image":1000008373,"_v2024__product_hero__product_slider_gallery__video_link":""},{"_v2024__product_hero__product_slider_gallery__image":1000008374,"_v2024__product_hero__product_slider_gallery__video_link":""},{"_v2024__product_hero__product_slider_gallery__image":1000008375,"_v2024__product_hero__product_slider_gallery__video_link":""},{"_v2024__product_hero__product_slider_gallery__image":1000008376,"_v2024__product_hero__product_slider_gallery__video_link":""},{"_v2024__product_hero__product_slider_gallery__image":1000008340,"_v2024__product_hero__product_slider_gallery__video_link":""}],"_v2024__before_and_after_image":"","_v2024__before_and_after_image_mobile":"","_v2024__product_hero__quantity":"50 ML","_v2024__product_hero__product_disclamer":"","_v2024__why_use__should_show":"visible","_v2024__why_use__description_text":"S\u00e9rum-spray reafirmante para cuello, escote y busto. Formulado con 9 potentes ingredientes, cl\u00ednicamente probados para reafirmar, suavizar y estimular la producci\u00f3n de col\u00e1geno, con resultados visibles en tan solo un mes.","_v2024__why_use__text_content":"<ul>\r\n \t<li><strong>Efecto transformador<\/strong>: levanta y reafirma la piel del cuello y el busto<\/li>\r\n \t<li><strong>Beneficios adicionales<\/strong>: suaviza las arrugas y rejuvenece visiblemente<\/li>\r\n \t<li><strong>Aroma<\/strong>: pera delicada<\/li>\r\n \t<li><strong>Zona de acci\u00f3n<\/strong>: cuello, escote y busto<\/li>\r\n<\/ul>","_v2024__why_use__product_notes_and_remarks":"","_v2024__why_use__background_color":"#FBF1EB","_v2024__why_use__heading_color":"#816c65","_v2024__why_use__text_color":"#816c65","_v2024__why_use__image_desktop":1000008629,"_v2024__why_use__image_mobile":1000008630,"_v2024__stats_show":false,"_v2024__stats_repeater":null,"_v2024__stats_repeater_disclaimer":null,"_v2024__benefits__icons_repeater":[{"_v2024__benefit__icons_repeater_icon":1000008669,"_v2024__benefit__icons_repeater_text":"LEVANTA"},{"_v2024__benefit__icons_repeater_icon":1000008668,"_v2024__benefit__icons_repeater_text":"REAFIRMA"},{"_v2024__benefit__icons_repeater_icon":1000008674,"_v2024__benefit__icons_repeater_text":"REJUVENECE"},{"_v2024__benefit__icons_repeater_icon":1000008670,"_v2024__benefit__icons_repeater_text":"HUELE A PERA DELICADA"}],"_v2024__image_ingreddients__intro_text":"Una poderosa mezcla de potenciadores de col\u00e1geno, activos antienvejecimiento e hidratantes que trabajan en sinergia con extractos bot\u00e1nicos para rejuvenecer el \u00e1rea del cuello, el escote y el busto.","_v2024__image_ingreddients__additional_description":"","_v2024__image_ingreddients__disclamer_inner":"","_v2024__image_ingredients__repeater":[{"_v2024__image_ingredients__ingredient_image":1000008643,"_v2024__image_ingredients__ingredient_title":"DERMOSCULPT\u2122","_v2024__image_ingredients__ingredient_description":"La innovaci\u00f3n contra las estr\u00edas con un efecto regenerador de col\u00e1geno verde de 360\u00b0. Un potente ingrediente activo que estimula la producci\u00f3n de col\u00e1geno y glicosaminoglicanos (GAGs) clave como el \u00e1cido hialur\u00f3nico. Fortalece la estructura de la piel, mejora la elasticidad, proporciona una hidrataci\u00f3n profunda y proporciona un efecto lifting."},{"_v2024__image_ingredients__ingredient_image":1000008639,"_v2024__image_ingredients__ingredient_title":"BODYFERM\u2122","_v2024__image_ingredients__ingredient_description":"Reafirma las zonas problem\u00e1ticas, favorece la microcirculaci\u00f3n y estimula la quema de grasa subcut\u00e1nea. Tiene un efecto remodelador corporal total."},{"_v2024__image_ingredients__ingredient_image":1000008651,"_v2024__image_ingredients__ingredient_title":"RHODYSSEY\u2122","_v2024__image_ingredients__ingredient_description":"Impulsa la actividad mitocondrial y la s\u00edntesis de \u00e1cido hialur\u00f3nico para una hidrataci\u00f3n profunda y la regeneraci\u00f3n de la piel. Reafirma, suaviza y fortalece la barrera cut\u00e1nea. Mejora la elasticidad y restaura la apariencia juvenil."},{"_v2024__image_ingredients__ingredient_image":1000008648,"_v2024__image_ingredients__ingredient_title":"P\u00c9PTIDOS","_v2024__image_ingredients__ingredient_description":"Un innovador complejo pept\u00eddico que estimula la regeneraci\u00f3n cut\u00e1nea, reduce las arrugas y mejora la elasticidad. Regenera la red de col\u00e1geno, retrasa el envejecimiento celular y fortalece la estructura de la piel para una apariencia m\u00e1s juvenil."},{"_v2024__image_ingredients__ingredient_image":1000008647,"_v2024__image_ingredients__ingredient_title":"GUARAN\u00c1","_v2024__image_ingredients__ingredient_description":"Rico en extracto de cafe\u00edna que estimula la descomposici\u00f3n de las grasas y mejora la microcirculaci\u00f3n. Reduce la retenci\u00f3n de l\u00edquidos."},{"_v2024__image_ingredients__ingredient_image":1000008650,"_v2024__image_ingredients__ingredient_title":"NOPAL","_v2024__image_ingredients__ingredient_description":"Este extracto reduce la visibilidad de la celulitis mejorando la textura y elasticidad de la piel. Hidrata, desintoxica y favorece la regeneraci\u00f3n."},{"_v2024__image_ingredients__ingredient_image":1000008646,"_v2024__image_ingredients__ingredient_title":"NUEZ VERDE","_v2024__image_ingredients__ingredient_description":"Un extracto con potentes propiedades antioxidantes y desintoxicantes. Act\u00faa sobre el metabolismo de las grasas, mejora la elasticidad y moldea la silueta."},{"_v2024__image_ingredients__ingredient_image":1000008644,"_v2024__image_ingredients__ingredient_title":"FRUTA DEL DRAG\u00d3N","_v2024__image_ingredients__ingredient_description":"Este extracto mejora la elasticidad, la luminosidad y restaura la estructura de la piel."},{"_v2024__image_ingredients__ingredient_image":1000004197,"_v2024__image_ingredients__ingredient_title":"COCO","_v2024__image_ingredients__ingredient_description":"Extracto profundamente hidratante, nutritivo y suavizante. Fortalece la barrera cut\u00e1nea, mejora la elasticidad y proporciona una apariencia suave y firme."}],"_v2024__image_ingredients__all_ingredients":"AQUA*, GLYCERIN*, POLYSORBATE 20, CHLORELLA VULGARIS EXTRACT*, PUNICA GRANATUM PERICARP EXTRACT*, CORYLUS AVELLANA SEED EXTRACT*, SACCHAROMYCES FERMENT LYSATE FILTRATE*, HYDROLYZED RHODOPHYCEAE EXTRACT*, MARIS AQUA*, HYDROLYZED WALNUT EXTRACT*, PALMITOYL TRIPEPTIDE-1, PALMITOYL TETRAPEPTIDE-7, COCOS NUCIFERA FRUIT EXTRACT*, CITRIC ACID*, SODIUM LEVULINATE*, LACTIC ACID*, SODIUM LACTATE*, PARFUM, SODIUM PHYTATE*, CARBOMER, BUTYLENE GLYCOL, PHENETHYL ALCOHOL*, SODIUM BENZOATE, POTASSIUM SORBATE, DIMETHYL PHENETHYL ACETATE, ROSE KETONES\r\n\r\n<em>* Ingredientes de origen natural<\/em>\r\n\r\n<em>Tenga en cuenta que la lista de ingredientes puede cambiar ligeramente con el tiempo debido a mejoras en el producto. Consulte el empaque del producto para obtener la informaci\u00f3n m\u00e1s actualizada.<\/em>","_v2024__usage_content__left_content":"<strong>D\u00d3NDE<\/strong>: cuello, escote y busto\r\n\r\n<strong>CU\u00c1NDO<\/strong>: ma\u00f1ana y noche\r\n\r\n<strong>C\u00d3MO<\/strong>: pulverizar sobre la piel limpia y seca por la ma\u00f1ana y masajear suavemente hasta su absorci\u00f3n","_v2024__usage_content__right_bottom_content":"","_v2024__usage_content__note":"<strong>POR FAVOR, NOTE<\/strong>\r\n\r\nGuarde en un lugar fresco, oscuro y seco. S\u00f3lo para uso externo. Suspenda el uso en caso de producirse irritaci\u00f3n. No use en la piel da\u00f1ada o lesionada. Evite el contacto con los ojos.","_v2024__usage_content__storage":""},"_links":{"self":[{"href":"https:\/\/cocosolis.com\/es\/wp-json\/wp\/v2\/product\/1000106615","targetHints":{"allow":["GET"]}}],"collection":[{"href":"https:\/\/cocosolis.com\/es\/wp-json\/wp\/v2\/product"}],"about":[{"href":"https:\/\/cocosolis.com\/es\/wp-json\/wp\/v2\/types\/product"}],"replies":[{"embeddable":true,"href":"https:\/\/cocosolis.com\/es\/wp-json\/wp\/v2\/comments?post=1000106615"}],"wp:featuredmedia":[{"embeddable":true,"href":"https:\/\/cocosolis.com\/es\/wp-json\/"}],"wp:attachment":[{"href":"https:\/\/cocosolis.com\/es\/wp-json\/wp\/v2\/media?parent=1000106615"}],"wp:term":[{"taxonomy":"product_brand","embeddable":true,"href":"https:\/\/cocosolis.com\/es\/wp-json\/wp\/v2\/product_brand?post=1000106615"},{"taxonomy":"product_cat","embeddable":true,"href":"https:\/\/cocosolis.com\/es\/wp-json\/wp\/v2\/product_cat?post=1000106615"},{"taxonomy":"product_tag","embeddable":true,"href":"https:\/\/cocosolis.com\/es\/wp-json\/wp\/v2\/product_tag?post=1000106615"},{"taxonomy":"product_template","embeddable":true,"href":"https:\/\/cocosolis.com\/es\/wp-json\/wp\/v2\/product_template?post=1000106615"}],"curies":[{"name":"wp","href":"https:\/\/api.w.org\/{rel}","templated":true}]}}