{"id":1000106614,"date":"2025-07-07T15:11:12","date_gmt":"2025-07-07T13:11:12","guid":{"rendered":"https:\/\/cocosolis.com\/es\/product\/slim-shaping-serum\/"},"modified":"2026-04-06T15:29:20","modified_gmt":"2026-04-06T13:29:20","slug":"slim-shaping-serum","status":"publish","type":"product","link":"https:\/\/cocosolis.com\/es\/product\/slim-shaping-serum\/","title":{"rendered":"SLIM+ Shaping Serum"},"content":{"rendered":"","protected":false},"excerpt":{"rendered":"","protected":false},"featured_media":1000008661,"comment_status":"open","ping_status":"closed","template":"","meta":{"_acf_changed":false},"product_brand":[],"product_cat":[19],"product_tag":[],"product_template":[70],"class_list":{"0":"post-1000106614","1":"product","2":"type-product","3":"status-publish","4":"has-post-thumbnail","6":"product_cat-skin","7":"product_template-v-2024-clean","9":"first","10":"instock","11":"shipping-taxable","12":"purchasable","13":"product-type-simple"},"acf":{"_v2024__listing_and_sharing_info__listing_category":"SLIM+","_v2024__listing_and_sharing_info__product_type":"Shaping Serum","_v2024__listing__and_sharing_info__listing_below_title_in_product_page":"S\u00e9rum moldeador concentrado. Acci\u00f3n espec\u00edfica contra la grasa, la flacidez y las estr\u00edas. Reduce la circunferencia.<br><strong>Zona de acci\u00f3n: abdomen y brazos<\/strong>","_v2024__listing_and_sharing_info__listing_description":"S\u00e9rum moldeador concentrado. Acci\u00f3n espec\u00edfica contra la grasa, la flacidez y las estr\u00edas.<br><strong>Zona de acci\u00f3n: abdomen y brazos<\/strong>","_v2024__listing_and_sharing_info__image":1000008662,"_v2024__product_hero__hero_type":"carousel","_v2024__product_hero__product_slider_gallery":[{"_v2024__product_hero__product_slider_gallery__image":1000008529,"_v2024__product_hero__product_slider_gallery__video_link":""},{"_v2024__product_hero__product_slider_gallery__image":1000008561,"_v2024__product_hero__product_slider_gallery__video_link":""},{"_v2024__product_hero__product_slider_gallery__image":1000008562,"_v2024__product_hero__product_slider_gallery__video_link":""},{"_v2024__product_hero__product_slider_gallery__image":1000008563,"_v2024__product_hero__product_slider_gallery__video_link":""},{"_v2024__product_hero__product_slider_gallery__image":1000008564,"_v2024__product_hero__product_slider_gallery__video_link":""},{"_v2024__product_hero__product_slider_gallery__image":1000008565,"_v2024__product_hero__product_slider_gallery__video_link":""},{"_v2024__product_hero__product_slider_gallery__image":1000008566,"_v2024__product_hero__product_slider_gallery__video_link":""},{"_v2024__product_hero__product_slider_gallery__image":1000008530,"_v2024__product_hero__product_slider_gallery__video_link":""}],"_v2024__before_and_after_image":"","_v2024__before_and_after_image_mobile":"","_v2024__product_hero__quantity":"100 ML","_v2024__product_hero__product_disclamer":"","_v2024__why_use__should_show":"visible","_v2024__why_use__description_text":"F\u00f3rmula espec\u00edfica para abdomen y brazos. 9 ingredientes naturales con efectos cl\u00ednicamente probados que combaten la grasa y reafirman la piel. Resultados visibles en tan solo un mes.","_v2024__why_use__text_content":"<ul>\r\n \t<li><strong>Efecto transformador<\/strong>: reduce la circunferencia, reafirma y moldea<\/li>\r\n \t<li><strong>Beneficios adicionales<\/strong>: aumenta la elasticidad de la piel y ayuda a prevenir las estr\u00edas<\/li>\r\n \t<li><strong>Aroma<\/strong>: naranja sanguina<\/li>\r\n \t<li><strong>Zona objetivo<\/strong>: abdomen y brazos<\/li>\r\n<\/ul>","_v2024__why_use__product_notes_and_remarks":"","_v2024__why_use__background_color":"#FBF1EB","_v2024__why_use__heading_color":"#816c65","_v2024__why_use__text_color":"#816c65","_v2024__why_use__image_desktop":1000008633,"_v2024__why_use__image_mobile":1000008634,"_v2024__stats_show":false,"_v2024__stats_repeater":null,"_v2024__stats_repeater_disclaimer":null,"_v2024__benefits__icons_repeater":[{"_v2024__benefit__icons_repeater_icon":1000008673,"_v2024__benefit__icons_repeater_text":"REDUCE LA CIRCUNFERENCIA"},{"_v2024__benefit__icons_repeater_icon":1000008666,"_v2024__benefit__icons_repeater_text":"AFIRMA Y MOLDEA"},{"_v2024__benefit__icons_repeater_icon":1000008671,"_v2024__benefit__icons_repeater_text":"PREVIENE LAS ESTR\u00cdAS"},{"_v2024__benefit__icons_repeater_icon":1000008663,"_v2024__benefit__icons_repeater_text":"HUELE A NARANJA SANGUINA"}],"_v2024__image_ingreddients__intro_text":"Una f\u00f3rmula natural enriquecida con ingredientes innovadores que queman grasa, estimulan el col\u00e1geno e hidratan la piel. 5 extractos bot\u00e1nicos potencian su efecto.","_v2024__image_ingreddients__additional_description":"","_v2024__image_ingreddients__disclamer_inner":"","_v2024__image_ingredients__repeater":[{"_v2024__image_ingredients__ingredient_image":1000008649,"_v2024__image_ingredients__ingredient_title":"PINK PEPPERSLIM\u2122","_v2024__image_ingredients__ingredient_description":"Incluido en una dosis doble, promueve la quema activa de grasa y la microcirculaci\u00f3n. Limita la acumulaci\u00f3n de grasa y drena el exceso de l\u00edquidos."},{"_v2024__image_ingredients__ingredient_image":1000008643,"_v2024__image_ingredients__ingredient_title":"DERMOSCULPT\u2122","_v2024__image_ingredients__ingredient_description":"La innovaci\u00f3n contra las estr\u00edas con un efecto regenerador de col\u00e1geno verde de 360\u00b0. Un potente ingrediente activo que estimula la producci\u00f3n de col\u00e1geno y glicosaminoglicanos (GAGs) clave como el \u00e1cido hialur\u00f3nico. Fortalece la estructura de la piel, mejora la elasticidad, proporciona una hidrataci\u00f3n profunda y proporciona un efecto lifting."},{"_v2024__image_ingredients__ingredient_image":1000008639,"_v2024__image_ingredients__ingredient_title":"BODYFERM\u2122","_v2024__image_ingredients__ingredient_description":"Comprobado que reduce la circunferencia del abdomen y los brazos. Reafirma las zonas problem\u00e1ticas, favorece la microcirculaci\u00f3n y estimula la quema de grasa subcut\u00e1nea."},{"_v2024__image_ingredients__ingredient_image":1000002902,"_v2024__image_ingredients__ingredient_title":"AQUAXYL\u2122 + GLICERINA","_v2024__image_ingredients__ingredient_description":"Una combinaci\u00f3n para una hidrataci\u00f3n potente. S\u00edntesis de ceramidas y efectos antiedad. La piel se mantiene radiante, suave e hidratada durante m\u00e1s de 24 horas."},{"_v2024__image_ingredients__ingredient_image":1000008647,"_v2024__image_ingredients__ingredient_title":"GUARAN\u00c1","_v2024__image_ingredients__ingredient_description":"Rico en extracto de cafe\u00edna que estimula la descomposici\u00f3n de las grasas y mejora la microcirculaci\u00f3n. Reduce la retenci\u00f3n de l\u00edquidos."},{"_v2024__image_ingredients__ingredient_image":1000008650,"_v2024__image_ingredients__ingredient_title":"NOPAL","_v2024__image_ingredients__ingredient_description":"Este extracto reduce la visibilidad de la celulitis mejorando la textura y elasticidad de la piel. Hidrata, desintoxica y favorece la regeneraci\u00f3n."},{"_v2024__image_ingredients__ingredient_image":1000008638,"_v2024__image_ingredients__ingredient_title":"NARANJA SANGUINA","_v2024__image_ingredients__ingredient_description":"Extracto que estimula la circulaci\u00f3n y reduce la acumulaci\u00f3n de grasa. Fortalece la piel con antioxidantes, mejora la elasticidad y potencia su vitalidad."},{"_v2024__image_ingredients__ingredient_image":1000008645,"_v2024__image_ingredients__ingredient_title":"CAF\u00c9 VERDE","_v2024__image_ingredients__ingredient_description":"Extracto que estimula la termog\u00e9nesis, acelera el metabolismo cut\u00e1neo y favorece la descomposici\u00f3n de las grasas. Rico en \u00e1cido clorog\u00e9nico, que mejora la microcirculaci\u00f3n y reduce la celulitis visible."},{"_v2024__image_ingredients__ingredient_image":1000004197,"_v2024__image_ingredients__ingredient_title":"COCO","_v2024__image_ingredients__ingredient_description":"Extracto profundamente hidratante, nutritivo y suavizante. Fortalece la barrera cut\u00e1nea, mejora la elasticidad y proporciona una apariencia suave y firme."}],"_v2024__image_ingredients__all_ingredients":"AQUA*, GLYCERIN*, POLYSORBATE 20, PUNICA GRANATUM PERICARP EXTRACT*, CORYLUS AVELLANA SEED EXTRACT*, SACCHAROMYCES FERMENT LYSATE FILTRATE*, CHLORELLA VULGARIS EXTRACT*, SCHINUS TEREBINTHIFOLIA SEED EXTRACT*, XYLITYLGLUCOSIDE*, ANHYDROXYLITOL*, XYLITOL*, VACCINIUM MYRTILLUS FRUIT EXTRACT*, COFFEA ARABICA SEED EXTRACT*, OPUNTIA FICUS-INDICA FLOWER EXTRACT*, HYLOCEREUS UNDATUS FRUIT EXTRACT*, COCOS NUCIFERA FRUIT EXTRACT*, CAPSICUM FRUTESCENS FRUIT EXTRACT*, PAULLINIA CUPANA SEED EXTRACT*, CITRIC ACID*, ACACIA SENEGAL GUM*, XANTHAN GUM*, LACTIC ACID*, SODIUM LEVULINATE*, CITRUS AURANTIUM PEEL OIL*, SODIUM PHYTATE*, SODIUM BENZOATE, POTASSIUM SORBATE, LIMONENE, PINENE, LINALOOL\r\n\r\n<em>* Ingredientes de origen natural<\/em>\r\n\r\n<em>Tenga en cuenta que la lista de ingredientes puede cambiar ligeramente con el tiempo debido a mejoras en el producto. Consulte el empaque del producto para obtener la informaci\u00f3n m\u00e1s actualizada.<\/em>","_v2024__usage_content__left_content":"<strong>D\u00d3NDE<\/strong>: vientre y brazos\r\n\r\n<strong>CU\u00c1NDO<\/strong>: ma\u00f1ana y tarde\r\n\r\n<strong>C\u00d3MO<\/strong>: masajear sobre la piel limpia y seca hasta su completa absorci\u00f3n\r\n\r\n<strong>PARA OBTENER MEJORES RESULTADOS<\/strong>: combine con nuestro masajeador BODY GUA SHA y un aceite de la gama SKIN seg\u00fan la necesidad principal de su piel","_v2024__usage_content__right_bottom_content":"","_v2024__usage_content__note":"<strong>POR FAVOR, NOTE<\/strong>\r\n\r\nGuarde en un lugar fresco, oscuro y seco. S\u00f3lo de uso externo. Suspenda el uso en caso de producirse irritaci\u00f3n. No use en la piel da\u00f1ada o lesionada.","_v2024__usage_content__storage":""},"_links":{"self":[{"href":"https:\/\/cocosolis.com\/es\/wp-json\/wp\/v2\/product\/1000106614","targetHints":{"allow":["GET"]}}],"collection":[{"href":"https:\/\/cocosolis.com\/es\/wp-json\/wp\/v2\/product"}],"about":[{"href":"https:\/\/cocosolis.com\/es\/wp-json\/wp\/v2\/types\/product"}],"replies":[{"embeddable":true,"href":"https:\/\/cocosolis.com\/es\/wp-json\/wp\/v2\/comments?post=1000106614"}],"wp:featuredmedia":[{"embeddable":true,"href":"https:\/\/cocosolis.com\/es\/wp-json\/"}],"wp:attachment":[{"href":"https:\/\/cocosolis.com\/es\/wp-json\/wp\/v2\/media?parent=1000106614"}],"wp:term":[{"taxonomy":"product_brand","embeddable":true,"href":"https:\/\/cocosolis.com\/es\/wp-json\/wp\/v2\/product_brand?post=1000106614"},{"taxonomy":"product_cat","embeddable":true,"href":"https:\/\/cocosolis.com\/es\/wp-json\/wp\/v2\/product_cat?post=1000106614"},{"taxonomy":"product_tag","embeddable":true,"href":"https:\/\/cocosolis.com\/es\/wp-json\/wp\/v2\/product_tag?post=1000106614"},{"taxonomy":"product_template","embeddable":true,"href":"https:\/\/cocosolis.com\/es\/wp-json\/wp\/v2\/product_template?post=1000106614"}],"curies":[{"name":"wp","href":"https:\/\/api.w.org\/{rel}","templated":true}]}}