{"id":1000106613,"date":"2025-07-07T15:11:12","date_gmt":"2025-07-07T13:11:12","guid":{"rendered":"https:\/\/cocosolis.com\/es\/product\/skin-anti-cellulite-serum\/"},"modified":"2026-04-06T15:29:18","modified_gmt":"2026-04-06T13:29:18","slug":"skin-anti-cellulite-serum","status":"publish","type":"product","link":"https:\/\/cocosolis.com\/es\/product\/skin-anti-cellulite-serum\/","title":{"rendered":"SKIN+ Anti-cellulite Serum"},"content":{"rendered":"","protected":false},"excerpt":{"rendered":"","protected":false},"featured_media":1000008659,"comment_status":"open","ping_status":"closed","template":"","meta":{"_acf_changed":false},"product_brand":[],"product_cat":[19],"product_tag":[],"product_template":[70],"class_list":{"0":"post-1000106613","1":"product","2":"type-product","3":"status-publish","4":"has-post-thumbnail","6":"product_cat-skin","7":"product_template-v-2024-clean","9":"first","10":"instock","11":"shipping-taxable","12":"purchasable","13":"product-type-simple"},"acf":{"_v2024__listing_and_sharing_info__listing_category":"SKIN+","_v2024__listing_and_sharing_info__product_type":"Anti-cellulite Serum","_v2024__listing__and_sharing_info__listing_below_title_in_product_page":"S\u00e9rum anticelul\u00edtico concentrado. F\u00f3rmula con respaldo cient\u00edfico para una reducci\u00f3n visible de la celulitis, reafirmando y suavizando la piel<br><strong>Zona objetivo: gl\u00fateos y muslos<\/strong>","_v2024__listing_and_sharing_info__listing_description":"S\u00e9rum anticelul\u00edtico concentrado. F\u00f3rmula con respaldo cient\u00edfico para resultados visibles.<br><strong>Zona objetivo: gl\u00fateos y muslos<\/strong>","_v2024__listing_and_sharing_info__image":1000008660,"_v2024__product_hero__hero_type":"carousel","_v2024__product_hero__product_slider_gallery":[{"_v2024__product_hero__product_slider_gallery__image":1000008437,"_v2024__product_hero__product_slider_gallery__video_link":""},{"_v2024__product_hero__product_slider_gallery__image":1000008463,"_v2024__product_hero__product_slider_gallery__video_link":""},{"_v2024__product_hero__product_slider_gallery__image":1000008464,"_v2024__product_hero__product_slider_gallery__video_link":""},{"_v2024__product_hero__product_slider_gallery__image":1000008465,"_v2024__product_hero__product_slider_gallery__video_link":""},{"_v2024__product_hero__product_slider_gallery__image":1000008466,"_v2024__product_hero__product_slider_gallery__video_link":""},{"_v2024__product_hero__product_slider_gallery__image":1000008467,"_v2024__product_hero__product_slider_gallery__video_link":""},{"_v2024__product_hero__product_slider_gallery__image":1000008468,"_v2024__product_hero__product_slider_gallery__video_link":""},{"_v2024__product_hero__product_slider_gallery__image":1000008438,"_v2024__product_hero__product_slider_gallery__video_link":""}],"_v2024__before_and_after_image":"","_v2024__before_and_after_image_mobile":"","_v2024__product_hero__quantity":"100 ML","_v2024__product_hero__product_disclamer":"","_v2024__why_use__should_show":"visible","_v2024__why_use__description_text":"Soluci\u00f3n anticelul\u00edtica respaldada por la ciencia para obtener resultados visibles en solo un mes. M\u00e1s de 10 ingredientes clave naturales en alta concentraci\u00f3n con acci\u00f3n dirigida en el \u00e1rea de los gl\u00fateos y los muslos.","_v2024__why_use__text_content":"<ul>\r\n \t<li><strong>Efecto transformador<\/strong>: reduce visiblemente la celulitis, estimula el col\u00e1geno, suaviza y esculpe<\/li>\r\n \t<li><strong>Beneficios adicionales<\/strong>: quema grasa, favorece el drenaje, hidrata, recarga de antioxidantes y proporciona un acabado radiante<\/li>\r\n \t<li><strong>Aroma<\/strong>: helado de ar\u00e1ndanos<\/li>\r\n \t<li><strong>Zona objetivo<\/strong>: gl\u00fateos y muslos<\/li>\r\n<\/ul>","_v2024__why_use__product_notes_and_remarks":"","_v2024__why_use__background_color":"#FBF1EB","_v2024__why_use__heading_color":"#816c65","_v2024__why_use__text_color":"#816c65","_v2024__why_use__image_desktop":1000008631,"_v2024__why_use__image_mobile":1000008632,"_v2024__stats_show":false,"_v2024__stats_repeater":null,"_v2024__stats_repeater_disclaimer":null,"_v2024__benefits__icons_repeater":[{"_v2024__benefit__icons_repeater_icon":1000008679,"_v2024__benefit__icons_repeater_text":"REDUCE LA CELULITIS"},{"_v2024__benefit__icons_repeater_icon":1000008675,"_v2024__benefit__icons_repeater_text":"QUEMA GRASA"},{"_v2024__benefit__icons_repeater_icon":1000008676,"_v2024__benefit__icons_repeater_text":"SUAVIZA"},{"_v2024__benefit__icons_repeater_icon":1000008664,"_v2024__benefit__icons_repeater_text":"HUELE A HELADO DE AR\u00c1NDANOS"}],"_v2024__image_ingreddients__intro_text":"Una f\u00f3rmula innovadora con 10 ingredientes naturales que trabajan en sinergia: una alta concentraci\u00f3n de activos anticelul\u00edticos cl\u00ednicamente probados, humectantes y extractos de plantas.","_v2024__image_ingreddients__additional_description":"","_v2024__image_ingreddients__disclamer_inner":"","_v2024__image_ingredients__repeater":[{"_v2024__image_ingredients__ingredient_image":1000008637,"_v2024__image_ingredients__ingredient_title":"ACTIPORINE 8G\u2122","_v2024__image_ingredients__ingredient_description":"La innovaci\u00f3n contra la celulitis en su m\u00e1xima concentraci\u00f3n. Reduce visiblemente la celulitis al actuar en profundidad. Act\u00faa como un potente potenciador de col\u00e1geno, reafirma las zonas problem\u00e1ticas y suaviza la superficie de la piel."},{"_v2024__image_ingredients__ingredient_image":1000008649,"_v2024__image_ingredients__ingredient_title":"PINK PEPPERSLIM\u2122","_v2024__image_ingredients__ingredient_description":"Incluido en una dosis doble, promueve la quema activa de grasa y la microcirculaci\u00f3n. Limita la acumulaci\u00f3n de grasa y drena el exceso de l\u00edquidos."},{"_v2024__image_ingredients__ingredient_image":1000008639,"_v2024__image_ingredients__ingredient_title":"BODYFERM\u2122","_v2024__image_ingredients__ingredient_description":"Comprobado que reduce la circunferencia de la cintura y los muslos. Reafirma las zonas problem\u00e1ticas, favorece la microcirculaci\u00f3n y estimula la quema de grasa subcut\u00e1nea."},{"_v2024__image_ingredients__ingredient_image":1000002902,"_v2024__image_ingredients__ingredient_title":"AQUAXYL\u2122 + GLICERINA","_v2024__image_ingredients__ingredient_description":"Una combinaci\u00f3n para una hidrataci\u00f3n potente. S\u00edntesis de ceramidas y efectos antiedad. La piel se mantiene radiante, suave e hidratada durante m\u00e1s de 24 horas."},{"_v2024__image_ingredients__ingredient_image":1000008647,"_v2024__image_ingredients__ingredient_title":"GUARAN\u00c1","_v2024__image_ingredients__ingredient_description":"Rico en extracto de cafe\u00edna que estimula la descomposici\u00f3n de las grasas y mejora la microcirculaci\u00f3n. Reduce la retenci\u00f3n de l\u00edquidos."},{"_v2024__image_ingredients__ingredient_image":1000008650,"_v2024__image_ingredients__ingredient_title":"NOPAL","_v2024__image_ingredients__ingredient_description":"Este extracto reduce la visibilidad de la celulitis mejorando la textura y elasticidad de la piel. Hidrata, desintoxica y favorece la regeneraci\u00f3n."},{"_v2024__image_ingredients__ingredient_image":1000008646,"_v2024__image_ingredients__ingredient_title":"NUEZ VERDE","_v2024__image_ingredients__ingredient_description":"Un extracto con potentes propiedades antioxidantes y desintoxicantes. Act\u00faa sobre el metabolismo de las grasas, mejora la elasticidad y moldea la silueta."},{"_v2024__image_ingredients__ingredient_image":1000008644,"_v2024__image_ingredients__ingredient_title":"FRUTA DEL DRAG\u00d3N","_v2024__image_ingredients__ingredient_description":"Este extracto mejora la elasticidad, la luminosidad y restaura la estructura de la piel."},{"_v2024__image_ingredients__ingredient_image":1000006709,"_v2024__image_ingredients__ingredient_title":"AR\u00c1NDANO","_v2024__image_ingredients__ingredient_description":"Este extracto protege contra los radicales libres, favorece la desintoxicaci\u00f3n y mejora la microcirculaci\u00f3n. Reafirma, suaviza y tonifica."},{"_v2024__image_ingredients__ingredient_image":1000004197,"_v2024__image_ingredients__ingredient_title":"COCO","_v2024__image_ingredients__ingredient_description":"Extracto profundamente hidratante, nutritivo y suavizante. Fortalece la barrera cut\u00e1nea, mejora la elasticidad y proporciona una apariencia suave y firme."}],"_v2024__image_ingredients__all_ingredients":"AQUA*, GLYCERIN*, POLYSORBATE 20, JANIA RUBENS EXTRACT*, SCHINUS TEREBINTHIFOLIA SEED EXTRACT*, PUNICA GRANATUM PERICARP EXTRACT*, CORYLUS AVELLANA SEED EXTRACT*, SACCHAROMYCES FERMENT LYSATE FILTRATE*, HYDROLYZED WALNUT EXTRACT*, XYLITYLGLUCOSIDE*, ANHYDROXYLITOL*, XYLITOL*, VACCINIUM MYRTILLUS FRUIT EXTRACT*, COFFEA ARABICA SEED EXTRACT*, OPUNTIA FICUS-INDICA FLOWER EXTRACT*, HYLOCEREUS UNDATUS FRUIT EXTRACT*, COCOS NUCIFERA FRUIT EXTRACT*, CAPSICUM FRUTESCENS FRUIT EXTRACT*, PAULLINIA CUPANA SEED EXTRACT*, CITRIC ACID*, ACACIA SENEGAL GUM*, XANTHAN GUM*, LACTIC ACID*, SODIUM LEVULINATE*, AROMA, SODIUM PHYTATE*, SODIUM BENZOATE, POTASSIUM SORBATE, LINALOOL, LINALYL ACETATE, VANILLIN, CITRONELLOL\r\n\r\n<em>* Ingredientes de origen natural<\/em>\r\n\r\n<em>Tenga en cuenta que la lista de ingredientes puede cambiar ligeramente con el tiempo debido a mejoras en el producto. Consulte el empaque del producto para obtener la informaci\u00f3n m\u00e1s actualizada.<\/em>","_v2024__usage_content__left_content":"<strong>D\u00d3NDE<\/strong>: gl\u00fateos y muslos\r\n\r\n<strong>CU\u00c1NDO<\/strong>: ma\u00f1ana y noche\r\n\r\n<strong>C\u00d3MO<\/strong>: masajear sobre la piel limpia y seca hasta su completa absorci\u00f3n\r\n\r\n<strong>PARA MEJORES RESULTADOS<\/strong>: usar antes de tu aceite seco favorito, SKIN Anti-cellulite","_v2024__usage_content__right_bottom_content":"","_v2024__usage_content__note":"<strong>POR FAVOR, NOTE<\/strong>\r\n\r\nGuarde en un lugar fresco, oscuro y seco. S\u00f3lo de uso externo. Suspenda el uso en caso de producirse irritaci\u00f3n. No use en la piel da\u00f1ada o lesionada.","_v2024__usage_content__storage":""},"_links":{"self":[{"href":"https:\/\/cocosolis.com\/es\/wp-json\/wp\/v2\/product\/1000106613","targetHints":{"allow":["GET"]}}],"collection":[{"href":"https:\/\/cocosolis.com\/es\/wp-json\/wp\/v2\/product"}],"about":[{"href":"https:\/\/cocosolis.com\/es\/wp-json\/wp\/v2\/types\/product"}],"replies":[{"embeddable":true,"href":"https:\/\/cocosolis.com\/es\/wp-json\/wp\/v2\/comments?post=1000106613"}],"wp:featuredmedia":[{"embeddable":true,"href":"https:\/\/cocosolis.com\/es\/wp-json\/"}],"wp:attachment":[{"href":"https:\/\/cocosolis.com\/es\/wp-json\/wp\/v2\/media?parent=1000106613"}],"wp:term":[{"taxonomy":"product_brand","embeddable":true,"href":"https:\/\/cocosolis.com\/es\/wp-json\/wp\/v2\/product_brand?post=1000106613"},{"taxonomy":"product_cat","embeddable":true,"href":"https:\/\/cocosolis.com\/es\/wp-json\/wp\/v2\/product_cat?post=1000106613"},{"taxonomy":"product_tag","embeddable":true,"href":"https:\/\/cocosolis.com\/es\/wp-json\/wp\/v2\/product_tag?post=1000106613"},{"taxonomy":"product_template","embeddable":true,"href":"https:\/\/cocosolis.com\/es\/wp-json\/wp\/v2\/product_template?post=1000106613"}],"curies":[{"name":"wp","href":"https:\/\/api.w.org\/{rel}","templated":true}]}}