{"id":1000106612,"date":"2025-07-07T15:11:12","date_gmt":"2025-07-07T13:11:12","guid":{"rendered":"https:\/\/cocosolis.com\/es\/product\/hot-fat-burning-serum\/"},"modified":"2026-04-06T15:29:16","modified_gmt":"2026-04-06T13:29:16","slug":"hot-fat-burning-serum","status":"publish","type":"product","link":"https:\/\/cocosolis.com\/es\/product\/hot-fat-burning-serum\/","title":{"rendered":"HOT+ Fat-burning Serum"},"content":{"rendered":"","protected":false},"excerpt":{"rendered":"","protected":false},"featured_media":1000008635,"comment_status":"open","ping_status":"closed","template":"","meta":{"_acf_changed":false},"product_brand":[],"product_cat":[19],"product_tag":[],"product_template":[70],"class_list":{"0":"post-1000106612","1":"product","2":"type-product","3":"status-publish","4":"has-post-thumbnail","6":"product_cat-skin","7":"product_template-v-2024-clean","9":"first","10":"instock","11":"shipping-taxable","12":"purchasable","13":"product-type-simple"},"acf":{"_v2024__listing_and_sharing_info__listing_category":"HOT+","_v2024__listing_and_sharing_info__product_type":"Fat-burning Serum","_v2024__listing__and_sharing_info__listing_below_title_in_product_page":"S\u00e9rum termorreductor. F\u00f3rmula con ingredientes cl\u00ednicamente probados para quemar grasa, reafirmar y suavizar la piel.<br><strong>Zona objetivo: gl\u00fateos y muslos<br>Efecto de calentamiento<\/strong>","_v2024__listing_and_sharing_info__listing_description":"S\u00e9rum termorreductor. F\u00f3rmula con ingredientes quemagrasas cl\u00ednicamente probados.<br><strong>Zona objetivo: gl\u00fateos y muslos<\/strong>","_v2024__listing_and_sharing_info__image":1000008636,"_v2024__product_hero__hero_type":"carousel","_v2024__product_hero__product_slider_gallery":[{"_v2024__product_hero__product_slider_gallery__image":1000008241,"_v2024__product_hero__product_slider_gallery__video_link":""},{"_v2024__product_hero__product_slider_gallery__image":1000008273,"_v2024__product_hero__product_slider_gallery__video_link":""},{"_v2024__product_hero__product_slider_gallery__image":1000008274,"_v2024__product_hero__product_slider_gallery__video_link":""},{"_v2024__product_hero__product_slider_gallery__image":1000008275,"_v2024__product_hero__product_slider_gallery__video_link":""},{"_v2024__product_hero__product_slider_gallery__image":1000008276,"_v2024__product_hero__product_slider_gallery__video_link":""},{"_v2024__product_hero__product_slider_gallery__image":1000008277,"_v2024__product_hero__product_slider_gallery__video_link":""},{"_v2024__product_hero__product_slider_gallery__image":1000008278,"_v2024__product_hero__product_slider_gallery__video_link":""},{"_v2024__product_hero__product_slider_gallery__image":1000008242,"_v2024__product_hero__product_slider_gallery__video_link":""}],"_v2024__before_and_after_image":"","_v2024__before_and_after_image_mobile":"","_v2024__product_hero__quantity":"100 ML","_v2024__product_hero__product_disclamer":"","_v2024__why_use__should_show":"visible","_v2024__why_use__description_text":"Serum intensivo con efecto calor para quemar grasa y esculpir. 11 poderosos ingredientes naturales en alta concentraci\u00f3n remodelan los gl\u00fateos y los muslos en solo un mes.","_v2024__why_use__text_content":"<ul>\r\n \t<li><strong>Efecto transformador<\/strong>: derrite la grasa y reduce la circunferencia.<\/li>\r\n \t<li><strong>Beneficios adicionales<\/strong>: limita la acumulaci\u00f3n de grasa, reduce la celulitis, reafirma y da forma<\/li>\r\n \t<li><strong>Aroma<\/strong>: mandarina roja<\/li>\r\n \t<li><strong>Zona objetivo<\/strong>: gl\u00fateos y muslos<\/li>\r\n<\/ul>","_v2024__why_use__product_notes_and_remarks":"","_v2024__why_use__background_color":"#FBF1EB","_v2024__why_use__heading_color":"#816c65","_v2024__why_use__text_color":"#816c65","_v2024__why_use__image_desktop":1000008627,"_v2024__why_use__image_mobile":1000008628,"_v2024__stats_show":false,"_v2024__stats_repeater":null,"_v2024__stats_repeater_disclaimer":null,"_v2024__benefits__icons_repeater":[{"_v2024__benefit__icons_repeater_icon":1000008665,"_v2024__benefit__icons_repeater_text":"QUEMA GRASA"},{"_v2024__benefit__icons_repeater_icon":1000008667,"_v2024__benefit__icons_repeater_text":"REDUCE LAS CIRCUNFERENCIAS"},{"_v2024__benefit__icons_repeater_icon":1000008673,"_v2024__benefit__icons_repeater_text":"FORTALECE"},{"_v2024__benefit__icons_repeater_icon":1000008672,"_v2024__benefit__icons_repeater_text":"HUELE A MANDARINA ROJA"}],"_v2024__image_ingreddients__intro_text":"Una potente f\u00f3rmula natural con las \u00faltimas innovaciones cient\u00edficas para quemar grasa mediante termog\u00e9nesis, prevenir su reacumulaci\u00f3n y reducir la celulitis. Ingredientes activos, extractos de plantas y agentes hidratantes para una acci\u00f3n sin\u00e9rgica y un acabado radiante.","_v2024__image_ingreddients__additional_description":"","_v2024__image_ingreddients__disclamer_inner":"","_v2024__image_ingredients__repeater":[{"_v2024__image_ingredients__ingredient_image":1000008649,"_v2024__image_ingredients__ingredient_title":"PINK PEPPERSLIM\u2122","_v2024__image_ingredients__ingredient_description":"Incluido en una dosis doble, promueve la quema activa de grasa y la microcirculaci\u00f3n. Limita la acumulaci\u00f3n de grasa y drena el exceso de l\u00edquidos."},{"_v2024__image_ingredients__ingredient_image":1000008642,"_v2024__image_ingredients__ingredient_title":"CONCENTRE CORALLINE\u2122","_v2024__image_ingredients__ingredient_description":"Desarrollado espec\u00edficamente para quemar grasa eficazmente en la zona de gl\u00fateos y muslos. Por la noche, reduce el apetito de las c\u00e9lulas grasas y, durante el d\u00eda, quema grasa. Impulsa la s\u00edntesis de col\u00e1geno en la piel para una apariencia m\u00e1s firme y curvas definidas."},{"_v2024__image_ingredients__ingredient_image":1000008637,"_v2024__image_ingredients__ingredient_title":"ACTIPORINE 8G\u2122","_v2024__image_ingredients__ingredient_description":"La innovaci\u00f3n contra la celulitis en su m\u00e1xima concentraci\u00f3n. Reduce visiblemente la celulitis al actuar en profundidad. Act\u00faa como un potente potenciador de col\u00e1geno, reafirma las zonas problem\u00e1ticas y suaviza la superficie de la piel."},{"_v2024__image_ingredients__ingredient_image":1000002902,"_v2024__image_ingredients__ingredient_title":"AQUAXYL\u2122 + GLICERINA","_v2024__image_ingredients__ingredient_description":"Una combinaci\u00f3n para una hidrataci\u00f3n potente. S\u00edntesis de ceramidas y efectos antiedad. La piel se mantiene radiante, suave e hidratada durante m\u00e1s de 24 horas."},{"_v2024__image_ingredients__ingredient_image":1000006713,"_v2024__image_ingredients__ingredient_title":"CAFE\u00cdNA","_v2024__image_ingredients__ingredient_description":"Estimula la descomposici\u00f3n de la grasa, mejora la microcirculaci\u00f3n y drena el exceso de l\u00edquidos. El resultado es: menos hinchaz\u00f3n, menos celulitis visible y una piel m\u00e1s suave."},{"_v2024__image_ingredients__ingredient_image":1000008647,"_v2024__image_ingredients__ingredient_title":"GUARAN\u00c1","_v2024__image_ingredients__ingredient_description":"Rico en extracto de cafe\u00edna que estimula la descomposici\u00f3n de las grasas y mejora la microcirculaci\u00f3n. Reduce la retenci\u00f3n de l\u00edquidos."},{"_v2024__image_ingredients__ingredient_image":1000008641,"_v2024__image_ingredients__ingredient_title":"PIMIENTA DE CAYENA","_v2024__image_ingredients__ingredient_description":"Este extracto contiene capsaicina, que estimula la termog\u00e9nesis (el proceso de quemar m\u00e1s calor\u00edas mediante la producci\u00f3n de calor). Mejora la circulaci\u00f3n, acelera el metabolismo y ayuda a descomponer los dep\u00f3sitos de grasa."},{"_v2024__image_ingredients__ingredient_image":1000008645,"_v2024__image_ingredients__ingredient_title":"CAF\u00c9 VERDE","_v2024__image_ingredients__ingredient_description":"Extracto que estimula la termog\u00e9nesis, acelera el metabolismo cut\u00e1neo y favorece la descomposici\u00f3n de las grasas. Rico en \u00e1cido clorog\u00e9nico, que mejora la microcirculaci\u00f3n y reduce la celulitis visible."},{"_v2024__image_ingredients__ingredient_image":1000008678,"_v2024__image_ingredients__ingredient_title":"MANDARINA ROJA","_v2024__image_ingredients__ingredient_description":"Extracto que estimula la circulaci\u00f3n linf\u00e1tica, favorece la descomposici\u00f3n de la grasa y tonifica la piel. Proporciona un efecto anticelul\u00edtico."},{"_v2024__image_ingredients__ingredient_image":1000006712,"_v2024__image_ingredients__ingredient_title":"COCO","_v2024__image_ingredients__ingredient_description":"Extracto profundamente hidratante, nutritivo y suavizante. Fortalece la barrera cut\u00e1nea, mejora la elasticidad y proporciona una apariencia suave y firme."},{"_v2024__image_ingredients__ingredient_image":1000008640,"_v2024__image_ingredients__ingredient_title":"REFUERZO DE INGREDIENTE ACTIVO","_v2024__image_ingredients__ingredient_description":"Suave con la piel, favorece la absorci\u00f3n de los principios activos, aportando una hidrataci\u00f3n profunda y potenciando su eficacia."}],"_v2024__image_ingredients__all_ingredients":"AQUA, GLYCERIN*, PROPANEDIOL*, CAFFEINE, POLYSORBATE 20, CORALLINA OFFICINALIS EXTRACT*, SCHINUS TEREBINTHIFOLIA SEED EXTRACT*, JANIA RUBENS EXTRACT*, VACCINIUM MYRTILLUS FRUIT EXTRACT*, COFFEA ARABICA SEED EXTRACT*, OPUNTIA FICUS-INDICA FLOWER EXTRACT*, HYLOCEREUS UNDATUS FRUIT EXTRACT*, COCOS NUCIFERA FRUIT EXTRACT*, CAPSICUM FRUTESCENS FRUIT EXTRACT*, PAULLINIA CUPANA SEED EXTRACT*, XYLITYLGLUCOSIDE*, ANHYDROXYLITOL*, XYLITOL*, CITRUS NOBILIS PEEL OIL*, ACACIA SENEGAL GUM*, XANTHAN GUM*, LACTIC ACID*, CITRIC ACID*, SODIUM PHYTATE*, SODIUM LEVULINATE*, VANILLYL BUTYL ETHER, SODIUM BENZOATE, POTASSIUM SORBATE, LIMONENE, PINENE, TERPINOLENE, LINALOOL\r\n\r\n<em>*Ingredientes de origen natural<\/em>\r\n\r\n<em>Tenga en cuenta que la lista de ingredientes puede cambiar ligeramente con el tiempo debido a mejoras en el producto. Consulte el empaque del producto para obtener la informaci\u00f3n m\u00e1s actualizada.<\/em>","_v2024__usage_content__left_content":"<strong>D\u00d3NDE<\/strong>: gl\u00fateos y muslos\r\n\r\n<strong>CU\u00c1NDO<\/strong>: ma\u00f1ana y tarde\r\n\r\n<strong>C\u00d3MO<\/strong>: masajear sobre la piel limpia y seca hasta su completa absorci\u00f3n\r\n\r\n<strong>NO OLVIDES<\/strong>: lavarse las manos despu\u00e9s de usar\r\n\r\n<strong>POTENCIA EL EFECTO<\/strong>:\r\n<ul>\r\n \t<li>despu\u00e9s de HOT+, aplicar el aceite seco anticelul\u00edtico SKIN utilizando el masajeador BODY GUA SHA<\/li>\r\n \t<li>para obtener resultados a\u00fan mejores, combine HOT+ con otro serum espec\u00edfico de la gama, adaptado al \u00e1rea y objetivo espec\u00edficos<\/li>\r\n<\/ul>","_v2024__usage_content__right_bottom_content":"","_v2024__usage_content__note":"<strong>\u00a1ADVERTENCIAS!<\/strong>\r\n\r\nEste producto tiene efecto de calentamiento que es parte normal de su acci\u00f3n. La sensaci\u00f3n de calor puede variar seg\u00fan la sensibilidad de la piel y puede cambiar durante el uso. No use sobre la piel da\u00f1ada, lesionada o sensible. Evite el contacto con los ojos o las mucosas. Pruebe en un \u00e1rea peque\u00f1a antes de su uso completo y suspenda en caso de aparici\u00f3n de irritaci\u00f3n. No es adecuado para uso durante el embarazo y la lactancia. Guardar en un lugar fuera del alcance de los ni\u00f1os. S\u00f3lo para uso externo. Guardar en un lugar fresco, oscuro y seco.","_v2024__usage_content__storage":""},"_links":{"self":[{"href":"https:\/\/cocosolis.com\/es\/wp-json\/wp\/v2\/product\/1000106612","targetHints":{"allow":["GET"]}}],"collection":[{"href":"https:\/\/cocosolis.com\/es\/wp-json\/wp\/v2\/product"}],"about":[{"href":"https:\/\/cocosolis.com\/es\/wp-json\/wp\/v2\/types\/product"}],"replies":[{"embeddable":true,"href":"https:\/\/cocosolis.com\/es\/wp-json\/wp\/v2\/comments?post=1000106612"}],"wp:featuredmedia":[{"embeddable":true,"href":"https:\/\/cocosolis.com\/es\/wp-json\/"}],"wp:attachment":[{"href":"https:\/\/cocosolis.com\/es\/wp-json\/wp\/v2\/media?parent=1000106612"}],"wp:term":[{"taxonomy":"product_brand","embeddable":true,"href":"https:\/\/cocosolis.com\/es\/wp-json\/wp\/v2\/product_brand?post=1000106612"},{"taxonomy":"product_cat","embeddable":true,"href":"https:\/\/cocosolis.com\/es\/wp-json\/wp\/v2\/product_cat?post=1000106612"},{"taxonomy":"product_tag","embeddable":true,"href":"https:\/\/cocosolis.com\/es\/wp-json\/wp\/v2\/product_tag?post=1000106612"},{"taxonomy":"product_template","embeddable":true,"href":"https:\/\/cocosolis.com\/es\/wp-json\/wp\/v2\/product_template?post=1000106612"}],"curies":[{"name":"wp","href":"https:\/\/api.w.org\/{rel}","templated":true}]}}