{"id":1000105442,"date":"2025-07-02T05:20:54","date_gmt":"2025-07-02T03:20:54","guid":{"rendered":"https:\/\/cocosolis.com\/es\/product\/body-gua-sha-anti-cellulite-sculpting-massager\/"},"modified":"2026-03-23T14:56:26","modified_gmt":"2026-03-23T13:56:26","slug":"body-gua-sha-anti-cellulite-sculpting-massager","status":"publish","type":"product","link":"https:\/\/cocosolis.com\/es\/product\/body-gua-sha-anti-cellulite-sculpting-massager\/","title":{"rendered":"BODY GUA SHA Anti-cellulite &amp; Sculpting Massager"},"content":{"rendered":"","protected":false},"excerpt":{"rendered":"<p>Masajeador corporal de madera natural. Suaviza la celulitis y moldea la silueta.<\/p>\n","protected":false},"featured_media":1000008683,"comment_status":"open","ping_status":"closed","template":"","meta":{"_acf_changed":false},"product_brand":[],"product_cat":[19],"product_tag":[],"product_template":[70],"class_list":{"0":"post-1000105442","1":"product","2":"type-product","3":"status-publish","4":"has-post-thumbnail","6":"product_cat-skin","7":"product_template-v-2024-clean","9":"first","10":"instock","11":"shipping-taxable","12":"purchasable","13":"product-type-simple"},"acf":{"_v2024__listing_and_sharing_info__listing_category":"BODY GUA SHA","_v2024__listing_and_sharing_info__product_type":"Anti-cellulite &amp; Sculpting Massager","_v2024__listing__and_sharing_info__listing_below_title_in_product_page":"Masajeador corporal de madera natural. Suaviza la celulitis y moldea la silueta. Estimula la circulaci\u00f3n sangu\u00ednea y el drenaje linf\u00e1tico.","_v2024__listing_and_sharing_info__listing_description":"Masajeador corporal de madera natural. Suaviza la celulitis y moldea la silueta.","_v2024__listing_and_sharing_info__image":1000008683,"_v2024__product_hero__hero_type":"carousel","_v2024__product_hero__product_slider_gallery":[{"_v2024__product_hero__product_slider_gallery__image":1000008055,"_v2024__product_hero__product_slider_gallery__video_link":""},{"_v2024__product_hero__product_slider_gallery__image":1000008124,"_v2024__product_hero__product_slider_gallery__video_link":""},{"_v2024__product_hero__product_slider_gallery__image":1000008056,"_v2024__product_hero__product_slider_gallery__video_link":""},{"_v2024__product_hero__product_slider_gallery__image":1000008125,"_v2024__product_hero__product_slider_gallery__video_link":""},{"_v2024__product_hero__product_slider_gallery__image":1000008126,"_v2024__product_hero__product_slider_gallery__video_link":""},{"_v2024__product_hero__product_slider_gallery__image":1000008127,"_v2024__product_hero__product_slider_gallery__video_link":""}],"_v2024__before_and_after_image":"","_v2024__before_and_after_image_mobile":"","_v2024__product_hero__quantity":"","_v2024__product_hero__product_disclamer":"","_v2024__why_use__should_show":"visible","_v2024__why_use__description_text":"","_v2024__why_use__text_content":"<ul>\r\n \t<li>Reduce visiblemente la celulitis al descomponer las acumulaciones fibrosas<\/li>\r\n \t<li>Combate la grasa rebelde en los muslos, el abdomen y los gl\u00fateos<\/li>\r\n \t<li>Moldea la silueta y mejora la elasticidad de la piel<\/li>\r\n \t<li>Estimula la circulaci\u00f3n, el drenaje linf\u00e1tico y la eliminaci\u00f3n de toxinas<\/li>\r\n \t<li>Proporciona el m\u00e1ximo efecto anticelul\u00edtico y lipol\u00edtico cuando se usa con nuestro aceite corporal m\u00e1s vendido SKIN Anti-cellulite<\/li>\r\n \t<li>Ligero, ergon\u00f3mico y fabricado con madera de haya duradera y de alta calidad<\/li>\r\n<\/ul>","_v2024__why_use__product_notes_and_remarks":"","_v2024__why_use__background_color":"#FBF1EB","_v2024__why_use__heading_color":"#816c65","_v2024__why_use__text_color":"#816c65","_v2024__why_use__image_desktop":1000008061,"_v2024__why_use__image_mobile":1000008062,"_v2024__stats_show":false,"_v2024__stats_repeater":null,"_v2024__stats_repeater_disclaimer":null,"_v2024__benefits__icons_repeater":null,"_v2024__image_ingreddients__intro_text":"","_v2024__image_ingreddients__additional_description":"","_v2024__image_ingreddients__disclamer_inner":"","_v2024__image_ingredients__repeater":null,"_v2024__image_ingredients__all_ingredients":"","_v2024__usage_content__left_content":"<strong>D\u00f3nde<\/strong>: muslos, gl\u00fateos, abdomen, brazos y rostro\r\n\r\n<strong>FRECUENCIA<\/strong>: a diario o al menos 4 veces por semana\r\n<p class=\"product_guaSha_advice\"><strong>CONSEJO: \u00dasalo siempre con un aceite corporal. Para obtener mejores resultados, recomendamos <a href=\"https:\/\/cocosolis.com\/es\/product\/skin-anti-cellulite-dry-oil\/\" target=\"_blank\" rel=\"noopener\">SKIN Anti-cellulite<\/a><\/strong><\/p>\r\n\r\n<ol>\r\n \t<li>Aplique una cantidad generosa de aceite corporal de la gama SKIN sobre la piel limpia y seca.<\/li>\r\n \t<li>Masajee cada zona durante 5 a 10 minutos con movimientos suaves en la direcci\u00f3n del flujo linf\u00e1tico, desde las partes externas del cuerpo hacia el centro.<\/li>\r\n \t<li>Limpie con un pa\u00f1o suave, seco o ligeramente h\u00famedo. Evite enjuagar con agua.<\/li>\r\n \t<li>Conservar en un lugar seco (preferiblemente no en el ba\u00f1o) y alejado de fuentes de calor.<\/li>\r\n<\/ol>\r\n<h4 class=\"ingredientsAndUsage_usage_grid_left_title\">MATERIAL<\/h4>\r\n100% madera de haya\r\n\r\n<em>Reutilizable. \u00daselo con un aceite corporal adecuado. No utilizar sobre piel irritada, da\u00f1ada o inflamada. Suspenda su uso si aparece irritaci\u00f3n o malestar. No es un juguete. Conservar en un lugar seco, alejado de la humedad y del calor, fuera del alcance de los ni\u00f1os. Despu\u00e9s de su uso, limpiar con un pa\u00f1o suave, seco o ligeramente h\u00famedo. No enjuagar con agua. Composici\u00f3n: 100% haya.<\/em>\r\n\r\n&nbsp;","_v2024__usage_content__right_bottom_content":"","_v2024__usage_content__note":"","_v2024__usage_content__storage":""},"_links":{"self":[{"href":"https:\/\/cocosolis.com\/es\/wp-json\/wp\/v2\/product\/1000105442","targetHints":{"allow":["GET"]}}],"collection":[{"href":"https:\/\/cocosolis.com\/es\/wp-json\/wp\/v2\/product"}],"about":[{"href":"https:\/\/cocosolis.com\/es\/wp-json\/wp\/v2\/types\/product"}],"replies":[{"embeddable":true,"href":"https:\/\/cocosolis.com\/es\/wp-json\/wp\/v2\/comments?post=1000105442"}],"wp:featuredmedia":[{"embeddable":true,"href":"https:\/\/cocosolis.com\/es\/wp-json\/"}],"wp:attachment":[{"href":"https:\/\/cocosolis.com\/es\/wp-json\/wp\/v2\/media?parent=1000105442"}],"wp:term":[{"taxonomy":"product_brand","embeddable":true,"href":"https:\/\/cocosolis.com\/es\/wp-json\/wp\/v2\/product_brand?post=1000105442"},{"taxonomy":"product_cat","embeddable":true,"href":"https:\/\/cocosolis.com\/es\/wp-json\/wp\/v2\/product_cat?post=1000105442"},{"taxonomy":"product_tag","embeddable":true,"href":"https:\/\/cocosolis.com\/es\/wp-json\/wp\/v2\/product_tag?post=1000105442"},{"taxonomy":"product_template","embeddable":true,"href":"https:\/\/cocosolis.com\/es\/wp-json\/wp\/v2\/product_template?post=1000105442"}],"curies":[{"name":"wp","href":"https:\/\/api.w.org\/{rel}","templated":true}]}}