{"id":1000098005,"date":"2025-06-02T14:09:02","date_gmt":"2025-06-02T12:09:02","guid":{"rendered":"https:\/\/cocosolis.com\/es\/product\/capri-after-sun-tan-extending-lotion\/"},"modified":"2026-04-06T15:29:14","modified_gmt":"2026-04-06T13:29:14","slug":"capri-after-sun-tan-extending-lotion","status":"publish","type":"product","link":"https:\/\/cocosolis.com\/es\/product\/capri-after-sun-tan-extending-lotion\/","title":{"rendered":"CAPRI After Sun Tan-Extending Lotion"},"content":{"rendered":"","protected":false},"excerpt":{"rendered":"<p>Loci\u00f3n postsolar prolongadora del bronceado con TOSOLIN\u2122. Restaura e hidrata.<\/p>\n","protected":false},"featured_media":1000007980,"comment_status":"open","ping_status":"closed","template":"","meta":{"_acf_changed":false},"product_brand":[],"product_cat":[15],"product_tag":[],"product_template":[70],"class_list":{"0":"post-1000098005","1":"product","2":"type-product","3":"status-publish","4":"has-post-thumbnail","6":"product_cat-suntan-body","7":"product_template-v-2024-clean","9":"first","10":"instock","11":"shipping-taxable","12":"purchasable","13":"product-type-simple"},"acf":{"_v2024__listing_and_sharing_info__listing_category":"CAPRI","_v2024__listing_and_sharing_info__product_type":"After Sun Tan-Extending Lotion","_v2024__listing__and_sharing_info__listing_below_title_in_product_page":"Loci\u00f3n postsolar prolongadora del bronceado con TOSOLIN\u2122. Refresca, calma e hidrata la piel. Mantiene el bronceado hasta 3 meses con el uso diario.","_v2024__listing_and_sharing_info__listing_description":"Loci\u00f3n postsolar prolongadora del bronceado con TOSOLIN\u2122. Restaura e hidrata.","_v2024__listing_and_sharing_info__image":1000007981,"_v2024__product_hero__hero_type":"carousel","_v2024__product_hero__product_slider_gallery":[{"_v2024__product_hero__product_slider_gallery__image":1000007893,"_v2024__product_hero__product_slider_gallery__video_link":""},{"_v2024__product_hero__product_slider_gallery__image":1000007929,"_v2024__product_hero__product_slider_gallery__video_link":""},{"_v2024__product_hero__product_slider_gallery__image":1000007930,"_v2024__product_hero__product_slider_gallery__video_link":""},{"_v2024__product_hero__product_slider_gallery__image":1000007931,"_v2024__product_hero__product_slider_gallery__video_link":""},{"_v2024__product_hero__product_slider_gallery__image":1000007932,"_v2024__product_hero__product_slider_gallery__video_link":""},{"_v2024__product_hero__product_slider_gallery__image":1000007933,"_v2024__product_hero__product_slider_gallery__video_link":""},{"_v2024__product_hero__product_slider_gallery__image":1000007934,"_v2024__product_hero__product_slider_gallery__video_link":""},{"_v2024__product_hero__product_slider_gallery__image":1000007935,"_v2024__product_hero__product_slider_gallery__video_link":""}],"_v2024__before_and_after_image":1000007863,"_v2024__before_and_after_image_mobile":1000007864,"_v2024__product_hero__quantity":"100 ML","_v2024__product_hero__product_disclamer":"","_v2024__why_use__should_show":"visible","_v2024__why_use__description_text":"Aseg\u00farese de tener un cuidado de la piel de calidad despu\u00e9s de tomar el sol y mantenga su bronceado radiante mucho despu\u00e9s de que terminen sus vacaciones. Todo lo que necesitas es esta loci\u00f3n con ingredientes activos naturales, aceites org\u00e1nicos, vitaminas y el aroma de una escapada de verano en Italia.","_v2024__why_use__text_content":"<ul>\r\n \t<li>Cl\u00ednicamente probado para preservar la tez hasta por 3 meses con el uso diario.<\/li>\r\n \t<li>Refresca y calma instant\u00e1neamente la piel despu\u00e9s de la exposici\u00f3n al sol.\u041c\u0438\u0433\u043d\u043e\u0432\u0435\u043d\u043e \u043e\u0441\u0432\u0435\u0436\u0430\u0432\u0430 \u0438 \u0443\u0441\u043f\u043e\u043a\u043e\u044f\u0432\u0430 \u043a\u043e\u0436\u0430\u0442\u0430 \u0441\u043b\u0435\u0434 \u0438\u0437\u043b\u0430\u0433\u0430\u043d\u0435 \u043d\u0430 \u0441\u043b\u044a\u043d\u0446\u0435<\/li>\r\n \t<li>Reduce el enrojecimiento y la sensaci\u00f3n de piel tirante y \"caliente\".<\/li>\r\n \t<li>Hidrata profundamente, promueve la regeneraci\u00f3n y fortalece la barrera cut\u00e1nea.<\/li>\r\n \t<li>Con el aroma mediterr\u00e1neo Dolce Capri de pera fresca y jazm\u00edn.<\/li>\r\n \t<li>Ideal para cuerpo y rostro.<\/li>\r\n<\/ul>","_v2024__why_use__product_notes_and_remarks":"","_v2024__why_use__background_color":"#FBF1EB","_v2024__why_use__heading_color":"#816c65","_v2024__why_use__text_color":"#816c65","_v2024__why_use__image_desktop":1000007978,"_v2024__why_use__image_mobile":1000007979,"_v2024__stats_show":false,"_v2024__stats_repeater":null,"_v2024__stats_repeater_disclaimer":null,"_v2024__benefits__icons_repeater":[{"_v2024__benefit__icons_repeater_icon":1000007987,"_v2024__benefit__icons_repeater_text":"CALMA"},{"_v2024__benefit__icons_repeater_icon":1000007985,"_v2024__benefit__icons_repeater_text":"HIDRATA"},{"_v2024__benefit__icons_repeater_icon":1000007984,"_v2024__benefit__icons_repeater_text":"PROLONGA EL BRONCEADO"},{"_v2024__benefit__icons_repeater_icon":1000007986,"_v2024__benefit__icons_repeater_text":"AROMA DOLCE CAPRI DE PERA Y JAZM\u00cdN"}],"_v2024__image_ingreddients__intro_text":"La base de las propiedades \u00fanicas de CAPRI es el ingrediente activo natural TOSOLIN\u2122, que proporciona un cuidado integral despu\u00e9s del sol y prolonga el bronceado hasta 3 meses. Un c\u00f3ctel de potentes humectantes, vitaminas y aceites org\u00e1nicos complementa y potencia su acci\u00f3n y mantiene la piel bronceada y radiante.","_v2024__image_ingreddients__additional_description":"","_v2024__image_ingreddients__disclamer_inner":"","_v2024__image_ingredients__repeater":[{"_v2024__image_ingredients__ingredient_image":7983,"_v2024__image_ingredients__ingredient_title":"TOSOLIN\u2122","_v2024__image_ingredients__ingredient_description":"<p>Un ingrediente activo natural cl\u00ednicamente probado que prolonga el bronceado al estimular la producci\u00f3n de melanina y estabilizar la pigmentaci\u00f3n. Calma la piel, reduce el enrojecimiento y la inflamaci\u00f3n. Proporciona una poderosa protecci\u00f3n antioxidante contra el da\u00f1o UV. Fortalece la barrera cut\u00e1nea, favorece la restauraci\u00f3n del col\u00e1geno y proporciona una hidrataci\u00f3n duradera.<\/p>"},{"_v2024__image_ingredients__ingredient_image":7982,"_v2024__image_ingredients__ingredient_title":"BISABOLOL","_v2024__image_ingredients__ingredient_description":"<p>Tiene un potente efecto antiinflamatorio, calmando el enrojecimiento y la irritaci\u00f3n tras la exposici\u00f3n solar. Ayuda a restaurar la barrera cut\u00e1nea y protege contra el estr\u00e9s oxidativo. Potencia la acci\u00f3n de otros principios activos.<\/p>\n"},{"_v2024__image_ingredients__ingredient_image":2911,"_v2024__image_ingredients__ingredient_title":"\u00c1CIDO HIALUR\u00d3NICO","_v2024__image_ingredients__ingredient_description":"<p>Despu\u00e9s de la exposici\u00f3n solar, proporciona una hidrataci\u00f3n profunda y duradera reteniendo la humedad. Alivia las irritaciones y favorece la regeneraci\u00f3n de la barrera cut\u00e1nea.<\/p>\n"},{"_v2024__image_ingredients__ingredient_image":7074,"_v2024__image_ingredients__ingredient_title":"PANTENOL","_v2024__image_ingredients__ingredient_description":"<p>Restaura la humedad y mejora la elasticidad de la piel. Calma y favorece la regeneraci\u00f3n despu\u00e9s de la exposici\u00f3n solar.<\/p>\n"},{"_v2024__image_ingredients__ingredient_image":6730,"_v2024__image_ingredients__ingredient_title":"NATURAL VITAMINA E","_v2024__image_ingredients__ingredient_description":"<p>Un poderoso antioxidante que protege la piel de los da\u00f1os de los rayos UV, hidrata y calma. Reduce la inflamaci\u00f3n y prolonga la apariencia saludable del bronceado.<\/p>\n"},{"_v2024__image_ingredients__ingredient_image":2909,"_v2024__image_ingredients__ingredient_title":"GLICERINA","_v2024__image_ingredients__ingredient_description":"<p>Un potente humectante que retiene la humedad y mantiene la piel suave y tersa. Ayuda a conseguir un bronceado m\u00e1s uniforme y duradero.<\/p>\n"},{"_v2024__image_ingredients__ingredient_image":2906,"_v2024__image_ingredients__ingredient_title":"ACEITE DE COCO","_v2024__image_ingredients__ingredient_description":"<p>Hidrata y nutre la piel despu\u00e9s de la exposici\u00f3n solar. Previene la descamaci\u00f3n y la sequedad y ayuda a conseguir un bronceado m\u00e1s duradero.<\/p>\n"},{"_v2024__image_ingredients__ingredient_image":3680,"_v2024__image_ingredients__ingredient_title":"ACEITE DE SAND\u00cdA","_v2024__image_ingredients__ingredient_description":"<p>Contiene antioxidantes, vitaminas A, C y \u00e1cidos grasos esenciales. Hidrata profundamente, rejuvenece y protege la piel.<\/p>\n"},{"_v2024__image_ingredients__ingredient_image":6717,"_v2024__image_ingredients__ingredient_title":"ACEITE DE JOJOBA","_v2024__image_ingredients__ingredient_description":"<p>Equilibra la producci\u00f3n de sebo, calma la piel y la mantiene suave y limpia, sin granitos.<\/p>\n"}],"_v2024__image_ingredients__all_ingredients":"CAPRYLYL CAPRYLATE\/CAPRATE*, POLYGLYCERYL-6 STEARATE*, CETEARYL ALCOHOL*, PENTYLENE GLYCOL*, 4-T-BUTYLCYCLOHEXANOL, COCOS NUCIFERA OIL*, GLYCERIN*, BISABOLOL*, SODIUM HYALURONATE*, MANNOSE*, GLUCOSE*, BETA-GLUCAN*, PANTHENOL, CITRULLUS LANATUS SEED OIL*, SIMMONDSIA CHINENSIS SEED OIL*, TOCOPHEROL*, HELIANTHUS ANNUUS SEED OIL*, CITRIC ACID*, XANTHAN GUM*, POLYGLYCERYL-6 BEHENATE*, ARACHIDYL ALCOHOL*, BEHENYL ALCOHOL*, ARACHIDYL GLUCOSIDE*, PARFUM, TETRASODIUM GLUTAMATE DIACETATE, PHENOXYETHANOL, BENZYL ALCOHOL, DEHYDROACETIC ACID, DIMETHYL PHENETHYL ACETATE, ROSE KETONES\r\n\r\n<em>* Ingredients from natural origin<\/em>\r\n\r\n<em>Tenga en cuenta que la lista de ingredientes puede cambiar ligeramente con el tiempo debido a mejoras en el producto. Consulte el empaque del producto para obtener la informaci\u00f3n m\u00e1s actualizada.<\/em>","_v2024__usage_content__left_content":"<strong>D\u00d3NDE<\/strong>: cara y cuerpo\r\n\r\n<strong>CUANDO<\/strong>:\r\n<ul>\r\n \t<li><strong>ANTES DE LA PLAYA<\/strong>: todos los d\u00edas antes de la exposici\u00f3n solar para preparar la piel y reducir la probabilidad de enrojecimiento.<\/li>\r\n \t<li><strong>DESPU\u00c9S DE LA PLAYA<\/strong>: todos los d\u00edas despu\u00e9s de la exposici\u00f3n solar para calmar e hidratar la piel.<\/li>\r\n \t<li><strong>DESPU\u00c9S DE LAS VACACIONES<\/strong>: todos los d\u00edas, en lugar de tu loci\u00f3n diaria, para prolongar tu bronceado hasta 3 meses<\/li>\r\n<\/ul>\r\n<strong>C\u00d3MO<\/strong>: aplicar generosamente sobre la piel limpia con ligeros movimientos de masaje.\r\n<p class=\"freshIdea\"><strong>IDEA FRESCA<\/strong>: Mantenga la loci\u00f3n en el refrigerador para a\u00f1adir un efecto refrescante al aplicarla despu\u00e9s de un d\u00eda en la playa.<\/p>","_v2024__usage_content__right_bottom_content":"","_v2024__usage_content__note":"<strong>IMPORTANTE<\/strong>: Guarde en un lugar fresco y seco. Solo para uso externo. Suspenda su uso si se produce irritaci\u00f3n. No utilice sobre la piel da\u00f1ada o lesionada. Debido a su composici\u00f3n natural, el color de la loci\u00f3n puede cambiar con el tiempo, pero esto no afecta su calidad ni su eficacia.","_v2024__usage_content__storage":""},"_links":{"self":[{"href":"https:\/\/cocosolis.com\/es\/wp-json\/wp\/v2\/product\/1000098005","targetHints":{"allow":["GET"]}}],"collection":[{"href":"https:\/\/cocosolis.com\/es\/wp-json\/wp\/v2\/product"}],"about":[{"href":"https:\/\/cocosolis.com\/es\/wp-json\/wp\/v2\/types\/product"}],"replies":[{"embeddable":true,"href":"https:\/\/cocosolis.com\/es\/wp-json\/wp\/v2\/comments?post=1000098005"}],"wp:featuredmedia":[{"embeddable":true,"href":"https:\/\/cocosolis.com\/es\/wp-json\/"}],"wp:attachment":[{"href":"https:\/\/cocosolis.com\/es\/wp-json\/wp\/v2\/media?parent=1000098005"}],"wp:term":[{"taxonomy":"product_brand","embeddable":true,"href":"https:\/\/cocosolis.com\/es\/wp-json\/wp\/v2\/product_brand?post=1000098005"},{"taxonomy":"product_cat","embeddable":true,"href":"https:\/\/cocosolis.com\/es\/wp-json\/wp\/v2\/product_cat?post=1000098005"},{"taxonomy":"product_tag","embeddable":true,"href":"https:\/\/cocosolis.com\/es\/wp-json\/wp\/v2\/product_tag?post=1000098005"},{"taxonomy":"product_template","embeddable":true,"href":"https:\/\/cocosolis.com\/es\/wp-json\/wp\/v2\/product_template?post=1000098005"}],"curies":[{"name":"wp","href":"https:\/\/api.w.org\/{rel}","templated":true}]}}