{"id":1000086594,"date":"2025-03-27T09:50:15","date_gmt":"2025-03-27T08:50:15","guid":{"rendered":"https:\/\/cocosolis.com\/es\/product\/grow-hair-growth-conditioner\/"},"modified":"2026-03-23T14:56:23","modified_gmt":"2026-03-23T13:56:23","slug":"grow-hair-growth-conditioner","status":"publish","type":"product","link":"https:\/\/cocosolis.com\/es\/product\/grow-hair-growth-conditioner\/","title":{"rendered":"GROW Growth &amp; Anti-aging Conditioner"},"content":{"rendered":"","protected":false},"excerpt":{"rendered":"<p>Acondicionador para el crecimiento del cabello con KERASCALP\u2122. Con efecto antienvejecimiento.<\/p>\n","protected":false},"featured_media":1000007067,"comment_status":"open","ping_status":"closed","template":"","meta":{"_acf_changed":false},"product_brand":[],"product_cat":[17],"product_tag":[],"product_template":[70],"class_list":{"0":"post-1000086594","1":"product","2":"type-product","3":"status-publish","4":"has-post-thumbnail","6":"product_cat-hair","7":"product_template-v-2024-clean","9":"first","10":"instock","11":"shipping-taxable","12":"purchasable","13":"product-type-simple"},"acf":{"_v2024__listing_and_sharing_info__listing_category":"GROW","_v2024__listing_and_sharing_info__product_type":"Growth &amp; Anti-aging Conditioner","_v2024__listing__and_sharing_info__listing_below_title_in_product_page":"Acondicionador para el crecimiento del cabello con KERASCALP\u2122. Con efecto antienvejecimiento. Cl\u00ednicamente probado para hacer el cabello m\u00e1s grueso, denso y brillante.","_v2024__listing_and_sharing_info__listing_description":"Acondicionador para el crecimiento del cabello con KERASCALP\u2122. Con efecto antienvejecimiento.","_v2024__listing_and_sharing_info__image":1000007066,"_v2024__product_hero__hero_type":"carousel","_v2024__product_hero__product_slider_gallery":[{"_v2024__product_hero__product_slider_gallery__image":1000007039,"_v2024__product_hero__product_slider_gallery__video_link":""},{"_v2024__product_hero__product_slider_gallery__image":1000007106,"_v2024__product_hero__product_slider_gallery__video_link":""},{"_v2024__product_hero__product_slider_gallery__image":1000007107,"_v2024__product_hero__product_slider_gallery__video_link":""},{"_v2024__product_hero__product_slider_gallery__image":1000007108,"_v2024__product_hero__product_slider_gallery__video_link":""},{"_v2024__product_hero__product_slider_gallery__image":1000007109,"_v2024__product_hero__product_slider_gallery__video_link":""},{"_v2024__product_hero__product_slider_gallery__image":1000007040,"_v2024__product_hero__product_slider_gallery__video_link":""},{"_v2024__product_hero__product_slider_gallery__image":"","_v2024__product_hero__product_slider_gallery__video_link":""},{"_v2024__product_hero__product_slider_gallery__image":1000007110,"_v2024__product_hero__product_slider_gallery__video_link":""}],"_v2024__before_and_after_image":1000007035,"_v2024__before_and_after_image_mobile":1000007036,"_v2024__product_hero__quantity":"200 ML","_v2024__product_hero__product_disclamer":"","_v2024__why_use__should_show":"visible","_v2024__why_use__description_text":"Este acondicionador con KERASCALP\u2122 no solo nutre, sino que trabaja para fortalecer y rejuvenecer desde la ra\u00edz hasta las puntas. El resultado es un cabello que crece con facilidad y es dif\u00edcil de quebrar.","_v2024__why_use__text_content":"<ul>\r\n \t<li>Hidrata en profundidad, suaviza, facilita el peinado y previene la rotura<\/li>\r\n \t<li>Para obtener el m\u00e1ximo efecto, tambi\u00e9n se puede aplicar en las ra\u00edces para cabello normal y seco<\/li>\r\n \t<li>Transforma el cabello fino y sin vida fortaleciendo los fol\u00edculos<\/li>\r\n \t<li>Rejuvenece el cuero cabelludo y el cabello, reduciendo significativamente las canas<\/li>\r\n \t<li>Funciona para todo tipo de cabello<\/li>\r\n \t<li>No contiene parabenos, SLES, SLS, parafina, siliconas, ingredientes de origen animal<\/li>\r\n \t<li>Cautiva los sentidos con un aroma afrutado<\/li>\r\n<\/ul>","_v2024__why_use__product_notes_and_remarks":"","_v2024__why_use__background_color":"#FBF1EB","_v2024__why_use__heading_color":"#816c65","_v2024__why_use__text_color":"#816c65","_v2024__why_use__image_desktop":1000007060,"_v2024__why_use__image_mobile":1000007061,"_v2024__stats_show":true,"_v2024__stats_repeater":[{"_v2024__stats_repeater_id":"stats_stronger_follicles","_v2024__stats_repeater_number":60,"_v2024__stats_repeater_description_title":"fol\u00edculos m\u00e1s fuertes","_v2024__stats_repeater_description":"","_v2024__stats_repeater_asterisks":""},{"_v2024__stats_repeater_id":"stats_more_thickness","_v2024__stats_repeater_number":56,"_v2024__stats_repeater_description_title":"m\u00e1s densidad","_v2024__stats_repeater_description":"","_v2024__stats_repeater_asterisks":""},{"_v2024__stats_repeater_id":"stats_more_density","_v2024__stats_repeater_number":49,"_v2024__stats_repeater_description_title":"m\u00e1s grosor","_v2024__stats_repeater_description":"","_v2024__stats_repeater_asterisks":""},{"_v2024__stats_repeater_id":"stats_more_shine","_v2024__stats_repeater_number":51,"_v2024__stats_repeater_description_title":"m\u00e1s brillo","_v2024__stats_repeater_description":"","_v2024__stats_repeater_asterisks":""}],"_v2024__stats_repeater_disclaimer":[{"_v2024__stats_repeater_disclaimer_text":"Seg\u00fan prueba in vitro y prueba in vivo del ingrediente activo Kerascalp\u2122"}],"_v2024__benefits__icons_repeater":[{"_v2024__benefit__icons_repeater_icon":1000007085,"_v2024__benefit__icons_repeater_text":"NUTRICI\u00d3N PROFUNDA"},{"_v2024__benefit__icons_repeater_icon":1000007081,"_v2024__benefit__icons_repeater_text":"EFECTO ANTIEDAD"},{"_v2024__benefit__icons_repeater_icon":1000007082,"_v2024__benefit__icons_repeater_text":"M\u00c1S DENSIDAD Y BRILLO"},{"_v2024__benefit__icons_repeater_icon":1000007084,"_v2024__benefit__icons_repeater_text":"CREADO POR EXPERTOS"}],"_v2024__image_ingreddients__intro_text":"La base del efecto transformador del acondicionador GROW es el ingrediente activo natural KERASCALP\u2122, una combinaci\u00f3n de la tradici\u00f3n milenaria del Ayurveda y la investigaci\u00f3n cient\u00edfica actual. Combinado con extractos puros de plantas y vitaminas, proporciona un cabello fuerte y hermoso que crece.","_v2024__image_ingreddients__additional_description":"","_v2024__image_ingreddients__disclamer_inner":"","_v2024__image_ingredients__repeater":[{"_v2024__image_ingredients__ingredient_image":1000007073,"_v2024__image_ingredients__ingredient_title":"KERASCALP\u2122","_v2024__image_ingredients__ingredient_description":"Un ingrediente activo natural, el extracto de fruta de amla, conocido por sus propiedades adaptog\u00e9nicas y de antienvejecimiento y utilizado en la medicina ayurv\u00e9dica. Estimula la producci\u00f3n de Col\u00e1geno XVII, que fortalece los fol\u00edculos y ralentiza los procesos de adelgazamiento, ca\u00edda y encanecimiento del cabello, adem\u00e1s de reducir la actividad de la elastasa, que da\u00f1a los fol\u00edculos y provoca su envejecimiento. Cl\u00ednicamente probado para hacer el cabello m\u00e1s grueso,denso, fuerte y brillante."},{"_v2024__image_ingredients__ingredient_image":1000007074,"_v2024__image_ingredients__ingredient_title":"PANTENOL","_v2024__image_ingredients__ingredient_description":"Hidrata y calma el cuero cabelludo, fortalece los fol\u00edculos y reduce la rotura, aportando brillo y suavidad al cabello."},{"_v2024__image_ingredients__ingredient_image":1000006712,"_v2024__image_ingredients__ingredient_title":"ACEITE DE COCO","_v2024__image_ingredients__ingredient_description":"Nutre e hidrata profundamente, fortalece la estructura del cabello y lo vuelve sedoso y el\u00e1stico."},{"_v2024__image_ingredients__ingredient_image":1000007075,"_v2024__image_ingredients__ingredient_title":"EXTRACTO DE ESCARAMUJO","_v2024__image_ingredients__ingredient_description":"Carga el cabello y el cuero cabelludo con vitaminas y antioxidantes, revitaliz\u00e1ndolos y haci\u00e9ndolos m\u00e1s resistentes."},{"_v2024__image_ingredients__ingredient_image":1000007072,"_v2024__image_ingredients__ingredient_title":"EXTRACTO DE KALLUNA","_v2024__image_ingredients__ingredient_description":"Con sus propiedades antioxidantes y antiinflamatorias, fortalece los fol\u00edculos y hace que el cabello sea m\u00e1s fuerte y vibrante."},{"_v2024__image_ingredients__ingredient_image":1000007076,"_v2024__image_ingredients__ingredient_title":"EXTRACTO DE VIOLA TRICOLOR","_v2024__image_ingredients__ingredient_description":"Nutre, hidrata intensamente y mejora la circulaci\u00f3n sangu\u00ednea, lo que favorece el crecimiento del cabello."},{"_v2024__image_ingredients__ingredient_image":1000007077,"_v2024__image_ingredients__ingredient_title":"EXTRACTO DE VERBENA","_v2024__image_ingredients__ingredient_description":"Con efecto antis\u00e9ptico, favorece la regeneraci\u00f3n del cuero cabelludo y fortalece el cabello."},{"_v2024__image_ingredients__ingredient_image":1000006730,"_v2024__image_ingredients__ingredient_title":"VITAMINA E NATURAL","_v2024__image_ingredients__ingredient_description":"Un potente antioxidante que estimula el crecimiento del cabello y cuida la salud del cuero cabelludo."}],"_v2024__image_ingredients__all_ingredients":"Aqua, Myristyl Alcohol**, Glycerin**, Behentrimonium Chloride, Cetyl Palmitate, Panthenol, Cocos Nucifera Oil*, Coconut Alkanes**, Propanediol**, Phyllanthus Emblica Fruit Extract**, Rosa Canina Flower Extract*, Calluna Vulgaris Flower Extract*, Viola Tricolor Extract*, Centaurium Erythraea Flower Extract*, Verbena Officinalis Flower Extract*, Cetyl Alcohol**, Lauryl Alcohol**, Citric Acid**, Parfum, Sodium Levulinate**, Sodium Benzoate, Potassium Sorbate, Limonene, Citrus Aurantium Peel Oil, Hexyl Cinnamal, Linalool, Tetramethyl Acetyloctahydronaphthalenes, Citrus Limon Oil\r\n\r\n<em>*Certified Organic Ingredients\r\n**Ingredients From Natural Origin<\/em>\r\n\r\nTenga en cuenta que la lista de ingredientes puede variar ligeramente con el tiempo debido a mejoras en el producto. Consulte el empaque del producto para obtener la informaci\u00f3n m\u00e1s actualizada.","_v2024__usage_content__left_content":"<strong>D\u00d3NDE<\/strong>: cabello y cuero cabelludo (no aplicar en el cuero cabelludo en cabello graso)\r\n\r\n<strong>C\u00d3MO<\/strong>: aplicar sobre el cabello (y cuero cabelludo) mojado con ligeros movimientos de masaje, esperar al menos 5 minutos para que act\u00fae y enjuagar\r\n\r\n<strong>CON QU\u00c9 FRECUENCIA<\/strong>: en relaci\u00f3n con su rutina habitual de lavado del cabello\r\n\r\n<strong>PARA MEJORES RESULTADOS<\/strong>: comb\u00ednalo con el champ\u00fa para crecimiento de pelo GROW","_v2024__usage_content__right_bottom_content":"","_v2024__usage_content__note":"","_v2024__usage_content__storage":"S\u00f3lo para uso externo. Suspenda su uso si se produce irritaci\u00f3n. No usar sobre el cuero cabelludo da\u00f1ado o lesionado. Evitar el contacto con los ojos. \u00a1Mantener fuera del alcance de los ni\u00f1os! Conservar en un lugar seco y fresco.\r\n\r\n&nbsp;\r\n\r\nS\u00f3lo para uso externo. Suspenda su uso si se produce irritaci\u00f3n. No usar sobre el cuero cabelludo da\u00f1ado o lesionado. Evitar el contacto con los ojos. \u00a1Mantener fuera del alcance de los ni\u00f1os! Conservar en un lugar seco y fresco."},"_links":{"self":[{"href":"https:\/\/cocosolis.com\/es\/wp-json\/wp\/v2\/product\/1000086594","targetHints":{"allow":["GET"]}}],"collection":[{"href":"https:\/\/cocosolis.com\/es\/wp-json\/wp\/v2\/product"}],"about":[{"href":"https:\/\/cocosolis.com\/es\/wp-json\/wp\/v2\/types\/product"}],"replies":[{"embeddable":true,"href":"https:\/\/cocosolis.com\/es\/wp-json\/wp\/v2\/comments?post=1000086594"}],"wp:featuredmedia":[{"embeddable":true,"href":"https:\/\/cocosolis.com\/es\/wp-json\/"}],"wp:attachment":[{"href":"https:\/\/cocosolis.com\/es\/wp-json\/wp\/v2\/media?parent=1000086594"}],"wp:term":[{"taxonomy":"product_brand","embeddable":true,"href":"https:\/\/cocosolis.com\/es\/wp-json\/wp\/v2\/product_brand?post=1000086594"},{"taxonomy":"product_cat","embeddable":true,"href":"https:\/\/cocosolis.com\/es\/wp-json\/wp\/v2\/product_cat?post=1000086594"},{"taxonomy":"product_tag","embeddable":true,"href":"https:\/\/cocosolis.com\/es\/wp-json\/wp\/v2\/product_tag?post=1000086594"},{"taxonomy":"product_template","embeddable":true,"href":"https:\/\/cocosolis.com\/es\/wp-json\/wp\/v2\/product_template?post=1000086594"}],"curies":[{"name":"wp","href":"https:\/\/api.w.org\/{rel}","templated":true}]}}