{"id":1000086593,"date":"2025-03-27T09:50:13","date_gmt":"2025-03-27T08:50:13","guid":{"rendered":"https:\/\/cocosolis.com\/es\/product\/grow-hair-growth-shampoo\/"},"modified":"2026-04-06T15:29:06","modified_gmt":"2026-04-06T13:29:06","slug":"grow-hair-growth-shampoo","status":"publish","type":"product","link":"https:\/\/cocosolis.com\/es\/product\/grow-hair-growth-shampoo\/","title":{"rendered":"GROW Growth &amp; Anti-aging Shampoo"},"content":{"rendered":"","protected":false},"excerpt":{"rendered":"<p>Champ\u00fa para el crecimiento del cabello con KERASCALP\u2122. Con efecto antienvejecimiento.<\/p>\n","protected":false},"featured_media":1000007071,"comment_status":"open","ping_status":"closed","template":"","meta":{"_acf_changed":false},"product_brand":[],"product_cat":[17],"product_tag":[],"product_template":[70],"class_list":{"0":"post-1000086593","1":"product","2":"type-product","3":"status-publish","4":"has-post-thumbnail","6":"product_cat-hair","7":"product_template-v-2024-clean","9":"first","10":"instock","11":"shipping-taxable","12":"purchasable","13":"product-type-simple"},"acf":{"_v2024__listing_and_sharing_info__listing_category":"GROW","_v2024__listing_and_sharing_info__product_type":"Growth &amp; Anti-aging Shampoo","_v2024__listing__and_sharing_info__listing_below_title_in_product_page":"Champ\u00fa para el crecimiento del cabello con KERASCALP\u2122. Con efecto antienvejecimiento. Cl\u00ednicamente probado para hacerlo m\u00e1s abundante, denso y brillante.","_v2024__listing_and_sharing_info__listing_description":"Champ\u00fa para el crecimiento del cabello con KERASCALP\u2122. Con efecto antienvejecimiento.","_v2024__listing_and_sharing_info__image":1000007070,"_v2024__product_hero__hero_type":"carousel","_v2024__product_hero__product_slider_gallery":[{"_v2024__product_hero__product_slider_gallery__image":1000007053,"_v2024__product_hero__product_slider_gallery__video_link":""},{"_v2024__product_hero__product_slider_gallery__image":1000007211,"_v2024__product_hero__product_slider_gallery__video_link":""},{"_v2024__product_hero__product_slider_gallery__image":1000007212,"_v2024__product_hero__product_slider_gallery__video_link":""},{"_v2024__product_hero__product_slider_gallery__image":1000007213,"_v2024__product_hero__product_slider_gallery__video_link":""},{"_v2024__product_hero__product_slider_gallery__image":1000007214,"_v2024__product_hero__product_slider_gallery__video_link":""},{"_v2024__product_hero__product_slider_gallery__image":1000007054,"_v2024__product_hero__product_slider_gallery__video_link":""},{"_v2024__product_hero__product_slider_gallery__image":1000007215,"_v2024__product_hero__product_slider_gallery__video_link":""}],"_v2024__before_and_after_image":1000007037,"_v2024__before_and_after_image_mobile":1000007038,"_v2024__product_hero__quantity":"250 ML","_v2024__product_hero__product_disclamer":"","_v2024__why_use__should_show":"visible","_v2024__why_use__description_text":"Consigue un cabello m\u00e1s grueso, fuerte y brillante fortaleciendo los fol\u00edculos pilosos y revitalizando el cuero cabelludo con este champ\u00fa antienvejecimiento con KERASCALP\u2122.","_v2024__why_use__text_content":"<ul>\r\n \t<li>Lava el cabello suave y profundamente con su f\u00f3rmula natural creada por expertos<\/li>\r\n \t<li>Crea condiciones \u00f3ptimas para el crecimiento del cabello<\/li>\r\n \t<li>Transforma el cabello fino y sin vida y fortalece los fol\u00edculos<\/li>\r\n \t<li>Rejuvenece el cuero cabelludo y el cabello y reduce significativamente las canas<\/li>\r\n \t<li>Funciona para todo tipo de cabello<\/li>\r\n \t<li>No contiene parabenos, SLES, SLS, J25, parafina,siliconas, ingredientes de or\u00edgen animal<\/li>\r\n \t<li>Cautiva los sentidos con aroma afrutado<\/li>\r\n<\/ul>","_v2024__why_use__product_notes_and_remarks":"","_v2024__why_use__background_color":"#FBF1EB","_v2024__why_use__heading_color":"#816c65","_v2024__why_use__text_color":"#816c65","_v2024__why_use__image_desktop":1000007064,"_v2024__why_use__image_mobile":1000007065,"_v2024__stats_show":true,"_v2024__stats_repeater":[{"_v2024__stats_repeater_id":"stats_stronger_follicles","_v2024__stats_repeater_number":60,"_v2024__stats_repeater_description_title":"fol\u00edculos m\u00e1s fuertes","_v2024__stats_repeater_description":"","_v2024__stats_repeater_asterisks":""},{"_v2024__stats_repeater_id":"stats_more_thickness","_v2024__stats_repeater_number":56,"_v2024__stats_repeater_description_title":"m\u00e1s densidad","_v2024__stats_repeater_description":"","_v2024__stats_repeater_asterisks":""},{"_v2024__stats_repeater_id":"stats_more_density","_v2024__stats_repeater_number":49,"_v2024__stats_repeater_description_title":"m\u00e1s grosor","_v2024__stats_repeater_description":"","_v2024__stats_repeater_asterisks":""},{"_v2024__stats_repeater_id":"stats_more_shine","_v2024__stats_repeater_number":51,"_v2024__stats_repeater_description_title":"m\u00e1s brillo","_v2024__stats_repeater_description":"","_v2024__stats_repeater_asterisks":""}],"_v2024__stats_repeater_disclaimer":[{"_v2024__stats_repeater_disclaimer_text":"Seg\u00fan prueba in vitro y prueba in vivo del ingrediente activo Kerascalp\u2122"}],"_v2024__benefits__icons_repeater":[{"_v2024__benefit__icons_repeater_icon":1000007083,"_v2024__benefit__icons_repeater_text":"CRECIMIENTO ACELERADO"},{"_v2024__benefit__icons_repeater_icon":1000007081,"_v2024__benefit__icons_repeater_text":"EFECTO ANTIEDAD"},{"_v2024__benefit__icons_repeater_icon":1000007082,"_v2024__benefit__icons_repeater_text":"M\u00c1S DENSIDAD Y BRILLO"},{"_v2024__benefit__icons_repeater_icon":1000007084,"_v2024__benefit__icons_repeater_text":"CREADO POR EXPERTOS"}],"_v2024__image_ingreddients__intro_text":"En el coraz\u00f3n del efecto transformador del champ\u00fa GROW se encuentra el ingrediente activo natural KERASCALP\u2122, una combinaci\u00f3n de la tradici\u00f3n milenaria del Ayurveda y la investigaci\u00f3n cient\u00edfica actual. Combinado con extractos puros de plantas y vitaminas, proporciona un cabello fuerte y hermoso que crece.","_v2024__image_ingreddients__additional_description":"","_v2024__image_ingreddients__disclamer_inner":"","_v2024__image_ingredients__repeater":[{"_v2024__image_ingredients__ingredient_image":1000007073,"_v2024__image_ingredients__ingredient_title":"KERASCALP\u2122","_v2024__image_ingredients__ingredient_description":"Un ingrediente activo natural, el extracto de fruta de amla, conocido por sus propiedades adaptog\u00e9nicas y de antienvejecimiento y utilizado en la medicina ayurv\u00e9dica. Estimula la producci\u00f3n de Col\u00e1geno XVII, que fortalece los fol\u00edculos y ralentiza los procesos de adelgazamiento, ca\u00edda y encanecimiento del cabello, adem\u00e1s de reducir la actividad de la elastasa, que da\u00f1a los fol\u00edculos y provoca su envejecimiento. Cl\u00ednicamente probado para hacer el cabello m\u00e1s grueso,denso, fuerte y brillante."},{"_v2024__image_ingredients__ingredient_image":1000007074,"_v2024__image_ingredients__ingredient_title":"PANTENOL","_v2024__image_ingredients__ingredient_description":"Hidrata y calma el cuero cabelludo, fortalece los fol\u00edculos y reduce la rotura, aportando brillo y suavidad al cabello."},{"_v2024__image_ingredients__ingredient_image":1000006707,"_v2024__image_ingredients__ingredient_title":"ACEITE DE ARG\u00c1N","_v2024__image_ingredients__ingredient_description":"Aporta vitaminas y \u00e1cidos grasos al cabello y al cuero cabelludo y protege contra los efectos nocivos del sol y el viento."},{"_v2024__image_ingredients__ingredient_image":1000006712,"_v2024__image_ingredients__ingredient_title":"EXTRACTO DE COCO","_v2024__image_ingredients__ingredient_description":"Hidrata sin ser graso ni pesado. Nutre y estimula la restauraci\u00f3n del equilibrio natural del cuero cabelludo."},{"_v2024__image_ingredients__ingredient_image":1000007075,"_v2024__image_ingredients__ingredient_title":"EXTRACTO DE ESCARAMUJO","_v2024__image_ingredients__ingredient_description":"Carga el cabello y el cuero cabelludo con vitaminas y antioxidantes, revitaliz\u00e1ndolos y haci\u00e9ndolos m\u00e1s resistentes."},{"_v2024__image_ingredients__ingredient_image":1000007072,"_v2024__image_ingredients__ingredient_title":"EXTRACTO DE KALLUNA","_v2024__image_ingredients__ingredient_description":"Con sus propiedades antioxidantes y antiinflamatorias, fortalece los fol\u00edculos y hace que el cabello sea m\u00e1s fuerte y vibrante."},{"_v2024__image_ingredients__ingredient_image":1000007076,"_v2024__image_ingredients__ingredient_title":"EXTRACTO DE VIOLA TRICOLOR","_v2024__image_ingredients__ingredient_description":"Nutre, hidrata intensamente y mejora la circulaci\u00f3n sangu\u00ednea, lo que favorece el crecimiento del cabello."},{"_v2024__image_ingredients__ingredient_image":1000007077,"_v2024__image_ingredients__ingredient_title":"EXTRACTO DE VERB\u0415NA","_v2024__image_ingredients__ingredient_description":"Con efecto antis\u00e9ptico, ayuda a restaurar el cuero cabelludo y fortalecer el cabello."},{"_v2024__image_ingredients__ingredient_image":1000006730,"_v2024__image_ingredients__ingredient_title":"VITAMINA E NATURAL","_v2024__image_ingredients__ingredient_description":"Un potente antioxidante que estimula el crecimiento del cabello y cuida la salud del cuero cabelludo."}],"_v2024__image_ingredients__all_ingredients":"Aqua, Sodium Coco-Sulfate**, Cocamidopropyl Betaine**, Propanediol**, Coco-Glucoside**, Glyceryl Oleate**, Phyllanthus Emblica Fruit Extract**, Panthenol, Glycerin**, Argania Spinosa Kernel Oil*, Cocos Nucifera Fruit Extract*, Rosa Canina Flower Extract*, Calluna Vulgaris Flower Extract*, Viola Tricolor Extract*, Centaurium Erythraea Flower Extract*, Verbena Officinalis Flower Extract*, Hydrogenated Vegetable Glycerides Citrate**, Tocopherol**, Citric Acid**, Lactic Acid**, Parfum, Sodium Benzoate, Potassium Sorbate, Benzyl Alcohol, Limonene, Citrus Aurantium Peel Oil, Hexyl Cinnamal, Linalool, Tetramethyl Acetyloctahydronaphthalenes, Citrus Limon Oil\r\n\r\n<em>*Certified Organic Ingredients\r\n**Ingredients From Natural Origin<\/em>\r\n\r\nTenga en cuenta que la lista de ingredientes puede variar ligeramente con el tiempo debido a mejoras en el producto. Consulte el empaque del producto para obtener la informaci\u00f3n m\u00e1s actualizada.","_v2024__usage_content__left_content":"<strong>D\u00d3NDE<\/strong>: cuero cabelludo y cabello\r\n\r\n<strong>C\u00d3MO<\/strong>: aplicar sobre el cuero cabelludo y el cabello mojados con ligeros movimientos de masaje, esperar al menos 2 minutos para que act\u00fae y enjuagar\r\n\r\n<strong>CON QU\u00c9 FRECUENCIA<\/strong>: en relaci\u00f3n con su rutina habitual de lavado del cabello, puede usarse diariamente\r\n\r\n<strong>PARA MEJORES RESULTADOS<\/strong>: comb\u00ednalo con el acondicionador GROW","_v2024__usage_content__right_bottom_content":"","_v2024__usage_content__note":"","_v2024__usage_content__storage":"S\u00f3lo para uso externo. Suspenda su uso si se produce irritaci\u00f3n. No usar sobre el cuero cabelludo da\u00f1ado o lesionado. Evitar el contacto con los ojos. \u00a1Mantener fuera del alcance de los ni\u00f1os! Conservar en un lugar seco y fresco."},"_links":{"self":[{"href":"https:\/\/cocosolis.com\/es\/wp-json\/wp\/v2\/product\/1000086593","targetHints":{"allow":["GET"]}}],"collection":[{"href":"https:\/\/cocosolis.com\/es\/wp-json\/wp\/v2\/product"}],"about":[{"href":"https:\/\/cocosolis.com\/es\/wp-json\/wp\/v2\/types\/product"}],"replies":[{"embeddable":true,"href":"https:\/\/cocosolis.com\/es\/wp-json\/wp\/v2\/comments?post=1000086593"}],"wp:featuredmedia":[{"embeddable":true,"href":"https:\/\/cocosolis.com\/es\/wp-json\/"}],"wp:attachment":[{"href":"https:\/\/cocosolis.com\/es\/wp-json\/wp\/v2\/media?parent=1000086593"}],"wp:term":[{"taxonomy":"product_brand","embeddable":true,"href":"https:\/\/cocosolis.com\/es\/wp-json\/wp\/v2\/product_brand?post=1000086593"},{"taxonomy":"product_cat","embeddable":true,"href":"https:\/\/cocosolis.com\/es\/wp-json\/wp\/v2\/product_cat?post=1000086593"},{"taxonomy":"product_tag","embeddable":true,"href":"https:\/\/cocosolis.com\/es\/wp-json\/wp\/v2\/product_tag?post=1000086593"},{"taxonomy":"product_template","embeddable":true,"href":"https:\/\/cocosolis.com\/es\/wp-json\/wp\/v2\/product_template?post=1000086593"}],"curies":[{"name":"wp","href":"https:\/\/api.w.org\/{rel}","templated":true}]}}