{"id":1000040772,"date":"2024-07-01T12:18:45","date_gmt":"2024-07-01T10:18:45","guid":{"rendered":"https:\/\/cocosolis.com\/es\/product\/aura-peptide-shimmer-spray\/"},"modified":"2026-04-06T15:29:03","modified_gmt":"2026-04-06T13:29:03","slug":"aura-peptide-shimmer-spray-nude","status":"publish","type":"product","link":"https:\/\/cocosolis.com\/es\/product\/aura-peptide-shimmer-spray-nude\/","title":{"rendered":"AURA Peptide Shimmer Spray"},"content":{"rendered":"","protected":false},"excerpt":{"rendered":"","protected":false},"featured_media":1000004972,"comment_status":"open","ping_status":"closed","template":"","meta":{"_acf_changed":false},"product_brand":[],"product_cat":[67],"product_tag":[],"product_template":[70],"class_list":{"0":"post-1000040772","1":"product","2":"type-product","3":"status-publish","4":"has-post-thumbnail","6":"product_cat-shimmer","7":"product_template-v-2024-clean","9":"first","10":"instock","11":"shipping-taxable","12":"purchasable","13":"product-type-simple"},"acf":{"_v2024__listing_and_sharing_info__listing_category":"AURA NUDE","_v2024__listing_and_sharing_info__product_type":"Peptide Shimmer Spray","_v2024__listing__and_sharing_info__listing_below_title_in_product_page":"Spray brillante natural con p\u00e9ptidos para rostro, cuerpo y cabello. Ilumina, hidrata y rejuvenece.\n<br><strong>Brillo: Nude<\/strong>","_v2024__listing_and_sharing_info__listing_description":"Spray brillante natural con p\u00e9ptidos para rostro, cuerpo y cabello. Ilumina, hidrata y rejuvenece.\n<br><strong>Brillo: Nude<\/strong>","_v2024__listing_and_sharing_info__image":1000004972,"_v2024__product_hero__hero_type":"carousel","_v2024__product_hero__product_slider_gallery":[{"_v2024__product_hero__product_slider_gallery__image":1000006868,"_v2024__product_hero__product_slider_gallery__video_link":""},{"_v2024__product_hero__product_slider_gallery__image":1000006889,"_v2024__product_hero__product_slider_gallery__video_link":""},{"_v2024__product_hero__product_slider_gallery__image":1000006890,"_v2024__product_hero__product_slider_gallery__video_link":""},{"_v2024__product_hero__product_slider_gallery__image":1000006891,"_v2024__product_hero__product_slider_gallery__video_link":""},{"_v2024__product_hero__product_slider_gallery__image":1000006869,"_v2024__product_hero__product_slider_gallery__video_link":""},{"_v2024__product_hero__product_slider_gallery__image":1000006870,"_v2024__product_hero__product_slider_gallery__video_link":""}],"_v2024__before_and_after_image":1000006866,"_v2024__before_and_after_image_mobile":1000006867,"_v2024__product_hero__quantity":"100ml","_v2024__product_hero__product_disclamer":"","_v2024__why_use__should_show":"visible","_v2024__why_use__description_text":"<p>Combina el brillo elegante con el cuidado activo anti-edad para tu piel. Si\u00e9ntete radiante y fresca de pies a cabeza.<\/p>\n","_v2024__why_use__text_content":"<ul>\n<li>Ilumina suavemente con part\u00edculas ultrafinas de mica natural<\/li>\n<li>Hidrata instant\u00e1neamente, retiene la humedad y rejuvenece la piel<\/li>\n<li>Combina p\u00e9ptidos en alto contenido con \u00e1cido hialur\u00f3nico, glicerina, pantenol y agua de coco<\/li>\n<li>Encantador aroma de frambuesa<\/li>\n<li>Ideal para rostro, cuerpo y cabello<\/li>\n<\/ul>\n","_v2024__why_use__product_notes_and_remarks":"","_v2024__why_use__background_color":"#FBF1EB","_v2024__why_use__heading_color":"#816c65","_v2024__why_use__text_color":"#816c65","_v2024__why_use__image_desktop":1000004974,"_v2024__why_use__image_mobile":1000004975,"_v2024__stats_show":false,"_v2024__stats_repeater":null,"_v2024__stats_repeater_disclaimer":null,"_v2024__benefits__icons_repeater":[{"_v2024__benefit__icons_repeater_icon":1000002896,"_v2024__benefit__icons_repeater_text":"ILUMINA ELEGANTEMENTE"},{"_v2024__benefit__icons_repeater_icon":1000002891,"_v2024__benefit__icons_repeater_text":"HIDRATA AL INSTANTE"},{"_v2024__benefit__icons_repeater_icon":1000004600,"_v2024__benefit__icons_repeater_text":"REJUVENECE"},{"_v2024__benefit__icons_repeater_icon":1000004978,"_v2024__benefit__icons_repeater_text":"HUELE A JUGOSAS FRAMBUESAS"}],"_v2024__image_ingreddients__intro_text":"<p>Las part\u00edculas ultrafinas de mica natural trabajan en simbiosis con potentes ingredientes activos y agua de coco para crear una piel y un cabello verdaderamente radiantes.<\/p>\n","_v2024__image_ingreddients__additional_description":"","_v2024__image_ingreddients__disclamer_inner":"","_v2024__image_ingredients__repeater":[{"_v2024__image_ingredients__ingredient_image":1000004979,"_v2024__image_ingredients__ingredient_title":"P\u00c9PTIDOS","_v2024__image_ingredients__ingredient_description":"<p>Se ha demostrado cl\u00ednicamente que estos p\u00e9ptidos naturales retardan el proceso de envejecimiento al estimular la producci\u00f3n de col\u00e1geno y elastina. Tonifican y tensan visiblemente la piel, unifican la tez y reducen las manchas oscuras. Mejoran la hidrataci\u00f3n reteniendo y aumentando la humedad en la piel.<\/p>\n"},{"_v2024__image_ingredients__ingredient_image":1000004599,"_v2024__image_ingredients__ingredient_title":"\u00c1CIDO HIALUR\u00d3NICO","_v2024__image_ingredients__ingredient_description":"<p>Forma una pel\u00edcula protectora sobre la piel que refuerza la funci\u00f3n barrera y reduce la p\u00e9rdida de agua. Hace que la piel est\u00e9 m\u00e1s firme y suave al instante.<\/p>\n"},{"_v2024__image_ingredients__ingredient_image":1000004605,"_v2024__image_ingredients__ingredient_title":"PANTENOL","_v2024__image_ingredients__ingredient_description":"<p>Hidrata y rellena la piel atrayendo y reteniendo la humedad. L\u0430 calma, apoya los procesos de curaci\u00f3n naturales y l\u0430 restaura despu\u00e9s de la exposici\u00f3n al sol.<\/p>\n"},{"_v2024__image_ingredients__ingredient_image":1000004197,"_v2024__image_ingredients__ingredient_title":"AGUA DE COCO","_v2024__image_ingredients__ingredient_description":"<p>Refresca y revitaliza la piel, aport\u00e1ndole hidrataci\u00f3n y carg\u00e1ndola de vitaminas, minerales y antioxidantes. Hidrata y nutre el cabello, facilita el peinado.<\/p>\n"},{"_v2024__image_ingredients__ingredient_image":1000002909,"_v2024__image_ingredients__ingredient_title":"GLICERINA","_v2024__image_ingredients__ingredient_description":"<p>Potente humectante: atrae la humedad y la mantiene en la piel. Rellena las l\u00edneas finas y deja la piel suave y flexible.<\/p>\n"}],"_v2024__image_ingredients__all_ingredients":"<p>AQUA*, PENTYLENE GLYCOL*, HEXAPEPTIDE-11*, COCOS NUCIFERA (COCONUT) WATER*, SODIUM HYALURONATE, PROPANEDIOL*, PANTHENOL, PROPYLENE GLYCOL, GLYCERIN*, CITRIC ACID*, SODIUM BENZOATE, POLYGLYCERYL-6 CAPRYLATE*, POLYGLYCERYL-4 CAPRATE*, PARFUM, CALCIUM TITANIUM BOROSILICATE*, TIN OXIDE*, MICA*, CI 77891*, CI 77491*<\/p>\n<p><em>*Ingredientes de origen natural<\/em><br \/>\n<em>**Ingredientes de aromas naturales<\/em><\/p>\n<p>Tenga en cuenta que la lista de ingredientes puede variar ligeramente con el tiempo debido a mejoras en el producto. Consulte el empaque del producto para obtener la informaci\u00f3n m\u00e1s actualizada.<\/p>\n","_v2024__usage_content__left_content":"<p>El efecto brillo es m\u00e1s visible con luz directa.<\/p>\n<p><strong>D\u00d3NDE<\/strong>: cara, cuerpo y cabello.<br \/>\n<strong>TODOS LOS D\u00cdAS<\/strong>: despu\u00e9s del maquillaje para un brillo suave<br \/>\n<strong>EN LA FIESTA<\/strong>: varias capas para una presencia glamurosa<br \/>\n<strong>EN LA PLAYA<\/strong>: para una hidrataci\u00f3n radiante<br \/>\n<strong>DESPU\u00c9S DE LA PLAYA<\/strong>: para calmar y restaurar la piel<\/p>\n<p><strong>C\u00d3MO<\/strong>:<\/p>\n<ol>\n<li>\u00a1Agitar bien antes de usar!<\/li>\n<li>Pulverizar desde una distancia de 20 a 50 cm para asegurar una cobertura uniforme.<\/li>\n<li>Evitar untar con las manos o con cepillo.<\/li>\n<li>Aplicar una capa y dejar secar.<\/li>\n<li>Para un brillo m\u00e1s intenso, aplique capas adicionales.<\/li>\n<\/ol>\n","_v2024__usage_content__right_bottom_content":"","_v2024__usage_content__note":"","_v2024__usage_content__storage":"<p>POR FAVOR, TENGA EN CUENTA: Almacenar en un lugar fresco, oscuro y seco. S\u00f3lo para uso externo. Suspenda su uso si se produce irritaci\u00f3n. No utilizar sobre piel da\u00f1ada o lesionada. Evitar el contacto con los ojos. \u00a1Mantener fuera del alcance de los ni\u00f1os!<\/p>\n<p>&nbsp;<\/p>\n<p>El producto no contiene un filtro UV con protector solar. Cuando se expone a la luz solar directa se recomienda usarlo en combinaci\u00f3n con un producto de protecci\u00f3n solar. El producto no es un autobronceador. La exposici\u00f3n excesiva al sol representa una amenaza seria para la salud.<\/p>\n"},"_links":{"self":[{"href":"https:\/\/cocosolis.com\/es\/wp-json\/wp\/v2\/product\/1000040772","targetHints":{"allow":["GET"]}}],"collection":[{"href":"https:\/\/cocosolis.com\/es\/wp-json\/wp\/v2\/product"}],"about":[{"href":"https:\/\/cocosolis.com\/es\/wp-json\/wp\/v2\/types\/product"}],"replies":[{"embeddable":true,"href":"https:\/\/cocosolis.com\/es\/wp-json\/wp\/v2\/comments?post=1000040772"}],"wp:featuredmedia":[{"embeddable":true,"href":"https:\/\/cocosolis.com\/es\/wp-json\/"}],"wp:attachment":[{"href":"https:\/\/cocosolis.com\/es\/wp-json\/wp\/v2\/media?parent=1000040772"}],"wp:term":[{"taxonomy":"product_brand","embeddable":true,"href":"https:\/\/cocosolis.com\/es\/wp-json\/wp\/v2\/product_brand?post=1000040772"},{"taxonomy":"product_cat","embeddable":true,"href":"https:\/\/cocosolis.com\/es\/wp-json\/wp\/v2\/product_cat?post=1000040772"},{"taxonomy":"product_tag","embeddable":true,"href":"https:\/\/cocosolis.com\/es\/wp-json\/wp\/v2\/product_tag?post=1000040772"},{"taxonomy":"product_template","embeddable":true,"href":"https:\/\/cocosolis.com\/es\/wp-json\/wp\/v2\/product_template?post=1000040772"}],"curies":[{"name":"wp","href":"https:\/\/api.w.org\/{rel}","templated":true}]}}