{"id":535,"date":"2022-06-17T10:08:20","date_gmt":"2022-06-17T08:08:20","guid":{"rendered":"https:\/\/cocosolis.com\/es\/?page_id=535"},"modified":"2022-06-17T10:09:05","modified_gmt":"2022-06-17T08:09:05","slug":"legal-terms","status":"publish","type":"page","link":"https:\/\/cocosolis.com\/es\/legal-terms\/","title":{"rendered":"Aviso Legal"},"content":{"rendered":"\n<h2 class=\"wp-block-heading\">AVISO LEGAL<\/h2>\n\n\n\n<p>Ejemplos de Identificaciones de vendedor:<\/p>\n\n\n\n<ul class=\"wp-block-list\"><li>Denominaci\u00f3n social: PURMERUL S.L., CIF 201172065, NIF: BG201172065<\/li><li>Domicilio social: calle Liuleburgas, piso 4, apt. 9, 4002 Plovdiv, Bulgaria<\/li><li>Correo electr\u00f3nico:&nbsp;<a href=\"mailto:es@cocosolis.com\" target=\"_blank\" rel=\"noreferrer noopener\">es@cocosolis.com<\/a><\/li><li>Tel\u00e9fono de contacto: +34 910 601 671<\/li><li>Horario de atenci\u00f3n: 9:00 a 17:00 horas (d\u00edas h\u00e1biles)<\/li><li>Datos registrales: 8\/06\/2010<\/li><li>N\u00famero de identificaci\u00f3n fiscal: BG201172065<\/li><li>Administrador: Sr. Dimitar Giulev<\/li><\/ul>\n\n\n\n<p>Texto modelo para informar sobre la Plataforma Europea de resoluci\u00f3n de litigios:<br>\u201cResoluci\u00f3n de litigios en l\u00ednea conforme al Art. 14.1 del Reglamento (UE) 524\/2013: La Comisi\u00f3n Europea facilita una plataforma de resoluci\u00f3n de litigios en l\u00ednea, la cual se encuentra disponible en el siguiente enlace:&nbsp;<a href=\"https:\/\/ec.europa.eu\/consumers\/odr\/\" target=\"_blank\" rel=\"noreferrer noopener\">https:\/\/ec.europa.eu\/consumers\/odr\/<\/a>.\u201d<\/p>\n\n\n\n<p>Fecha de publicaci\u00f3n: 8.07.2020<\/p>\n","protected":false},"excerpt":{"rendered":"<p>AVISO LEGAL Ejemplos de Identificaciones de vendedor: Denominaci\u00f3n social: PURMERUL S.L., CIF 201172065, NIF: BG201172065 Domicilio social: calle Liuleburgas, piso 4, apt. 9, 4002 Plovdiv, Bulgaria Correo electr\u00f3nico:&nbsp;es@cocosolis.com Tel\u00e9fono de contacto: +34 910 601 671 Horario de atenci\u00f3n: 9:00 a 17:00 horas (d\u00edas h\u00e1biles) Datos registrales: 8\/06\/2010 N\u00famero de identificaci\u00f3n fiscal: BG201172065 Administrador: Sr. Dimitar &hellip; <a href=\"https:\/\/cocosolis.com\/es\/legal-terms\/\">Continuado<\/a><\/p>\n","protected":false},"author":1,"featured_media":0,"parent":0,"menu_order":0,"comment_status":"closed","ping_status":"closed","template":"","meta":{"_acf_changed":false,"footnotes":""},"page_roles":[],"class_list":["post-535","page","type-page","status-publish","hentry"],"acf":[],"_links":{"self":[{"href":"https:\/\/cocosolis.com\/es\/wp-json\/wp\/v2\/pages\/535","targetHints":{"allow":["GET"]}}],"collection":[{"href":"https:\/\/cocosolis.com\/es\/wp-json\/wp\/v2\/pages"}],"about":[{"href":"https:\/\/cocosolis.com\/es\/wp-json\/wp\/v2\/types\/page"}],"author":[{"embeddable":true,"href":"https:\/\/cocosolis.com\/es\/wp-json\/wp\/v2\/users\/1"}],"replies":[{"embeddable":true,"href":"https:\/\/cocosolis.com\/es\/wp-json\/wp\/v2\/comments?post=535"}],"version-history":[{"count":2,"href":"https:\/\/cocosolis.com\/es\/wp-json\/wp\/v2\/pages\/535\/revisions"}],"predecessor-version":[{"id":537,"href":"https:\/\/cocosolis.com\/es\/wp-json\/wp\/v2\/pages\/535\/revisions\/537"}],"wp:attachment":[{"href":"https:\/\/cocosolis.com\/es\/wp-json\/wp\/v2\/media?parent=535"}],"wp:term":[{"taxonomy":"page_roles","embeddable":true,"href":"https:\/\/cocosolis.com\/es\/wp-json\/wp\/v2\/page_roles?post=535"}],"curies":[{"name":"wp","href":"https:\/\/api.w.org\/{rel}","templated":true}]}}