{"id":467,"date":"2022-05-06T15:55:54","date_gmt":"2022-05-06T13:55:54","guid":{"rendered":"http:\/\/cocosolis.com\/en\/?page_id=467"},"modified":"2023-04-06T16:09:11","modified_gmt":"2023-04-06T14:09:11","slug":"delivery","status":"publish","type":"page","link":"https:\/\/cocosolis.com\/es\/delivery\/","title":{"rendered":"Orden de pedido y entrega"},"content":{"rendered":"\n<h2 class=\"wp-block-heading\">ORDEN DE PEDIDO y ENTREGA:<\/h2>\n\n\n\n<h5 class=\"wp-block-heading\">Puedes hacer un pedido:<\/h5>\n\n\n\n<ul class=\"wp-block-list\">\n<li><strong>A trav\u00e9s de nuestra tienda virtual:&nbsp;<a href=\"https:\/\/cocosolis.com\/es\/store\/\">www.cocosolis.com\/es\/store\/<\/a><\/strong><\/li>\n\n\n\n<li>Mensaje personal en el Facebook.<\/li>\n\n\n\n<li>Por tel\u00e9fono +34 910 601 671.<\/li>\n<\/ul>\n\n\n\n<p>Una vez que se ha recibido el pedido, el cliente recibe una confirmaci\u00f3n por el correo electr\u00f3nico.<\/p>\n\n\n\n<h5 class=\"wp-block-heading\">PRECIO DE ENTREGA:<\/h5>\n\n\n\n<p>El env\u00edo a Espa\u00f1a peninsular es gratuito en pedidos superiores a 45\u20ac. Para pedidos inferiores a 45\u20ac, el coste de env\u00edo es de 3,80\u20ac.<\/p>\n\n\n\n<p>Para env\u00edos a Islas Baleares llevan un suplemento de 6 euros.<br>En la actualidad no realizamos env\u00edos a las Islas Canarias, Ceuta y Melilla, disculpa las molestias que esto pueda causarte.<\/p>\n\n\n\n<h5 class=\"wp-block-heading\">TIEMPO DE ENTREGA:<\/h5>\n\n\n\n<p>La entrega se realizar\u00e1 hasta 1-3 d\u00edas habiles.<br>Para env\u00edos a Islas Baleares: 2-5 d\u00edas h\u00e1biles.<br>En la actualidad no realizamos env\u00edos a las Islas Canarias, Ceuta y Melilla, disculpa las molestias que esto pueda causarte.<\/p>\n\n\n\n<h5 class=\"wp-block-heading\">DONDE PODEMOS ENTREGAR:<\/h5>\n\n\n\n<p>En la actualidad, trabajamos con las principales empresas de transporte. La empresa de mensajer\u00eda se asignar\u00e1 una vez realizada la compra, recibiendo toda la informaci\u00f3n correspondiente en el correo electr\u00f3nico que nos indiques.<\/p>\n\n\n\n<p>En d\u00edas h\u00e1biles los horarios de la entrega son de las 09:00 h. hasta 19:00 h.<\/p>\n\n\n\n<p>Si el cliente no proporciona el acceso y condiciones para la entrega de la mercanc\u00eda en la direcci\u00f3n especificada dentro del tiempo especificado o en la oficina designada de la compa\u00f1\u00eda de transporte para recibir la mercanc\u00eda a tiempo el vendedor queda exento de la obligaci\u00f3n de cumplir con el pedido.<\/p>\n\n\n\n<p>Fecha de publicaci\u00f3n: 06.04.2023<\/p>\n","protected":false},"excerpt":{"rendered":"<p>ORDEN DE PEDIDO y ENTREGA: Puedes hacer un pedido: Una vez que se ha recibido el pedido, el cliente recibe una confirmaci\u00f3n por el correo electr\u00f3nico. PRECIO DE ENTREGA: El env\u00edo a Espa\u00f1a peninsular es gratuito en pedidos superiores a 45\u20ac. Para pedidos inferiores a 45\u20ac, el coste de env\u00edo es de 3,80\u20ac. Para env\u00edos &hellip; <a href=\"https:\/\/cocosolis.com\/es\/delivery\/\">Continuado<\/a><\/p>\n","protected":false},"author":1,"featured_media":0,"parent":0,"menu_order":0,"comment_status":"closed","ping_status":"closed","template":"","meta":{"_acf_changed":false,"footnotes":""},"page_roles":[36],"class_list":["post-467","page","type-page","status-publish","hentry","page_roles-legal"],"acf":[],"_links":{"self":[{"href":"https:\/\/cocosolis.com\/es\/wp-json\/wp\/v2\/pages\/467","targetHints":{"allow":["GET"]}}],"collection":[{"href":"https:\/\/cocosolis.com\/es\/wp-json\/wp\/v2\/pages"}],"about":[{"href":"https:\/\/cocosolis.com\/es\/wp-json\/wp\/v2\/types\/page"}],"author":[{"embeddable":true,"href":"https:\/\/cocosolis.com\/es\/wp-json\/wp\/v2\/users\/1"}],"replies":[{"embeddable":true,"href":"https:\/\/cocosolis.com\/es\/wp-json\/wp\/v2\/comments?post=467"}],"version-history":[{"count":6,"href":"https:\/\/cocosolis.com\/es\/wp-json\/wp\/v2\/pages\/467\/revisions"}],"predecessor-version":[{"id":1000015822,"href":"https:\/\/cocosolis.com\/es\/wp-json\/wp\/v2\/pages\/467\/revisions\/1000015822"}],"wp:attachment":[{"href":"https:\/\/cocosolis.com\/es\/wp-json\/wp\/v2\/media?parent=467"}],"wp:term":[{"taxonomy":"page_roles","embeddable":true,"href":"https:\/\/cocosolis.com\/es\/wp-json\/wp\/v2\/page_roles?post=467"}],"curies":[{"name":"wp","href":"https:\/\/api.w.org\/{rel}","templated":true}]}}