{"id":1000120585,"date":"2026-01-30T12:44:19","date_gmt":"2026-01-30T11:44:19","guid":{"rendered":"https:\/\/cocosolis.com\/es\/?page_id=1000120585"},"modified":"2026-01-30T12:44:29","modified_gmt":"2026-01-30T11:44:29","slug":"vday-2026","status":"publish","type":"page","link":"https:\/\/cocosolis.com\/es\/terms-of-use\/vday-2026\/","title":{"rendered":"T\u00e9rminos de la promoci\u00f3n \u00abVDay Promo\u00bb"},"content":{"rendered":"\n<h2 class=\"wp-block-heading\"><strong>T\u00e9rminos de la promoci\u00f3n <\/strong><strong>\u00abVDay Promo\u00bb<\/strong><strong>&nbsp;<\/strong><\/h2>\n\n\n\n<ol class=\"wp-block-list\">\n<li><strong>Organizador de la promoci\u00f3n<\/strong>\n<ol class=\"wp-block-list\">\n<li>El organizador de la promoci\u00f3n \u00abVDay Promo\u00bb es PURMERUL S.L. con domicilio social calle Liuleburgas, piso 4, apt. 9, 4002 Plovdiv, Bulgaria, CIF 201172065.<\/li>\n<\/ol>\n<\/li>\n\n\n\n<li><strong>Reglas oficiales<\/strong>\n<ol class=\"wp-block-list\">\n<li>Los participantes en la Promoci\u00f3n deben cumplir con los t\u00e9rminos y condiciones de las reglas que se describen a continuaci\u00f3n, llamadas Reglas oficiales.<\/li>\n\n\n\n<li>Las Reglas oficiales se publican antes de que comience la promoci\u00f3n en <a href=\"http:\/\/www.cocosolis.com\/es\/\">www.cocosolis.com\/es\/<\/a>. Se puede obtener m\u00e1s informaci\u00f3n llamando al +34 910 601 671 (la tarifa de la llamada se determina de acuerdo con el plan de tarifas de la persona que llama) todos los d\u00edas h\u00e1biles en las horas de 09:30 a 18:00.<\/li>\n\n\n\n<li>El organizador de la Promoci\u00f3n reserva su derecho de cambiar o complementar las Reglas oficiales en cualquier momento mediante el anuncio p\u00fablico.<\/li>\n<\/ol>\n<\/li>\n\n\n\n<li><strong>El territorio de la promoci\u00f3n<\/strong>\n<ol class=\"wp-block-list\">\n<li>La promoci\u00f3n se organiza y tiene lugar en el territorio de Espa\u00f1a.<\/li>\n<\/ol>\n<\/li>\n\n\n\n<li><strong>Derecho a participar<\/strong>\n<ol class=\"wp-block-list\">\n<li>Todas las personas mayores de 18 a\u00f1os que residan en el territorio de Espa\u00f1a pueden participar en la Promoci\u00f3n.<\/li>\n\n\n\n<li>Los empleados de PURMERUL S.L., as\u00ed como todos los socios y agencias relacionados con la Promoci\u00f3n, as\u00ed como los familiares de todas las personas mencionadas anteriormente no pueden participar en la Promoci\u00f3n.<\/li>\n<\/ol>\n<\/li>\n\n\n\n<li><strong>Duraci\u00f3n de la promoci\u00f3n<\/strong>\n<ol class=\"wp-block-list\">\n<li>La promoci\u00f3n es v\u00e1lida hasta agotar las existencias.\u00a0<\/li>\n<\/ol>\n<\/li>\n\n\n\n<li><strong>Productos participantes<\/strong>\n<ol class=\"wp-block-list\">\n<li>La promoci\u00f3n incluye todos los productos disponibles en <a href=\"http:\/\/www.cocosolis.com\/es\/\">www.cocosolis.com\/es\/<\/a>.<\/li>\n<\/ol>\n<\/li>\n\n\n\n<li><strong>Descripci\u00f3n de la promoci\u00f3n y mecanismo de participaci\u00f3n en la promoci\u00f3n<\/strong>\n<ol class=\"wp-block-list\">\n<li>Esta promoci\u00f3n permite al cliente recibir GROW gratis al a\u00f1adir producto(s) a su elecci\u00f3n del sitio web de COCOSOLIS por un valor superior a \u20ac28 (el coste de env\u00edo no est\u00e1 incluido). El regalo se aplicar\u00e1 autom\u00e1ticamente cuando el usuario a\u00f1ada producto(s) a su carrito.<\/li>\n\n\n\n<li>En caso de haber ganado un producto gratuito, el cliente recibe una oferta adicional para obtener otro producto gratuito si a\u00f1ade a su pedido otro(s) producto(s) a su elecci\u00f3n por un valor m\u00ednimo de \u20ac28.<\/li>\n\n\n\n<li>Al alcanzar un determinado valor del pedido, los clientes reciben tambi\u00e9n un GROW Scalp Massager como regalo.<\/li>\n\n\n\n<li>La oferta es v\u00e1lida solo en el sitio web oficial de COCOSOLIS, hasta agotar existencias. Los clientes tambi\u00e9n pueden comprar productos seleccionados incluidos en paquetes promocionales especiales con un descuento porcentual predefinido.<\/li>\n\n\n\n<li>Durante la promoci\u00f3n, los clientes fieles podr\u00e1n acumular puntos, pero no utilizarlos.<\/li>\n\n\n\n<li>Para beneficiarse de la promoci\u00f3n, adem\u00e1s de <a href=\"https:\/\/cocosolis.com\/es\/\">https:\/\/cocosolis.com\/es\/<\/a>, los participantes tambi\u00e9n pueden realizar su pedido de las siguientes maneras:\n<ol class=\"wp-block-list\">\n<li>enviando un mensaje personal al perfil de Facebook de COCOSOLIS: <a href=\"http:\/\/www.facebook.com\/cocosolises\/\">www.facebook.com\/cocosolises\/<\/a>\u00a0<\/li>\n\n\n\n<li>enviando un mensaje personal al perfil de Instagram de COCOSOLIS: <a href=\"http:\/\/www.instagram.com\/cocosolis.official\/\">www.instagram.com\/cocosolis.official\/<\/a>\u00a0\u00a0<\/li>\n<\/ol>\n<\/li>\n\n\n\n<li>La entrega se realiza a trav\u00e9s de la empresa de transporte TIPSA a la direcci\u00f3n dada por el participante. Si el usuario no proporciona acceso y condiciones para la entrega de los bienes en la direcci\u00f3n especificada dentro del l\u00edmite de tiempo especificado o no va a la oficina especificada de la empresa de transporte TIPSA para recibir los bienes a tiempo, el Organizador quedar\u00e1 eximido de la obligaci\u00f3n de cumplir con la entrega solicitada.<\/li>\n\n\n\n<li>Todas las dem\u00e1s ofertas de conjuntos est\u00e1ndar y promocionales y los c\u00f3digos de descuento NO son v\u00e1lidos durante el per\u00edodo de promoci\u00f3n mencionado en el punto 5.<\/li>\n<\/ol>\n<\/li>\n\n\n\n<li><strong>Disputas y responsabilidad<\/strong>\n<ol class=\"wp-block-list\">\n<li>Las disputas entre el Organizador y los participantes en el mismo se resolver\u00e1n de mutuo acuerdo. El incumplimiento de dicha controversia ser\u00e1 resuelto por los tribunales competentes de Bulgaria.<\/li>\n\n\n\n<li>El Organizador no ser\u00e1 responsable de proporcionar premios entregados fuera de los plazos y cantidades especificadas en estas reglas.<\/li>\n\n\n\n<li>El organizador de la promoci\u00f3n no es responsable cuando el Participante haya proporcionado un correo electr\u00f3nico o n\u00famero de tel\u00e9fono de contacto no v\u00e1lido o no correspondiente.<\/li>\n<\/ol>\n<\/li>\n\n\n\n<li><strong>Reemplazo y devoluci\u00f3n de los productos<\/strong>\n<ol class=\"wp-block-list\">\n<li>De acuerdo con la ley de protecci\u00f3n del consumidor, el participante tiene derecho a devolver los productos comprados sin penalizaciones y sin tener que indicar ning\u00fan motivo. Solo es necesario informar a COCOSOLIS.COM en un plazo de catorce (14) d\u00edas a partir de la fecha que recibi\u00f3 el env\u00edo.<\/li>\n\n\n\n<li>Los productos devueltos deben devolverse a COCOSOLIS en un plazo de siete (7) d\u00edas desde la fecha en que informo su decisi\u00f3n de devolver los productos comprados.<\/li>\n\n\n\n<li>En determinadas circunstancias es posible cambiar un producto por otro.\u00a0<\/li>\n\n\n\n<li>Lea los t\u00e9rminos completos de nuestra pol\u00edtica de devoluci\u00f3n y reemplazo aqu\u00ed: <a href=\"https:\/\/cocosolis.com\/es\/return-policy\/\">https:\/\/cocosolis.com\/es\/return-policy\/<\/a>\u00a0\u00a0<\/li>\n<\/ol>\n<\/li>\n\n\n\n<li><strong>Cancelaci\u00f3n de la promoci\u00f3n<\/strong>\n<ol class=\"wp-block-list\">\n<li>El Organizador tiene el derecho irrevocable de cancelar la Promoci\u00f3n en cualquier momento, anunci\u00e1ndolo de conformidad con el punto 2 de estas Reglas oficiales, en caso de abuso, violaci\u00f3n de las reglas, as\u00ed como en caso de fuerza mayor o por otras razones objetivas. En caso de abuso, mala conducta o violaci\u00f3n de las Reglas Oficiales por parte de un participante, el Organizador tiene el derecho de descalificarlo. En estos casos no se debe compensaci\u00f3n a los participantes.\u00a0<\/li>\n<\/ol>\n<\/li>\n\n\n\n<li><strong>Protecci\u00f3n de los datos personales. Publicidad\u00a0<\/strong>\n<ol class=\"wp-block-list\">\n<li>Lea los t\u00e9rminos completos de nuestra pol\u00edtica de confidencialidad aqu\u00ed: <a href=\"https:\/\/cocosolis.com\/es\/privacy-policy\/\">https:\/\/cocosolis.com\/es\/privacy-policy\/<\/a>\u00a0\u00a0<\/li>\n<\/ol>\n<\/li>\n\n\n\n<li><strong>Precio m\u00e1s bajo al que se ha vendido el producto en los \u00faltimos 30 d\u00edas.<\/strong>\n<ol class=\"wp-block-list\">\n<li>Se determina por separado para cada promoci\u00f3n y significa el precio m\u00e1s bajo al que se vendi\u00f3 el producto en el sitio en los \u00faltimos 30 d\u00edas antes del inicio de la promoci\u00f3n actual.<\/li>\n\n\n\n<li>El producto para el que mostramos este precio puede haber sido comprado a un precio m\u00e1s bajo en el per\u00edodo anterior, si el cliente utiliz\u00f3 un cup\u00f3n\/c\u00f3digo de promoci\u00f3n adicional para un descuento individual.<\/li>\n\n\n\n<li>Puede diferir del precio al que se vendi\u00f3 el producto inmediatamente antes de la promoci\u00f3n actual.<\/li>\n\n\n\n<li>Se refiere \u00fanicamente al precio del producto en el sitio web oficial de COCOSOLIS y no tiene en cuenta los precios en las tiendas f\u00edsicas individuales donde el producto est\u00e1 disponible.<\/li>\n\n\n\n<li>Puede existir diferencia entre el \u201cprecio m\u00e1s bajo\u201d de un mismo producto para distintas promociones.<\/li>\n\n\n\n<li>Las promociones en el sitio y sus condiciones pueden diferir de los descuentos y campa\u00f1as en las tiendas f\u00edsicas donde est\u00e1n disponibles los productos COCOSOLIS. Al realizar un pedido en el sitio, s\u00f3lo se aplican los t\u00e9rminos y condiciones anunciados en el sitio y aplicables a la tienda en l\u00ednea.<\/li>\n\n\n\n<li>Para paquetes promocionales, \u00abPrecio m\u00e1s bajo de los \u00faltimos 30 d\u00edas\u00bb corresponde al precio regular de los productos incluidos en el paquete promocional.<\/li>\n<\/ol>\n<\/li>\n<\/ol>\n","protected":false},"excerpt":{"rendered":"<p>T\u00e9rminos de la promoci\u00f3n \u00abVDay Promo\u00bb&nbsp;<\/p>\n","protected":false},"author":1000000384,"featured_media":0,"parent":464,"menu_order":0,"comment_status":"closed","ping_status":"closed","template":"","meta":{"_acf_changed":false,"footnotes":""},"page_roles":[],"class_list":["post-1000120585","page","type-page","status-publish","hentry"],"acf":[],"_links":{"self":[{"href":"https:\/\/cocosolis.com\/es\/wp-json\/wp\/v2\/pages\/1000120585","targetHints":{"allow":["GET"]}}],"collection":[{"href":"https:\/\/cocosolis.com\/es\/wp-json\/wp\/v2\/pages"}],"about":[{"href":"https:\/\/cocosolis.com\/es\/wp-json\/wp\/v2\/types\/page"}],"author":[{"embeddable":true,"href":"https:\/\/cocosolis.com\/es\/wp-json\/wp\/v2\/users\/1000000384"}],"replies":[{"embeddable":true,"href":"https:\/\/cocosolis.com\/es\/wp-json\/wp\/v2\/comments?post=1000120585"}],"version-history":[{"count":1,"href":"https:\/\/cocosolis.com\/es\/wp-json\/wp\/v2\/pages\/1000120585\/revisions"}],"predecessor-version":[{"id":1000120586,"href":"https:\/\/cocosolis.com\/es\/wp-json\/wp\/v2\/pages\/1000120585\/revisions\/1000120586"}],"up":[{"embeddable":true,"href":"https:\/\/cocosolis.com\/es\/wp-json\/wp\/v2\/pages\/464"}],"wp:attachment":[{"href":"https:\/\/cocosolis.com\/es\/wp-json\/wp\/v2\/media?parent=1000120585"}],"wp:term":[{"taxonomy":"page_roles","embeddable":true,"href":"https:\/\/cocosolis.com\/es\/wp-json\/wp\/v2\/page_roles?post=1000120585"}],"curies":[{"name":"wp","href":"https:\/\/api.w.org\/{rel}","templated":true}]}}