{"id":1000004388,"date":"2023-04-01T17:14:40","date_gmt":"2023-04-01T15:14:40","guid":{"rendered":"https:\/\/cocosolis.com\/es\/?page_id=1000004388"},"modified":"2023-04-01T17:16:44","modified_gmt":"2023-04-01T15:16:44","slug":"loyalty-terms","status":"publish","type":"page","link":"https:\/\/cocosolis.com\/es\/terms-of-use\/loyalty-terms\/","title":{"rendered":"Programa de lealtad"},"content":{"rendered":"<h2>PROGRAMA DE LEALTAD<\/h2>\n<ul style=\"list-style: none;\">\n<li>1. Estos t\u00e9rminos y condiciones rigen el Programa de Lealtad de COCOSOLIS, que incluye la acumulaci\u00f3n de Puntos del Programa de Lealtad (\u00abPuntos\u00bb) y cualquier recompensa del Programa de Lealtad.<\/li>\n<li>2. El Programa de Lealtad est\u00e1 destinado \u00fanicamente para uso personal para recompensar a los clientes del Sitio web www.cocosolis.com con recompensas y Puntos basados en el gasto y la actividad en el Sitio y en las redes sociales. Cualquier transacci\u00f3n o actividad en otros sitios no generar\u00e1 Puntos.<\/li>\n<li>3. El Programa de Lealtad est\u00e1 abierto a todos los clientes del Sitio mayores de 18 a\u00f1os.<\/li>\n<li>4. Se le inscribir\u00e1 autom\u00e1ticamente en el Programa de Lealtad cuando cree una cuenta online o inicie sesi\u00f3n en una cuenta online existente en el Sitio web www.cocosolis.com. Los miembros solo tienen derecho a una cuenta del Programa de Lealtad en el Sitio www.cocosolis.com. Nos reservamos el derecho de rechazar, fusionar o cerrar cuentas adicionales en cualquier momento y de perder los Puntos emitidos a dichas cuentas sin responsabilidad.<\/li>\n<li>5. Comenzar\u00e1 a ganar Puntos cuando se una al Programa de Lealtad.<\/li>\n<li>6. Los Puntos son emitidos y siguen siendo propiedad de COCOSOLIS, quien puede, en cualquier momento, cancelar o alterar el funcionamiento del Programa de Lealtad o realizar cambios en estos T\u00e9rminos y Condiciones y le notificar\u00e1 con tiempo razonable cualquier modificaci\u00f3n. Ganar Puntos se considerar\u00e1 como la aceptaci\u00f3n de los T\u00e9rminos y Condiciones revisados.<\/li>\n<li>7. Puede optar por no participar en el Programa de Lealtad en cualquier momento eliminando su cuenta en nuestro sitio web o enviando un correo electr\u00f3nico a dpo@cocosolis.com.<\/li>\n<\/ul>\n<h3>PROGRAMA DE LEALTAD. GANAR PUNTOS<\/h3>\n<ul style=\"list-style: none;\">\n<li>8. Ganar\u00e1 Puntos registr\u00e1ndose en nuestro sitio web, recomendando a un amigo, dejando rese\u00f1as para los productos, sigui\u00e9ndonos en las redes sociales, para su cumplea\u00f1os y comprando productos en la p\u00e1gina web www.cocosolis.com<\/li>\n<li>9. Seg\u00fan el nivel que haya alcanzado Ud., ganar\u00e1 entre uno y dos puntos por cada 1\u20ac que gaste en el Sitio web www.cocosolis.com.<\/li>\n<li>10. Para ganar puntos por compras y Su actividad en el Sitio web www.cocosolis.com, debe iniciar sesi\u00f3n en Su cuenta en el momento de la compra o en el momento de la actividad.<\/li>\n<li>11. Los puntos se agregar\u00e1n a Su cuenta dentro de las 24 horas posteriores a:<\/li>\n<\/ul>\n<ul style=\"margin-left: 2rem; list-style: lower-alpha; list-style-position: inside;\">\n<li>env\u00edo de Su compra realizada en el Sitio web www.cocosolis.com<\/li>\n<li>finalizaci\u00f3n de una compra del amigo recomendado<\/li>\n<li>la publicaci\u00f3n de Su rese\u00f1a online.<\/li>\n<\/ul>\n<ul style=\"list-style: none;\">\n<li>12. Para el resto de actividades que le otorgan puntos, los puntos se a\u00f1aden instant\u00e1neamente a su cuenta<\/li>\n<li>13. Cuando se emita un reembolso de acuerdo con la Pol\u00edtica de devoluciones del Sitio web, los Puntos que haya ganado por la compra reembolsada se deducir\u00e1n de Su cuenta.<\/li>\n<li>14. Ocasionalmente podemos ofrecer promociones bajo las cuales puede ganar Puntos adicionales. Cualquier promoci\u00f3n de este tipo estar\u00e1 sujeta a los t\u00e9rminos y condiciones emitidos con esa promoci\u00f3n.<\/li>\n<li>15. COCOSOLIS podr\u00e1 establecer un l\u00edmite en la cantidad de veces que se pueden otorgar Puntos por art\u00edculos promocionales en los que haya puntos adicionales disponibles. Las promociones individuales pueden tener diferentes l\u00edmites seg\u00fan se comunique en sus condiciones de compra. Cualquier participaci\u00f3n en ofertas promocionales m\u00e1s all\u00e1 de lo que objetivamente podr\u00eda considerarse un comportamiento del consumidor o uso personal puede considerarse un abuso del Programa de Lealtad.<\/li>\n<li>16. Puede consultar su saldo de Puntos en cualquier momento a trav\u00e9s de Su cuenta en el sitio web.<\/li>\n<li>17. Los puntos no son transferibles.<\/li>\n<\/ul>\n<h3>PROGRAMA DE LEALTAD. VENCIMIENTO DE PUNTOS<\/h3>\n<ul style=\"list-style: none;\">\n<li>18. Los puntos caducan a los 365 d\u00edas de inactividad en el Programa de Lealtad.<\/li>\n<\/ul>\n<h3>PROGRAMA DE LEALTAD. NIVELES<\/h3>\n<ul style=\"list-style: none;\">\n<li>19. Se le asignar\u00e1 un nivel (&#8216;Nivel&#8217;) basado en la cantidad gastada en nuestro sitio.<\/li>\n<li>20. Permanecer\u00e1 en Su Nivel, a menos que su saldo de Puntos acumulados o la cantidad gastada requieran alcanzar un Nivel m\u00e1s alto, lo que resultar\u00e1 en que Usted ingrese a un nuevo Nivel.<\/li>\n<li>21. Su nivel est\u00e1 limitado a los niveles de gasto y actividad de su cuenta. Cualquier gasto o actividad fuera de Su cuenta no contribuir\u00e1 a Su Nivel.<\/li>\n<\/ul>\n<h3>PROGRAMA DE LEALTAD. DESCALIFICACI\u00d3N, CANCELACI\u00d3N Y RETIRO<\/h3>\n<ul style=\"list-style: none;\">\n<li>22. COCOSOLIS puede negarse a emitir, retirar Puntos (en cualquier forma) y\/o eliminar a un Miembro del Programa de Lealtad en cualquier momento cuando tenga una creencia razonable de:<\/li>\n<\/ul>\n<ul style=\"margin-left: 2rem; list-style: lower-alpha; list-style-position: inside;\">\n<li>cualquier abuso o intento de abuso del Programa de Lealtad;<\/li>\n<li>cualquier incumplimiento o intento de incumplimiento de estos T\u00e9rminos y Condiciones;<\/li>\n<li>cualquier comportamiento relacionado con el Programa de Lealtad que implique robo, mala conducta, comportamiento abusivo u ofensivo, o el suministro de informaci\u00f3n falsa o enga\u00f1osa;<\/li>\n<li>fueron otorgados por error.<\/li>\n<\/ul>\n\n\n<style>\n#inner_content-11-552 li {margin-bottom: 1rem;}\n<\/style>\n","protected":false},"excerpt":{"rendered":"<p>PROGRAMA DE LEALTAD 1. Estos t\u00e9rminos y condiciones rigen el Programa de Lealtad de COCOSOLIS, que incluye la acumulaci\u00f3n de Puntos del Programa de Lealtad (\u00abPuntos\u00bb) y cualquier recompensa del Programa de Lealtad. 2. El Programa de Lealtad est\u00e1 destinado \u00fanicamente para uso personal para recompensar a los clientes del Sitio web www.cocosolis.com con recompensas &hellip; <a href=\"https:\/\/cocosolis.com\/es\/terms-of-use\/loyalty-terms\/\">Continuado<\/a><\/p>\n","protected":false},"author":3,"featured_media":0,"parent":464,"menu_order":0,"comment_status":"closed","ping_status":"closed","template":"","meta":{"_acf_changed":false,"footnotes":""},"page_roles":[],"class_list":["post-1000004388","page","type-page","status-publish","hentry"],"acf":[],"_links":{"self":[{"href":"https:\/\/cocosolis.com\/es\/wp-json\/wp\/v2\/pages\/1000004388","targetHints":{"allow":["GET"]}}],"collection":[{"href":"https:\/\/cocosolis.com\/es\/wp-json\/wp\/v2\/pages"}],"about":[{"href":"https:\/\/cocosolis.com\/es\/wp-json\/wp\/v2\/types\/page"}],"author":[{"embeddable":true,"href":"https:\/\/cocosolis.com\/es\/wp-json\/wp\/v2\/users\/3"}],"replies":[{"embeddable":true,"href":"https:\/\/cocosolis.com\/es\/wp-json\/wp\/v2\/comments?post=1000004388"}],"version-history":[{"count":8,"href":"https:\/\/cocosolis.com\/es\/wp-json\/wp\/v2\/pages\/1000004388\/revisions"}],"predecessor-version":[{"id":1000015462,"href":"https:\/\/cocosolis.com\/es\/wp-json\/wp\/v2\/pages\/1000004388\/revisions\/1000015462"}],"up":[{"embeddable":true,"href":"https:\/\/cocosolis.com\/es\/wp-json\/wp\/v2\/pages\/464"}],"wp:attachment":[{"href":"https:\/\/cocosolis.com\/es\/wp-json\/wp\/v2\/media?parent=1000004388"}],"wp:term":[{"taxonomy":"page_roles","embeddable":true,"href":"https:\/\/cocosolis.com\/es\/wp-json\/wp\/v2\/page_roles?post=1000004388"}],"curies":[{"name":"wp","href":"https:\/\/api.w.org\/{rel}","templated":true}]}}